{"id":11069,"date":"2021-04-09T10:46:13","date_gmt":"2021-04-09T10:46:13","guid":{"rendered":"http:\/\/haitises.com\/product\/import-placeholder-for-11676\/"},"modified":"2024-04-10T20:20:41","modified_gmt":"2024-04-10T20:20:41","slug":"snorkel-cayo-levantado-and-farola-island-snorkeling","status":"publish","type":"product","link":"https:\/\/haitises.com\/bs_ba\/privatni\/snorkel-cayo-levantado-and-farola-island-snorkeling\/","title":{"rendered":"Snorkel Cayo Levantado and Farola island Snorkeling"},"content":{"rendered":"<div class=\"vc_row wpb_row vc_row-fluid\" ><div class=\"wpb_column vc_column_container vc_col-sm-12\"><div class=\"vc_column-inner\"><div class=\"wpb_wrapper\"><div class=\"vc_empty_space\"   style=\"height: 32px\"><span class=\"vc_empty_space_inner\"><\/span><\/div>[mkdf_section_title title_tag=\u00bb\u00bb disable_break_words=\u00bbno\u00bb subtitle_tag=\u00bb\u00bb title=\u00bbSnorkel Cayo Levantado and Farola island Snorkeling \u00bb subtitle=\u00bbFrom Saman\u00e1 port Private Tour\u00bb]<div class=\"vc_empty_space\"   style=\"height: 32px\"><span class=\"vc_empty_space_inner\"><\/span><\/div><\/div><\/div><\/div><\/div><div class=\"vc_row wpb_row vc_row-fluid\" ><div class=\"wpb_column vc_column_container vc_col-sm-12\"><div class=\"vc_column-inner\"><div class=\"wpb_wrapper\">\n\t<div class=\"wpb_text_column wpb_content_element\" >\n\t\t<div class=\"wpb_wrapper\">\n\t\t\t<div class=\"vc_row wpb_row vc_row-fluid\">\n<div class=\"wpb_column vc_column_container vc_col-sm-12\">\n<div class=\"vc_column-inner\">\n<div class=\"wpb_wrapper\">\n<div class=\"wpb_text_column wpb_content_element\">\n<div class=\"wpb_wrapper\">\n<div class=\"vc_row wpb_row vc_row-fluid\">\n<div class=\"wpb_column vc_column_container vc_col-sm-12\">\n<div class=\"vc_column-inner\">\n<div class=\"wpb_wrapper\">\n<div class=\"wpb_text_column wpb_content_element\">\n<div class=\"wpb_wrapper\">\n<h4><b><i>Pregled<\/i><\/b><\/h4>\n<p>We will be touring Cayo Levantado island and Farola, are special little Islands in Samana bay that is home to extraordinary marine life &#8211; including turtles, humpback whales, Lobsters, and Dolphins!<\/p>\n<p><strong>Bilje\u0161ka:<\/strong> This tour is Private. (Just you and family or friends and Tour Guide).<\/p>\n<p>&nbsp;<\/p>\n<h4><b>Uklju\u010divanja i isklju\u010denja<\/b><\/h4>\n<p>&nbsp;<\/p>\n<p><b>Inkluzije<\/b><\/p>\n<p>&nbsp;<\/p>\n<ol>\n<li>Tour Guide<\/li>\n<li>Boat Trip<\/li>\n<li>Lifejacket<\/li>\n<li>Snorkeling kit<\/li>\n<li>All taxes, fees, and handling charges<\/li>\n<li>Lokalne takse<\/li>\n<li>Beverages (Bottle of water per person)<\/li>\n<\/ol>\n<p><b>Isklju\u010denja<\/b><\/p>\n<ol>\n<li>Napojnice<\/li>\n<li>Lunch ( Extra Cost 15 USD) Per Person.<\/li>\n<li>Lunch with Lobsters ( Extra Cost 25 USD) Per person.<\/li>\n<li>Transfer Car<\/li>\n<li>Alcoholic Drinks<\/li>\n<\/ol>\n<p>&nbsp;<\/p>\n<h4><em><strong>Odlazak i povratak<\/strong><\/em><\/h4>\n<p>This trip starts at 8:03 Am and finishes around 12:15 Pm. But because it will be a private trip you may set the time for starting and to finish.<\/p>\n<p>Putnik \u0107e dobiti mjesto sastanka nakon procesa rezervacije. Ture po\u010dinju i zavr\u0161avaju na na\u0161im mjestima susreta.<\/p>\n<p>&nbsp;<\/p>\n<h4><b><i>\u0160ta o\u010dekivati?<\/i><\/b><\/h4>\n<p>Snorkeling excursion with an Expert Guide to enjoy marine wildlife from the surface, with fins and mask; We will discover the paradisiacal Cayo Levantado island, snorkeling in two different places during the journey and enjoying this fascinating beach that does not have access to vehicles (Duration 4 hours).<\/p>\n<p>We will leave from the meeting point in Samana main Port at 8:30 morning, after 25 minutes of navigation we will arrive at the first snorkeling point called Cayo Farola, we will snorkel 45 minutes and continue to Cayo Levantado beach, where we can swim. , do a little more snorkeling, or just enjoy this amazing beach.<\/p>\n<p>We will enjoy a sandwich, rum, soft drink, and water and at 12 o&#8217;clock in the day we will go back to Samana port or stay at Cayo levantado. After this, we will return to the starting point. Other things to note all excursions are made by boat.<\/p>\n<p><strong>Raspored:<\/strong><\/p>\n<p>8:30 AM \u2013 12:15 PM<\/p>\n<p>&nbsp;<\/p>\n<h4><em><strong>\u0160ta treba da ponesete?<\/strong><\/em><\/h4>\n<ul>\n<li>kamera<\/li>\n<li>Towel<\/li>\n<li>Sun protection<\/li>\n<li>\u0160e\u0161ir<\/li>\n<li>Comfortable pants and shoes<\/li>\n<li>Sandals to the beach<\/li>\n<li>Odje\u0107a za kupanje<\/li>\n<li>Gotovina za suvenire<\/li>\n<\/ul>\n<p>&nbsp;<\/p>\n<h4><b><i>Hotel Pickup<\/i><\/b><\/h4>\n<p>Prijevoz iz hotela nije u ponudi za ovaj obilazak.<\/p>\n<p>&nbsp;<\/p>\n<p><b>Bilje\u0161ka:<\/b>\u00a0Ako ste rezervisani u roku od 24 sata od vremena polaska na izlet\/izlet, mo\u017eemo organizovati preuzimanje iz hotela uz doplatu. Kada va\u0161a kupovina bude zavr\u0161ena, poslat \u0107emo vam potpune kontakt informacije (broj telefona, e-mail adresu, itd.) za na\u0161eg lokalnog turisti\u010dkog vodi\u010da da organizira aran\u017emane za preuzimanje.<\/p>\n<h4><b><i>Potvrda dodatnih informacija<\/i><\/b><\/h4>\n<ol>\n<li>Ulaznice su ra\u010dun nakon pla\u0107anja ove turneje. Uplatu mo\u017eete prikazati na svom telefonu.<\/li>\n<li>Mjesto sastanka \u0107e biti primljeno nakon procesa rezervacije.<\/li>\n<li>Djeca moraju biti u pratnji odrasle osobe.<\/li>\n<li>Pristup invalidskim kolicima<\/li>\n<li>Bebe moraju sjediti u krilu<\/li>\n<li>Ve\u0107ina putnika mo\u017ee u\u010destvovati<\/li>\n<\/ol>\n<h4><b><i>Politika otkazivanja<\/i><\/b><\/h4>\n<p>Za puni povrat novca, otka\u017eite najmanje 24 sata prije datuma po\u010detka iskustva.<\/p>\n<\/div>\n<\/div>\n<\/div>\n<\/div>\n<\/div>\n<\/div>\n<\/div>\n<\/div>\n<\/div>\n<\/div>\n<\/div>\n<\/div>\n<div class=\"vc_row wpb_row vc_row-fluid\">\n<div class=\"wpb_column vc_column_container vc_col-sm-12\">\n<div class=\"vc_column-inner\">\n<div class=\"wpb_wrapper\">\n<div class=\"vc_empty_space\"><\/div>\n<div class=\"wpb_text_column wpb_content_element\">\n<div class=\"wpb_wrapper\">\n<h4>Kontaktiraj nas?<\/h4>\n<h5><b><i>Booking Adventures<\/i><\/b><\/h5>\n<p><em><strong>Lokalno stanovni\u0161tvo<\/strong>\u00a0i\u00a0<strong>Dr\u017eavljani<\/strong>\u00a0Turisti\u010dki vodi\u010di i usluge za goste<\/em><\/p>\n<p><span class=\"text-turquoise\">Rezervacije:<\/span>\u00a0Obilasci i ekskurzije u Dom. Rep.<\/p>\n<p><img decoding=\"async\" class=\"emoji\" draggable=\"false\" src=\"https:\/\/s.w.org\/images\/core\/emoji\/11.2.0\/svg\/1f4de.svg\" alt=\"\ud83d\udcde\" title=\"\">\u00a0Tel\/Whatsapp\u00a0\u00a0<a href=\"tel:+1-809-720-6035\">+1-809-720-6035<\/a>.<\/p>\n<p><img decoding=\"async\" class=\"emoji\" draggable=\"false\" src=\"https:\/\/s.w.org\/images\/core\/emoji\/11.2.0\/svg\/1f4e9.svg\" alt=\"\ud83d\udce9\" title=\"\">\u00a0<a href=\"mailto:info@bookingadventures.com.do\">info@bookingadventures.com.do<\/a><\/p>\n<p><strong>Mi smo fleksibilno postavljamo privatne ture putem Whatsappa:\u00a0<a href=\"tel:+18097206035\">+18097206035.<\/a><\/strong><\/p>\n<\/div>\n<\/div>\n<\/div>\n<\/div>\n<\/div>\n<\/div>\n\n\t\t<\/div>\n\t<\/div>\n<\/div><\/div><\/div><\/div>","protected":false},"excerpt":{"rendered":"<p>We will be touring Cayo Levantado island and Cayo Farola, are special little Islands in Samana bay that is home to extraordinary marine life &#8211; including turtles, humpback whales, Lobsters, and Dolphins!<\/p>\n<p>Note: This tour is private!<\/p>\n<p>&nbsp;<\/p>\n<p><em><strong>Molimo odaberite datum za ekskurziju:<\/strong><\/em><\/p>","protected":false},"featured_media":11154,"template":"","meta":[],"product_brand":[],"product_cat":[124],"product_tag":[137,162,201,143,271,354,234],"class_list":{"0":"post-11069","1":"product","2":"type-product","3":"status-publish","4":"has-post-thumbnail","6":"product_cat-tours-excursions-samana-bay-dominican-republic","7":"product_tag-bacardi-island","8":"product_tag-cayo-levantado-day-pass","9":"product_tag-private-tours-samana","10":"product_tag-samana-tours","11":"product_tag-samana-whale-watching","12":"product_tag-snorkeling","13":"product_tag-whale-samana","15":"first","16":"instock","17":"sale","18":"sold-individually","19":"shipping-taxable","20":"product-type-external"},"_links":{"self":[{"href":"https:\/\/haitises.com\/bs_ba\/wp-json\/wp\/v2\/product\/11069","targetHints":{"allow":["GET"]}}],"collection":[{"href":"https:\/\/haitises.com\/bs_ba\/wp-json\/wp\/v2\/product"}],"about":[{"href":"https:\/\/haitises.com\/bs_ba\/wp-json\/wp\/v2\/types\/product"}],"wp:featuredmedia":[{"embeddable":true,"href":"https:\/\/haitises.com\/bs_ba\/wp-json\/wp\/v2\/media\/11154"}],"wp:attachment":[{"href":"https:\/\/haitises.com\/bs_ba\/wp-json\/wp\/v2\/media?parent=11069"}],"wp:term":[{"taxonomy":"product_brand","embeddable":true,"href":"https:\/\/haitises.com\/bs_ba\/wp-json\/wp\/v2\/product_brand?post=11069"},{"taxonomy":"product_cat","embeddable":true,"href":"https:\/\/haitises.com\/bs_ba\/wp-json\/wp\/v2\/product_cat?post=11069"},{"taxonomy":"product_tag","embeddable":true,"href":"https:\/\/haitises.com\/bs_ba\/wp-json\/wp\/v2\/product_tag?post=11069"}],"curies":[{"name":"wp","href":"https:\/\/api.w.org\/{rel}","templated":true}]}}