{"id":558,"date":"2020-06-23T12:05:23","date_gmt":"2020-06-23T12:05:23","guid":{"rendered":"http:\/\/haitises.com\/?post_type=product&#038;p=558"},"modified":"2024-04-17T18:50:43","modified_gmt":"2024-04-17T18:50:43","slug":"excursion-a-los-haitises-con-senderismo-en-el-bosque-humedo","status":"publish","type":"product","link":"https:\/\/haitises.com\/bn_bd\/\u09ac\u09cd\u09af\u0995\u09cd\u09a4\u09bf\u0997\u09a4\/excursion-a-los-haitises-con-senderismo-en-el-bosque-humedo\/","title":{"rendered":"\u09ad\u09c7\u099c\u09be \u09ac\u09a8\u09c7 \u09b9\u09be\u0987\u0995\u09bf\u0982 \u09b8\u09b9 \u09b2\u09b8 \u09b9\u09be\u0987\u099f\u09bf\u09b8\u09c7 \u09ad\u09cd\u09b0\u09ae\u09a3"},"content":{"rendered":"<div class=\"vc_row wpb_row vc_row-fluid\" ><div class=\"wpb_column vc_column_container vc_col-sm-12\"><div class=\"vc_column-inner\"><div class=\"wpb_wrapper\">[mkdf_section_title title_tag=\u00bb\u00bb disable_break_words=\u00bbno\u00bb subtitle_tag=\u00bb\u00bb title=\u00bbLos Haitises National Park- From Sabana de la Mar + Hiking 2 Hours\u00bb subtitle=\u00bbHumid Forest + Normal Trip to Caves\u00bb]<\/div><\/div><\/div><\/div><div class=\"vc_row wpb_row vc_row-fluid\" ><div class=\"wpb_column vc_column_container vc_col-sm-12\"><div class=\"vc_column-inner\"><div class=\"wpb_wrapper\">\n\t<div class=\"wpb_text_column wpb_content_element\" >\n\t\t<div class=\"wpb_wrapper\">\n\t\t\t<h5>Bosque H\u00famedo + Viaje Normal a Cuevas<\/h5>\n<h2>Parque Nacional Los Haitises- Desde Sabana de la Mar + Senderismo 2 horas<\/h2>\n<h3><em>\u09ac\u09b0\u09cd\u09a3\u09a8\u09be<\/em><\/h3>\n<p>Disfrute de una caminata durante dos horas por el bosque del parque nacional Los Haitises. Aprenda sobre plantas medicinales y visite lugares locales. Despu\u00e9s de visitar el Parque Nacional Los Haitises desde Sabana de la Mar o los hoteles de Ca\u00f1o Hondo\u00a0 con gu\u00edas Locales.<\/p>\n<p>Haremos la caminata despu\u00e9s del viaje en bote. Un viaje privado normal al Parque Nacional Los Haitises. Ven con nosotros y visita el parque nacional m\u00e1s hermoso de Rep\u00fablica Dominicana, visitando manglares, 3 cuevas y la bah\u00eda de San Lorenzo. Esta experiencia puede comenzar desde la comunidad de Sabana de la Mar aprendiendo sobre esta historia de Sabana de la Mar.<\/p>\n<ul>\n<li>Senderismo 2 horas en el bosque<\/li>\n<li>Historia de Sabana de la Mar<\/li>\n<li>Tasas incluidas<\/li>\n<li>\u0997\u09be\u0987\u09a1 \u09a8\u09bf\u09b0\u09cd\u09a6\u09c7\u09b6\u09a8\u09be \u098f\u09ac\u0982 \u09a4\u09a4\u09cd\u09a4\u09cd\u09ac\u09be\u09ac\u09a7\u09be\u09a8 \u09aa\u09cd\u09b0\u09a6\u09be\u09a8 \u0995\u09b0\u09c7\u0964<\/li>\n<li>El almuerzo no est\u00e1 incluido para el almuerzo en Cano Hondo Elija este tour: Los Haitises Plus Ca\u00f1o Hondo.<\/li>\n<\/ul>\n<h3>\u0985\u09a8\u09cd\u09a4\u09b0\u09cd\u09ad\u09c1\u0995\u09cd\u09a4\u09bf \u098f\u09ac\u0982 \u09ac\u09b0\u09cd\u099c\u09a8<\/h3>\n<h4>\u0985\u09a8\u09cd\u09a4\u09b0\u09cd\u09ad\u09c1\u0995\u09cd\u09a4\u09bf<\/h4>\n<ol>\n<li>\u09b2\u09b8 \u09b9\u09be\u0987\u099f\u09bf\u09b8\u09c7\u09b8 \u099f\u09cd\u09af\u09c1\u09b0 + \u0997\u09c1\u09b9\u09be \u098f\u09ac\u0982 \u09aa\u09bf\u0995\u099f\u09cb\u0997\u09cd\u09b0\u09be\u09ab<\/li>\n<li>\u09b8\u09ae\u09b8\u09cd\u09a4 \u099f\u09cd\u09af\u09be\u0995\u09cd\u09b8, \u09ab\u09bf \u098f\u09ac\u0982 \u09b9\u09cd\u09af\u09be\u09a8\u09cd\u09a1\u09b2\u09bf\u0982 \u099a\u09be\u09b0\u09cd\u099c\u0964<\/li>\n<li>\u09b8\u09cd\u09a5\u09be\u09a8\u09c0\u09af\u09bc \u0995\u09b0<\/li>\n<li>\u09b8\u0995\u09b2 \u0995\u09be\u09b0\u09cd\u09af\u0995\u09cd\u09b0\u09ae<\/li>\n<li>\u09b8\u09cd\u09a5\u09be\u09a8\u09c0\u09af\u09bc \u0997\u09be\u0987\u09a1<\/li>\n<\/ol>\n<h4>\u09ac\u09b0\u09cd\u099c\u09a8<\/h4>\n<ol>\n<li>\u09aa\u09b0\u09be\u09ae\u09b0\u09cd\u09b6<\/li>\n<li>El almuerzo no est\u00e1 incluido para el almuerzo en Cano Hondo Elija este tour: Los Haitises Plus Ca\u00f1o Hondo.<\/li>\n<li>\u09aa\u09b0\u09bf\u09ac\u09b9\u09a8<\/li>\n<li>\u09ae\u09a6\u09cd\u09af\u09aa \u09aa\u09be\u09a8\u09c0\u09af\u09bc<\/li>\n<\/ol>\n<h3><em>\u09aa\u09cd\u09b0\u09b8\u09cd\u09a5\u09be\u09a8 \u098f\u09ac\u0982 \u09ab\u09bf\u09b0\u09c7<\/em><\/h3>\n<p>\u09ac\u09c1\u0995\u09bf\u0982 \u09aa\u09cd\u09b0\u0995\u09cd\u09b0\u09bf\u09af\u09bc\u09be\u09b0 \u09aa\u09b0\u09c7 \u09ad\u09cd\u09b0\u09ae\u09a3\u0995\u09be\u09b0\u09c0 \u098f\u0995\u099f\u09bf \u09ae\u09bf\u099f\u09bf\u0982 \u09aa\u09af\u09bc\u09c7\u09a8\u09cd\u099f \u09aa\u09be\u09ac\u09c7\u09a8\u0964 \u099f\u09cd\u09af\u09c1\u09b0 \u09b6\u09c1\u09b0\u09c1 \u09b9\u09af\u09bc \u098f\u09ac\u0982 \u0986\u09ae\u09be\u09a6\u09c7\u09b0 \u09ae\u09bf\u099f\u09bf\u0982 \u09aa\u09af\u09bc\u09c7\u09a8\u09cd\u099f\u09c7 \u09b6\u09c7\u09b7 \u09b9\u09af\u09bc\u0964<\/p>\n<h3><em>\u00bfQue esperar?<\/em><\/h3>\n<p>Obtenga sus boletos para visitar el Parque Nacional Los Haitises con Cuevas, Manglares y la Bah\u00eda de San Lorenzo despu\u00e9s de una caminata de dos horas por el bosque h\u00famedo del Parque Nacional Los Haitises.<\/p>\n<p>Parque Nacional Los Haitises desde Sabana de la Mar o los hoteles deCa\u00f1o Hondo con gu\u00edas Locales. El viaje comienza en el puerto principal del Parque Nacional Los Haitises. Este viaje comienza a las 10:00 a.m.con un gu\u00eda tur\u00edstico local que conoce la historia original sobre el magn\u00edfico Parque Nacional.<\/p>\n<p>Despu\u00e9s comenzamos desde el puerto principal del Parque Nacional Los Haitises, nombre Ca\u00f1o Hondo (Deep Creek) en un BARCO con chalecos salvavidas. Disfrutaremos del bosque de manglares rojos hasta llegar a la bah\u00eda de San Lorenzo. Peque\u00f1a bah\u00eda en la Bah\u00eda de Saman\u00e1. \u00a1Y aqu\u00ed vamos! Lo primero que puedes ver es la enorme colecci\u00f3n de isla caliza de monta\u00f1a llamada Mogotes. encima de ellos m\u00e1s de 700 especies de plantas y muchas aves de humedales volando alrededor. Luego visitando cuevas con pictograf\u00edas de nuestras comunidades ind\u00edgenas de hace 750 a\u00f1os.<\/p>\n<p>\u0996\u09cb\u09b2\u09be \u09b8\u09be\u09a8 \u09b2\u09b0\u09c7\u099e\u09cd\u099c\u09cb \u0989\u09aa\u09b8\u09be\u0997\u09b0\u09c7 \u09ae\u09cd\u09af\u09be\u09a8\u0997\u09cd\u09b0\u09cb\u09ad \u098f\u09ac\u0982 \u099c\u09ae\u09bf\u09b0 \u09ae\u09a7\u09cd\u09af \u09a6\u09bf\u09af\u09bc\u09c7, \u09af\u09c7\u0996\u09be\u09a8 \u09a5\u09c7\u0995\u09c7 \u0986\u09aa\u09a8\u09bf \u09b0\u09c1\u0995\u09cd\u09b7 \u09ac\u09a8\u09ad\u09c2\u09ae\u09bf\u09b0 \u099b\u09ac\u09bf \u09a4\u09c1\u09b2\u09a4\u09c7 \u09aa\u09be\u09b0\u09c7\u09a8\u0964 \u09ae\u09cd\u09af\u09be\u09a8\u09be\u099f\u09bf\u09b8, \u0995\u09cd\u09b0\u09be\u09b8\u09cd\u099f\u09c7\u09b8\u09bf\u09af\u09bc\u09be\u09a8 \u098f\u09ac\u0982 \u09a1\u09b2\u09ab\u09bf\u09a8 \u09a6\u09c7\u0996\u09a4\u09c7 \u099c\u09b2\u09c7\u09b0 \u09ae\u09a7\u09cd\u09af\u09c7 \u09a4\u09be\u0995\u09be\u09a8\u0964<\/p>\n<p>El nombre del parque nacional proviene de sus habitantes originales, los indios ta\u00ednos. En su idioma, \u00abHaitises\u00bb se traduce en tierras altas o colinas, una referencia a las empinadas formaciones geol\u00f3gicas de la costa con calizas. Avent\u00farate en el parque para explorar cuevas como la Cueva de la Arena y la Cueva de la L\u00ednea. Las cuevas en la reserva fueron utilizadas como refugio por los indios ta\u00ednos y, m\u00e1s adelante, por los piratas escondidos. Busque dibujos de indios que decoran algunas de las paredes. Despu\u00e9s de visitar el Parque Nacional Los Haitises, iremos al bosque h\u00famedo para caminar 2 horas y regresar al lugar donde comenz\u00f3 nuestro viaje.<\/p>\n<h3><em>\u0986\u09aa\u09a8\u09bf \u0995\u09bf \u0986\u09a8\u09a4\u09c7 \u09b9\u09ac\u09c7?<\/em><\/h3>\n<ul>\n<li>\u0995\u09cd\u09af\u09be\u09ae\u09c7\u09b0\u09be<\/li>\n<li>\u09aa\u09cd\u09b0\u09a4\u09bf\u09b0\u09cb\u09a7\u0995<\/li>\n<li>\u09b8\u09be\u09a8\u09b8\u09cd\u0995\u09cd\u09b0\u09bf\u09a8<\/li>\n<li>\u099f\u09c1\u09aa\u09bf<\/li>\n<li>\u0986\u09b0\u09be\u09ae\u09a6\u09be\u09af\u09bc\u0995 \u09aa\u09cd\u09af\u09be\u09a8\u09cd\u099f<\/li>\n<li>\u09ac\u09a8 \u09b9\u09be\u0987\u0995\u09bf\u0982 \u099c\u09c1\u09a4\u09be<\/li>\n<li>\u09ac\u09b8\u09a8\u09cd\u09a4 \u098f\u09b2\u09be\u0995\u09be\u09af\u09bc \u09b8\u09cd\u09af\u09be\u09a8\u09cd\u09a1\u09c7\u09b2.<\/li>\n<li>\u09b8\u09be\u0981\u09a4\u09be\u09b0\u09c7\u09b0 \u09aa\u09cb\u09b7\u09be\u0995<\/li>\n<\/ul>\n<h3><em>\u09b9\u09cb\u099f\u09c7\u09b2 \u09aa\u09bf\u0995\u0986\u09aa<\/em><\/h3>\n<p>\u0986\u09aa\u09a8\u09bf Paraiso Ca\u00f1o Hondo \u09ac\u09be Altos Ca\u00f1o Hondo \u09b9\u09cb\u099f\u09c7\u09b2\u09c7 \u09a5\u09be\u0995\u09b2\u09c7 \u09b9\u09cb\u099f\u09c7\u09b2 \u09aa\u09bf\u0995\u0986\u09aa \u09a6\u09c7\u0993\u09af\u09bc\u09be \u09b9\u09af\u09bc\u0964 \u0986\u09ae\u09be\u09a6\u09c7\u09b0 \u09ae\u09bf\u099f\u09bf\u0982 \u09aa\u09af\u09bc\u09c7\u09a8\u09cd\u099f \u09b8\u09c7\u0987 \u09b9\u09cb\u099f\u09c7\u09b2\u0997\u09c1\u09b2\u09bf \u09a5\u09c7\u0995\u09c7 5 \u09ae\u09bf\u09a8\u09bf\u099f\u09c7\u09b0 \u09aa\u09a5\u0964<\/p>\n<p><strong>\u09ac\u09bf\u0983\u09a6\u09cd\u09b0\u0983:<\/strong> si realiza la reserva dentro de las 24 horas de la hora de salida del tour \/ excursi\u00f3n, podemos organizar la recogida del hotel con cargos adicionales si no se encuentra en los hoteles de Ca\u00f1o Hondo. Una vez que se complete su compra, le enviaremos informaci\u00f3n de contacto completa (n\u00famero de tel\u00e9fono, direcci\u00f3n de correo electr\u00f3nico, etc.) para que nuestro gu\u00eda tur\u00edstico local organice los arreglos de recogida.<\/p>\n<h3><em>\u0985\u09a4\u09bf\u09b0\u09bf\u0995\u09cd\u09a4 \u09a4\u09a5\u09cd\u09af \u09a8\u09bf\u09b6\u09cd\u099a\u09bf\u09a4\u0995\u09b0\u09a3<\/em><\/h3>\n<ul>\n<li>\u099f\u09bf\u0995\u09bf\u099f \u09b9\u09b2 \u098f\u0987 \u099f\u09cd\u09af\u09c1\u09b0\u09c7\u09b0 \u099c\u09a8\u09cd\u09af \u0985\u09b0\u09cd\u09a5 \u09aa\u09cd\u09b0\u09a6\u09be\u09a8\u09c7\u09b0 \u09aa\u09b0\u09c7 \u09b0\u09b8\u09bf\u09a6\u0964 \u0986\u09aa\u09a8\u09bf \u0986\u09aa\u09a8\u09be\u09b0 \u09ab\u09cb\u09a8\u09c7 \u09aa\u09c7\u09ae\u09c7\u09a8\u09cd\u099f \u09a6\u09c7\u0996\u09be\u09a4\u09c7 \u09aa\u09be\u09b0\u09c7\u09a8\u0964<\/li>\n<li>\u09b0\u09bf\u099c\u09be\u09b0\u09cd\u09ad\u09c7\u09b6\u09a8 \u09aa\u09cd\u09b0\u0995\u09cd\u09b0\u09bf\u09af\u09bc\u09be\u09b0 \u09aa\u09b0\u09c7 \u09ae\u09bf\u099f\u09bf\u0982 \u09aa\u09af\u09bc\u09c7\u09a8\u09cd\u099f \u09aa\u09be\u0993\u09af\u09bc\u09be \u09af\u09be\u09ac\u09c7\u0964<\/li>\n<li>\u09b6\u09bf\u09b6\u09c1\u09a6\u09c7\u09b0 \u098f\u0995\u099c\u09a8 \u09aa\u09cd\u09b0\u09be\u09aa\u09cd\u09a4\u09ac\u09af\u09bc\u09b8\u09cd\u0995 \u09a6\u09cd\u09ac\u09be\u09b0\u09be \u09b8\u0982\u09b8\u09b0\u09cd\u0997\u09c0 \u0995\u09b0\u09be \u0986\u09ac\u09b6\u09cd\u09af\u0995.<\/li>\n<li>\u09b9\u09c1\u0987\u09b2\u099a\u09c7\u09af\u09bc\u09be\u09b0 \u0985\u09cd\u09af\u09be\u0995\u09cd\u09b8\u09c7\u09b8\u09af\u09cb\u0997\u09cd\u09af \u09a8\u09af\u09bc<\/li>\n<li>\u09b6\u09bf\u09b6\u09c1\u09a6\u09c7\u09b0 \u098f\u0995\u099f\u09bf \u09b6\u09bf\u09b6\u09c1\u09b0 \u0986\u09b8\u09a8\u09c7 \u09ac\u09be \u09aa\u09cd\u09b0\u09be\u09aa\u09cd\u09a4\u09ac\u09af\u09bc\u09b8\u09cd\u0995\u09a6\u09c7\u09b0 \u09b8\u09be\u09a5\u09c7 \u09ac\u09b8\u09a4\u09c7 \u09b9\u09ac\u09c7<\/li>\n<li>\u09aa\u09bf\u09a0\u09c7\u09b0 \u09b8\u09ae\u09b8\u09cd\u09af\u09be \u09b8\u09b9 \u09ad\u09cd\u09b0\u09ae\u09a3\u0995\u09be\u09b0\u09c0\u09a6\u09c7\u09b0 \u099c\u09a8\u09cd\u09af \u09aa\u09cd\u09b0\u09b8\u09cd\u09a4\u09be\u09ac\u09bf\u09a4 \u09a8\u09af\u09bc\u0964<\/li>\n<li>\u0997\u09b0\u09cd\u09ad\u09ac\u09a4\u09c0 \u09ae\u09b9\u09bf\u09b2\u09be\u09a6\u09c7\u09b0 \u099c\u09a8\u09cd\u09af \u09b8\u09c1\u09aa\u09be\u09b0\u09bf\u09b6 \u0995\u09b0\u09be \u09b9\u09af\u09bc \u09a8\u09be\u0964<\/li>\n<li>\u09b9\u09be\u09b0\u09cd\u099f\u09c7\u09b0 \u09b8\u09ae\u09b8\u09cd\u09af\u09be \u09ac\u09be \u0985\u09a8\u09cd\u09af\u09be\u09a8\u09cd\u09af \u0997\u09c1\u09b0\u09c1\u09a4\u09b0 \u099a\u09bf\u0995\u09bf\u09ce\u09b8\u09be \u09b6\u09b0\u09cd\u09a4 \u09a8\u09c7\u0987\u0964<\/li>\n<li>\u0985\u09a7\u09bf\u0995\u09be\u0982\u09b6 \u09ad\u09cd\u09b0\u09ae\u09a3\u0995\u09be\u09b0\u09c0 \u0985\u0982\u09b6\u0997\u09cd\u09b0\u09b9\u09a3 \u0995\u09b0\u09a4\u09c7 \u09aa\u09be\u09b0\u09c7\u09a8.<\/li>\n<\/ul>\n<h3><em>\u09ac\u09be\u09a4\u09bf\u09b2\u0995\u09b0\u09a3 \u09a8\u09c0\u09a4\u09bf<\/em><\/h3>\n<p>\u09b8\u09ae\u09cd\u09aa\u09c2\u09b0\u09cd\u09a3 \u0985\u09b0\u09cd\u09a5 \u09ab\u09c7\u09b0\u09a4\u09c7\u09b0 \u099c\u09a8\u09cd\u09af, \u0985\u09ad\u09bf\u099c\u09cd\u099e\u09a4\u09be \u09b6\u09c1\u09b0\u09c1 \u09b9\u0993\u09af\u09bc\u09be\u09b0 \u09a4\u09be\u09b0\u09bf\u0996\u09c7\u09b0 \u0995\u09ae\u09aa\u0995\u09cd\u09b7\u09c7 24 \u0998\u09a8\u09cd\u099f\u09be \u0986\u0997\u09c7 \u09ac\u09be\u09a4\u09bf\u09b2 \u0995\u09b0\u09c1\u09a8\u0964<\/p>\n\n\t\t<\/div>\n\t<\/div>\n<\/div><\/div><\/div><\/div><div class=\"vc_row wpb_row vc_row-fluid\" ><div class=\"wpb_column vc_column_container vc_col-sm-12\"><div class=\"vc_column-inner\"><div class=\"wpb_wrapper\"><div class=\"vc_empty_space\"   style=\"height: 32px\"><span class=\"vc_empty_space_inner\"><\/span><\/div>\n\t<div class=\"wpb_video_widget wpb_content_element vc_clearfix   vc_video-aspect-ratio-169 vc_video-el-width-100 vc_video-align-left\" >\n\t\t<div class=\"wpb_wrapper\">\n\t\t\t\n\t\t\t<div class=\"wpb_video_wrapper\"><iframe loading=\"lazy\" title=\"\u09b2\u09b8 \u09b9\u09be\u0987\u099f\u09bf\u09b8\u09c7\u09b8 \u099c\u09be\u09a4\u09c0\u09af\u09bc \u0989\u09a6\u09cd\u09af\u09be\u09a8, \u09b8\u09be\u09ae\u09be\u09a8\u09be \u09ac\u09be \u09b8\u09be\u09ac\u09be\u09a8\u09be \u09a6\u09c7 \u09b2\u09be \u09ae\u09be\u09b0 \u09a5\u09c7\u0995\u09c7 \u099f\u09cd\u09af\u09c1\u09b0 \u098f\u09ac\u0982 \u09ad\u09cd\u09b0\u09ae\u09a3 \u098f\u0996\u09be\u09a8\u09c7 \u09ac\u09c1\u0995 \u0995\u09b0\u09c1\u09a8:\" src=\"https:\/\/player.vimeo.com\/video\/346508015?dnt=1&amp;app_id=122963\" width=\"1100\" height=\"619\" frameborder=\"0\" allow=\"autoplay; fullscreen\" allowfullscreen><\/iframe><\/div>\n\t\t<\/div>\n\t<\/div>\n<\/div><\/div><\/div><\/div><div class=\"vc_row wpb_row vc_row-fluid\" ><div class=\"wpb_column vc_column_container vc_col-sm-12\"><div class=\"vc_column-inner\"><div class=\"wpb_wrapper\"><div class=\"vc_empty_space\"   style=\"height: 32px\"><span class=\"vc_empty_space_inner\"><\/span><\/div>\n\t<div class=\"wpb_text_column wpb_content_element\" >\n\t\t<div class=\"wpb_wrapper\">\n\t\t\t<h4>\u09af\u09cb\u0997\u09be\u09af\u09cb\u0997 \u0995\u09b0\u09c1\u09a8?<\/h4>\n<h5>\u09ac\u09c1\u0995\u09bf\u0982 \u0985\u09cd\u09af\u09be\u09a1\u09ad\u09c7\u099e\u09cd\u099a\u09be\u09b0<\/h5>\n<p><em><strong>\u09b8\u09cd\u09a5\u09be\u09a8\u09c0\u09af\u09bc\u09b0\u09be<\/strong>\u00a0\u098f\u09ac\u0982\u00a0<strong>\u099c\u09be\u09a4\u09c0\u09af\u09bc<\/strong>\u00a0\u099f\u09cd\u09af\u09c1\u09b0 \u0997\u09be\u0987\u09a1 \u098f\u09ac\u0982 \u0997\u09c7\u09b8\u09cd\u099f \u09b8\u09be\u09b0\u09cd\u09ad\u09bf\u09b8<\/em><\/p>\n<p><span class=\"text-turquoise\">\u09b8\u0982\u09b0\u0995\u09cd\u09b7\u09a3:<\/span>\u00a0\u09a1\u09cb\u09ae\u09c7 \u099f\u09cd\u09af\u09c1\u09b0 \u098f\u09ac\u0982 \u09ad\u09cd\u09b0\u09ae\u09a3\u0964 \u09aa\u09cd\u09b0\u09a4\u09bf\u09a8\u09bf\u09a7\u09bf\u0964<\/p>\n<p><img decoding=\"async\" class=\"emoji\" draggable=\"false\" src=\"https:\/\/s.w.org\/images\/core\/emoji\/11.2.0\/svg\/1f4de.svg\" alt=\"\ud83d\udcde\" title=\"\">\u00a0\u099f\u09c7\u09b2\u09bf\u09ab\u09cb\u09a8\/\u09b9\u09cb\u09af\u09bc\u09be\u099f\u09b8\u0985\u09cd\u09af\u09be\u09aa\u00a0\u00a0<a href=\"tel:+1-809-720-6035\">+1-809-720-6035<\/a>.<\/p>\n<p><img decoding=\"async\" class=\"emoji\" draggable=\"false\" src=\"https:\/\/s.w.org\/images\/core\/emoji\/11.2.0\/svg\/1f4e9.svg\" alt=\"\ud83d\udce9\" title=\"\">\u00a0<a href=\"mailto:info@bookingadventures.com.do\">info@bookingadventures.com.do<\/a><\/p>\n<p><strong>\u0986\u09ae\u09b0\u09be \u09b9\u09cb\u09af\u09bc\u09be\u099f\u09b8\u0985\u09cd\u09af\u09be\u09aa\u09c7\u09b0 \u09ae\u09be\u09a7\u09cd\u09af\u09ae\u09c7 \u09a8\u09ae\u09a8\u09c0\u09af\u09bc \u09ac\u09cd\u09af\u0995\u09cd\u09a4\u09bf\u0997\u09a4 \u099f\u09cd\u09af\u09c1\u09b0 \u09b8\u09c7\u099f \u0995\u09b0\u099b\u09bf:\u00a0<a href=\"tel:+18097206035\">+18097206035.<\/a><\/strong><\/p>\n\n\t\t<\/div>\n\t<\/div>\n<div class=\"vc_empty_space\"   style=\"height: 32px\"><span class=\"vc_empty_space_inner\"><\/span><\/div><\/div><\/div><\/div><\/div>","protected":false},"excerpt":{"rendered":"<p>\u00a1Y aqu\u00ed vamos! Lo primero que puedes ver es la enorme colecci\u00f3n de isla de monta\u00f1a de piedra caliza llamada Mogotes encima de ellos m\u00e1s de 700 especies de plantas y muchas aves de humedales volando. Luego visitar cuevas con pictograf\u00edas de nuestras comunidades ind\u00edgenas hace 750 a\u00f1os.<\/p>\n<p>Adem\u00e1s, este viaje muestra que son los lugares m\u00e1s importantes para visitar en el Parque Nacional Haitises. Las dos cuevas m\u00e1s visitadas son la Cueva de la L\u00ednea y la Cueva de la Arena. Despu\u00e9s de unas horas visitando este hermoso Parque Nacional nos dirigimos hacia el bosque h\u00famedo del Parque Nacional Haitises, despu\u00e9s de 2 horas de caminata, regresamos al lugar desde donde comenzamos nuestra excursi\u00f3n. Obtenga sus boletos aqu\u00ed y pasee con los lugare\u00f1os que conocen la historia del Parque Nacional Haitises.<\/p>\n<p><strong>\u09b8\u09ab\u09b0\u09c7\u09b0 \u099c\u09a8\u09cd\u09af \u09a4\u09be\u09b0\u09bf\u0996 \u09a8\u09bf\u09b0\u09cd\u09ac\u09be\u099a\u09a8 \u0995\u09b0\u09c1\u09a8:<\/strong><\/p>\n<p>&nbsp;<\/p>\n<p>&nbsp;<\/p>","protected":false},"featured_media":84,"template":"","meta":[],"product_brand":[],"product_cat":[443,123,124],"product_tag":[179,125,126,129,130,104,221,131,132,210,222,134,223,146,114,224],"class_list":{"0":"post-558","1":"product","2":"type-product","3":"status-publish","4":"has-post-thumbnail","6":"product_cat-tours-y-excursiones-es","7":"product_cat-tours-excursions-los-haitises-national-park","8":"product_cat-tours-excursions-samana-bay-dominican-republic","9":"product_tag-birding-in-los-haitises","10":"product_tag-boat-tour","11":"product_tag-cano-hondo","12":"product_tag-eco-tours","13":"product_tag-excursion","14":"product_tag-hiking","15":"product_tag-hiking-los-haitises","16":"product_tag-locals-guides","17":"product_tag-los-haitises","18":"product_tag-los-haitises-excursions","19":"product_tag-los-haitises-from-samana","20":"product_tag-los-haitises-national-park-tour","21":"product_tag-los-haitises-sabana-de-la-mar","22":"product_tag-mangroves-los-haitises","23":"product_tag-sabana-de-la-mar","24":"product_tag-trails","26":"first","27":"instock","28":"sale","29":"sold-individually","30":"shipping-taxable","31":"product-type-external"},"_links":{"self":[{"href":"https:\/\/haitises.com\/bn_bd\/wp-json\/wp\/v2\/product\/558","targetHints":{"allow":["GET"]}}],"collection":[{"href":"https:\/\/haitises.com\/bn_bd\/wp-json\/wp\/v2\/product"}],"about":[{"href":"https:\/\/haitises.com\/bn_bd\/wp-json\/wp\/v2\/types\/product"}],"wp:featuredmedia":[{"embeddable":true,"href":"https:\/\/haitises.com\/bn_bd\/wp-json\/wp\/v2\/media\/84"}],"wp:attachment":[{"href":"https:\/\/haitises.com\/bn_bd\/wp-json\/wp\/v2\/media?parent=558"}],"wp:term":[{"taxonomy":"product_brand","embeddable":true,"href":"https:\/\/haitises.com\/bn_bd\/wp-json\/wp\/v2\/product_brand?post=558"},{"taxonomy":"product_cat","embeddable":true,"href":"https:\/\/haitises.com\/bn_bd\/wp-json\/wp\/v2\/product_cat?post=558"},{"taxonomy":"product_tag","embeddable":true,"href":"https:\/\/haitises.com\/bn_bd\/wp-json\/wp\/v2\/product_tag?post=558"}],"curies":[{"name":"wp","href":"https:\/\/api.w.org\/{rel}","templated":true}]}}