{"id":554,"date":"2020-06-22T17:36:48","date_gmt":"2020-06-22T17:36:48","guid":{"rendered":"http:\/\/haitises.com\/?post_type=product&#038;p=554"},"modified":"2024-04-17T20:44:54","modified_gmt":"2024-04-17T20:44:54","slug":"excursion-a-los-haitises-desde-sabana-de-la-mar-o-cano-hondo","status":"publish","type":"product","link":"https:\/\/haitises.com\/bn_bd\/\u09ac\u09cd\u09af\u0995\u09cd\u09a4\u09bf\u0997\u09a4\/excursion-a-los-haitises-desde-sabana-de-la-mar-o-cano-hondo\/","title":{"rendered":"\u09b8\u09be\u09ac\u09be\u09a8\u09be \u09a6\u09c7 \u09b2\u09be \u09ae\u09be\u09b0 \u09ac\u09be \u0995\u09cd\u09af\u09be\u09a8\u09cb \u09b9\u09a8\u09cd\u09a1\u09cb \u09a5\u09c7\u0995\u09c7 \u09b2\u09b8 \u09b9\u09be\u0987\u099f\u09bf\u09b8\u09c7 \u09ad\u09cd\u09b0\u09ae\u09a3"},"content":{"rendered":"<div class=\"vc_row wpb_row vc_row-fluid\" ><div class=\"wpb_column vc_column_container vc_col-sm-12\"><div class=\"vc_column-inner\"><div class=\"wpb_wrapper\">[mkdf_section_title subtitle_tag=\u00bb\u00bb subtitle=\u00bbTour normal a los Haitises\u00bb]<\/div><\/div><\/div><\/div><div class=\"vc_row wpb_row vc_row-fluid\" ><div class=\"wpb_column vc_column_container vc_col-sm-12\"><div class=\"vc_column-inner\"><div class=\"wpb_wrapper\">\n\t<div class=\"wpb_text_column wpb_content_element\" >\n\t\t<div class=\"wpb_wrapper\">\n\t\t\t<h2>\u09b8\u09be\u09ac\u09be\u09a8\u09be \u09a6\u09c7 \u09b2\u09be \u09ae\u09be\u09b0 \u09ac\u09be \u09b9\u09cb\u099f\u09c7\u09b2 \u0995\u09cd\u09af\u09be\u09a8\u09cb \u09b9\u09a8\u09cd\u09a1\u09cb \u09a5\u09c7\u0995\u09c7 \u09b2\u09b8 \u09b9\u09be\u0987\u099f\u09bf\u09b8\u09c7\u09b8 \u099c\u09be\u09a4\u09c0\u09af\u09bc \u0989\u09a6\u09cd\u09af\u09be\u09a8\u0964<\/h2>\n<h3>\u09ac\u09b0\u09cd\u09a3\u09a8\u09be<\/h3>\n<p>\u09b2\u09b8 \u09b9\u09be\u0987\u099f\u09bf\u09b8\u09c7\u09b8 \u099c\u09be\u09a4\u09c0\u09af\u09bc \u0989\u09a6\u09cd\u09af\u09be\u09a8\u09c7 \u098f\u0995\u099f\u09bf \u09b8\u09be\u09a7\u09be\u09b0\u09a3 \u09ac\u09cd\u09af\u0995\u09cd\u09a4\u09bf\u0997\u09a4 \u09ad\u09cd\u09b0\u09ae\u09a3\u0964 \u0986\u09ae\u09be\u09a6\u09c7\u09b0 \u09b8\u09be\u09a5\u09c7 \u0986\u09b8\u09c1\u09a8 \u098f\u09ac\u0982 \u09a1\u09cb\u09ae\u09bf\u09a8\u09bf\u0995\u09be\u09a8 \u09aa\u09cd\u09b0\u099c\u09be\u09a4\u09a8\u09cd\u09a4\u09cd\u09b0\u09c7\u09b0 \u09b8\u09ac\u099a\u09c7\u09af\u09bc\u09c7 \u09b8\u09c1\u09a8\u09cd\u09a6\u09b0 \u099c\u09be\u09a4\u09c0\u09af\u09bc \u0989\u09a6\u09cd\u09af\u09be\u09a8 \u09aa\u09b0\u09bf\u09a6\u09b0\u09cd\u09b6\u09a8 \u0995\u09b0\u09c1\u09a8, \u09ae\u09cd\u09af\u09be\u09a8\u0997\u09cd\u09b0\u09cb\u09ad, \u0997\u09c1\u09b9\u09be \u098f\u09ac\u0982 \u09b8\u09be\u09a8 \u09b2\u09b0\u09c7\u099e\u09cd\u099c\u09cb \u09ac\u09c7 \u09aa\u09b0\u09bf\u09a6\u09b0\u09cd\u09b6\u09a8 \u0995\u09b0\u09c1\u09a8\u0964 \u098f\u0987 \u0985\u09ad\u09bf\u099c\u09cd\u099e\u09a4\u09be \u09b8\u09be\u09ac\u09be\u09a8\u09be \u09a6\u09c7 \u09b2\u09be \u09ae\u09be\u09b0 \u09b8\u09ae\u09cd\u09aa\u09cd\u09b0\u09a6\u09be\u09af\u09bc \u09a5\u09c7\u0995\u09c7 \u09b6\u09c1\u09b0\u09c1 \u09b9\u09a4\u09c7 \u09aa\u09be\u09b0\u09c7 \u09b8\u09be\u09ac\u09be\u09a8\u09be \u09a6\u09c7 \u09b2\u09be \u09ae\u09be\u09b0 \u098f\u0987 \u0987\u09a4\u09bf\u09b9\u09be\u09b8 \u09b8\u09ae\u09cd\u09aa\u09b0\u09cd\u0995\u09c7 \u09b6\u09c7\u0996\u09be\u09b0\u0964 \u0989\u09aa\u09b0\u09a8\u09cd\u09a4\u09c1, \u0986\u09ae\u09b0\u09be \u0995\u09cd\u09af\u09be\u09a8\u09cb \u09b9\u09a8\u09cd\u09a1\u09cb \u09ac\u09a8\u09cd\u09a6\u09b0 \u09a5\u09c7\u0995\u09c7 \u098f\u0987 \u09ad\u09cd\u09b0\u09ae\u09a3 \u09b6\u09c1\u09b0\u09c1 \u0995\u09b0\u09bf\u0964<\/p>\n<ul>\n<li>\u099f\u09cd\u09af\u09be\u0995\u09cd\u09b8 \u0985\u09a8\u09cd\u09a4\u09b0\u09cd\u09ad\u09c1\u0995\u09cd\u09a4<\/li>\n<li>\u0997\u09be\u0987\u09a1 \u09a8\u09bf\u09b0\u09cd\u09a6\u09c7\u09b6\u09a8\u09be \u098f\u09ac\u0982 \u09a4\u09a4\u09cd\u09a4\u09cd\u09ac\u09be\u09ac\u09a7\u09be\u09a8 \u09aa\u09cd\u09b0\u09a6\u09be\u09a8 \u0995\u09b0\u09c7\u0964<\/li>\n<li>Ca\u00f1o Hondo-\u09a4\u09c7 \u09ae\u09a7\u09cd\u09af\u09be\u09b9\u09cd\u09a8\u09ad\u09cb\u099c\u09c7\u09b0 \u099c\u09a8\u09cd\u09af \u09ae\u09a7\u09cd\u09af\u09be\u09b9\u09cd\u09a8\u09ad\u09cb\u099c\u09a8 \u0985\u09a8\u09cd\u09a4\u09b0\u09cd\u09ad\u09c1\u0995\u09cd\u09a4 \u09a8\u09af\u09bc \u098f\u0987 \u09b8\u09ab\u09b0\u099f\u09bf \u09ac\u09c7\u099b\u09c7 \u09a8\u09bf\u09a8: Los Haitises Plus Ca\u00f1o Hondo.<\/li>\n<\/ul>\n<h3>\u0985\u09a8\u09cd\u09a4\u09b0\u09cd\u09ad\u09c1\u0995\u09cd\u09a4\u09bf \u098f\u09ac\u0982 \u09ac\u09b0\u09cd\u099c\u09a8<\/h3>\n<h4>\u0985\u09a8\u09cd\u09a4\u09b0\u09cd\u09ad\u09c1\u0995\u09cd\u09a4\u09bf<\/h4>\n<ol>\n<li>\u09b2\u09b8 \u09b9\u09be\u0987\u099f\u09bf\u09b8\u09c7\u09b8 \u099f\u09cd\u09af\u09c1\u09b0 + \u0997\u09c1\u09b9\u09be \u098f\u09ac\u0982 \u09aa\u09bf\u0995\u099f\u09cb\u0997\u09cd\u09b0\u09be\u09ab<\/li>\n<li>\u09b8\u09ae\u09b8\u09cd\u09a4 \u099f\u09cd\u09af\u09be\u0995\u09cd\u09b8, \u09ab\u09bf \u098f\u09ac\u0982 \u09b9\u09cd\u09af\u09be\u09a8\u09cd\u09a1\u09b2\u09bf\u0982 \u099a\u09be\u09b0\u09cd\u099c\u0964<\/li>\n<li>\u09b8\u09cd\u09a5\u09be\u09a8\u09c0\u09af\u09bc \u0995\u09b0<\/li>\n<li>\u09b8\u0995\u09b2 \u0995\u09be\u09b0\u09cd\u09af\u0995\u09cd\u09b0\u09ae<\/li>\n<li>\u09b8\u09cd\u09a5\u09be\u09a8\u09c0\u09af\u09bc \u0997\u09be\u0987\u09a1<\/li>\n<\/ol>\n<h4>\u09ac\u09b0\u09cd\u099c\u09a8<\/h4>\n<ol>\n<li>\u09aa\u09b0\u09be\u09ae\u09b0\u09cd\u09b6<\/li>\n<li>Ca\u00f1o Hondo-\u09a4\u09c7 \u09ae\u09a7\u09cd\u09af\u09be\u09b9\u09cd\u09a8\u09ad\u09cb\u099c\u09c7\u09b0 \u099c\u09a8\u09cd\u09af \u09ae\u09a7\u09cd\u09af\u09be\u09b9\u09cd\u09a8\u09ad\u09cb\u099c\u09a8 \u0985\u09a8\u09cd\u09a4\u09b0\u09cd\u09ad\u09c1\u0995\u09cd\u09a4 \u09a8\u09af\u09bc \u098f\u0987 \u09b8\u09ab\u09b0\u099f\u09bf \u09ac\u09c7\u099b\u09c7 \u09a8\u09bf\u09a8: Los Haitises Plus Ca\u00f1o Hondo.<\/li>\n<li>\u09aa\u09b0\u09bf\u09ac\u09b9\u09a8<\/li>\n<li>\u09ae\u09a6\u09cd\u09af\u09aa \u09aa\u09be\u09a8\u09c0\u09af\u09bc<\/li>\n<\/ol>\n<h3><em>\u09aa\u09cd\u09b0\u09b8\u09cd\u09a5\u09be\u09a8 \u098f\u09ac\u0982 \u09ab\u09bf\u09b0\u09c7<\/em><\/h3>\n<p>\u09ac\u09c1\u0995\u09bf\u0982 \u09aa\u09cd\u09b0\u0995\u09cd\u09b0\u09bf\u09af\u09bc\u09be\u09b0 \u09aa\u09b0\u09c7 \u09ad\u09cd\u09b0\u09ae\u09a3\u0995\u09be\u09b0\u09c0 \u098f\u0995\u099f\u09bf \u09ae\u09bf\u099f\u09bf\u0982 \u09aa\u09af\u09bc\u09c7\u09a8\u09cd\u099f \u09aa\u09be\u09ac\u09c7\u09a8\u0964 \u099f\u09cd\u09af\u09c1\u09b0 \u09b6\u09c1\u09b0\u09c1 \u09b9\u09af\u09bc \u098f\u09ac\u0982 \u0986\u09ae\u09be\u09a6\u09c7\u09b0 \u09ae\u09bf\u099f\u09bf\u0982 \u09aa\u09af\u09bc\u09c7\u09a8\u09cd\u099f\u09c7 \u09b6\u09c7\u09b7 \u09b9\u09af\u09bc\u0964<\/p>\n<h4><em>\u0995\u09bf \u0986\u09b6\u09be \u0995\u09b0\u099b?<\/em><\/h4>\n<p>\u0997\u09c1\u09b9\u09be, \u09ae\u09cd\u09af\u09be\u09a8\u0997\u09cd\u09b0\u09cb\u09ad\u09b8 \u098f\u09ac\u0982 \u09b8\u09be\u09a8 \u09b2\u09b0\u09c7\u099e\u09cd\u099c\u09cb \u09ac\u09c7 \u09b8\u09b9 \u09b2\u09b8 \u09b9\u09be\u0987\u099f\u09bf\u09b8\u09c7\u09b8 \u099c\u09be\u09a4\u09c0\u09af\u09bc \u0989\u09a6\u09cd\u09af\u09be\u09a8 \u09a6\u09c7\u0996\u09be\u09b0 \u099c\u09a8\u09cd\u09af \u0986\u09aa\u09a8\u09be\u09b0 \u099f\u09bf\u0995\u09bf\u099f \u09aa\u09be\u09a8\u0964<\/p>\n<p>\u09b8\u09cd\u09a5\u09be\u09a8\u09c0\u09af\u09bc \u0997\u09be\u0987\u09a1 \u09b8\u09b9 \u09b8\u09be\u09ac\u09be\u09a8\u09be \u09a6\u09c7 \u09b2\u09be \u09ae\u09be\u09b0 \u09ac\u09be \u0995\u09cd\u09af\u09be\u09a8\u09cb \u09b9\u09cb\u09a8\u09cd\u09a1\u09cb \u09b9\u09cb\u099f\u09c7\u09b2 \u09a5\u09c7\u0995\u09c7 \u09b2\u09b8 \u09b9\u09be\u0987\u099f\u09bf\u09b8\u09c7\u09b8 \u099c\u09be\u09a4\u09c0\u09af\u09bc \u0989\u09a6\u09cd\u09af\u09be\u09a8 \u09a6\u09c7\u0996\u09be\u09b0 \u099c\u09a8\u09cd\u09af \u09b8\u09b0\u09cd\u09ac\u09a8\u09bf\u09ae\u09cd\u09a8 \u09ae\u09c2\u09b2\u09cd\u09af\u0964 \u09b2\u09b8 \u09b9\u09be\u0987\u099f\u09bf\u09b8\u09c7\u09b8 \u09a8\u09cd\u09af\u09be\u09b6\u09a8\u09be\u09b2 \u09aa\u09be\u09b0\u09cd\u0995\u09c7\u09b0 \u09aa\u09cd\u09b0\u09a7\u09be\u09a8 \u09ac\u09a8\u09cd\u09a6\u09b0\u09c7 \u099f\u09cd\u09b0\u09bf\u09aa \u09b6\u09c1\u09b0\u09c1 \u09b9\u09af\u09bc\u0964 \u098f\u0987 \u099f\u09cd\u09b0\u09bf\u09aa\u099f\u09bf \u09b6\u09c1\u09b0\u09c1 \u09b9\u09af\u09bc \u09b8\u0995\u09be\u09b2 10:00 \u099f\u09be\u09af\u09bc \u098f\u0995\u099c\u09a8 \u09b8\u09cd\u09a5\u09be\u09a8\u09c0\u09af\u09bc \u099f\u09cd\u09af\u09c1\u09b0 \u0997\u09be\u0987\u09a1\u09c7\u09b0 \u09b8\u09be\u09a5\u09c7 \u09af\u09bf\u09a8\u09bf \u09ae\u09b9\u09ce \u09a8\u09cd\u09af\u09be\u09b6\u09a8\u09be\u09b2 \u09aa\u09be\u09b0\u09cd\u0995\u09c7\u09b0 \u09ae\u09c2\u09b2 \u0997\u09b2\u09cd\u09aa\u099f\u09bf \u099c\u09be\u09a8\u09c7\u09a8\u0964<\/p>\n<p>\u09a4\u09be\u09b0\u09aa\u09b0\u09c7 \u0986\u09ae\u09b0\u09be \u09b2\u09b8 \u09b9\u09be\u0987\u099f\u09bf\u09b8\u09c7\u09b8 \u099c\u09be\u09a4\u09c0\u09af\u09bc \u0989\u09a6\u09cd\u09af\u09be\u09a8\u09c7\u09b0 \u09ae\u09c2\u09b2 \u09ac\u09a8\u09cd\u09a6\u09b0 \u09a5\u09c7\u0995\u09c7 \u09b6\u09c1\u09b0\u09c1 \u0995\u09b0\u09bf, \u09af\u09be\u09b0 \u09a8\u09be\u09ae Ca\u00f1o Hondo (Deep Creek) \u09b2\u09be\u0987\u09ab \u099c\u09cd\u09af\u09be\u0995\u09c7\u099f \u09b8\u09b9 \u098f\u0995\u099f\u09bf \u09ac\u09cb\u099f\u09c7\u0964 \u09b8\u09be\u09a8 \u09b2\u09b0\u09c7\u099e\u09cd\u099c\u09cb \u09ac\u09c7 \u09a8\u09be \u09aa\u09cc\u0981\u099b\u09be \u09aa\u09b0\u09cd\u09af\u09a8\u09cd\u09a4 \u0986\u09ae\u09b0\u09be \u09b2\u09be\u09b2 \u09ae\u09cd\u09af\u09be\u09a8\u0997\u09cd\u09b0\u09cb\u09ad \u09ac\u09a8 \u0989\u09aa\u09ad\u09cb\u0997 \u0995\u09b0\u09ac\u0964 \u09b8\u09be\u09ae\u09be\u09a8\u09be \u0989\u09aa\u09b8\u09be\u0997\u09b0\u09c7 \u099b\u09cb\u099f \u0989\u09aa\u09b8\u09be\u0997\u09b0\u0964 \u098f\u09ac\u0982 \u098f\u0996\u09be\u09a8\u09c7 \u0986\u09ae\u09b0\u09be \u09af\u09c7\u09a4\u09c7! \u0986\u09aa\u09a8\u09bf \u09aa\u09cd\u09b0\u09a5\u09ae \u09af\u09c7 \u099c\u09bf\u09a8\u09bf\u09b8\u099f\u09bf \u09a6\u09c7\u0996\u09a4\u09c7 \u09aa\u09be\u099a\u09cd\u099b\u09c7\u09a8 \u09a4\u09be \u09b9\u09b2 \u09ae\u09cb\u0997\u09cb\u099f\u09b8 \u09a8\u09be\u09ae\u09c7 \u098f\u0995\u099f\u09bf \u09ac\u09bf\u09b6\u09be\u09b2 \u099a\u09c1\u09a8\u09be\u09aa\u09be\u09a5\u09b0 \u09aa\u09b0\u09cd\u09ac\u09a4 \u09a6\u09cd\u09ac\u09c0\u09aa\u09c7\u09b0 \u09b8\u0982\u0997\u09cd\u09b0\u09b9\u0964 \u09a4\u09be\u09a6\u09c7\u09b0 \u0989\u09aa\u09b0\u09c7 \u09ed\u09e6\u09e6 \u09aa\u09cd\u09b0\u099c\u09be\u09a4\u09bf\u09b0 \u0997\u09be\u099b\u09aa\u09be\u09b2\u09be \u098f\u09ac\u0982 \u0985\u09a8\u09c7\u0995 \u099c\u09b2\u09be\u09ad\u09c2\u09ae\u09bf\u09b0 \u09aa\u09be\u0996\u09bf \u099a\u09be\u09b0\u09aa\u09be\u09b6\u09c7 \u0989\u09a1\u09bc\u09c7 \u09ac\u09c7\u09a1\u09bc\u09be\u099a\u09cd\u099b\u09c7\u0964 \u09aa\u09b0\u09c7 750 \u09ac\u099b\u09b0 \u0986\u0997\u09c7\u09b0 \u0986\u09ae\u09be\u09a6\u09c7\u09b0 \u0986\u09a6\u09bf\u09ac\u09be\u09b8\u09c0 \u09b8\u09ae\u09cd\u09aa\u09cd\u09b0\u09a6\u09be\u09af\u09bc\u09c7\u09b0 \u099b\u09ac\u09bf \u09b8\u09b9 \u0997\u09c1\u09b9\u09be \u09aa\u09b0\u09bf\u09a6\u09b0\u09cd\u09b6\u09a8\u0964<\/p>\n<p>\u0996\u09cb\u09b2\u09be \u09b8\u09be\u09a8 \u09b2\u09b0\u09c7\u099e\u09cd\u099c\u09cb \u0989\u09aa\u09b8\u09be\u0997\u09b0\u09c7 \u09ae\u09cd\u09af\u09be\u09a8\u0997\u09cd\u09b0\u09cb\u09ad \u098f\u09ac\u0982 \u099c\u09ae\u09bf\u09b0 \u09ae\u09a7\u09cd\u09af \u09a6\u09bf\u09af\u09bc\u09c7, \u09af\u09c7\u0996\u09be\u09a8 \u09a5\u09c7\u0995\u09c7 \u0986\u09aa\u09a8\u09bf \u09b0\u09c1\u0995\u09cd\u09b7 \u09ac\u09a8\u09ad\u09c2\u09ae\u09bf\u09b0 \u099b\u09ac\u09bf \u09a4\u09c1\u09b2\u09a4\u09c7 \u09aa\u09be\u09b0\u09c7\u09a8\u0964 \u09ae\u09cd\u09af\u09be\u09a8\u09be\u099f\u09bf\u09b8, \u0995\u09cd\u09b0\u09be\u09b8\u09cd\u099f\u09c7\u09b8\u09bf\u09af\u09bc\u09be\u09a8 \u098f\u09ac\u0982 \u09a1\u09b2\u09ab\u09bf\u09a8 \u09a6\u09c7\u0996\u09a4\u09c7 \u099c\u09b2\u09c7\u09b0 \u09ae\u09a7\u09cd\u09af\u09c7 \u09a4\u09be\u0995\u09be\u09a8\u0964<\/p>\n<p>El nombre del parque nacional proviene de sus habitantes originales, los indios ta\u00ednos. En su idioma, \u00abHaitises\u00bb se traduce en tierras altas o colinas, una referencia a las empinadas formaciones geol\u00f3gicas de la costa con calizas. Avent\u00farate en el parque para explorar cuevas como la Cueva de la Arena y la Cueva de la L\u00ednea. Las cuevas en la reserva fueron utilizadas como refugio por los indios ta\u00ednos y, m\u00e1s tarde, por los piratas escondidos. Busque dibujos de indios que decoran algunas de las paredes. Despu\u00e9s de visitar el Parque Nacional Los Haitises, regresaremos al puerto donde comenz\u00f3 nuestro viaje.<\/p>\n<h3><em>\u0986\u09aa\u09a8\u09bf \u0995\u09bf \u0986\u09a8\u09a4\u09c7 \u09b9\u09ac\u09c7?<\/em><\/h3>\n<ul>\n<li>\u0995\u09cd\u09af\u09be\u09ae\u09c7\u09b0\u09be<\/li>\n<li>\u09aa\u09cd\u09b0\u09a4\u09bf\u09b0\u09cb\u09a7\u0995<\/li>\n<li>\u09b8\u09be\u09a8\u09b8\u09cd\u0995\u09cd\u09b0\u09bf\u09a8<\/li>\n<li>\u099f\u09c1\u09aa\u09bf<\/li>\n<li>\u0986\u09b0\u09be\u09ae\u09a6\u09be\u09af\u09bc\u0995 \u09aa\u09cd\u09af\u09be\u09a8\u09cd\u099f<\/li>\n<li>\u09ac\u09a8 \u09b9\u09be\u0987\u0995\u09bf\u0982 \u099c\u09c1\u09a4\u09be<\/li>\n<li>\u09ac\u09b8\u09a8\u09cd\u09a4 \u098f\u09b2\u09be\u0995\u09be\u09af\u09bc \u09b8\u09cd\u09af\u09be\u09a8\u09cd\u09a1\u09c7\u09b2.<\/li>\n<li>\u09b8\u09be\u0981\u09a4\u09be\u09b0\u09c7\u09b0 \u09aa\u09cb\u09b7\u09be\u0995<\/li>\n<\/ul>\n<h3><em>\u09b9\u09cb\u099f\u09c7\u09b2 \u09aa\u09bf\u0995\u0986\u09aa<\/em><\/h3>\n<p>\u0986\u09aa\u09a8\u09bf Paraiso Ca\u00f1o Hondo \u09ac\u09be Altos Ca\u00f1o Hondo \u09b9\u09cb\u099f\u09c7\u09b2\u09c7 \u09a5\u09be\u0995\u09b2\u09c7 \u09b9\u09cb\u099f\u09c7\u09b2 \u09aa\u09bf\u0995\u0986\u09aa \u09a6\u09c7\u0993\u09af\u09bc\u09be \u09b9\u09af\u09bc\u0964 \u0986\u09ae\u09be\u09a6\u09c7\u09b0 \u09ae\u09bf\u099f\u09bf\u0982 \u09aa\u09af\u09bc\u09c7\u09a8\u09cd\u099f \u09b8\u09c7\u0987 \u09b9\u09cb\u099f\u09c7\u09b2\u0997\u09c1\u09b2\u09bf \u09a5\u09c7\u0995\u09c7 5 \u09ae\u09bf\u09a8\u09bf\u099f\u09c7\u09b0 \u09aa\u09a5\u0964<\/p>\n<p><strong>\u09ac\u09bf\u0983\u09a6\u09cd\u09b0\u0983<\/strong>- \u0986\u09aa\u09a8\u09bf \u09af\u09a6\u09bf \u099f\u09cd\u09af\u09c1\u09b0\/\u09ad\u09cd\u09b0\u09ae\u09a8 \u09aa\u09cd\u09b0\u09b8\u09cd\u09a5\u09be\u09a8\u09c7\u09b0 24 \u0998\u09a8\u09cd\u099f\u09be\u09b0 \u09ae\u09a7\u09cd\u09af\u09c7 \u09ac\u09c1\u0995 \u0995\u09b0\u09c7\u09a8, \u0986\u09aa\u09a8\u09bf Ca\u00f1o Hondo \u09b9\u09cb\u099f\u09c7\u09b2\u09c7 \u09a8\u09be \u09a5\u09be\u0995\u09b2\u09c7 \u0986\u09ae\u09b0\u09be \u0985\u09a4\u09bf\u09b0\u09bf\u0995\u09cd\u09a4 \u099a\u09be\u09b0\u09cd\u099c \u09a6\u09bf\u09af\u09bc\u09c7 \u09b9\u09cb\u099f\u09c7\u09b2 \u09aa\u09bf\u0995\u0986\u09aa\u09c7\u09b0 \u09ac\u09cd\u09af\u09ac\u09b8\u09cd\u09a5\u09be \u0995\u09b0\u09a4\u09c7 \u09aa\u09be\u09b0\u09bf\u0964 \u0986\u09aa\u09a8\u09be\u09b0 \u0995\u09c7\u09a8\u09be\u0995\u09be\u099f\u09be \u09b8\u09ae\u09cd\u09aa\u09c2\u09b0\u09cd\u09a3 \u09b9\u09af\u09bc\u09c7 \u0997\u09c7\u09b2\u09c7, \u09aa\u09bf\u0995\u0986\u09aa\u09c7\u09b0 \u09ac\u09cd\u09af\u09ac\u09b8\u09cd\u09a5\u09be \u0995\u09b0\u09be\u09b0 \u099c\u09a8\u09cd\u09af \u0986\u09ae\u09b0\u09be \u0986\u09aa\u09a8\u09be\u0995\u09c7 \u0986\u09ae\u09be\u09a6\u09c7\u09b0 \u09b8\u09cd\u09a5\u09be\u09a8\u09c0\u09af\u09bc \u099f\u09cd\u09af\u09c1\u09b0 \u0997\u09be\u0987\u09a1\u09c7\u09b0 \u099c\u09a8\u09cd\u09af \u09b8\u09ae\u09cd\u09aa\u09c2\u09b0\u09cd\u09a3 \u09af\u09cb\u0997\u09be\u09af\u09cb\u0997\u09c7\u09b0 \u09a4\u09a5\u09cd\u09af (\u09ab\u09cb\u09a8 \u09a8\u09ae\u09cd\u09ac\u09b0, \u0987\u09ae\u09c7\u09b2 \u09a0\u09bf\u0995\u09be\u09a8\u09be, \u0987\u09a4\u09cd\u09af\u09be\u09a6\u09bf) \u09aa\u09be\u09a0\u09be\u09ac\u0964<\/p>\n<h3><em>\u0985\u09a4\u09bf\u09b0\u09bf\u0995\u09cd\u09a4 \u09a4\u09a5\u09cd\u09af \u09a8\u09bf\u09b6\u09cd\u099a\u09bf\u09a4\u0995\u09b0\u09a3<\/em><\/h3>\n<ul>\n<li>\u099f\u09bf\u0995\u09bf\u099f \u09b9\u09b2 \u098f\u0987 \u099f\u09cd\u09af\u09c1\u09b0\u09c7\u09b0 \u099c\u09a8\u09cd\u09af \u0985\u09b0\u09cd\u09a5 \u09aa\u09cd\u09b0\u09a6\u09be\u09a8\u09c7\u09b0 \u09aa\u09b0\u09c7 \u09b0\u09b8\u09bf\u09a6\u0964 \u0986\u09aa\u09a8\u09bf \u0986\u09aa\u09a8\u09be\u09b0 \u09ab\u09cb\u09a8\u09c7 \u09aa\u09c7\u09ae\u09c7\u09a8\u09cd\u099f \u09a6\u09c7\u0996\u09be\u09a4\u09c7 \u09aa\u09be\u09b0\u09c7\u09a8\u0964<\/li>\n<li>\u09b0\u09bf\u099c\u09be\u09b0\u09cd\u09ad\u09c7\u09b6\u09a8 \u09aa\u09cd\u09b0\u0995\u09cd\u09b0\u09bf\u09af\u09bc\u09be\u09b0 \u09aa\u09b0\u09c7 \u09ae\u09bf\u099f\u09bf\u0982 \u09aa\u09af\u09bc\u09c7\u09a8\u09cd\u099f \u09aa\u09be\u0993\u09af\u09bc\u09be \u09af\u09be\u09ac\u09c7\u0964<\/li>\n<li>\u09b6\u09bf\u09b6\u09c1\u09a6\u09c7\u09b0 \u098f\u0995\u099c\u09a8 \u09aa\u09cd\u09b0\u09be\u09aa\u09cd\u09a4\u09ac\u09af\u09bc\u09b8\u09cd\u0995 \u09a6\u09cd\u09ac\u09be\u09b0\u09be \u09b8\u0982\u09b8\u09b0\u09cd\u0997\u09c0 \u0995\u09b0\u09be \u0986\u09ac\u09b6\u09cd\u09af\u0995.<\/li>\n<li>\u09b9\u09c1\u0987\u09b2\u099a\u09c7\u09af\u09bc\u09be\u09b0 \u0985\u09cd\u09af\u09be\u0995\u09cd\u09b8\u09c7\u09b8\u09af\u09cb\u0997\u09cd\u09af \u09a8\u09af\u09bc<\/li>\n<li>\u09b6\u09bf\u09b6\u09c1\u09a6\u09c7\u09b0 \u098f\u0995\u099f\u09bf \u09b6\u09bf\u09b6\u09c1\u09b0 \u0986\u09b8\u09a8\u09c7 \u09ac\u09be \u09aa\u09cd\u09b0\u09be\u09aa\u09cd\u09a4\u09ac\u09af\u09bc\u09b8\u09cd\u0995\u09a6\u09c7\u09b0 \u09b8\u09be\u09a5\u09c7 \u09ac\u09b8\u09a4\u09c7 \u09b9\u09ac\u09c7<\/li>\n<li>\u09aa\u09bf\u09a0\u09c7\u09b0 \u09b8\u09ae\u09b8\u09cd\u09af\u09be \u09b8\u09b9 \u09ad\u09cd\u09b0\u09ae\u09a3\u0995\u09be\u09b0\u09c0\u09a6\u09c7\u09b0 \u099c\u09a8\u09cd\u09af \u09aa\u09cd\u09b0\u09b8\u09cd\u09a4\u09be\u09ac\u09bf\u09a4 \u09a8\u09af\u09bc\u0964<\/li>\n<li>\u0997\u09b0\u09cd\u09ad\u09ac\u09a4\u09c0 \u09ae\u09b9\u09bf\u09b2\u09be\u09a6\u09c7\u09b0 \u099c\u09a8\u09cd\u09af \u09b8\u09c1\u09aa\u09be\u09b0\u09bf\u09b6 \u0995\u09b0\u09be \u09b9\u09af\u09bc \u09a8\u09be\u0964<\/li>\n<li>\u09b9\u09be\u09b0\u09cd\u099f\u09c7\u09b0 \u09b8\u09ae\u09b8\u09cd\u09af\u09be \u09ac\u09be \u0985\u09a8\u09cd\u09af\u09be\u09a8\u09cd\u09af \u0997\u09c1\u09b0\u09c1\u09a4\u09b0 \u099a\u09bf\u0995\u09bf\u09ce\u09b8\u09be \u09b6\u09b0\u09cd\u09a4 \u09a8\u09c7\u0987\u0964<\/li>\n<li>\u0985\u09a7\u09bf\u0995\u09be\u0982\u09b6 \u09ad\u09cd\u09b0\u09ae\u09a3\u0995\u09be\u09b0\u09c0 \u0985\u0982\u09b6\u0997\u09cd\u09b0\u09b9\u09a3 \u0995\u09b0\u09a4\u09c7 \u09aa\u09be\u09b0\u09c7\u09a8.<\/li>\n<\/ul>\n<h3><em>\u09ac\u09be\u09a4\u09bf\u09b2\u0995\u09b0\u09a3 \u09a8\u09c0\u09a4\u09bf<\/em><\/h3>\n<p>\u09b8\u09ae\u09cd\u09aa\u09c2\u09b0\u09cd\u09a3 \u0985\u09b0\u09cd\u09a5 \u09ab\u09c7\u09b0\u09a4\u09c7\u09b0 \u099c\u09a8\u09cd\u09af, \u0985\u09ad\u09bf\u099c\u09cd\u099e\u09a4\u09be \u09b6\u09c1\u09b0\u09c1 \u09b9\u0993\u09af\u09bc\u09be\u09b0 \u09a4\u09be\u09b0\u09bf\u0996\u09c7\u09b0 \u0995\u09ae\u09aa\u0995\u09cd\u09b7\u09c7 24 \u0998\u09a8\u09cd\u099f\u09be \u0986\u0997\u09c7 \u09ac\u09be\u09a4\u09bf\u09b2 \u0995\u09b0\u09c1\u09a8\u0964<\/p>\n<h3><em>\u09af\u09cb\u0997\u09be\u09af\u09cb\u0997 \u0995\u09b0\u09c1\u09a8?<\/em><\/h3>\n<p>\u09ac\u09c1\u0995\u09bf\u0982 \u0985\u09cd\u09af\u09be\u09a1\u09ad\u09c7\u099e\u09cd\u099a\u09be\u09b0<br \/>\n\u09b8\u09cd\u09a5\u09be\u09a8\u09c0\u09af\u09bc \u098f\u09ac\u0982 \u099c\u09be\u09a4\u09c0\u09af\u09bc \u099f\u09cd\u09af\u09c1\u09b0 \u0997\u09be\u0987\u09a1 \u098f\u09ac\u0982 \u0985\u09a4\u09bf\u09a5\u09bf \u09aa\u09b0\u09bf\u09b7\u09c7\u09ac\u09be<\/p>\n<p>\u09b8\u0982\u09b0\u0995\u09cd\u09b7\u09a3: \u09a1\u09cb\u09ae\u09c7 \u099f\u09cd\u09af\u09c1\u09b0 \u098f\u09ac\u0982 \u09ad\u09cd\u09b0\u09ae\u09a3\u0964 \u09aa\u09cd\u09b0\u09a4\u09bf\u09a8\u09bf\u09a7\u09bf\u0964<\/p>\n<p>\ud83d\udcde \u099f\u09c7\u09b2\u09bf\u09ab\u09cb\u09a8\/\u09b9\u09cb\u09af\u09bc\u09be\u099f\u09b8\u0985\u09cd\u09af\u09be\u09aa +1-809-720-6035\u0964<\/p>\n<p>\ud83d\udce9 info@bookingadventures.com.do<\/p>\n<p>\u0986\u09ae\u09b0\u09be Whatsapp: +18097206035 \u09a6\u09cd\u09ac\u09be\u09b0\u09be \u09a8\u09ae\u09a8\u09c0\u09af\u09bc \u0995\u09a8\u09ab\u09bf\u0997\u09be\u09b0\u09c7\u09b6\u09a8 \u09b8\u09b9 \u09ac\u09cd\u09af\u0995\u09cd\u09a4\u09bf\u0997\u09a4 \u09b8\u09ab\u09b0\u09c7\u09b0 \u0986\u09af\u09bc\u09cb\u099c\u09a8 \u0995\u09b0\u09bf\u0964<\/p>\n\n\t\t<\/div>\n\t<\/div>\n<\/div><\/div><\/div><\/div>","protected":false},"excerpt":{"rendered":"<p>\u09b8\u09cd\u09a5\u09be\u09a8\u09c0\u09af\u09bc \u0997\u09be\u0987\u09a1 \u09b8\u09b9 \u09b8\u09be\u09ac\u09be\u09a8\u09be \u09a6\u09c7 \u09b2\u09be \u09ae\u09be\u09b0 \u09ac\u09be \u0995\u09cd\u09af\u09be\u09a8\u09cb \u09b9\u09cb\u09a8\u09cd\u09a1\u09cb \u09b9\u09cb\u099f\u09c7\u09b2 \u09a5\u09c7\u0995\u09c7 \u09b2\u09b8 \u09b9\u09be\u0987\u099f\u09bf\u09b8\u09c7\u09b8 \u099c\u09be\u09a4\u09c0\u09af\u09bc \u0989\u09a6\u09cd\u09af\u09be\u09a8 \u09a6\u09c7\u0996\u09be\u09b0 \u099c\u09a8\u09cd\u09af \u09b8\u09b0\u09cd\u09ac\u09a8\u09bf\u09ae\u09cd\u09a8 \u09ae\u09c2\u09b2\u09cd\u09af\u0964 \u09b2\u09b8 \u09b9\u09be\u0987\u099f\u09bf\u09b8\u09c7\u09b8 \u09a8\u09cd\u09af\u09be\u09b6\u09a8\u09be\u09b2 \u09aa\u09be\u09b0\u09cd\u0995\u09c7\u09b0 \u09aa\u09cd\u09b0\u09a7\u09be\u09a8 \u09ac\u09a8\u09cd\u09a6\u09b0\u09c7 \u099f\u09cd\u09b0\u09bf\u09aa \u09b6\u09c1\u09b0\u09c1 \u09b9\u09af\u09bc\u0964 \u098f\u0987 \u099f\u09cd\u09b0\u09bf\u09aa\u099f\u09bf \u09b6\u09c1\u09b0\u09c1 \u09b9\u09af\u09bc \u09b8\u0995\u09be\u09b2 10:00 \u099f\u09be\u09af\u09bc \u098f\u0995\u099c\u09a8 \u09b8\u09cd\u09a5\u09be\u09a8\u09c0\u09af\u09bc \u099f\u09cd\u09af\u09c1\u09b0 \u0997\u09be\u0987\u09a1\u09c7\u09b0 \u09b8\u09be\u09a5\u09c7 \u09af\u09bf\u09a8\u09bf \u09ae\u09b9\u09ce \u09a8\u09cd\u09af\u09be\u09b6\u09a8\u09be\u09b2 \u09aa\u09be\u09b0\u09cd\u0995\u09c7\u09b0 \u09ae\u09c2\u09b2 \u0997\u09b2\u09cd\u09aa\u099f\u09bf \u099c\u09be\u09a8\u09c7\u09a8\u0964<\/p>\n<p>\u09a4\u09be\u09b0\u09aa\u09b0\u09c7 \u0986\u09ae\u09b0\u09be \u09b2\u09b8 \u09b9\u09be\u0987\u099f\u09bf\u09b8\u09c7\u09b8 \u099c\u09be\u09a4\u09c0\u09af\u09bc \u0989\u09a6\u09cd\u09af\u09be\u09a8\u09c7\u09b0 \u09ae\u09c2\u09b2 \u09ac\u09a8\u09cd\u09a6\u09b0 \u09a5\u09c7\u0995\u09c7 \u09b6\u09c1\u09b0\u09c1 \u0995\u09b0\u09bf, \u09af\u09be\u09b0 \u09a8\u09be\u09ae Ca\u00f1o Hondo (Deep Creek) \u09b2\u09be\u0987\u09ab \u099c\u09cd\u09af\u09be\u0995\u09c7\u099f \u09b8\u09b9 \u098f\u0995\u099f\u09bf \u09ac\u09cb\u099f\u09c7\u0964 \u09b8\u09be\u09ae\u09be\u09a8\u09be \u0989\u09aa\u09b8\u09be\u0997\u09b0\u09c7\u09b0 \u098f\u0995\u099f\u09bf \u099b\u09cb\u099f \u0989\u09aa\u09b8\u09be\u0997\u09b0 \u09b8\u09be\u09a8 \u09b2\u09b0\u09c7\u099e\u09cd\u099c\u09cb \u09ac\u09c7 \u09aa\u09cc\u0981\u099b\u09be\u09a8\u09cb \u09aa\u09b0\u09cd\u09af\u09a8\u09cd\u09a4 \u0986\u09ae\u09b0\u09be \u09b2\u09be\u09b2 \u09ae\u09cd\u09af\u09be\u09a8\u0997\u09cd\u09b0\u09cb\u09ad \u09ac\u09a8 \u0989\u09aa\u09ad\u09cb\u0997 \u0995\u09b0\u09ac\u0964 \u098f\u09ac\u0982 \u098f\u0996\u09be\u09a8\u09c7 \u0986\u09ae\u09b0\u09be \u09af\u09c7\u09a4\u09c7! \u0986\u09aa\u09a8\u09bf \u09aa\u09cd\u09b0\u09a5\u09ae \u09af\u09c7 \u099c\u09bf\u09a8\u09bf\u09b8\u099f\u09bf \u09a6\u09c7\u0996\u09a4\u09c7 \u09aa\u09be\u099a\u09cd\u099b\u09c7\u09a8 \u09a4\u09be \u09b9\u09b2 \u09ae\u09cb\u0997\u09cb\u099f\u09b8 \u09a8\u09be\u09ae\u09c7 \u098f\u0995\u099f\u09bf \u09ac\u09bf\u09b6\u09be\u09b2 \u099a\u09c1\u09a8\u09be\u09aa\u09be\u09a5\u09b0 \u09aa\u09b0\u09cd\u09ac\u09a4 \u09a6\u09cd\u09ac\u09c0\u09aa\u09c7\u09b0 \u09b8\u0982\u0997\u09cd\u09b0\u09b9\u0964 \u098f\u0997\u09c1\u09b2\u09bf \u099b\u09be\u09a1\u09bc\u09be\u0993, 700 \u099f\u09bf\u09b0\u0993 \u09ac\u09c7\u09b6\u09bf \u09aa\u09cd\u09b0\u099c\u09be\u09a4\u09bf\u09b0 \u0997\u09be\u099b\u09aa\u09be\u09b2\u09be \u098f\u09ac\u0982 \u0985\u09a8\u09c7\u0995 \u099c\u09b2\u09be\u09ad\u09c2\u09ae\u09bf \u09aa\u09be\u0996\u09bf \u099a\u09be\u09b0\u09aa\u09be\u09b6\u09c7 \u0989\u09a1\u09bc\u09c7 \u09ac\u09c7\u09a1\u09bc\u09be\u09af\u09bc\u0964 \u09aa\u09b0\u09c7 750 \u09ac\u099b\u09b0 \u0986\u0997\u09c7\u09b0 \u0986\u09ae\u09be\u09a6\u09c7\u09b0 \u0986\u09a6\u09bf\u09ac\u09be\u09b8\u09c0 \u09b8\u09ae\u09cd\u09aa\u09cd\u09b0\u09a6\u09be\u09af\u09bc\u09c7\u09b0 \u099b\u09ac\u09bf \u09b8\u09b9 \u0997\u09c1\u09b9\u09be \u09aa\u09b0\u09bf\u09a6\u09b0\u09cd\u09b6\u09a8\u0964<\/p>\n<p><strong>\u09b8\u09ab\u09b0\u09c7\u09b0 \u099c\u09a8\u09cd\u09af \u09a4\u09be\u09b0\u09bf\u0996 \u09a8\u09bf\u09b0\u09cd\u09ac\u09be\u099a\u09a8 \u0995\u09b0\u09c1\u09a8\u00a0<\/strong><\/p>","protected":false},"featured_media":81,"template":"","meta":[],"product_brand":[],"product_cat":[119,120,98,121,99,122,443,123,124],"product_tag":[125,126,127,128,129,130,131,132,133,134,114],"class_list":{"0":"post-554","1":"product","2":"type-product","3":"status-publish","4":"has-post-thumbnail","6":"product_cat-caves","7":"product_cat-fees-entrace","8":"product_cat-local-tour-guides","9":"product_cat-mangroves","10":"product_cat-swimming-natural-springs","11":"product_cat-tours-and-excursions","12":"product_cat-tours-y-excursiones-es","13":"product_cat-tours-excursions-los-haitises-national-park","14":"product_cat-tours-excursions-samana-bay-dominican-republic","15":"product_tag-boat-tour","16":"product_tag-cano-hondo","17":"product_tag-cano-hondo-hotel","18":"product_tag-cano-hondo-tours","19":"product_tag-eco-tours","20":"product_tag-excursion","21":"product_tag-locals-guides","22":"product_tag-los-haitises","23":"product_tag-los-haitises-national-park","24":"product_tag-los-haitises-national-park-tour","25":"product_tag-sabana-de-la-mar","27":"first","28":"instock","29":"sale","30":"sold-individually","31":"shipping-taxable","32":"product-type-external"},"_links":{"self":[{"href":"https:\/\/haitises.com\/bn_bd\/wp-json\/wp\/v2\/product\/554","targetHints":{"allow":["GET"]}}],"collection":[{"href":"https:\/\/haitises.com\/bn_bd\/wp-json\/wp\/v2\/product"}],"about":[{"href":"https:\/\/haitises.com\/bn_bd\/wp-json\/wp\/v2\/types\/product"}],"wp:featuredmedia":[{"embeddable":true,"href":"https:\/\/haitises.com\/bn_bd\/wp-json\/wp\/v2\/media\/81"}],"wp:attachment":[{"href":"https:\/\/haitises.com\/bn_bd\/wp-json\/wp\/v2\/media?parent=554"}],"wp:term":[{"taxonomy":"product_brand","embeddable":true,"href":"https:\/\/haitises.com\/bn_bd\/wp-json\/wp\/v2\/product_brand?post=554"},{"taxonomy":"product_cat","embeddable":true,"href":"https:\/\/haitises.com\/bn_bd\/wp-json\/wp\/v2\/product_cat?post=554"},{"taxonomy":"product_tag","embeddable":true,"href":"https:\/\/haitises.com\/bn_bd\/wp-json\/wp\/v2\/product_tag?post=554"}],"curies":[{"name":"wp","href":"https:\/\/api.w.org\/{rel}","templated":true}]}}