{"id":610,"date":"2020-07-12T23:23:39","date_gmt":"2020-07-12T23:23:39","guid":{"rendered":"http:\/\/haitises.com\/?post_type=product&#038;p=610"},"modified":"2024-04-16T03:02:29","modified_gmt":"2024-04-16T03:02:29","slug":"excursion-de-observacion-de-ballenas-samana-cayo-levantado-bacardi-island","status":"publish","type":"product","link":"https:\/\/haitises.com\/bg\/\u0447\u0430\u0441\u0442\u0435\u043d\/excursion-de-observacion-de-ballenas-samana-cayo-levantado-bacardi-island\/","title":{"rendered":"\u0415\u043a\u0441\u043a\u0443\u0440\u0437\u0438\u044f \u0437\u0430 \u043d\u0430\u0431\u043b\u044e\u0434\u0435\u043d\u0438\u0435 \u043d\u0430 \u043a\u0438\u0442\u043e\u0432\u0435 \u0432 \u0421\u0430\u043c\u0430\u043d\u0430 + \u041a\u0430\u0439\u043e \u041b\u0435\u0432\u0430\u043d\u0442\u0430\u0434\u043e (\u043e\u0441\u0442\u0440\u043e\u0432 \u0411\u0430\u043a\u0430\u0440\u0434\u0438)."},"content":{"rendered":"<div class=\"vc_row wpb_row vc_row-fluid\" ><div class=\"wpb_column vc_column_container vc_col-sm-12\"><div class=\"vc_column-inner\"><div class=\"wpb_wrapper\">[mkdf_section_title title_tag=\u00bb\u00bb disable_break_words=\u00bbno\u00bb subtitle_tag=\u00bb\u00bb title=\u00bbObservaci\u00f3n de Ballenas en Saman\u00e1 + Cayo Levantado desde el puerto de Saman\u00e1\u00bb subtitle=\u00bbExcursi\u00f3n de Ballenas en la Bah\u00eda de Saman\u00e1\u00bb]<\/div><\/div><\/div><\/div><div class=\"vc_row wpb_row vc_row-fluid\" ><div class=\"wpb_column vc_column_container vc_col-sm-12\"><div class=\"vc_column-inner\"><div class=\"wpb_wrapper\">\n\t<div class=\"wpb_text_column wpb_content_element\" >\n\t\t<div class=\"wpb_wrapper\">\n\t\t\t<h2>Avistamiento de Ballenas Saman\u00e1 + Cayo Levantado (Todo incluido en el precio del Boleto)<\/h2>\n<h3>\u041e\u043f\u0438\u0441\u0430\u043d\u0438\u0435<\/h3>\n<p>Excursi\u00f3n para avistamiento de ballenas en la bah\u00eda de Saman\u00e1 a partir del puerto de Saman\u00e1. Excursi\u00f3n de d\u00eda completo para observar ballenas en la bah\u00eda de Saman\u00e1 y visitar la hist\u00f3rica isla de Cayo Levantado, adem\u00e1s de un almuerzo en la playa.<\/p>\n<p>Primero, nos encontramos en nuestra oficina.<\/p>\n<p>Luego, la excursi\u00f3n comienza a las 9:00 a.m. y termina a las 5:00 p.m. Despu\u00e9s de abordar nuestro catamar\u00e1n o bote para visitar a las ballenas en su propio h\u00e1bitat.<\/p>\n<p>Desde las 9:00 a.m. hasta las 12:00 a.m. del mediod\u00eda Observaci\u00f3n de ballenas en el observatorio del santuario y luego de este viaje visitaremos la isla Bacardi \/ Cayo Levantado. En la isla de Bacardi, se proporcionar\u00e1 almuerzo buffet de estilo t\u00edpico dominicano.<\/p>\n<p>Cuando termina el almuerzo, se le permite nadar hasta las 4:30 p.m. La excursi\u00f3n finalizar\u00e1 a las 5:00 pm en el mismo puerto desde donde comenzar\u00e1.<\/p>\n<p><strong>\u0417\u0430\u0431\u0435\u043b\u0435\u0436\u043a\u0430:<\/strong> Este tour no es privado. Para un tour privado o simplemente avistamiento de ballenas sin Cayo Levantado, cont\u00e1ctenos.<\/p>\n<ul>\n<li>Avistamiento de ballenas<\/li>\n<li>Entradas al Observatorio<\/li>\n<li>\u0412\u043a\u043b\u044e\u0447\u0432\u0430 \u043e\u0431\u044f\u0434 \u043d\u0430 \u0448\u0432\u0435\u0434\u0441\u043a\u0430 \u043c\u0430\u0441\u0430 \u043d\u0430 \u043f\u043b\u0430\u0436\u0430.<\/li>\n<li>Transferencia de barco<\/li>\n<li>\u041a\u0430\u043f\u0438\u0442\u0430\u043d\u044a\u0442 \u043e\u0441\u0438\u0433\u0443\u0440\u044f\u0432\u0430 \u0438\u043d\u0441\u0442\u0440\u0443\u043a\u0442\u0430\u0436 \u0438 \u043d\u0430\u0434\u0437\u043e\u0440.<\/li>\n<li>Gu\u00eda tur\u00edstico<\/li>\n<\/ul>\n<h3>\u0412\u043a\u043b\u044e\u0447\u0432\u0430\u043d\u0438\u044f \u0438 \u0438\u0437\u043a\u043b\u044e\u0447\u0435\u043d\u0438\u044f<\/h3>\n<h4>\u0412\u043a\u043b\u044e\u0447\u0432\u0430\u043d\u0438\u044f<\/h4>\n<ol>\n<li>\u041e\u0431\u044f\u0434 \u043d\u0430 \u0448\u0432\u0435\u0434\u0441\u043a\u0430 \u043c\u0430\u0441\u0430 \u043d\u0430 \u043f\u043b\u0430\u0436\u0430.<\/li>\n<li>Gu\u00eda tur\u00edstico<\/li>\n<li>Catamar\u00e1n o paseo en barco<\/li>\n<li>\u0412\u0441\u0438\u0447\u043a\u0438 \u0434\u0430\u043d\u044a\u0446\u0438, \u0442\u0430\u043a\u0441\u0438 \u0438 \u0442\u0430\u043a\u0441\u0438 \u0437\u0430 \u043e\u0431\u0440\u0430\u0431\u043e\u0442\u043a\u0430<\/li>\n<li>\u041c\u0435\u0441\u0442\u043d\u0438 \u0434\u0430\u043d\u044a\u0446\u0438<\/li>\n<li>\u041d\u0430\u043f\u0438\u0442\u043a\u0438<\/li>\n<\/ol>\n<h4>\u0418\u0437\u043a\u043b\u044e\u0447\u0435\u043d\u0438\u044f<\/h4>\n<ol>\n<li>\u041f\u0440\u0435\u0434\u043e\u0441\u0442\u0430\u0432\u044f\u043d\u0435 \u043d\u0430 \u0431\u0430\u043a\u0448\u0438\u0448\u0438<\/li>\n<li>\u0422\u0440\u0430\u043d\u0441\u0444\u0435\u0440\u043d\u0430 \u043a\u043e\u043b\u0430<\/li>\n<li>\u0410\u043b\u043a\u043e\u0445\u043e\u043b\u043d\u0438 \u043d\u0430\u043f\u0438\u0442\u043a\u0438<\/li>\n<\/ol>\n<h3><em>\u041e\u0442\u043f\u044a\u0442\u0443\u0432\u0430\u043d\u0435 \u0438 \u0432\u0440\u044a\u0449\u0430\u043d\u0435<\/em><\/h3>\n<p>\u0421\u043b\u0435\u0434 \u0438\u0437\u0432\u044a\u0440\u0448\u0432\u0430\u043d\u0435 \u043d\u0430 \u0440\u0435\u0437\u0435\u0440\u0432\u0430\u0446\u0438\u044f\u0442\u0430 \u043f\u044a\u0442\u043d\u0438\u043a\u044a\u0442 \u0449\u0435 \u043f\u043e\u043b\u0443\u0447\u0438 \u0438\u043d\u0444\u043e\u0440\u043c\u0430\u0446\u0438\u044f \u0437\u0430 \u043c\u044f\u0441\u0442\u043e\u0442\u043e \u043d\u0430 \u0441\u0440\u0435\u0449\u0430\u0442\u0430. \u0415\u043a\u0441\u043a\u0443\u0440\u0437\u0438\u0438\u0442\u0435 \u0437\u0430\u043f\u043e\u0447\u0432\u0430\u0442 \u0438 \u0437\u0430\u0432\u044a\u0440\u0448\u0432\u0430\u0442 \u0432 \u043d\u0430\u0448\u0438\u0442\u0435 \u043f\u0443\u043d\u043a\u0442\u043e\u0432\u0435 \u0437\u0430 \u0441\u0440\u0435\u0449\u0438.<\/p>\n<h3><em>\u041a\u0430\u043a\u0432\u043e \u0434\u0430 \u043e\u0447\u0430\u043a\u0432\u0430\u043c\u0435?<\/em><\/h3>\n<p>Obtenga sus boletos para un d\u00eda de observaci\u00f3n de ballenas en la bah\u00eda de Saman\u00e1 y un maravilloso almuerzo y tiempo en la playa.<\/p>\n<p>Los viajes de avistamiento de ballenas est\u00e1n organizados por \u00abBooking Adventures\u00bb que comienza en el punto de encuentro establecido con el gu\u00eda tur\u00edstico. Almuerza en la playa y puedes quedarte todo el tiempo que quieras nadando. Si eres vegano, tambi\u00e9n podemos prepararte algo de comida.<\/p>\n<p><strong>\u0413\u0440\u0430\u0444\u0438\u043a:<\/strong><\/p>\n<p>8:45 - 17:00 \u0427.<\/p>\n<h3><em>\u041a\u0430\u043a\u0432\u043e \u0442\u0440\u044f\u0431\u0432\u0430 \u0434\u0430 \u0432\u0437\u0435\u043c\u0435\u0442\u0435 \u0441\u044a\u0441 \u0441\u0435\u0431\u0435 \u0441\u0438?<\/em><\/h3>\n<ol>\n<li>\u041a\u0430\u043c\u0435\u0440\u0430<\/li>\n<li>\u0420\u0435\u043f\u0435\u043b\u0435\u043d\u0442\u0438<\/li>\n<li>\u0441\u043b\u044a\u043d\u0447\u0435\u0432 \u043a\u0440\u0435\u043c<\/li>\n<li>\u0428\u0430\u043f\u043a\u0430<\/li>\n<li>\u0423\u0434\u043e\u0431\u043d\u0438 \u043f\u0430\u043d\u0442\u0430\u043b\u043e\u043d\u0438<\/li>\n<li>\u0421\u0430\u043d\u0434\u0430\u043b\u0438 \u043d\u0430 \u043f\u043b\u0430\u0436\u0430<\/li>\n<li>\u041a\u043e\u0441\u0442\u044e\u043c \u0437\u0430 \u043f\u043b\u0443\u0432\u0430\u043d\u0435<\/li>\n<li>\u041f\u0430\u0440\u0438 \u0432 \u0431\u0440\u043e\u0439 \u0437\u0430 \u0441\u0443\u0432\u0435\u043d\u0438\u0440\u0438<\/li>\n<\/ol>\n<h3><em>\u0412\u0437\u0435\u043c\u0430\u043d\u0435 \u043e\u0442 \u0445\u043e\u0442\u0435\u043b\u0430<\/em><\/h3>\n<p>\u0417\u0430 \u0442\u0430\u0437\u0438 \u043e\u0431\u0438\u043a\u043e\u043b\u043a\u0430 \u043d\u0435 \u0441\u0435 \u043f\u0440\u0435\u0434\u043b\u0430\u0433\u0430 \u0432\u0437\u0438\u043c\u0430\u043d\u0435 \u043e\u0442 \u0445\u043e\u0442\u0435\u043b.<\/p>\n<p><strong>\u0417\u0430\u0431\u0435\u043b\u0435\u0436\u043a\u0430:<\/strong> \u0410\u043a\u043e \u0440\u0435\u0437\u0435\u0440\u0432\u0438\u0440\u0430\u0442\u0435 \u0432 \u0440\u0430\u043c\u043a\u0438\u0442\u0435 \u043d\u0430 24 \u0447\u0430\u0441\u0430 \u043e\u0442 \u0447\u0430\u0441\u0430 \u043d\u0430 \u0442\u0440\u044a\u0433\u0432\u0430\u043d\u0435 \u043d\u0430 \u0442\u0443\u0440\u043d\u0435\u0442\u043e\/\u0435\u043a\u0441\u043a\u0443\u0440\u0437\u0438\u044f\u0442\u0430, \u043c\u043e\u0436\u0435\u043c \u0434\u0430 \u043e\u0440\u0433\u0430\u043d\u0438\u0437\u0438\u0440\u0430\u043c\u0435 \u0432\u0437\u0435\u043c\u0430\u043d\u0435 \u043e\u0442 \u0445\u043e\u0442\u0435\u043b\u0430 \u0441\u0440\u0435\u0449\u0443 \u0434\u043e\u043f\u044a\u043b\u043d\u0438\u0442\u0435\u043b\u043d\u0438 \u0442\u0430\u043a\u0441\u0438. \u0421\u043b\u0435\u0434 \u043a\u0430\u0442\u043e \u043f\u043e\u043a\u0443\u043f\u043a\u0430\u0442\u0430 \u0432\u0438 \u0431\u044a\u0434\u0435 \u0437\u0430\u0432\u044a\u0440\u0448\u0435\u043d\u0430, \u043d\u0438\u0435 \u0449\u0435 \u0432\u0438 \u0438\u0437\u043f\u0440\u0430\u0442\u0438\u043c \u043f\u044a\u043b\u043d\u0430 \u0438\u043d\u0444\u043e\u0440\u043c\u0430\u0446\u0438\u044f \u0437\u0430 \u0432\u0440\u044a\u0437\u043a\u0430 (\u0442\u0435\u043b\u0435\u0444\u043e\u043d\u0435\u043d \u043d\u043e\u043c\u0435\u0440, \u0438\u043c\u0435\u0439\u043b \u0430\u0434\u0440\u0435\u0441 \u0438 \u0442.\u043d.) \u0437\u0430 \u043d\u0430\u0448\u0438\u044f \u043c\u0435\u0441\u0442\u0435\u043d \u0435\u043a\u0441\u043a\u0443\u0440\u0437\u043e\u0432\u043e\u0434, \u0437\u0430 \u0434\u0430 \u0443\u0440\u0435\u0434\u0438\u043c \u0443\u0433\u043e\u0432\u043e\u0440\u043a\u0438\u0442\u0435 \u0437\u0430 \u0432\u0437\u0438\u043c\u0430\u043d\u0435.<\/p>\n<h3><em>\u041f\u043e\u0442\u0432\u044a\u0440\u0436\u0434\u0430\u0432\u0430\u043d\u0435 \u043d\u0430 \u0434\u043e\u043f\u044a\u043b\u043d\u0438\u0442\u0435\u043b\u043d\u0430 \u0438\u043d\u0444\u043e\u0440\u043c\u0430\u0446\u0438\u044f<\/em><\/h3>\n<ul>\n<li>\u0411\u0438\u043b\u0435\u0442\u0438\u0442\u0435 \u0441\u0435 \u043f\u043e\u043b\u0443\u0447\u0430\u0432\u0430\u0442 \u0441\u043b\u0435\u0434 \u0437\u0430\u043f\u043b\u0430\u0449\u0430\u043d\u0435 \u043d\u0430 \u0442\u0430\u0437\u0438 \u043e\u0431\u0438\u043a\u043e\u043b\u043a\u0430. \u041c\u043e\u0436\u0435\u0442\u0435 \u0434\u0430 \u043f\u043e\u043a\u0430\u0436\u0435\u0442\u0435 \u043f\u043b\u0430\u0449\u0430\u043d\u0435\u0442\u043e \u043d\u0430 \u0442\u0435\u043b\u0435\u0444\u043e\u043d\u0430 \u0441\u0438.<\/li>\n<li>\u041c\u044f\u0441\u0442\u043e\u0442\u043e \u0437\u0430 \u0441\u0440\u0435\u0449\u0430 \u0449\u0435 \u0431\u044a\u0434\u0435 \u043f\u043e\u0441\u043e\u0447\u0435\u043d\u043e \u0441\u043b\u0435\u0434 \u0438\u0437\u0432\u044a\u0440\u0448\u0432\u0430\u043d\u0435 \u043d\u0430 \u0440\u0435\u0437\u0435\u0440\u0432\u0430\u0446\u0438\u044f\u0442\u0430.<\/li>\n<li>\u0414\u0435\u0446\u0430\u0442\u0430 \u0442\u0440\u044f\u0431\u0432\u0430 \u0434\u0430 \u0431\u044a\u0434\u0430\u0442 \u043f\u0440\u0438\u0434\u0440\u0443\u0436\u0430\u0432\u0430\u043d\u0438 \u043e\u0442 \u0432\u044a\u0437\u0440\u0430\u0441\u0442\u0435\u043d.<\/li>\n<li>Accesible para sillas de ruedas<\/li>\n<li>\u0411\u0435\u0431\u0435\u0442\u0430\u0442\u0430 \u0442\u0440\u044f\u0431\u0432\u0430 \u0434\u0430 \u0441\u0435\u0434\u044f\u0442 \u0432 \u0441\u043a\u0443\u0442\u0430<\/li>\n<li>\u041f\u043e\u0432\u0435\u0447\u0435\u0442\u043e \u043f\u044a\u0442\u043d\u0438\u0446\u0438 \u043c\u043e\u0433\u0430\u0442 \u0434\u0430 \u0443\u0447\u0430\u0441\u0442\u0432\u0430\u0442.<\/li>\n<\/ul>\n<h3><em><strong>\u041f\u043e\u043b\u0438\u0442\u0438\u043a\u0430 \u0437\u0430 \u0430\u043d\u0443\u043b\u0438\u0440\u0430\u043d\u0435<\/strong><\/em><\/h3>\n<p>\u0417\u0430 \u043f\u044a\u043b\u043d\u043e \u0432\u044a\u0437\u0441\u0442\u0430\u043d\u043e\u0432\u044f\u0432\u0430\u043d\u0435 \u043d\u0430 \u0441\u0443\u043c\u0430\u0442\u0430, \u043c\u043e\u043b\u044f, \u0430\u043d\u0443\u043b\u0438\u0440\u0430\u0439\u0442\u0435 \u0440\u0435\u0437\u0435\u0440\u0432\u0430\u0446\u0438\u044f\u0442\u0430 \u043f\u043e\u043d\u0435 24 \u0447\u0430\u0441\u0430 \u043f\u0440\u0435\u0434\u0438 \u043d\u0430\u0447\u0430\u043b\u043d\u0430\u0442\u0430 \u0434\u0430\u0442\u0430 \u043d\u0430 \u043f\u0440\u0435\u0436\u0438\u0432\u044f\u0432\u0430\u043d\u0435\u0442\u043e.<\/p>\n\n\t\t<\/div>\n\t<\/div>\n<\/div><\/div><\/div><\/div><div class=\"vc_row wpb_row vc_row-fluid\" ><div class=\"wpb_column vc_column_container vc_col-sm-12\"><div class=\"vc_column-inner\"><div class=\"wpb_wrapper\"><div class=\"vc_empty_space\"   style=\"height: 32px\"><span class=\"vc_empty_space_inner\"><\/span><\/div>\n\t<div class=\"wpb_video_widget wpb_content_element vc_clearfix   vc_video-aspect-ratio-169 vc_video-el-width-100 vc_video-align-left\" >\n\t\t<div class=\"wpb_wrapper\">\n\t\t\t\n\t\t\t<div class=\"wpb_video_wrapper\"><iframe loading=\"lazy\" title=\"Whales Watching Samana Bay Dominican Republic\" src=\"https:\/\/player.vimeo.com\/video\/337838231?dnt=1&amp;app_id=122963\" width=\"1100\" height=\"619\" frameborder=\"0\" allow=\"autoplay; fullscreen\" allowfullscreen><\/iframe><\/div>\n\t\t<\/div>\n\t<\/div>\n<div class=\"vc_empty_space\"   style=\"height: 32px\"><span class=\"vc_empty_space_inner\"><\/span><\/div><\/div><\/div><\/div><\/div><div class=\"vc_row wpb_row vc_row-fluid\" ><div class=\"wpb_column vc_column_container vc_col-sm-12\"><div class=\"vc_column-inner\"><div class=\"wpb_wrapper\"><div class=\"vc_empty_space\"   style=\"height: 32px\"><span class=\"vc_empty_space_inner\"><\/span><\/div>\n\t<div class=\"wpb_text_column wpb_content_element\" >\n\t\t<div class=\"wpb_wrapper\">\n\t\t\t<h4>\u00a1Cont\u00e1ctenos!<\/h4>\n<h5>\u0420\u0435\u0437\u0435\u0440\u0432\u0430\u0446\u0438\u044f \u043d\u0430 \u043f\u0440\u0438\u043a\u043b\u044e\u0447\u0435\u043d\u0438\u044f<\/h5>\n<p><em>\u0422\u0443\u0440\u0438\u0441\u0442\u0438\u0447\u0435\u0441\u043a\u0438 \u0433\u0438\u0434\u043e\u0432\u0435 <strong>\u041f\u043e\u043c\u0435\u0449\u0435\u043d\u0438\u044f<\/strong> y <strong>\u043d\u0430\u0446\u0438\u043e\u043d\u0430\u043b\u0435\u043d<\/strong> \u0438 \u0443\u0441\u043b\u0443\u0433\u0438 \u0437\u0430 \u0433\u043e\u0441\u0442\u0438<\/em><\/p>\n<p>\u0420\u0435\u0437\u0435\u0440\u0432\u0430\u0446\u0438\u0438: \u0415\u043a\u0441\u043a\u0443\u0440\u0437\u0438\u0438 \u0432 Dom. Rep.<\/p>\n<p>\u0422\u0435\u043b\u0435\u0444\u043e\u043d \/ Whatsapp + 1-809-720-6035.<\/p>\n<p>info@bookingadventures.com.do<\/p>\n<p>Hacemos flexibles Configurando tours privados por <strong>Whatsapp:\u00a0<a href=\"tel:+18097206035\">+18097206035.<\/a><\/strong><\/p>\n\n\t\t<\/div>\n\t<\/div>\n<div class=\"vc_empty_space\"   style=\"height: 32px\"><span class=\"vc_empty_space_inner\"><\/span><\/div><\/div><\/div><\/div><\/div>","protected":false},"excerpt":{"rendered":"<p>Avistamiento de ballenas de Saman\u00e1 + recorrido por Cayo Levantado desde el puerto de Saman\u00e1 con gu\u00eda local naturalista. Visitando las ballenas jorobadas en el santuario y despu\u00e9s de la observaci\u00f3n de ballenas en la Bah\u00eda de Saman\u00e1, visite la isla de Bacard\u00ed para un almuerzo y tiempo en la playa.<\/p>\n<p>Despu\u00e9s de este viaje, lo llevaremos de regreso al punto de encuentro donde comenzamos.<\/p>\n<p><strong>Seleccione uno de los d\u00edas disponibles para esta excursi\u00f3n:<\/strong><\/p>","protected":false},"featured_media":254,"template":"","meta":[],"product_brand":[],"product_cat":[122,443,124,232],"product_tag":[137,139,233,225,147,148,143,234,235,236,237,238],"class_list":{"0":"post-610","1":"product","2":"type-product","3":"status-publish","4":"has-post-thumbnail","6":"product_cat-tours-and-excursions","7":"product_cat-tours-y-excursiones-es","8":"product_cat-tours-excursions-samana-bay-dominican-republic","9":"product_cat-whale-watching-samana","10":"product_tag-bacardi-island","11":"product_tag-cayo-levantado","12":"product_tag-las-galeras","13":"product_tag-las-terrenas","14":"product_tag-samana-bay","15":"product_tag-samana-excursions","16":"product_tag-samana-tours","17":"product_tag-whale-samana","18":"product_tag-whale-tours","19":"product_tag-whale-watching-dominican-republic","20":"product_tag-whale-watching-excursion","21":"product_tag-whale-watching-samana","23":"first","24":"instock","25":"sale","26":"sold-individually","27":"shipping-taxable","28":"product-type-external"},"_links":{"self":[{"href":"https:\/\/haitises.com\/bg\/wp-json\/wp\/v2\/product\/610","targetHints":{"allow":["GET"]}}],"collection":[{"href":"https:\/\/haitises.com\/bg\/wp-json\/wp\/v2\/product"}],"about":[{"href":"https:\/\/haitises.com\/bg\/wp-json\/wp\/v2\/types\/product"}],"wp:featuredmedia":[{"embeddable":true,"href":"https:\/\/haitises.com\/bg\/wp-json\/wp\/v2\/media\/254"}],"wp:attachment":[{"href":"https:\/\/haitises.com\/bg\/wp-json\/wp\/v2\/media?parent=610"}],"wp:term":[{"taxonomy":"product_brand","embeddable":true,"href":"https:\/\/haitises.com\/bg\/wp-json\/wp\/v2\/product_brand?post=610"},{"taxonomy":"product_cat","embeddable":true,"href":"https:\/\/haitises.com\/bg\/wp-json\/wp\/v2\/product_cat?post=610"},{"taxonomy":"product_tag","embeddable":true,"href":"https:\/\/haitises.com\/bg\/wp-json\/wp\/v2\/product_tag?post=610"}],"curies":[{"name":"wp","href":"https:\/\/api.w.org\/{rel}","templated":true}]}}