{"id":10903,"date":"2020-07-16T19:22:46","date_gmt":"2020-07-16T19:22:46","guid":{"rendered":"http:\/\/haitises.com\/?post_type=product&#038;p=10903"},"modified":"2020-10-19T19:32:19","modified_gmt":"2020-10-19T19:32:19","slug":"excursion-gavilan-de-la-hispaniola-observacion-de-aves-en-el-parque-nacional-los-haitises","status":"publish","type":"product","link":"https:\/\/haitises.com\/be\/\u043f\u0440\u044b\u0432\u0430\u0442\u043d\u044b\/excursion-gavilan-de-la-hispaniola-observacion-de-aves-en-el-parque-nacional-los-haitises\/","title":{"rendered":"\u042d\u043a\u0441\u043a\u0443\u0440\u0441\u0456\u044f Gavil\u00e1n de la Hispaniola \u2013 \u043d\u0430\u0437\u0456\u0440\u0430\u043d\u043d\u0435 \u0437\u0430 \u043f\u0442\u0443\u0448\u043a\u0430\u043c\u0456 \u045e \u043d\u0430\u0446\u044b\u044f\u043d\u0430\u043b\u044c\u043d\u044b\u043c \u043f\u0430\u0440\u043a\u0443 \u041b\u043e\u0441-\u0410\u0439\u0446\u0456\u0441\u0435\u0441"},"content":{"rendered":"<div class=\"vc_row wpb_row vc_row-fluid\" ><div class=\"wpb_column vc_column_container vc_col-sm-12\"><div class=\"vc_column-inner\"><div class=\"wpb_wrapper\">[mkdf_section_title title_tag=\u00bb\u00bb disable_break_words=\u00bbno\u00bb subtitle_tag=\u00bb\u00bb title=\u00bbTour de El Gavil\u00e1n\u00bb subtitle=\u00bbObservaci\u00f3n de aves en Los Haitises\u00bb]<\/div><\/div><\/div><\/div><div class=\"vc_row wpb_row vc_row-fluid\" ><div class=\"wpb_column vc_column_container vc_col-sm-12\"><div class=\"vc_column-inner\"><div class=\"wpb_wrapper\">\n\t<div class=\"wpb_text_column wpb_content_element\" >\n\t\t<div class=\"wpb_wrapper\">\n\t\t\t<p>\u0410\u043f\u0456\u0441\u0430\u043d\u043d\u0435<\/p>\n<p>\u0406\u0441\u043f\u0430\u043d\u0451\u043b\u044c\u0441\u043a\u0456 \u0441\u043e\u043a\u0430\u043b - \u0432\u0456\u0434 \u0434\u0437\u0451\u043d\u043d\u044b\u0445 \u0434\u0440\u0430\u043f\u0435\u0436\u043d\u044b\u0445 \u043f\u0442\u0443\u0448\u0430\u043a, \u044f\u043a\u0456 \u0437\u043d\u0430\u0445\u043e\u0434\u0437\u0456\u0446\u0446\u0430 \u043f\u0430\u0434 \u043f\u0430\u0433\u0440\u043e\u0437\u0430\u0439 \u0437\u043d\u0456\u043a\u043d\u0435\u043d\u043d\u044f \u0456 \u044d\u043d\u0434\u044d\u043c\u0456\u043a\u0430\u045e \u0432\u043e\u0441\u0442\u0440\u0430\u0432\u0430 \u042d\u0441\u043f\u0430\u043d\u044c\u043e\u043b\u0430. \u0421\u0442\u043e \u0433\u0430\u0434\u043e\u045e \u0442\u0430\u043c\u0443 \u0441\u043e\u043a\u0430\u043b \u0441\u0443\u0441\u0442\u0440\u0430\u043a\u0430\u045e\u0441\u044f \u043f\u0430 \u045e\u0441\u0451\u0439 \u042d\u0441\u043f\u0430\u043d\u044c\u043e\u043b\u0435, \u0430\u043b\u0435 \u0441\u0451\u043d\u043d\u044f \u0430\u0434\u0437\u0456\u043d\u0430\u044f \u043f\u0430\u043a\u0456\u043d\u0443\u0442\u0430\u044f \u0433\u043d\u044f\u0437\u0434\u0443\u044e\u0447\u0430\u044f \u043f\u0430\u043f\u0443\u043b\u044f\u0446\u044b\u044f \u0437 \u043f\u0440\u044b\u043a\u043b\u0430\u0434\u043d\u0430 300 \u0430\u0441\u043e\u0431\u0456\u043d \u0437\u043d\u0430\u0445\u043e\u0434\u0437\u0456\u0446\u0446\u0430 \u045e \u043d\u0430\u0446\u044b\u044f\u043d\u0430\u043b\u044c\u043d\u044b\u043c \u043f\u0430\u0440\u043a\u0443 \u041b\u043e\u0441-\u0425\u0430\u0439\u0446\u0456\u0441\u0435\u0441 \u0443 \u0414\u0430\u043c\u0456\u043d\u0456\u043a\u0430\u043d\u0441\u043a\u0430\u0439 \u0420\u044d\u0441\u043f\u0443\u0431\u043b\u0456\u0446\u044b.<\/p>\n<p>\u041d\u0430\u0446\u044b\u044f\u043d\u0430\u043b\u044c\u043d\u044b \u043f\u0430\u0440\u043a \u041b\u043e\u0441-\u0425\u0430\u0439\u0446\u0456\u0441\u044d\u0441 \u0437&#039;\u044f\u045e\u043b\u044f\u0435\u0446\u0446\u0430 \u043f\u0430\u043f\u0443\u043b\u044f\u0440\u043d\u044b\u043c \u043c\u0435\u0441\u0446\u0430\u043c \u0434\u043b\u044f \u0430\u043c\u0430\u0442\u0430\u0440\u0430\u045e \u043f\u0440\u044b\u0440\u043e\u0434\u044b \u0456 \u043d\u0430\u0437\u0456\u0440\u0430\u043b\u044c\u043d\u0456\u043a\u0430\u045e \u0437\u0430 \u043f\u0442\u0443\u0448\u043a\u0430\u043c\u0456, \u043f\u0430\u043a\u043e\u043b\u044c\u043a\u0456 \u0451\u043d \u043c\u0430\u0435 \u043d\u0430\u0434\u0437\u0432\u044b\u0447\u0430\u0439 \u0432\u0430\u0436\u043d\u0430\u0435 \u0437\u043d\u0430\u0447\u044d\u043d\u043d\u0435 \u0434\u043b\u044f \u0431\u0456\u044f\u0440\u0430\u0437\u043d\u0430\u0441\u0442\u0430\u0439\u043d\u0430\u0441\u0446\u0456 \u0456 \u0431\u0430\u0433\u0430\u0446\u0446\u044f \u0444\u0430\u0443\u043d\u044b \u044f\u043a \u0437 \u043f\u0443\u043d\u043a\u0442\u0443 \u0433\u043b\u0435\u0434\u0436\u0430\u043d\u043d\u044f \u044d\u043d\u0434\u044d\u043c\u0456\u0437\u043c\u0443, \u0442\u0430\u043a \u0456 \u0432\u0456\u0434\u0430\u045e. \u0423 \u0442\u043e\u0439 \u0447\u0430\u0441 \u044f\u043a \u0431\u043e\u043b\u044c\u0448\u0430\u0441\u0446\u044c \u043b\u044e\u0434\u0437\u0435\u0439 \u0430\u0434\u043f\u0440\u0430\u045e\u043b\u044f\u0435\u0446\u0446\u0430 \u043d\u0430 \u043b\u043e\u0434\u0446\u044b, \u043a\u0430\u0431 \u0434\u0430\u0441\u043b\u0435\u0434\u0430\u0432\u0430\u0446\u044c \u043f\u0430\u0440\u043a \u0456 \u044f\u0433\u043e \u043f\u044f\u0447\u043e\u0440\u044b, \u0430\u0441\u0442\u0440\u0430\u0432\u044b \u0456 \u0434\u0437\u0456\u043a\u0443\u044e \u043f\u0440\u044b\u0440\u043e\u0434\u0443.<\/p>\n<p>\u041c\u044b \u0437\u0430\u0445\u043e\u045e\u0432\u0430\u0435\u043c \u0432\u0435\u0440\u0430\u0431&#039;\u0456\u043d\u0430\u0433\u0430 \u044f\u0441\u0442\u0440\u0430\u0431\u0430 \u045e \u043d\u0430\u0446\u044b\u044f\u043d\u0430\u043b\u044c\u043d\u044b\u043c \u043f\u0430\u0440\u043a\u0443 \u041b\u043e\u0441-\u0425\u0430\u0439\u0446\u0456\u0441\u044d\u0441, \u0434\u0437\u0435 \u0432\u044b \u043c\u043e\u0436\u0430\u0446\u0435 \u045e\u0431\u0430\u0447\u044b\u0446\u044c \u043c\u0435\u0441\u0446\u0430 \u043f\u0440\u0430\u0436\u044b\u0432\u0430\u043d\u043d\u044f \u0456 \u0446\u0456\u043a\u0430\u0432\u0443\u044e \u0433\u0456\u0441\u0442\u043e\u0440\u044b\u044e \u0432\u0435\u0440\u0430\u0431&#039;\u044f\u0442\u043d\u0456\u043a\u0430 \u045e \u0432\u0456\u043b\u044c\u0433\u043e\u0442\u043d\u044b\u0445 \u043b\u044f\u0441\u0430\u0445. \u041c\u044b \u0432\u0435\u0434\u0430\u0435\u043c \u043a\u0440\u043e\u043f\u043a\u0430\u0432\u044b\u044f \u0430\u0440\u044d\u0430\u043b\u044b \u0434\u043b\u044f \u0441\u043e\u045e \u042d\u0441\u043f\u0430\u043d\u044c\u043e\u043b\u0430 \u0456 \u041a\u0430\u0440\u0430 \u0421\u0435\u043d\u0456\u0437\u0430. \u0410\u043a\u0440\u0430\u043c\u044f \u0442\u0430\u0433\u043e, \u0443 \u043f\u0430\u0440\u043a\u0443 \u043c\u043e\u0436\u043d\u0430 \u045e\u0431\u0430\u0447\u044b\u0446\u044c \u0456\u043d\u0448\u044b\u044f \u044d\u043d\u0434\u044d\u043c\u0456\u0447\u043d\u044b\u044f \u0432\u0456\u0434\u044b. \u0413\u044d\u0442\u044b \u0442\u0443\u0440 \u043f\u0440\u044b\u0441\u0432\u0435\u0447\u0430\u043d\u044b \u043f\u0440\u044b\u0440\u043e\u0434\u0437\u0435 \u0456 \u0431\u043e\u043b\u044c\u0448 \u0437\u0430\u0441\u044f\u0440\u043e\u0434\u0436\u0430\u043d\u044b \u043d\u0430 \u0456\u043d\u0444\u0430\u0440\u043c\u0430\u0446\u044b\u0456 \u0430\u0431 \u0434\u0437\u0456\u043a\u0430\u0439 \u043f\u0440\u044b\u0440\u043e\u0434\u0437\u0435. \u042f\u043a \u043f\u0440\u0430\u0432\u0456\u043b\u0430, \u0433\u044d\u0442\u0430 \u043f\u0440\u044b\u0432\u0430\u0442\u043d\u044b.<\/p>\n<h3>\u0423\u043a\u043b\u044e\u0447\u044d\u043d\u043d\u0456 \u0456 \u0432\u044b\u043a\u043b\u044e\u0447\u044d\u043d\u043d\u0456<\/h3>\n<h4>\u0423\u043a\u043b\u044e\u0447\u044d\u043d\u043d\u044f<\/h4>\n<ol>\n<li>\u042d\u043a\u0441\u043a\u0443\u0440\u0441\u0456\u044f \u043f\u0430 \u043d\u0430\u0437\u0456\u0440\u0430\u043d\u043d\u0456 \u0437\u0430 \u043f\u0442\u0443\u0448\u043a\u0430\u043c\u0456 + \u043f\u044f\u0447\u043e\u0440\u044b \u0456 \u043f\u0456\u043a\u0442\u0430\u0433\u0440\u0430\u043c\u044b<\/li>\n<li>\u0423\u0441\u0435 \u043f\u0430\u0434\u0430\u0442\u043a\u0456, \u0437\u0431\u043e\u0440\u044b \u0456 \u0437\u0431\u043e\u0440\u044b \u0437\u0430 \u0430\u043f\u0440\u0430\u0446\u043e\u045e\u043a\u0443<\/li>\n<li>\u041c\u044f\u0441\u0446\u043e\u0432\u044b\u044f \u043f\u0430\u0434\u0430\u0442\u043a\u0456<\/li>\n<li>\u0410\u0444\u0456\u0446\u044b\u0439\u043d\u044b\u044f \u044d\u043a\u0430\u043b\u0430\u0433\u0456\u0447\u043d\u044b\u044f \u0434\u0430\u0432\u0435\u0434\u043d\u0456\u043a\u0456<\/li>\n<\/ol>\n<h4>\u0412\u044b\u043a\u043b\u044e\u0447\u044d\u043d\u043d\u0456<\/h4>\n<ol>\n<li>\u041f\u0430\u0440\u0430\u0434\u044b<\/li>\n<li>\u0422\u0440\u0430\u043d\u0441\u043f\u0430\u0440\u0442<\/li>\n<li>\u041f\u0456\u0446\u044c<\/li>\n<\/ol>\n<h3><em>\u0410\u0434&#039;\u0435\u0437\u0434 \u0456 \u0432\u044f\u0440\u0442\u0430\u043d\u043d\u0435<\/em><\/h3>\n<p>El recorrido, organizado por \u00abBooking Adventures\u00bb comienza en el punto de encuentro establecido con el gu\u00eda tur\u00edstico. El viajero obtendr\u00e1 un punto de encuentro despu\u00e9s del proceso de reserva. Los tours comienzan y terminan en nuestros puntos de encuentro.<\/p>\n<h3><em>\u0427\u0430\u0433\u043e \u0447\u0430\u043a\u0430\u0446\u044c?<\/em><\/h3>\n<p>\u0410\u0442\u0440\u044b\u043c\u0430\u0439\u0446\u0435 \u0431\u0456\u043b\u0435\u0442, \u043a\u0430\u0431 \u0437\u0430\u0445\u0430\u0432\u0430\u0446\u044c \u0442\u0443\u0440 \u0443 \u042d\u043b\u044c-\u0413\u0430\u0432\u0456\u043b\u0430\u043d \u0443 \u043d\u0430\u0446\u044b\u044f\u043d\u0430\u043b\u044c\u043d\u044b\u043c \u043f\u0430\u0440\u043a\u0443 \u041b\u043e\u0441-\u0425\u0430\u0439\u0446\u0456\u0441\u044d\u0441.<\/p>\n<p>\u0413\u044d\u0442\u0430\u044f \u044d\u043a\u0441\u043a\u0443\u0440\u0441\u0456\u044f \u043f\u0430\u0447\u044b\u043d\u0430\u0435\u0446\u0446\u0430 \u0437 \u043c\u0435\u0441\u0446\u0430 \u0437\u0431\u043e\u0440\u0443 \u043f\u0435\u0448\u0430\u0445\u043e\u0434\u0430\u043c \u043f\u0430 \u0441\u0446\u0435\u0436\u043a\u0430\u0445 \u0434\u0430 \u043c\u0435\u0441\u0446\u0430\u045e \u0433\u043d\u0435\u0437\u0434\u0430\u0432\u0430\u043d\u043d\u044f. \u041f\u0430\u0441\u043b\u044f 30 \u0445\u0432\u0456\u043b\u0456\u043d \u0445\u0430\u0434\u044b \u0456 \u043d\u0430\u0437\u0456\u0440\u0430\u043d\u043d\u044f \u0437\u0430 \u0441\u043e\u043a\u0430\u043b\u0430\u043c\u0456 \u0430\u0431\u043e \u044f\u0441\u0442\u0440\u0430\u0431\u0430\u043c\u0456 \u045e \u043d\u0430\u0441 \u0451\u0441\u0446\u044c \u043c\u0430\u0433\u0447\u044b\u043c\u0430\u0441\u0446\u044c \u043f\u0440\u0430\u0446\u044f\u0433\u043d\u0443\u0446\u044c \u0448\u043f\u0430\u0446\u044b\u0440 \u0456 \u043f\u0430\u0448\u0443\u043a\u0430\u0446\u044c \u043f\u0430\u043f\u0443\u0433\u0430\u044f\u045e, \u0434\u0437\u044f\u0442\u043b\u0430\u045e \u0456 \u0456\u043d\u0448\u044b\u044f \u044d\u043d\u0434\u044d\u043c\u0456\u0447\u043d\u044b\u044f \u0432\u0456\u0434\u044b \u045e \u043d\u0430\u0446\u044b\u044f\u043d\u0430\u043b\u044c\u043d\u044b\u043c \u043f\u0430\u0440\u043a\u0443 \u041b\u043e\u0441-\u0425\u0430\u0439\u0446\u0456\u0441\u0435\u0441.<\/p>\n<p>\u0423 \u043d\u0430\u0446\u044b\u044f\u043d\u0430\u043b\u044c\u043d\u044b\u043c \u043f\u0430\u0440\u043a\u0443 \u041b\u043e\u0441-\u0425\u0456\u044f\u0446\u0456\u0441\u044d\u0441 \u0451\u0441\u0446\u044c \u0442\u043e\u043b\u044c\u043a\u0456 \u0434\u0437\u0432\u0435 \u0441\u0446\u0435\u0436\u043a\u0456 \u0434\u043b\u044f \u043d\u0430\u0437\u0456\u0440\u0430\u043d\u043d\u044f \u0437\u0430 \u043f\u0442\u0443\u0448\u043a\u0430\u043c\u0456 \u045e \u0421\u0430\u0431\u0430\u043d\u0430-\u0434\u044d-\u043b\u0430-\u041c\u0430\u0440. \u041f\u0430 \u0434\u0430\u0440\u043e\u0437\u0435 \u045e \u043d\u0430\u0446\u044b\u044f\u043d\u0430\u043b\u044c\u043d\u044b \u043f\u0430\u0440\u043a \u041b\u043e\u0441-\u0425\u0456\u044f\u0446\u0456\u0441\u044d\u0441 \u043c\u044b \u0441\u043f\u044b\u043d\u044f\u0435\u043c\u0441\u044f \u045e \u043d\u0435\u043a\u0430\u043b\u044c\u043a\u0456\u0445 \u043c\u0435\u0441\u0446\u0430\u0445, \u043a\u0430\u0431 \u0443\u0431\u0430\u0447\u044b\u0446\u044c \u0431\u043e\u043b\u044c\u0448 \u043f\u0442\u0443\u0448\u0430\u043a.<\/p>\n<p>\u0423 \u0437\u0430\u043b\u0456\u0432\u0435 \u0421\u0430\u043d-\u041b\u0430\u0440\u044d\u043d\u0446\u0430 \u043c\u044b \u043d\u0430\u0432\u0435\u0434\u0430\u0435\u043c \u0434\u0437\u0432\u0435 \u043f\u044f\u0447\u043e\u0440\u044b, \u0442\u0430\u043a \u0437\u0432\u0430\u043d\u0443\u044e \u041f\u044f\u0441\u0447\u0430\u043d\u0443\u044e \u043f\u044f\u0447\u043e\u0440\u0443 \u045e \u0456\u0441\u043f\u0430\u043d\u0441\u043a\u0430\u0439 \u041a\u0443\u044d\u0432\u0430-\u0434\u044d-\u043b\u0430-\u0410\u0440\u044d\u043d\u0430; \u0423 \u0433\u044d\u0442\u0430\u0439 \u043f\u044f\u0447\u043e\u0440\u044b \u043c\u044b \u043c\u043e\u0436\u0430\u043c \u0443\u0431\u0430\u0447\u044b\u0446\u044c \u043f\u0435\u0442\u0440\u0430\u0433\u043b\u0456\u0444\u044b \u0441\u0443\u043f\u043e\u043b\u0430\u043a \u0442\u0430\u0439\u043d\u043e, \u044f\u043a\u0456\u044f \u0437\u0430\u0441\u0442\u0430\u043b\u0456\u0441\u044f \u045e \u0433\u044d\u0442\u0430\u0439 \u043c\u044f\u0441\u0446\u043e\u0432\u0430\u0441\u0446\u0456. \u0456 \u0432\u044b\u043a\u0430\u0440\u044b\u0441\u0442\u043e\u045e\u0432\u0430\u0446\u044c \u043f\u044f\u0447\u043e\u0440\u044b \u045e \u044f\u043a\u0430\u0441\u0446\u0456 \u0445\u0440\u0430\u043c\u0430.<\/p>\n<p>\u041f\u0430\u0441\u043b\u044f \u0433\u044d\u0442\u0430\u0433\u0430 \u043c\u044b \u043d\u0430\u043a\u0456\u0440\u043e\u045e\u0432\u0430\u0435\u043c\u0441\u044f \u045e \u043f\u044f\u0447\u043e\u0440\u0443 \u041b\u0456\u043d\u0435\u044f \u0437 2243 \u0430\u0440\u044b\u0433\u0456\u043d\u0430\u043b\u044c\u043d\u044b\u043c\u0456 \u043f\u0456\u043a\u0442\u0430\u0433\u0440\u0430\u043c\u0430\u043c\u0456, \u0456 \u043d\u0430\u0448 \u0433\u0456\u0434 \u0440\u0430\u0441\u0442\u043b\u0443\u043c\u0430\u0447\u044b\u0446\u044c \u0430\u0440\u0445\u0435\u0430\u043b\u0430\u0433\u0456\u0447\u043d\u0443\u044e \u0456\u043d\u0444\u0430\u0440\u043c\u0430\u0446\u044b\u044e \u043f\u0440\u0430 \u0433\u044d\u0442\u044b\u044f \u043f\u0456\u043a\u0442\u0430\u0433\u0440\u0430\u043c\u044b.<\/p>\n<p>\u0417\u043d\u043e\u045e \u043f\u043b\u044b\u0432\u0435\u043c \u043d\u0430 \u043b\u043e\u0434\u0446\u044b \u0434\u0430 \u0432\u043e\u0441\u0442\u0440\u0430\u0432\u0430 \u041f\u0430\u0445\u0430\u0440\u043e\u0441 (Cayo de los P\u00e1jaros), \u0434\u0437\u0435 \u043c\u044b \u043c\u043e\u0436\u0430\u043c \u0443\u0431\u0430\u0447\u044b\u0446\u044c \u0431\u043e\u043b\u044c\u0448\u0430\u0441\u0446\u044c \u043f\u0442\u0443\u0448\u0430\u043a \u0432\u043e\u0434\u043d\u0430-\u0431\u0430\u043b\u043e\u0442\u043d\u044b\u0445 \u0443\u0433\u043e\u0434\u0434\u0437\u044f\u045e \u0432\u0430\u043a\u043e\u043b \u043d\u0430\u0446\u044b\u044f\u043d\u0430\u043b\u044c\u043d\u0430\u0433\u0430 \u043f\u0430\u0440\u043a\u0443 \u041b\u043e\u0441-\u0425\u0430\u0439\u0446\u0456\u0441\u0435\u0441. \u041f\u0440\u043e\u0441\u0442\u0430 \u0442\u0430\u043c\u0443, \u0448\u0442\u043e \u045e\u0441\u0435 \u043f\u0442\u0443\u0448\u043a\u0456 \u043d\u0435 \u045e \u0432\u0430\u0434\u0437\u0435.<\/p>\n<p>\u041f\u0430\u0441\u043b\u044f 4,5 \u0433\u0430\u0434\u0437\u0456\u043d \u0432\u044b\u0432\u0443\u0447\u044d\u043d\u043d\u044f \u043f\u0442\u0443\u0448\u0430\u043a \u0443 \u043d\u0430\u0446\u044b\u044f\u043d\u0430\u043b\u044c\u043d\u044b\u043c \u043f\u0430\u0440\u043a\u0443 \u041b\u043e\u0441-\u0425\u0430\u0456\u0442\u044d\u0441\u044d\u0441 \u0433\u044d\u0442\u0430\u044f \u044d\u043a\u0441\u043a\u0443\u0440\u0441\u0456\u044f \u0437\u0430\u043a\u0430\u043d\u0447\u0432\u0430\u0435\u0446\u0446\u0430 \u0442\u0430\u043c \u0436\u0430, \u0434\u0437\u0435 \u0456 \u043f\u0430\u0447\u0430\u043b\u0430\u0441\u044f.<\/p>\n<p><strong>\u043d\u0430\u0442\u0430\u0442\u043a\u0430:<\/strong> \u0413\u044d\u0442\u044b\u044f \u0442\u0443\u0440\u044b \u043f\u0440\u0430\u0432\u043e\u0434\u0437\u044f\u0446\u0446\u0430 \u0437 \u0433\u0456\u0434\u0430\u043c\u0456 \u0430\u0434 \u0430\u0444\u0456\u0446\u044b\u0439\u043d\u044b\u0445 \u044d\u043a\u043e\u043b\u0430\u0433\u0430\u045e. \u0417\u0430\u043f\u0456\u0441\u0432\u0430\u0439\u0446\u0435\u0441\u044f \u0437\u0430\u0433\u0430\u0434\u0437\u044f, \u0442\u0430\u043c\u0443 \u0448\u0442\u043e \u0441\u043f\u0435\u0446\u044b\u044f\u043b\u0456\u0441\u0442\u0430\u045e \u0443 \u043f\u0430\u0440\u043a\u0443 \u043d\u0435 \u0442\u0430\u043a \u0448\u043c\u0430\u0442.<\/p>\n<h3><em>\u0428\u0442\u043e \u0442\u0440\u044d\u0431\u0430 \u045e\u0437\u044f\u0446\u044c \u0437 \u0441\u0430\u0431\u043e\u0439?<\/em><\/h3>\n<ul>\n<li>\u041a\u0430\u043c\u0435\u0440\u0430<\/li>\n<li>\u0411\u0456\u043d\u043e\u043a\u043b\u044c<\/li>\n<li>\u0420\u044d\u043f\u0435\u043b\u0435\u043d\u0442\u044b<\/li>\n<li>\u0441\u043e\u043d\u0446\u0430\u0430\u0445\u043e\u045e\u043d\u044b \u043a\u0440\u044d\u043c<\/li>\n<li>\u041a\u0430\u043f\u044f\u043b\u044e\u0448<\/li>\n<li>\u0417\u0440\u0443\u0447\u043d\u044b\u044f \u0448\u0442\u0430\u043d\u044b<\/li>\n<li>\u0410\u0431\u0443\u0442\u0430\u043a \u0434\u043b\u044f \u043f\u0430\u0445\u043e\u0434\u0443 \u045e \u043b\u0435\u0441<\/li>\n<li>\u0411\u0430\u0441\u0430\u043d\u043e\u0436\u043a\u0456 \u0434\u043b\u044f \u0432\u044f\u0441\u043d\u043e\u0432\u044b\u0445 \u043d\u0430\u043f\u0440\u0430\u043c\u043a\u0430\u045e.<\/li>\n<li>\u041a\u0443\u043f\u0430\u043b\u044c\u043d\u0456\u043a<\/li>\n<\/ul>\n<h3><em>\u0414\u0430\u0441\u0442\u0430\u045e\u043a\u0430 \u0437 \u0433\u0430\u0442\u044d\u043b\u044f<\/em><\/h3>\n<p>\u0422\u0440\u0430\u043d\u0441\u0444\u0435\u0440 \u0437 \u0433\u0430\u0442\u044d\u043b\u044f \u043d\u0435 \u043f\u0440\u0430\u043f\u0430\u043d\u0443\u0435\u0446\u0446\u0430 \u0434\u043b\u044f \u0433\u044d\u0442\u0430\u0433\u0430 \u0442\u0443\u0440\u0430.<\/p>\n<p><strong>\u041d\u0430\u0442\u0430\u0442\u043a\u0430<\/strong>: \u041a\u0430\u043b\u0456 \u0432\u044b \u0440\u043e\u0431\u0456\u0446\u0435 \u0431\u0440\u0430\u043d\u0456\u0440\u0430\u0432\u0430\u043d\u043d\u0435 \u043d\u0430 \u043f\u0440\u0430\u0446\u044f\u0433\u0443 24 \u0433\u0430\u0434\u0437\u0456\u043d \u043f\u0430\u0441\u043b\u044f \u0430\u0434\u043f\u0440\u0430\u045e\u043b\u0435\u043d\u043d\u044f \u0442\u0443\u0440\u0430\/\u044d\u043a\u0441\u043a\u0443\u0440\u0441\u0456\u0456, \u043c\u044b \u043c\u043e\u0436\u0430\u043c \u0430\u0440\u0433\u0430\u043d\u0456\u0437\u0430\u0432\u0430\u0446\u044c \u0442\u0440\u0430\u043d\u0441\u0444\u0435\u0440 \u0437 \u0433\u0430\u0442\u044d\u043b\u044f \u0437\u0430 \u0434\u0430\u0434\u0430\u0442\u043a\u043e\u0432\u0443\u044e \u043f\u043b\u0430\u0442\u0443. \u041f\u0430\u0441\u043b\u044f \u0437\u0430\u0432\u044f\u0440\u0448\u044d\u043d\u043d\u044f \u043f\u0430\u043a\u0443\u043f\u043a\u0456 \u043c\u044b \u0432\u044b\u0448\u043b\u0435\u043c \u0432\u0430\u043c \u043f\u043e\u045e\u043d\u0443\u044e \u043a\u0430\u043d\u0442\u0430\u043a\u0442\u043d\u0443\u044e \u0456\u043d\u0444\u0430\u0440\u043c\u0430\u0446\u044b\u044e (\u043d\u0443\u043c\u0430\u0440 \u0442\u044d\u043b\u0435\u0444\u043e\u043d\u0430, \u0430\u0434\u0440\u0430\u0441 \u044d\u043b\u0435\u043a\u0442\u0440\u043e\u043d\u043d\u0430\u0439 \u043f\u043e\u0448\u0442\u044b \u0456 \u0433.\u0434.), \u043a\u0430\u0431 \u043d\u0430\u0448 \u043c\u044f\u0441\u0446\u043e\u0432\u044b \u0433\u0456\u0434 \u0430\u0440\u0433\u0430\u043d\u0456\u0437\u0430\u0432\u0430\u045e \u0434\u0430\u0441\u0442\u0430\u045e\u043a\u0443.<\/p>\n<h3><em>\u041f\u0430\u0446\u0432\u044f\u0440\u0434\u0436\u044d\u043d\u043d\u0435 \u0434\u0430\u0434\u0430\u0442\u043a\u043e\u0432\u0430\u0439 \u0456\u043d\u0444\u0430\u0440\u043c\u0430\u0446\u044b\u0456<\/em><\/h3>\n<ol>\n<li>\u041a\u0432\u0456\u0442\u043a\u0456 \u0437&#039;\u044f\u045e\u043b\u044f\u044e\u0446\u0446\u0430 \u043a\u0432\u0456\u0442\u0430\u043d\u0446\u044b\u044f\u0439 \u043f\u0430\u0441\u043b\u044f \u0430\u043f\u043b\u0430\u0442\u044b \u0433\u044d\u0442\u0430\u0433\u0430 \u0442\u0443\u0440\u0430. \u0412\u044b \u043c\u043e\u0436\u0430\u0446\u0435 \u043f\u0430\u043a\u0430\u0437\u0430\u0446\u044c \u0430\u043f\u043b\u0430\u0442\u0443 \u043d\u0430 \u0441\u0432\u0430\u0456\u043c \u0442\u044d\u043b\u0435\u0444\u043e\u043d\u0435.<\/li>\n<li>\u041c\u0435\u0441\u0446\u0430 \u0441\u0443\u0441\u0442\u0440\u044d\u0447\u044b \u0431\u0443\u0434\u0437\u0435 \u0430\u0442\u0440\u044b\u043c\u0430\u043d\u0430 \u043f\u0430\u0441\u043b\u044f \u043f\u0440\u0430\u0446\u044d\u0441\u0443 \u0431\u0440\u0430\u043d\u0456\u0440\u0430\u0432\u0430\u043d\u043d\u044f.<\/li>\n<li>\u0414\u0437\u0435\u0446\u0456 \u043f\u0430\u0432\u0456\u043d\u043d\u044b \u0431\u044b\u0446\u044c \u0443 \u0441\u0443\u043f\u0440\u0430\u0432\u0430\u0434\u0436\u044d\u043d\u043d\u0456 \u0434\u0430\u0440\u043e\u0441\u043b\u044b\u0445.<\/li>\n<li>\u041d\u0435\u0434\u0430\u0441\u0442\u0443\u043f\u043d\u0430 \u0434\u043b\u044f \u0456\u043d\u0432\u0430\u043b\u0456\u0434\u0430\u045e-\u043a\u0430\u043b\u044f\u0441\u0430\u0447\u043d\u0456\u043a\u0430\u045e<\/li>\n<li>\u0413\u0440\u0443\u0434\u043d\u044b\u044f \u0434\u0437\u0435\u0446\u0456 \u043f\u0430\u0432\u0456\u043d\u043d\u044b \u0441\u044f\u0434\u0437\u0435\u0446\u044c \u043d\u0430 \u043a\u0430\u043b\u0435\u043d\u044f\u0445<\/li>\n<li>\u041d\u0435 \u0440\u044d\u043a\u0430\u043c\u0435\u043d\u0434\u0443\u0435\u0446\u0446\u0430 \u043f\u0430\u0434\u0430\u0440\u043e\u0436\u043d\u0456\u043a\u0430\u043c \u0437 \u043f\u0440\u0430\u0431\u043b\u0435\u043c\u0430\u043c\u0456 \u0441\u043f\u0456\u043d\u044b.<\/li>\n<li>\u041d\u0435 \u0440\u044d\u043a\u0430\u043c\u0435\u043d\u0434\u0443\u0435\u0446\u0446\u0430 \u0446\u044f\u0436\u0430\u0440\u043d\u044b\u043c.<\/li>\n<li>\u041d\u044f\u043c\u0430 \u043f\u0440\u0430\u0431\u043b\u0435\u043c \u0437 \u0441\u044d\u0440\u0446\u0430\u043c \u0430\u0431\u043e \u0456\u043d\u0448\u044b\u0445 \u0441\u0443\u0440&#039;\u0451\u0437\u043d\u044b\u0445 \u0437\u0430\u0445\u0432\u043e\u0440\u0432\u0430\u043d\u043d\u044f\u045e.<\/li>\n<li>\u0411\u043e\u043b\u044c\u0448\u0430\u0441\u0446\u044c \u043f\u0430\u0434\u0430\u0440\u043e\u0436\u043d\u0456\u043a\u0430\u045e \u043c\u043e\u0433\u0443\u0446\u044c \u043f\u0440\u044b\u043d\u044f\u0446\u044c \u0443\u0434\u0437\u0435\u043b.<\/li>\n<\/ol>\n<p>\u0413\u044d\u0442\u044b \u0442\u0443\u0440 \u043f\u0440\u0430\u043f\u0430\u043d\u0443\u0435\u0446\u0446\u0430 \u043c\u0456\u043d\u0456\u043c\u0443\u043c \u0434\u043b\u044f 2 \u0447\u0430\u043b\u0430\u0432\u0435\u043a \u0456 \u043c\u0430\u043a\u0441\u0456\u043c\u0443\u043c \u0434\u043b\u044f 15 \u0447\u0430\u043b\u0430\u0432\u0435\u043a. \u0423 \u0432\u044b\u043f\u0430\u0434\u043a\u0443 \u043c\u0435\u043d\u0448\u0430\u0439 \u043a\u043e\u043b\u044c\u043a\u0430\u0441\u0446\u0456 \u043b\u044e\u0434\u0437\u0435\u0439, \u043a\u0430\u043b\u0456 \u043b\u0430\u0441\u043a\u0430, \u0437\u0432\u044f\u0436\u044b\u0446\u0435\u0441\u044f \u0437 \u043d\u0430\u043c\u0456.<\/p>\n<h3><em>\u041f\u0430\u043b\u0456\u0442\u044b\u043a\u0430 \u0430\u0434\u043c\u0435\u043d\u044b<\/em><\/h3>\n<p>\u0414\u043b\u044f \u043f\u043e\u045e\u043d\u0430\u0433\u0430 \u0432\u044f\u0440\u0442\u0430\u043d\u043d\u044f \u0441\u0440\u043e\u0434\u043a\u0430\u045e \u0430\u0434\u043c\u044f\u043d\u0456\u0446\u0435 \u043f\u0430\u0434\u043f\u0456\u0441\u043a\u0443 \u044f\u043a \u043c\u0456\u043d\u0456\u043c\u0443\u043c \u0437\u0430 24 \u0433\u0430\u0434\u0437\u0456\u043d\u044b \u0434\u0430 \u0434\u0430\u0442\u044b \u043f\u0430\u0447\u0430\u0442\u043a\u0443 \u0432\u043e\u043f\u044b\u0442\u0443.<\/p>\n\n\t\t<\/div>\n\t<\/div>\n<\/div><\/div><\/div><\/div><div class=\"vc_row wpb_row vc_row-fluid\" ><div class=\"wpb_column vc_column_container vc_col-sm-12\"><div class=\"vc_column-inner\"><div class=\"wpb_wrapper\"><div class=\"vc_empty_space\"   style=\"height: 32px\"><span class=\"vc_empty_space_inner\"><\/span><\/div>\n\t<div class=\"wpb_text_column wpb_content_element\" >\n\t\t<div class=\"wpb_wrapper\">\n\t\t\t<h4>\u0417\u0432\u044f\u0436\u044b\u0446\u0435\u0441\u044f \u0437 \u043d\u0430\u043c\u0456<\/h4>\n<h5>\u0417\u0430\u043f\u0430\u0432\u0435\u0434\u043d\u0456\u043a \u043f\u0440\u044b\u0433\u043e\u0434<\/h5>\n<p><em>\u041c\u044f\u0441\u0446\u043e\u0432\u044b\u044f \u0456 \u043d\u0430\u0446\u044b\u044f\u043d\u0430\u043b\u044c\u043d\u044b\u044f \u044d\u043a\u0441\u043a\u0443\u0440\u0441\u0430\u0432\u043e\u0434\u044b \u0456 \u0430\u0431\u0441\u043b\u0443\u0433\u043e\u045e\u0432\u0430\u043d\u043d\u0435 \u0433\u0430\u0441\u0446\u0435\u0439<\/em><\/p>\n<p>\u0411\u0440\u0430\u043d\u0456\u0440\u0430\u0432\u0430\u043d\u043d\u0435: \u0442\u0443\u0440\u044b \u0456 \u044d\u043a\u0441\u043a\u0443\u0440\u0441\u0456\u0456 \u045e \u0414\u043e\u043c.\u0440\u044d\u0441\u043f.<\/p>\n<p>\u0422\u044d\u043b\/Whatsapp +1-809-720-6035.<\/p>\n<p>info@bookingadventures.com.do<\/p>\n<p>\u041c\u044b \u0433\u0456\u0431\u043a\u0430 \u043d\u0430\u043b\u0430\u0434\u0436\u0432\u0430\u0435\u043c \u043f\u0440\u044b\u0432\u0430\u0442\u043d\u044b\u044f \u0442\u0443\u0440\u044b<strong>\u00a0WhatsApp: <a href=\"tel:+18097206035\">+18097206035.<\/a><\/strong><\/p>\n\n\t\t<\/div>\n\t<\/div>\n<div class=\"vc_empty_space\"   style=\"height: 32px\"><span class=\"vc_empty_space_inner\"><\/span><\/div><\/div><\/div><\/div><\/div>","protected":false},"excerpt":{"rendered":"<p>\u042d\u043a\u0430\u043b\u0430\u0433\u0456\u0447\u043d\u0430\u0435 \u043f\u0430\u0434\u0430\u0440\u043e\u0436\u0436\u0430 \u045e \u043d\u0430\u0446\u044b\u044f\u043d\u0430\u043b\u044c\u043d\u044b \u043f\u0430\u0440\u043a \u041b\u043e\u0441-\u0425\u0430\u0439\u0446\u0456\u0441\u0435\u0441 \u0437 \u043c\u044f\u0441\u0446\u043e\u0432\u044b\u043c \u0433\u0456\u0434\u0430\u043c. \u041d\u0430\u0432\u0435\u0434\u0432\u0430\u043d\u043d\u0435 \u041b\u043e\u0441-\u0413\u0430\u0432\u0456\u043b\u0430\u043d\u0435\u0441\u0430 \u045e \u043d\u0430\u0446\u044b\u044f\u043d\u0430\u043b\u044c\u043d\u044b\u043c \u043f\u0430\u0440\u043a\u0443 \u041b\u043e\u0441-\u0410\u0439\u0446\u0456\u0441\u0435\u0441 \u0456 \u0433\u0456\u0441\u0442\u0430\u0440\u044b\u0447\u043d\u044b\u0445 \u0440\u0430\u0451\u043d\u0430\u045e \u0421\u0430\u0431\u0430\u043d\u0430-\u0434\u044d-\u043b\u0430-\u041c\u0430\u0440 \u0443 \u043d\u0430\u0446\u044b\u044f\u043d\u0430\u043b\u044c\u043d\u044b\u043c \u043f\u0430\u0440\u043a\u0443 \u041b\u043e\u0441-\u0410\u0439\u0446\u0456\u0441\u0435\u0441.<\/p>\n<p><em><strong>\u0412\u044b\u0431\u0435\u0440\u044b\u0446\u0435 \u0434\u0430\u0442\u0443 \u044d\u043a\u0441\u043a\u0443\u0440\u0441\u0456\u0456:<\/strong><\/em><\/p>","protected":false},"featured_media":223,"template":"","meta":[],"product_brand":[],"product_cat":[122,443,123,124],"product_tag":[177,180,132,133,191,192,114,142,147,193],"class_list":{"0":"post-10903","1":"product","2":"type-product","3":"status-publish","4":"has-post-thumbnail","6":"product_cat-tours-and-excursions","7":"product_cat-tours-y-excursiones-es","8":"product_cat-tours-excursions-los-haitises-national-park","9":"product_cat-tours-excursions-samana-bay-dominican-republic","10":"product_tag-birding","11":"product_tag-birdwatching","12":"product_tag-los-haitises","13":"product_tag-los-haitises-national-park","14":"product_tag-nature","15":"product_tag-ridgways-hawk","16":"product_tag-sabana-de-la-mar","17":"product_tag-samana","18":"product_tag-samana-bay","19":"product_tag-wildlife","21":"first","22":"instock","23":"sale","24":"virtual","25":"sold-individually","26":"purchasable","27":"product-type-simple"},"_links":{"self":[{"href":"https:\/\/haitises.com\/be\/wp-json\/wp\/v2\/product\/10903","targetHints":{"allow":["GET"]}}],"collection":[{"href":"https:\/\/haitises.com\/be\/wp-json\/wp\/v2\/product"}],"about":[{"href":"https:\/\/haitises.com\/be\/wp-json\/wp\/v2\/types\/product"}],"wp:featuredmedia":[{"embeddable":true,"href":"https:\/\/haitises.com\/be\/wp-json\/wp\/v2\/media\/223"}],"wp:attachment":[{"href":"https:\/\/haitises.com\/be\/wp-json\/wp\/v2\/media?parent=10903"}],"wp:term":[{"taxonomy":"product_brand","embeddable":true,"href":"https:\/\/haitises.com\/be\/wp-json\/wp\/v2\/product_brand?post=10903"},{"taxonomy":"product_cat","embeddable":true,"href":"https:\/\/haitises.com\/be\/wp-json\/wp\/v2\/product_cat?post=10903"},{"taxonomy":"product_tag","embeddable":true,"href":"https:\/\/haitises.com\/be\/wp-json\/wp\/v2\/product_tag?post=10903"}],"curies":[{"name":"wp","href":"https:\/\/api.w.org\/{rel}","templated":true}]}}