{"id":564,"date":"2020-06-27T01:33:01","date_gmt":"2020-06-27T01:33:01","guid":{"rendered":"http:\/\/haitises.com\/?post_type=product&#038;p=564"},"modified":"2024-04-17T17:19:20","modified_gmt":"2024-04-17T17:19:20","slug":"los-haitises-excursion-en-kayak-2-horas","status":"publish","type":"product","link":"https:\/\/haitises.com\/az\/oz\u0259l\/los-haitises-excursion-en-kayak-2-horas\/","title":{"rendered":"Los Haitises Kayak Ekskursiyas\u0131 2 saat"},"content":{"rendered":"<div class=\"vc_row wpb_row vc_row-fluid\" ><div class=\"wpb_column vc_column_container vc_col-sm-12\"><div class=\"vc_column-inner\"><div class=\"wpb_wrapper\">[mkdf_section_title subtitle_tag=\u00bb\u00bb subtitle=\u00bbKayaks y gu\u00eda local\u00bb]<\/div><\/div><\/div><\/div><div class=\"vc_row wpb_row vc_row-fluid\" ><div class=\"wpb_column vc_column_container vc_col-sm-12\"><div class=\"vc_column-inner\"><div class=\"wpb_wrapper\"><div class=\"vc_empty_space\"   style=\"height: 32px\"><span class=\"vc_empty_space_inner\"><\/span><\/div><\/div><\/div><\/div><\/div><div class=\"vc_row wpb_row vc_row-fluid\" ><div class=\"wpb_column vc_column_container vc_col-sm-12\"><div class=\"vc_column-inner\"><div class=\"wpb_wrapper\">\n\t<div class=\"wpb_text_column wpb_content_element\" >\n\t\t<div class=\"wpb_wrapper\">\n\t\t\t<div class=\"vc_row wpb_row vc_row-fluid\">\n<div class=\"wpb_column vc_column_container vc_col-sm-12\">\n<div class=\"vc_column-inner\">\n<div class=\"wpb_wrapper\">\n<div class=\"mkdf-section-title-holder\">\n<div class=\"mkdf-st-inner\">\n<h2>Ca\u00f1o Hondo b\u0259l\u0259d\u00e7isi il\u0259 Los Haitises Milli Park\u0131nda kayak 2 saat<\/h2>\n<h3>T\u0259svir<\/h3>\n<p>2 saatl\u0131q yerli b\u0259l\u0259d\u00e7i il\u0259 Los Haitises Milli Park\u0131nda manqrov kayak\u0131. Ca\u00f1o Hondo \u00e7ay\u0131 \u00fcz\u0259rind\u0259ki manqrovlar\u0131 ziyar\u0259t etm\u0259k v\u0259 Los Haitises Milli Park\u0131ndak\u0131 San Lorenzo k\u00f6rf\u0259zin\u0259 bax\u0131\u015f, Sabana de la Mar Ca\u00f1o Hondo b\u00f6lg\u0259si. Daha uzun ekskursiyan\u0131 xo\u015flay\u0131rs\u0131n\u0131zsa: Los Haitisesd\u0259 4 saat kayak.<\/p>\n<ul>\n<li>B\u0259l\u0259d\u00e7i t\u0259limat v\u0259 n\u0259zar\u0259ti t\u0259min edir.<\/li>\n<li>Kayaks v\u0259 avarlar iki n\u0259f\u0259r \u00fc\u00e7\u00fcn ikiqat v\u0259 bir n\u0259f\u0259r \u00fc\u00e7\u00fcn sad\u0259dir.<\/li>\n<\/ul>\n<h3>Daxiletm\u0259l\u0259r v\u0259 istisnalar<\/h3>\n<h4>Daxiletm\u0259l\u0259r<\/h4>\n<ol>\n<li>kayak g\u0259zintisi<\/li>\n<li>B\u00fct\u00fcn vergil\u0259r, r\u00fcsumlar v\u0259 \u0259m\u0259liyyat x\u0259rcl\u0259ri<\/li>\n<li>Yerli vergil\u0259r<\/li>\n<li>Yerli b\u0259l\u0259d\u00e7i<\/li>\n<\/ol>\n<h4>\u0130stisnalar<\/h4>\n<ol>\n<li>M\u0259sl\u0259h\u0259tl\u0259r<\/li>\n<li>N\u0259qliyyat<\/li>\n<li>Nahar <em>Yox<\/em> daxildir.<\/li>\n<li>Ma\u011faralar <em>Yox<\/em> onlar daxildir<\/li>\n<li>Spirtli i\u00e7kil\u0259r<\/li>\n<\/ol>\n<h3><em>Gedi\u015f v\u0259 d\u00f6n\u00fc\u015f<\/em><\/h3>\n<p>S\u0259yyah rezervasiya prosesind\u0259n sonra g\u00f6r\u00fc\u015f n\u00f6qt\u0259si \u0259ld\u0259 ed\u0259c\u0259k. Turlar g\u00f6r\u00fc\u015f n\u00f6qt\u0259l\u0259rimizd\u0259 ba\u015flay\u0131r v\u0259 bitir.<\/p>\n<h3>N\u0259 g\u00f6zl\u0259m\u0259k olar?<\/h3>\n<p>Yerli tur b\u0259l\u0259d\u00e7il\u0259ri il\u0259 Ca\u00f1o Hondo \u00e7ay\u0131 me\u015f\u0259sin\u0259 (mangrovlar) 2 saatl\u0131q kayak s\u0259f\u0259ri \u00fc\u00e7\u00fcn biletl\u0259rinizi al\u0131n.<\/p>\n<p>T\u0259hl\u00fck\u0259sizliyiniz \u00fc\u00e7\u00fcn laz\u0131m olan b\u00fct\u00fcn n\u00f6v avadanl\u0131qlar\u0131 (xilasedici jiletl\u0259r v\u0259 s.) \u0259ld\u0259 etdikd\u0259, f\u0259aliyy\u0259t Ka\u00f1o Hondo \u00e7ay\u0131nda kayak s\u00fcrm\u0259y\u0259 ba\u015flayacaq.<\/p>\n<p>El recorrido, organizado por \u00abBooking Adventures\u00bb, comienza en el punto de encuentro establecido con el gu\u00eda tur\u00edstico. Tomando kayaks y atravesando manglares, pasando por antiguas cuevas piratas y en bosques protegidos en esta pintoresca reserva a partir del \u00e1rea de los Hoteles Ca\u00f1o Hondo o de Sabana de la Mar.<\/p>\n<p>Booking Adventures il\u0259 g\u0259lin v\u0259 Los Haitises Milli Park\u0131n\u0131n qu\u015flarla dolu manqrovlar\u0131, yamya\u015f\u0131l bitki \u00f6rt\u00fcy\u00fcn\u00fcn yuvarlanan t\u0259p\u0259l\u0259rini v\u0259 ma\u011faralar\u0131n\u0131 g\u00f6rm\u0259y\u0259 ba\u015flay\u0131n. Ca\u00f1o Hondo \u00e7ay\u0131ndan, Sabana de la Mardan kayakla ekskursiya etm\u0259k. Manqrovlardan ke\u00e7\u0259r\u0259k San Lorenzo&#039;nun a\u00e7\u0131q k\u00f6rf\u0259zin\u0259 daxil olun, buradan m\u00f6hk\u0259m me\u015f\u0259lik m\u0259nz\u0259r\u0259ni \u00e7\u0259k\u0259 bil\u0259rsiniz. Manatlar\u0131, x\u0259r\u00e7\u0259ngkimil\u0259ri v\u0259 delfinl\u0259ri g\u00f6rm\u0259k \u00fc\u00e7\u00fcn suya bax\u0131n.<\/p>\n<p>\u018fg\u0259r bu s\u0259yah\u0259ti b\u0259y\u0259nirsinizs\u0259, ikinci se\u00e7imimiz var: Los Haitisesd\u0259 kayak 4 saat<\/p>\n<p>Tur Los Haitises Milli Park\u0131ndak\u0131 ba\u015flan\u011f\u0131c n\u00f6qt\u0259sind\u0259 ba\u015fa \u00e7at\u0131r. Manat, x\u0259r\u00e7\u0259ngkimil\u0259r v\u0259 delfinl\u0259ri g\u00f6rm\u0259k ist\u0259s\u0259niz, s\u0259h\u0259r saat 6:00-da bu s\u0259f\u0259ri t\u00f6vsiy\u0259 edirik.<\/p>\n<p>S\u0259h\u0259r saat 6:00 tezdir, ona g\u00f6r\u0259 d\u0259 Los Haitises Milli Park\u0131nda h\u0259l\u0259 he\u00e7 bir qay\u0131q yoxdur.<\/p>\n<h3><em>N\u0259 g\u0259tirm\u0259lis\u0259n?<\/em><\/h3>\n<ul>\n<li>Kamera<\/li>\n<li>Repelentl\u0259r<\/li>\n<li>G\u00fcn\u0259\u015f kremi<\/li>\n<li>\u015eapka<\/li>\n<li>Rahat \u015falvar<\/li>\n<li>Sandalet<\/li>\n<li>\u00c7im\u0259rlik geyimi<\/li>\n<\/ul>\n<h3><em>Oteld\u0259n g\u00f6t\u00fcr\u00fclm\u0259<\/em><\/h3>\n<p>Bu tur \u00fc\u00e7\u00fcn oteld\u0259n g\u00f6t\u00fcrm\u0259 t\u0259klif edilmir.<\/p>\n<p><strong>Qeyd:<\/strong> \u018fg\u0259r turun\/ekskursiyan\u0131n gedi\u015f vaxt\u0131ndan sonra 24 saat \u0259rzind\u0259 rezervasiya ets\u0259niz, \u0259lav\u0259 \u00f6d\u0259ni\u015fl\u0259 oteld\u0259n g\u00f6t\u00fcr\u00fclm\u0259ni t\u0259\u015fkil ed\u0259 bil\u0259rik. Al\u0131\u015f-veri\u015finiz ba\u015fa \u00e7atd\u0131qdan sonra, g\u00f6t\u00fcrm\u0259 t\u0259nziml\u0259m\u0259l\u0259rini t\u0259\u015fkil etm\u0259k \u00fc\u00e7\u00fcn siz\u0259 yerli tur b\u0259l\u0259d\u00e7imiz \u00fc\u00e7\u00fcn tam \u0259laq\u0259 m\u0259lumat\u0131 (telefon n\u00f6mr\u0259si, e-po\u00e7t \u00fcnvan\u0131 v\u0259 s.) g\u00f6nd\u0259r\u0259c\u0259yik.<\/p>\n<h3><em>\u018flav\u0259 m\u0259lumatlar\u0131n t\u0259sdiqi<\/em><\/h3>\n<ul>\n<li>Biletl\u0259r bu Tur \u00fc\u00e7\u00fcn \u00f6d\u0259ni\u015f edildikd\u0259n sonra q\u0259bzdir. \u00d6d\u0259ni\u015fi telefonunuzda g\u00f6st\u0259r\u0259 bil\u0259rsiniz.<\/li>\n<li>G\u00f6r\u00fc\u015f n\u00f6qt\u0259si rezervasiya prosesind\u0259n sonra al\u0131nacaq.<\/li>\n<li>U\u015faqlar b\u00f6y\u00fckl\u0259r t\u0259r\u0259find\u0259n m\u00fc\u015fayi\u0259t olunmal\u0131d\u0131r.<\/li>\n<li>\u018flil arabas\u0131 \u00fc\u00e7\u00fcn \u0259l\u00e7atan deyil<\/li>\n<li>K\u00f6rp\u0259l\u0259r u\u015faq oturaca\u011f\u0131nda v\u0259 ya b\u00f6y\u00fckl\u0259rin yan\u0131nda oturmal\u0131d\u0131rlar<\/li>\n<li>Arxa probleml\u0259ri olan s\u0259yah\u0259t\u00e7il\u0259r \u00fc\u00e7\u00fcn t\u00f6vsiy\u0259 edilmir.<\/li>\n<li>Hamil\u0259 qad\u0131nlar \u00fc\u00e7\u00fcn t\u00f6vsiy\u0259 edilmir.<\/li>\n<li>\u00dcr\u0259k problemi v\u0259 ya dig\u0259r ciddi tibbi \u015f\u0259rtl\u0259r yoxdur.<\/li>\n<li>\u018fks\u0259r s\u0259yah\u0259t\u00e7il\u0259r i\u015ftirak ed\u0259 bil\u0259r<\/li>\n<\/ul>\n<h3><em>L\u0259\u011fv etm\u0259 siyas\u0259ti<\/em><\/h3>\n<p>Tam geri qaytarmaq \u00fc\u00e7\u00fcn t\u0259cr\u00fcb\u0259nin ba\u015flama tarixind\u0259n \u0259n az\u0131 24 saat \u0259vv\u0259l l\u0259\u011fv edin.<\/p>\n<h3><em>Biziml\u0259 \u0259laq\u0259 saxlay\u0131n?<\/em><\/h3>\n<p>Mac\u0259ra Rezervasyonlar\u0131<br \/>\nYerli v\u0259 milli tur b\u0259l\u0259d\u00e7il\u0259ri v\u0259 qonaq xidm\u0259tl\u0259ri<\/p>\n<p>Rezervasyonlar: Dom.Reps-d\u0259 Turlar v\u0259 Ekskursiyalar.<\/p>\n<p>\ud83d\udcde Tel\/Whatsapp +1-809-720-6035.<\/p>\n<p>\ud83d\udce9 info@bookingadventures.com.do<\/p>\n<p>Whatsapp il\u0259 \u00e7eviklikl\u0259 \u00f6z\u0259l turlar edirik: +18097206035.<\/p>\n<\/div>\n<\/div>\n<\/div>\n<\/div>\n<\/div>\n<\/div>\n<div class=\"vc_row wpb_row vc_row-fluid\">\n<div class=\"wpb_column vc_column_container vc_col-sm-12\">\n<div class=\"vc_column-inner\">\n<div class=\"wpb_wrapper\">\n<div class=\"wpb_text_column wpb_content_element\">\n<div class=\"wpb_wrapper\"><\/div>\n<\/div>\n<\/div>\n<\/div>\n<\/div>\n<\/div>\n\n\t\t<\/div>\n\t<\/div>\n<\/div><\/div><\/div><\/div>","protected":false},"excerpt":{"rendered":"<p>Sabana de la Mar v\u0259 ya Ca\u00f1o Hondo otell\u0259rind\u0259n Los Haitises Milli Park\u0131na ekskursiya. Los Haitises Milli Park\u0131nda yerli b\u0259l\u0259d\u00e7i il\u0259 manqrov kayak\u0131. Ca\u00f1o Hondo \u00e7ay\u0131 \u00fcz\u0259rind\u0259ki manqrovlar\u0131 ziyar\u0259t etm\u0259k v\u0259 Los Haitises Milli Park\u0131nda, Sabana de la Mar b\u00f6lg\u0259sind\u0259, Ca\u00f1o Hondoda San Lorenzo k\u00f6rf\u0259zin\u0259 \u00fcmumi bax\u0131\u015f. \u018fg\u0259r siz d\u0259 ma\u011faralar\u0131 ziyar\u0259t etm\u0259k ist\u0259yirsinizs\u0259, burada 4 saatl\u0131q kayak s\u0259yah\u0259ti sifari\u015f edin.<\/p>\n<ul>\n<li>B\u0259l\u0259d\u00e7i t\u0259limat v\u0259 n\u0259zar\u0259ti t\u0259min edir.<\/li>\n<li>Kayaks v\u0259 avarlar iki n\u0259f\u0259r \u00fc\u00e7\u00fcn ikiqat v\u0259 bir n\u0259f\u0259r \u00fc\u00e7\u00fcn sad\u0259dir.<\/li>\n<\/ul>\n<p>Bu turu g\u0259zinti mar\u015frutu il\u0259 qurun v\u0259 yerli sakinl\u0259rl\u0259 birlikd\u0259 Los Haitises Milli Park\u0131n\u0131n tarixini \u00f6yr\u0259nin.<\/p>\n<p><strong>Z\u0259hm\u0259t olmasa Turun tarixini se\u00e7in:<\/strong><\/p>","protected":false},"featured_media":113,"template":"","meta":[],"product_brand":[],"product_cat":[119,96,144,98,121,99,122,443,123,124],"product_tag":[126,127,149,145,150,151,152,153,132,133,114,148,143],"class_list":{"0":"post-564","1":"product","2":"type-product","3":"status-publish","4":"has-post-thumbnail","6":"product_cat-caves","7":"product_cat-hiking","8":"product_cat-kayaking","9":"product_cat-local-tour-guides","10":"product_cat-mangroves","11":"product_cat-swimming-natural-springs","12":"product_cat-tours-and-excursions","13":"product_cat-tours-y-excursiones-es","14":"product_cat-tours-excursions-los-haitises-national-park","15":"product_cat-tours-excursions-samana-bay-dominican-republic","16":"product_tag-cano-hondo","17":"product_tag-cano-hondo-hotel","18":"product_tag-cano-hondo-river","19":"product_tag-day-tour-cano-hondo","20":"product_tag-kayak-dominican-republic","21":"product_tag-kayak-los-haitises","22":"product_tag-kayak-tour","23":"product_tag-kayaking","24":"product_tag-los-haitises","25":"product_tag-los-haitises-national-park","26":"product_tag-sabana-de-la-mar","27":"product_tag-samana-excursions","28":"product_tag-samana-tours","30":"first","31":"instock","32":"sale","33":"sold-individually","34":"shipping-taxable","35":"product-type-external"},"_links":{"self":[{"href":"https:\/\/haitises.com\/az\/wp-json\/wp\/v2\/product\/564","targetHints":{"allow":["GET"]}}],"collection":[{"href":"https:\/\/haitises.com\/az\/wp-json\/wp\/v2\/product"}],"about":[{"href":"https:\/\/haitises.com\/az\/wp-json\/wp\/v2\/types\/product"}],"wp:featuredmedia":[{"embeddable":true,"href":"https:\/\/haitises.com\/az\/wp-json\/wp\/v2\/media\/113"}],"wp:attachment":[{"href":"https:\/\/haitises.com\/az\/wp-json\/wp\/v2\/media?parent=564"}],"wp:term":[{"taxonomy":"product_brand","embeddable":true,"href":"https:\/\/haitises.com\/az\/wp-json\/wp\/v2\/product_brand?post=564"},{"taxonomy":"product_cat","embeddable":true,"href":"https:\/\/haitises.com\/az\/wp-json\/wp\/v2\/product_cat?post=564"},{"taxonomy":"product_tag","embeddable":true,"href":"https:\/\/haitises.com\/az\/wp-json\/wp\/v2\/product_tag?post=564"}],"curies":[{"name":"wp","href":"https:\/\/api.w.org\/{rel}","templated":true}]}}