{"id":559,"date":"2020-06-23T20:31:15","date_gmt":"2020-06-23T20:31:15","guid":{"rendered":"http:\/\/haitises.com\/?post_type=product&#038;p=559"},"modified":"2024-04-17T18:03:16","modified_gmt":"2024-04-17T18:03:16","slug":"excursiones-a-los-haitises-desde-santo-domingo","status":"publish","type":"product","link":"https:\/\/haitises.com\/az\/oz\u0259l\/excursiones-a-los-haitises-desde-santo-domingo\/","title":{"rendered":"Excursiones a Los Haitises desde Santo Domingo"},"content":{"rendered":"<div class=\"vc_row wpb_row vc_row-fluid\" ><div class=\"wpb_column vc_column_container vc_col-sm-12\"><div class=\"vc_column-inner\"><div class=\"wpb_wrapper\">[mkdf_section_title subtitle_tag=\u00bb\u00bb subtitle=\u00bbTransporte y almuerzo inclu\u00eddos\u00bb]<\/div><\/div><\/div><\/div><div class=\"vc_row wpb_row vc_row-fluid\" ><div class=\"wpb_column vc_column_container vc_col-sm-12\"><div class=\"vc_column-inner\"><div class=\"wpb_wrapper\">\n\t<div class=\"wpb_text_column wpb_content_element\" >\n\t\t<div class=\"wpb_wrapper\">\n\t\t\t<h2>Tour al Parque Nacional Los Haitises desde Santo domingo. Excursi\u00f3n de d\u00eda completo.<\/h2>\n<h5>Excursi\u00f3n de d\u00eda completo al Parque Nacional Los Haitises desde Santo Domingo.<\/h5>\n<h3>T\u0259svir<\/h3>\n<p>Tour al Parque Nacional Los Haitises desde Santo Domingo. Excursi\u00f3n de d\u00eda completo. Comenzando desde su hotel en Santo Domingo, Boca Chica o Juan Dolio. Conduciremos a la bah\u00eda de Saman\u00e1 donde nos llevar\u00e1n el bote o el catamar\u00e1n al Parque Nacional Los Haitises. Visitando manglares, cuevas, pictograf\u00edas y todo lo m\u00e1s bello del parque nacional Los Haitises con un gu\u00eda tur\u00edstico local.<\/p>\n<p>Despu\u00e9s de esta experiencia, regresar\u00e1 a Santo Domingo donde lo recogeremos.<\/p>\n<ul>\n<li>Vergil\u0259r daxildir<\/li>\n<li>Nahar<\/li>\n<li>Aperitivos<\/li>\n<li>Gu\u00eda de turismo local en ingl\u00e9s o franc\u00e9s<\/li>\n<li>N\u0259qliyyat<\/li>\n<li>Tour en bote<\/li>\n<\/ul>\n<h3>Daxiletm\u0259l\u0259r v\u0259 istisnalar<\/h3>\n<h4>Daxiletm\u0259l\u0259r<\/h4>\n<ol>\n<li>Los Haitises Turu + Ma\u011faralar v\u0259 Piktoqraflar<\/li>\n<li>Nahar<\/li>\n<li>B\u00fct\u00fcn vergil\u0259r, r\u00fcsumlar v\u0259 \u0259m\u0259liyyat x\u0259rcl\u0259ri.<\/li>\n<li>Yerli vergil\u0259r<\/li>\n<li>\u0130\u00e7kil\u0259r<\/li>\n<li>Aperitivos<\/li>\n<li>B\u00fct\u00fcn f\u0259aliyy\u0259tl\u0259r<\/li>\n<li>Yerli b\u0259l\u0259d\u00e7i<\/li>\n<\/ol>\n<h4>\u0130stisnalar<\/h4>\n<ol>\n<li>M\u0259sl\u0259h\u0259tl\u0259r<\/li>\n<li>Spirtli i\u00e7kil\u0259r<\/li>\n<\/ol>\n<h6><em>Tour privado y precios de excursiones desde Santo Domingo:<\/em><\/h6>\n<h6><em>* Los ni\u00f1os de 10 a\u00f1os y menores viajan gratis. (2 adultos m\u00ednimo)<\/em><\/h6>\n<ul>\n<li><strong><em>Tour privado y excursi\u00f3n para 2 personas: USD $ 210 por persona<\/em><\/strong><\/li>\n<li><strong><em>Tour privado y excursi\u00f3n para 3 personas: USD $ 160 por persona<\/em><\/strong><\/li>\n<li><strong><em>Tour privado y excursi\u00f3n para 4 personas: USD $ 130 por persona<\/em><\/strong><\/li>\n<li><strong><em>Tour privado y excursi\u00f3n para 5 personas: USD $ 105 por persona<\/em><\/strong><\/li>\n<li><strong><em>Tour privado y excursi\u00f3n para 6 personas: USD $ 100 por persona<\/em><\/strong><\/li>\n<li><strong><em>Tour privado y excursi\u00f3n para 7 personas: USD $ 90 por persona<\/em><\/strong><\/li>\n<li><strong><em>Tour privado y excursi\u00f3n para 8 personas: USD $ 80 por persona<\/em><\/strong><\/li>\n<li><strong><em>9 o m\u00e1s personas Tour y excursi\u00f3n: cont\u00e1ctenos<\/em><\/strong><\/li>\n<\/ul>\n<h6><em>* La excursi\u00f3n comienza a la hora establecida<\/em><\/h6>\n<h3><em>Gedi\u015f v\u0259 d\u00f6n\u00fc\u015f<\/em><\/h3>\n<p>El viajero obtendr\u00e1 un punto de encuentro despu\u00e9s del proceso de reserva. Los recorridos comienzan y finalizan en sus puntos de encuentro.<\/p>\n<h2>Parque Nacional Los Haitises desde Santo Domingo<\/h2>\n<h3><em>N\u0259 g\u00f6zl\u0259m\u0259k olar?<\/em><\/h3>\n<p>Obtenga sus boletos para visitar el Tour al Parque Nacional Los Haitises desde Santo Domingo. Excursi\u00f3n de d\u00eda completo. Partiendo de Santo Domingo en un c\u00f3modo traslado a la bah\u00eda de Saman\u00e1. transporte a puerto para abordar un bote o catamar\u00e1n con un gu\u00eda tur\u00edstico local que visitamos Los Haitises, lado de Sabana de la Mar para visitar uno de los parques nacionales m\u00e1s bellos de la Rep\u00fablica Dominicana. Parque Nacional Los Haitises.<\/p>\n<p>El recorrido, organizado por \u00abBooking Adventures\u00bb, comienza en el punto de encuentro establecido con el gu\u00eda tur\u00edstico. Ven con Booking Adventures y comienza a observar algunos manglares llenos de p\u00e1jaros, colinas onduladas de exuberante vegetaci\u00f3n y cuevas del Parque Nacional Los Haitises. Visitando la isla con p\u00e1jaros alrededor. En la temporada de anidaci\u00f3n, incluso podemos ver los polluelos de Pelecanos en los nidos. Entrar m\u00e1s en las Islas Rocosas y visitar las cuevas con pictograf\u00edas y petr\u00f3grafos de los pueblos ind\u00edgenas.<\/p>\n<p>A trav\u00e9s de los manglares y la tierra en la bah\u00eda abierta de San Lorenzo, Sabana de la Mar, desde donde se puede fotografiar el paisaje forestal agreste. Mire el agua para ver manat\u00edes, crust\u00e1ceos y delfines.<\/p>\n<p>El nombre del parque nacional proviene de sus habitantes originales, los indios ta\u00ednos. En su idioma, \u00abHaitises\u00bb se traduce en tierras altas o colinas, una referencia a las empinadas formaciones geol\u00f3gicas de la costa con calizas. Avent\u00farate en el parque para explorar cuevas como la Cueva San Gabriel, la Cueva de la Arena y la Cueva de la L\u00ednea.<\/p>\n<p>Estas cuevas en la reserva fueron utilizadas como refugio por los indios ta\u00ednos y, m\u00e1s tarde, por esconder piratas. Busque dibujos de indios que decoran algunas de las paredes. Despu\u00e9s de visitar el Parque Nacional Los Haitises, regresaremos a Saman\u00e1 o Sabana de la mar para almorzar.<\/p>\n<p>Tendremos un almuerzo t\u00edpico. Si eres vegano, no te preocupes, \u00a1tambi\u00e9n tenemos comida para ti!<\/p>\n<p>\u00a1Despu\u00e9s del almuerzo, regresamos a Santo Domingo!<\/p>\n<p>Bu s\u0259f\u0259ri daha uzun v\u0259 ya daha q\u0131sa b\u0259y\u0259nirsinizs\u0259, bu se\u00e7iml\u0259rimiz var:<\/p>\n<ul>\n<li>Samana liman\u0131ndan yaln\u0131z Los Haitises.<\/li>\n<li>Samana liman\u0131ndan Los Haitises + Ca\u00f1o Hondo.<\/li>\n<\/ul>\n<h3><em>N\u0259 g\u0259tirm\u0259lis\u0259n?<\/em><\/h3>\n<ul>\n<li>Kamera<\/li>\n<li>Repelentl\u0259r<\/li>\n<li>G\u00fcn\u0259\u015f kremi<\/li>\n<li>\u015eapka<\/li>\n<li>Rahat \u015falvar<\/li>\n<li>Me\u015f\u0259 g\u0259zinti ayaqqab\u0131lar\u0131<\/li>\n<li>Yaz sah\u0259l\u0259ri \u00fc\u00e7\u00fcn sandaletl\u0259r.<\/li>\n<li>\u00c7im\u0259rlik geyimi<\/li>\n<\/ul>\n<h3><em>Oteld\u0259n g\u00f6t\u00fcr\u00fclm\u0259<\/em><\/h3>\n<p>Se ofrece la recogida en el hotel para este tour.<\/p>\n<p><strong>Qeyd:<\/strong> Si realiza la reserva dentro de las 24 horas de la hora de salida del tour \/ excursi\u00f3n, podemos organizar la recogida del hotel con cargos adicionales. Una vez que se complete su compra, le enviaremos informaci\u00f3n de contacto completa (n\u00famero de tel\u00e9fono, direcci\u00f3n de correo electr\u00f3nico, etc.) para que nuestro gu\u00eda tur\u00edstico local organice los arreglos de recogida.<\/p>\n<h3><em>\u018flav\u0259 m\u0259lumatlar\u0131n t\u0259sdiqi<\/em><\/h3>\n<ul>\n<li>Biletl\u0259r bu Tur \u00fc\u00e7\u00fcn \u00f6d\u0259ni\u015f edildikd\u0259n sonra q\u0259bzdir. \u00d6d\u0259ni\u015fi telefonunuzda g\u00f6st\u0259r\u0259 bil\u0259rsiniz.<\/li>\n<li>G\u00f6r\u00fc\u015f n\u00f6qt\u0259si rezervasiya prosesind\u0259n sonra al\u0131nacaq.<\/li>\n<li>U\u015faqlar b\u00f6y\u00fckl\u0259r t\u0259r\u0259find\u0259n m\u00fc\u015fayi\u0259t olunmal\u0131d\u0131r.<\/li>\n<li>\u018flil arabas\u0131 \u00fc\u00e7\u00fcn \u0259l\u00e7atan deyil<\/li>\n<li>K\u00f6rp\u0259l\u0259r u\u015faq oturaca\u011f\u0131nda v\u0259 ya b\u00f6y\u00fckl\u0259rin yan\u0131nda oturmal\u0131d\u0131rlar<\/li>\n<li>Arxa probleml\u0259ri olan s\u0259yah\u0259t\u00e7il\u0259r \u00fc\u00e7\u00fcn t\u00f6vsiy\u0259 edilmir.<\/li>\n<li>Hamil\u0259 s\u0259yah\u0259t ed\u0259nl\u0259r \u00fc\u00e7\u00fcn t\u00f6vsiy\u0259 edilmir.<\/li>\n<li>\u00dcr\u0259k problemi v\u0259 ya dig\u0259r ciddi tibbi \u015f\u0259rtl\u0259r yoxdur.<\/li>\n<li>\u018fks\u0259r s\u0259yah\u0259t\u00e7il\u0259r i\u015ftirak ed\u0259 bil\u0259r.<\/li>\n<\/ul>\n<h3><em>L\u0259\u011fv etm\u0259 siyas\u0259ti<\/em><\/h3>\n<p>Tam geri qaytarmaq \u00fc\u00e7\u00fcn t\u0259cr\u00fcb\u0259nin ba\u015flama tarixind\u0259n \u0259n az\u0131 24 saat \u0259vv\u0259l l\u0259\u011fv edin. Rezervasiya s\u0259yah\u0259tin eyni g\u00fcn\u00fcnd\u0259 l\u0259\u011fv edil\u0259rs\u0259, v\u0259sait itiril\u0259c\u0259k.<\/p>\n\n\t\t<\/div>\n\t<\/div>\n<\/div><\/div><\/div><\/div><div class=\"vc_row wpb_row vc_row-fluid\" ><div class=\"wpb_column vc_column_container vc_col-sm-12\"><div class=\"vc_column-inner\"><div class=\"wpb_wrapper\">\n\t<div class=\"wpb_video_widget wpb_content_element vc_clearfix   vc_video-aspect-ratio-169 vc_video-el-width-100 vc_video-align-left\" >\n\t\t<div class=\"wpb_wrapper\">\n\t\t\t\n\t\t\t<div class=\"wpb_video_wrapper\"><iframe loading=\"lazy\" title=\"Los Haitises Milli Park\u0131, Samana v\u0259 ya Sabana de la Mardan Turlar v\u0259 Ekskursiyalar. Burada rezervasiya edin:\" src=\"https:\/\/player.vimeo.com\/video\/346508015?dnt=1&amp;app_id=122963\" width=\"1100\" height=\"619\" frameborder=\"0\" allow=\"autoplay; fullscreen\" allowfullscreen><\/iframe><\/div>\n\t\t<\/div>\n\t<\/div>\n<\/div><\/div><\/div><\/div><div class=\"vc_row wpb_row vc_row-fluid\" ><div class=\"wpb_column vc_column_container vc_col-sm-12\"><div class=\"vc_column-inner\"><div class=\"wpb_wrapper\"><div class=\"vc_empty_space\"   style=\"height: 32px\"><span class=\"vc_empty_space_inner\"><\/span><\/div>\n\t<div class=\"wpb_text_column wpb_content_element\" >\n\t\t<div class=\"wpb_wrapper\">\n\t\t\t<h5>Biziml\u0259 \u0259laq\u0259 saxlay\u0131n?<br \/>\nMac\u0259ra Rezervasyonlar\u0131<\/h5>\n<p><em><strong>Yerli v\u0259 milli tur b\u0259l\u0259d\u00e7il\u0259ri v\u0259 qonaq xidm\u0259tl\u0259ri<\/strong><\/em><\/p>\n<p>Rezervasyonlar: Dom.Reps-d\u0259 Turlar v\u0259 Ekskursiyalar.<\/p>\n<p>Tel\/Whatsapp +1-809-720-6035.<\/p>\n<p>info@bookingadventures.com.do<\/p>\n<p>Whatsapp vasit\u0259sil\u0259 \u00e7evik konfiqurasiya il\u0259 \u015f\u0259xsi turlar edirik: +18097206035.<\/p>\n\n\t\t<\/div>\n\t<\/div>\n<div class=\"vc_empty_space\"   style=\"height: 32px\"><span class=\"vc_empty_space_inner\"><\/span><\/div><\/div><\/div><\/div><\/div>","protected":false},"excerpt":{"rendered":"<p>Esta excursi\u00f3n desde Santo Domingo al Parque Nacional Los Haitises incluye almuerzo y transporte para una visita a las cuevas principales, una exploraci\u00f3n de 2 ecosistemas de manglares diferentes y, por supuesto, la observaci\u00f3n de aves de pesca.<\/p>\n<p>Viaje al Parque Nacional Los Haitises con un gu\u00eda naturalista. Visitando los Cayos en el Parque Nacional Los Haitises, manglares, vegetaci\u00f3n, observaci\u00f3n de aves, cuevas, pictograf\u00edas y las \u00e1reas hist\u00f3ricas de Sabana de la Mar en el Parque Nacional Los Haitises.<\/p>\n<p><strong>Z\u0259hm\u0259t olmasa Turun tarixini se\u00e7in:<\/strong><\/p>","protected":false},"featured_media":306,"template":"","meta":[],"product_brand":[],"product_cat":[286,122,443],"product_tag":[206,225,132,133,146,226],"class_list":{"0":"post-559","1":"product","2":"type-product","3":"status-publish","4":"has-post-thumbnail","6":"product_cat-los-haitises-tour-from-santo-domingo","7":"product_cat-tours-and-excursions","8":"product_cat-tours-y-excursiones-es","9":"product_tag-caves-los-haitises","10":"product_tag-las-terrenas","11":"product_tag-los-haitises","12":"product_tag-los-haitises-national-park","13":"product_tag-mangroves-los-haitises","14":"product_tag-transportation-los-haitises","16":"first","17":"instock","18":"sale","19":"sold-individually","20":"shipping-taxable","21":"product-type-external"},"_links":{"self":[{"href":"https:\/\/haitises.com\/az\/wp-json\/wp\/v2\/product\/559","targetHints":{"allow":["GET"]}}],"collection":[{"href":"https:\/\/haitises.com\/az\/wp-json\/wp\/v2\/product"}],"about":[{"href":"https:\/\/haitises.com\/az\/wp-json\/wp\/v2\/types\/product"}],"wp:featuredmedia":[{"embeddable":true,"href":"https:\/\/haitises.com\/az\/wp-json\/wp\/v2\/media\/306"}],"wp:attachment":[{"href":"https:\/\/haitises.com\/az\/wp-json\/wp\/v2\/media?parent=559"}],"wp:term":[{"taxonomy":"product_brand","embeddable":true,"href":"https:\/\/haitises.com\/az\/wp-json\/wp\/v2\/product_brand?post=559"},{"taxonomy":"product_cat","embeddable":true,"href":"https:\/\/haitises.com\/az\/wp-json\/wp\/v2\/product_cat?post=559"},{"taxonomy":"product_tag","embeddable":true,"href":"https:\/\/haitises.com\/az\/wp-json\/wp\/v2\/product_tag?post=559"}],"curies":[{"name":"wp","href":"https:\/\/api.w.org\/{rel}","templated":true}]}}