{"id":553,"date":"2020-06-21T20:30:49","date_gmt":"2020-06-21T20:30:49","guid":{"rendered":"http:\/\/haitises.com\/?post_type=product&#038;p=553"},"modified":"2024-04-17T21:13:57","modified_gmt":"2024-04-17T21:13:57","slug":"excursion-a-los-haitises-y-cano-hondo-desde-sabana-de-la-mar","status":"publish","type":"product","link":"https:\/\/haitises.com\/az\/oz\u0259l\/excursion-a-los-haitises-y-cano-hondo-desde-sabana-de-la-mar\/","title":{"rendered":"Sabana de la Mardan Los Haitises v\u0259 Ka\u00f1o Hondoya \u015f\u0259xsi tur"},"content":{"rendered":"<div class=\"vc_row wpb_row vc_row-fluid\" ><div class=\"wpb_column vc_column_container vc_col-sm-12\"><div class=\"vc_column-inner\"><div class=\"wpb_wrapper\">[mkdf_section_title subtitle_tag=\u00bb\u00bb subtitle=\u00bbAlmuerzo y Nataci\u00f3n en Piscinas Naturales\u00bb]<\/div><\/div><\/div><\/div><div class=\"vc_row wpb_row vc_row-fluid\" ><div class=\"wpb_column vc_column_container vc_col-sm-12\"><div class=\"vc_column-inner\"><div class=\"wpb_wrapper\"><div class=\"vc_empty_space\"   style=\"height: 32px\"><span class=\"vc_empty_space_inner\"><\/span><\/div><\/div><\/div><\/div><\/div><div class=\"vc_row wpb_row vc_row-fluid\" ><div class=\"wpb_column vc_column_container vc_col-sm-12\"><div class=\"vc_column-inner\"><div class=\"wpb_wrapper\">\n\t<div class=\"wpb_text_column wpb_content_element\" >\n\t\t<div class=\"wpb_wrapper\">\n\t\t\t<h2>Los Haitises Milli Park\u0131 + Sabana de la Mardan Ca\u00f1o Hondoda nahar<\/h2>\n<h3>T\u0259svir<\/h3>\n<p>Los Haitises Milli Park\u0131na tam g\u00fcnl\u00fck ekskursiya v\u0259 Ca\u00f1o Hondoda nahar v\u0259 t\u0259bii hovuzlarda \u00fczg\u00fc\u00e7\u00fcl\u00fck. Biziml\u0259 g\u0259lin v\u0259 Dominikan Respublikas\u0131n\u0131n \u0259n g\u00f6z\u0259l milli park\u0131n\u0131 ziyar\u0259t edin, manqrovlar\u0131, ma\u011faralar\u0131 v\u0259 San Lorenzo k\u00f6rf\u0259zini ziyar\u0259t edin. Los Haitises Milli Park\u0131n\u0131n okean m\u0259nz\u0259r\u0259si il\u0259 tipik nahardan h\u0259zz almaq \u00fc\u00e7\u00fcn 15 d\u0259qiq\u0259 piyada getm\u0259k \u00fc\u00e7\u00fcn Kano Hondo liman\u0131na qay\u0131d\u0131n. Bundan sonra saat 16:30-a q\u0259d\u0259r t\u0259bii bulaqda \u00fczm\u0259k.<\/p>\n<ul>\n<li>Bufet nahar daxildir.<\/li>\n<li>T\u0259bii hovuzlarda \u00fczm\u0259k<\/li>\n<li>Vergil\u0259r daxildir<\/li>\n<li>B\u0259l\u0259d\u00e7i t\u0259limat v\u0259 n\u0259zar\u0259ti t\u0259min edir.<\/li>\n<\/ul>\n<h3>Daxiletm\u0259l\u0259r v\u0259 istisnalar<\/h3>\n<h4>Daxiletm\u0259l\u0259r<\/h4>\n<ol>\n<li>Ecolodge-da nahar<\/li>\n<li>Los Haitises Turu + Ma\u011faralar v\u0259 Piktoqraflar<\/li>\n<li>B\u00fct\u00fcn vergil\u0259r, r\u00fcsumlar v\u0259 \u0259m\u0259liyyat x\u0259rcl\u0259ri.<\/li>\n<li>Yerli vergil\u0259r<\/li>\n<li>\u0130\u00e7kil\u0259r<\/li>\n<li>B\u00fct\u00fcn f\u0259aliyy\u0259tl\u0259r<\/li>\n<li>Yerli b\u0259l\u0259d\u00e7i<\/li>\n<\/ol>\n<h4>\u0130stisnalar<\/h4>\n<ol>\n<li>M\u0259sl\u0259h\u0259tl\u0259r<\/li>\n<li>N\u0259qliyyat<\/li>\n<li>Spirtli i\u00e7kil\u0259r<\/li>\n<\/ol>\n<h3><em>Gedi\u015f v\u0259 d\u00f6n\u00fc\u015f<\/em><\/h3>\n<p>S\u0259yyah rezervasiya prosesind\u0259n sonra g\u00f6r\u00fc\u015f n\u00f6qt\u0259si \u0259ld\u0259 ed\u0259c\u0259k. Turlar g\u00f6r\u00fc\u015f n\u00f6qt\u0259l\u0259rimizd\u0259 ba\u015flay\u0131r v\u0259 bitir.<\/p>\n<h3><em>N\u0259 g\u00f6zl\u0259m\u0259k olar?<\/em><\/h3>\n<p>Ca\u00f1o Hondo-da g\u00f6z\u0259l nahar v\u0259 t\u0259bii bulaqlarda \u00fczm\u0259kl\u0259 Los Haitises Milli Park\u0131n\u0131 ziyar\u0259t etm\u0259k \u00fc\u00e7\u00fcn biletl\u0259rinizi \u0259ld\u0259 edin. Ca\u00f1o Hondo otel \u0259razisind\u0259n v\u0259 ya Sabana de la Mardan manqrovlar, q\u0259dim pirat ma\u011faralar\u0131 v\u0259 bu m\u0259nz\u0259r\u0259li qoru\u011fun qorunan me\u015f\u0259l\u0259ri il\u0259 qay\u0131q turuna \u00e7\u0131x\u0131n.<\/p>\n<p>El recorrido, organizado por \u00abBooking Adventures\u00bb, comienza en el punto de encuentro establecido con el gu\u00eda tur\u00edstico. Ven con Booking Adventures y comienza a observar algunos manglares llenos de p\u00e1jaros, colinas onduladas de exuberante vegetaci\u00f3n y cuevas del Parque Nacional Los Haitises. Excursi\u00f3n en bote desde el r\u00edo Ca\u00f1o Hondo, Sabana de la Mar.<\/p>\n<p>Manqrovlar v\u0259 a\u00e7\u0131q San Lorenzo K\u00f6rf\u0259zind\u0259ki torpaq vasit\u0259sil\u0259, buradan m\u00f6hk\u0259m me\u015f\u0259 m\u0259nz\u0259r\u0259sini \u00e7\u0259k\u0259 bil\u0259rsiniz. Manatlar\u0131, x\u0259r\u00e7\u0259ngkimil\u0259ri v\u0259 delfinl\u0259ri g\u00f6rm\u0259k \u00fc\u00e7\u00fcn suya bax\u0131n.<\/p>\n<p>El nombre del parque nacional proviene de sus habitantes originales, los indios ta\u00ednos. En su idioma, \u00abHaitises\u00bb se traduce en tierras altas o colinas, una referencia a las empinadas formaciones geol\u00f3gicas de la costa con calizas. Avent\u00farate m\u00e1s en el parque para explorar cuevas como la Cueva de la Arena y la Cueva de la l\u00ednea. Las cuevas en la reserva fueron utilizadas como refugio por los indios ta\u00ednos y, m\u00e1s tarde, por los piratas escondidos. Busque dibujos de indios que decoran algunas de las paredes. Despu\u00e9s de visitar el Parque Nacional Los Haitises iremos a Ca\u00f1o Hondo. En Ca\u00f1o Hondo aprendiendo sobre esta historia de ecolodge y la hora del almuerzo con la comida t\u00edpica de la comunidad de Sabana de la Mar.<\/p>\n<p>Nahar dadl\u0131 olacaq, amma h\u0259l\u0259 bitm\u0259mi\u015fik. Nahardan sonra \u00e7oxillik \u00e7ay olan Jibales \u00e7ay\u0131ndan Ka\u00f1o Hondo \u00e7ay\u0131na q\u0259d\u0259r t\u0259bii bulaqda \u00fcz\u0259c\u0259yik. \u0130st\u0259yirsinizs\u0259, saat 18:00-a q\u0259d\u0259r Ca\u00f1o Hondoda qal\u0131n.<\/p>\n<p>T\u0259bi\u0259t Hovuzlar\u0131nda \u00fczm\u0259k v\u0259 g\u0259zm\u0259k ist\u0259diyiniz q\u0259d\u0259r qala bil\u0259rsiniz. \u018fg\u0259r vegetarians\u0131n\u0131zsa, biz d\u0259 sizin \u00fc\u00e7\u00fcn yem\u0259k haz\u0131rlaya bil\u0259rik.<\/p>\n<h3><em>N\u0259 g\u0259tirm\u0259lis\u0259n?<\/em><\/h3>\n<ul>\n<li>Kamera<\/li>\n<li>Repelentl\u0259r<\/li>\n<li>g\u00fcn\u0259\u015f kremi<\/li>\n<li>\u015eapka<\/li>\n<li>Rahat \u015falvar<\/li>\n<li>Me\u015f\u0259 g\u0259zinti ayaqqab\u0131lar\u0131<\/li>\n<li>Yaz sah\u0259l\u0259ri \u00fc\u00e7\u00fcn sandaletl\u0259r.<\/li>\n<li>\u00c7im\u0259rlik geyimi<\/li>\n<\/ul>\n<h3><em>Oteld\u0259n g\u00f6t\u00fcr\u00fclm\u0259<\/em><\/h3>\n<p>Bu tur \u00fc\u00e7\u00fcn oteld\u0259n g\u00f6t\u00fcrm\u0259 t\u0259klif edilmir.<\/p>\n<p><strong>Qeyd:<\/strong> \u018fg\u0259r turun\/ekskursiyan\u0131n gedi\u015f vaxt\u0131ndan sonra 24 saat \u0259rzind\u0259 rezervasiya ets\u0259niz, \u0259lav\u0259 \u00f6d\u0259ni\u015fl\u0259 oteld\u0259n g\u00f6t\u00fcr\u00fclm\u0259ni t\u0259\u015fkil ed\u0259 bil\u0259rik. Al\u0131\u015f-veri\u015finiz ba\u015fa \u00e7atd\u0131qdan sonra, g\u00f6t\u00fcrm\u0259 t\u0259nziml\u0259m\u0259l\u0259rini t\u0259\u015fkil etm\u0259k \u00fc\u00e7\u00fcn siz\u0259 yerli tur b\u0259l\u0259d\u00e7imiz \u00fc\u00e7\u00fcn tam \u0259laq\u0259 m\u0259lumat\u0131 (telefon n\u00f6mr\u0259si, e-po\u00e7t \u00fcnvan\u0131 v\u0259 s.) g\u00f6nd\u0259r\u0259c\u0259yik.<\/p>\n<h3><em>\u018flav\u0259 m\u0259lumatlar\u0131n t\u0259sdiqi<\/em><\/h3>\n<ul>\n<li>Biletl\u0259r bu Tur \u00fc\u00e7\u00fcn \u00f6d\u0259ni\u015f edildikd\u0259n sonra q\u0259bzdir. \u00d6d\u0259ni\u015fi telefonunuzda g\u00f6st\u0259r\u0259 bil\u0259rsiniz.<\/li>\n<li>G\u00f6r\u00fc\u015f n\u00f6qt\u0259si rezervasiya prosesind\u0259n sonra al\u0131nacaq.<\/li>\n<li>U\u015faqlar b\u00f6y\u00fckl\u0259r t\u0259r\u0259find\u0259n m\u00fc\u015fayi\u0259t olunmal\u0131d\u0131r.<\/li>\n<li>\u018flil arabas\u0131 \u00fc\u00e7\u00fcn \u0259l\u00e7atan deyil<\/li>\n<li>K\u00f6rp\u0259l\u0259r u\u015faq oturaca\u011f\u0131nda v\u0259 ya b\u00f6y\u00fckl\u0259rin yan\u0131nda oturmal\u0131d\u0131rlar<\/li>\n<li>Arxa probleml\u0259ri olan s\u0259yah\u0259t\u00e7il\u0259r \u00fc\u00e7\u00fcn t\u00f6vsiy\u0259 edilmir.<\/li>\n<li>Hamil\u0259 qad\u0131nlar \u00fc\u00e7\u00fcn t\u00f6vsiy\u0259 edilmir.<\/li>\n<li>\u00dcr\u0259k problemi v\u0259 ya dig\u0259r ciddi tibbi \u015f\u0259rtl\u0259r yoxdur.<\/li>\n<li>\u018fks\u0259r s\u0259yah\u0259t\u00e7il\u0259r i\u015ftirak ed\u0259 bil\u0259r.<\/li>\n<\/ul>\n<h3><em>L\u0259\u011fv etm\u0259 siyas\u0259ti<\/em><\/h3>\n<p>Tam geri qaytarmaq \u00fc\u00e7\u00fcn t\u0259cr\u00fcb\u0259nin ba\u015flama tarixind\u0259n \u0259n az\u0131 24 saat \u0259vv\u0259l l\u0259\u011fv edin.<\/p>\n\n\t\t<\/div>\n\t<\/div>\n<\/div><\/div><\/div><\/div><div class=\"vc_row wpb_row vc_row-fluid\" ><div class=\"wpb_column vc_column_container vc_col-sm-12\"><div class=\"vc_column-inner\"><div class=\"wpb_wrapper\">\n\t<div class=\"wpb_video_widget wpb_content_element vc_clearfix   vc_video-aspect-ratio-169 vc_video-el-width-100 vc_video-align-left\" >\n\t\t<div class=\"wpb_wrapper\">\n\t\t\t\n\t\t\t<div class=\"wpb_video_wrapper\"><iframe loading=\"lazy\" title=\"Los Haitises Milli Park\u0131, Samana v\u0259 ya Sabana de la Mardan Turlar v\u0259 Ekskursiyalar. Burada rezervasiya edin:\" src=\"https:\/\/player.vimeo.com\/video\/346508015?dnt=1&amp;app_id=122963\" width=\"1100\" height=\"619\" frameborder=\"0\" allow=\"autoplay; fullscreen\" allowfullscreen><\/iframe><\/div>\n\t\t<\/div>\n\t<\/div>\n<\/div><\/div><\/div><\/div><div class=\"vc_row wpb_row vc_row-fluid\" ><div class=\"wpb_column vc_column_container vc_col-sm-12\"><div class=\"vc_column-inner\"><div class=\"wpb_wrapper\"><div class=\"vc_empty_space\"   style=\"height: 32px\"><span class=\"vc_empty_space_inner\"><\/span><\/div>\n\t<div class=\"wpb_text_column wpb_content_element\" >\n\t\t<div class=\"wpb_wrapper\">\n\t\t\t<h4>Biziml\u0259 \u0259laq\u0259 saxlay\u0131n?<\/h4>\n<h5>Mac\u0259ra Rezervasyonlar\u0131<\/h5>\n<p><strong><em>Yerli v\u0259 milli tur b\u0259l\u0259d\u00e7il\u0259ri v\u0259 qonaq xidm\u0259tl\u0259ri<\/em><\/strong><\/p>\n<p>Rezervasyonlar: Dom.Reps-d\u0259 Turlar v\u0259 Ekskursiyalar.<\/p>\n<p>Tel\/Whatsapp +1-809-720-6035.<\/p>\n<p>info@bookingadventures.com.do<\/p>\n<p>Whatsapp vasit\u0259sil\u0259 \u00e7evik konfiqurasiya il\u0259 \u015f\u0259xsi turlar edirik: +18097206035.<\/p>\n\n\t\t<\/div>\n\t<\/div>\n<div class=\"vc_empty_space\"   style=\"height: 32px\"><span class=\"vc_empty_space_inner\"><\/span><\/div><\/div><\/div><\/div><\/div>","protected":false},"excerpt":{"rendered":"<p>Sabana de la Mardan Los Haitises Milli Park\u0131na ekskursiya, manqrovlara, ma\u011faralara, piktoqraflara ba\u015f \u00e7\u0259km\u0259k + Cano Hondo turlar\u0131nda v\u0259 hovuzlarda nahar.<\/p>\n<p>Bu turu g\u0259zinti mar\u015frutu il\u0259 qurun v\u0259 yerli b\u0259l\u0259d\u00e7il\u0259rd\u0259n Los Haitises Milli Park\u0131n\u0131n tarixini \u00f6yr\u0259nin.<\/p>","protected":false},"featured_media":82,"template":"","meta":[],"product_brand":[],"product_cat":[443,123,124],"product_tag":[126,127,128,145,202,203,132,133,146,114,204],"class_list":{"0":"post-553","1":"product","2":"type-product","3":"status-publish","4":"has-post-thumbnail","6":"product_cat-tours-y-excursiones-es","7":"product_cat-tours-excursions-los-haitises-national-park","8":"product_cat-tours-excursions-samana-bay-dominican-republic","9":"product_tag-cano-hondo","10":"product_tag-cano-hondo-hotel","11":"product_tag-cano-hondo-tours","12":"product_tag-day-tour-cano-hondo","13":"product_tag-la-arena-cave","14":"product_tag-line-cave","15":"product_tag-los-haitises","16":"product_tag-los-haitises-national-park","17":"product_tag-mangroves-los-haitises","18":"product_tag-sabana-de-la-mar","19":"product_tag-san-lorenzo-bay","21":"first","22":"instock","23":"sale","24":"sold-individually","25":"shipping-taxable","26":"product-type-external"},"_links":{"self":[{"href":"https:\/\/haitises.com\/az\/wp-json\/wp\/v2\/product\/553","targetHints":{"allow":["GET"]}}],"collection":[{"href":"https:\/\/haitises.com\/az\/wp-json\/wp\/v2\/product"}],"about":[{"href":"https:\/\/haitises.com\/az\/wp-json\/wp\/v2\/types\/product"}],"wp:featuredmedia":[{"embeddable":true,"href":"https:\/\/haitises.com\/az\/wp-json\/wp\/v2\/media\/82"}],"wp:attachment":[{"href":"https:\/\/haitises.com\/az\/wp-json\/wp\/v2\/media?parent=553"}],"wp:term":[{"taxonomy":"product_brand","embeddable":true,"href":"https:\/\/haitises.com\/az\/wp-json\/wp\/v2\/product_brand?post=553"},{"taxonomy":"product_cat","embeddable":true,"href":"https:\/\/haitises.com\/az\/wp-json\/wp\/v2\/product_cat?post=553"},{"taxonomy":"product_tag","embeddable":true,"href":"https:\/\/haitises.com\/az\/wp-json\/wp\/v2\/product_tag?post=553"}],"curies":[{"name":"wp","href":"https:\/\/api.w.org\/{rel}","templated":true}]}}