{"id":543,"date":"2020-06-14T19:18:13","date_gmt":"2020-06-14T19:18:13","guid":{"rendered":"http:\/\/haitises.com\/?post_type=product&#038;p=543"},"modified":"2024-08-22T05:45:22","modified_gmt":"2024-08-22T05:45:22","slug":"parque-nacional-los-haitises-desde-el-puerto-de-samana","status":"publish","type":"product","link":"https:\/\/haitises.com\/az\/oz\u0259l\/parque-nacional-los-haitises-desde-el-puerto-de-samana\/","title":{"rendered":"Samana liman\u0131ndan Los Haitises Milli Park\u0131"},"content":{"rendered":"<div class=\"vc_row wpb_row vc_row-fluid\" ><div class=\"wpb_column vc_column_container vc_col-sm-12\"><div class=\"vc_column-inner\"><div class=\"wpb_wrapper\">\n\t<div class=\"wpb_text_column wpb_content_element\" >\n\t\t<div class=\"wpb_wrapper\">\n\t\t\t<h2>Samana liman\u0131ndan Los Haitises Milli Park\u0131 (Saman\u00e1 Bay).<\/h2>\n<ul>\n<li>Los Haitises Milli Park\u0131na qay\u0131qla ekskursiya<br \/>\n<h3>T\u0259svir<\/h3>\n<p>Samana liman\u0131ndan Los Haitises Milli Park\u0131n\u0131 ziyar\u0259t edin. Biziml\u0259 g\u0259lin v\u0259 Dominikan Respublikas\u0131n\u0131n \u0259n g\u00f6z\u0259l milli park\u0131n\u0131 ziyar\u0259t edin, manqrovlar\u0131, ma\u011faralar\u0131 v\u0259 San Lorenzo k\u00f6rf\u0259zini ziyar\u0259t edin, h\u0259m\u00e7inin g\u00f6z\u0259l Samana k\u00f6rf\u0259zini ke\u00e7in. Sonra Samana liman\u0131na qay\u0131d\u0131n.<\/li>\n<\/ul>\n<p>Bu t\u0259cr\u00fcb\u0259d\u0259n sonra Samana liman\u0131na qay\u0131dacaqs\u0131n\u0131z.<\/p>\n<ul>\n<li>Vergil\u0259r daxildir<br \/>\nB\u0259l\u0259d\u00e7i t\u0259limat v\u0259 n\u0259zar\u0259ti t\u0259min edir.<\/li>\n<li>Daxiletm\u0259l\u0259r v\u0259 istisnalar<\/li>\n<\/ul>\n<h3>Daxiletm\u0259l\u0259r<\/h3>\n<ol>\n<li>Los Haitises Turu + Ma\u011faralar v\u0259 Piktoqraflar<\/li>\n<li>B\u00fct\u00fcn vergil\u0259r, r\u00fcsumlar v\u0259 \u0259m\u0259liyyat x\u0259rcl\u0259ri.<\/li>\n<li>Yerli vergil\u0259r<\/li>\n<li>\u0130\u00e7kil\u0259r<\/li>\n<li>B\u00fct\u00fcn f\u0259aliyy\u0259tl\u0259r<\/li>\n<li>Yerli b\u0259l\u0259d\u00e7i<\/li>\n<\/ol>\n<h3>\u0130stisnalar<\/h3>\n<ol>\n<li>M\u0259sl\u0259h\u0259tl\u0259r<\/li>\n<li>Transfer<\/li>\n<li>Spirtli i\u00e7kil\u0259r<\/li>\n<li>Nahar daxil deyil, nahara bu s\u0259f\u0259rl\u0259rd\u0259n birini se\u00e7m\u0259k daxildir: Samana liman\u0131ndan Los Haitises + Cayo Levantado v\u0259 ya Samana liman\u0131ndan Los Haitises + Cano Hondo.<\/li>\n<\/ol>\n<h3>Gedi\u015f v\u0259 d\u00f6n\u00fc\u015f<\/h3>\n<p>S\u0259yyah rezervasiya prosesind\u0259n sonra g\u00f6r\u00fc\u015f n\u00f6qt\u0259si \u0259ld\u0259 ed\u0259c\u0259k. Turlar g\u00f6r\u00fc\u015f n\u00f6qt\u0259l\u0259rimizd\u0259 ba\u015flay\u0131r v\u0259 bitir.<\/p>\n<h3>N\u0259 g\u00f6zl\u0259m\u0259k olar?<\/h3>\n<p>Ca\u00f1o Hondo-da g\u00f6z\u0259l nahar v\u0259 t\u0259bii bulaqlarda \u00fczm\u0259kl\u0259 Los Haitises Milli Park\u0131n\u0131 ziyar\u0259t etm\u0259k \u00fc\u00e7\u00fcn biletl\u0259rinizi \u0259ld\u0259 edin.<\/p>\n<p>Samana liman\u0131ndan yerli tur b\u0259l\u0259d\u00e7isi il\u0259 bir qay\u0131q v\u0259 ya katamaranda ba\u015flayaraq, Dominikan Respublikas\u0131n\u0131n \u0259n g\u00f6z\u0259l milli parklar\u0131ndan birini ziyar\u0259t etm\u0259k \u00fc\u00e7\u00fcn Sabana de la Mar\u0131n yan\u0131ndak\u0131 Samana k\u00f6rf\u0259zind\u0259n ke\u00e7irik. Haitises milli park\u0131.<\/p>\n<p>\u018ftraf\u0131nda qu\u015flar\u0131n oldu\u011fu adaya s\u0259f\u0259r. Yuvalama m\u00f6vs\u00fcm\u00fcnd\u0259 h\u0259tta yuvalarda qutan balalar\u0131n\u0131 da g\u00f6r\u0259 bil\u0259rik. Qayal\u0131 adaya daha da gedin v\u0259 yerli xalq\u0131n piktoqraflar\u0131 v\u0259 petroqraflar\u0131 olan ma\u011faralar\u0131 ziyar\u0259t edin.<\/p>\n<p>El recorrido, organizado por \u00abBooking Adventures\u00bb, comienza en el punto de encuentro establecido con el gu\u00eda tur\u00edstico. Ven con Booking Adventures y comienza a observar algunos manglares llenos de p\u00e1jaros, colinas onduladas de exuberante vegetaci\u00f3n y cuevas del Parque Nacional Los Haitises.<\/p>\n<p>Manqrovlar v\u0259 a\u00e7\u0131q San Lorenzo K\u00f6rf\u0259zind\u0259ki torpaq vasit\u0259sil\u0259, buradan m\u00f6hk\u0259m me\u015f\u0259 m\u0259nz\u0259r\u0259sini \u00e7\u0259k\u0259 bil\u0259rsiniz. Manatlar\u0131, x\u0259r\u00e7\u0259ngkimil\u0259ri v\u0259 delfinl\u0259ri g\u00f6rm\u0259k \u00fc\u00e7\u00fcn suya bax\u0131n.<\/p>\n<p>El nombre del parque nacional proviene de sus habitantes originales, los indios ta\u00ednos. En su idioma, \u00abHaitises\u00bb se traduce en tierras altas o colinas, una referencia a las empinadas formaciones geol\u00f3gicas de la costa con calizas. Avent\u00farate en el parque para explorar cuevas como la Cueva de la Arena y la Cueva de la L\u00ednea. Las cuevas en la reserva fueron utilizadas como refugio por los indios ta\u00ednos y, m\u00e1s tarde, por los piratas escondidos. Busque dibujos de indios que decoran algunas de las paredes. Despu\u00e9s de visitar el Parque Nacional Los Haitises, regresaremos al puerto de Saman\u00e1 pasando la bah\u00eda de Saman\u00e1 30 minutos.<\/p>\n<p>Bu s\u0259yah\u0259ti daha \u00e7ox b\u0259y\u0259nirsinizs\u0259, bu se\u00e7iml\u0259rimiz var:<\/p>\n<p>Samana liman\u0131ndan Los Haitises + Cayo Levantado.<br \/>\nSamana liman\u0131ndan Los Haitises + Cano Hondo.<\/p>\n<h3>N\u0259 g\u0259tirm\u0259lis\u0259n?<\/h3>\n<ul>\n<li>Kamera<\/li>\n<li>kovucu q\u00f6n\u00e7\u0259l\u0259r<\/li>\n<li>g\u00fcn\u0259\u015f kremi<\/li>\n<li>\u015eapka<\/li>\n<li>Rahat \u015falvar<\/li>\n<li>Me\u015f\u0259 g\u0259zinti ayaqqab\u0131lar\u0131<\/li>\n<li>Yaz sah\u0259l\u0259ri \u00fc\u00e7\u00fcn sandaletl\u0259r.<\/li>\n<li>\u00fczg\u00fc\u00e7\u00fcl\u00fck paltar\u0131<\/li>\n<\/ul>\n<h3>Oteld\u0259n g\u00f6t\u00fcr\u00fclm\u0259<\/h3>\n<p>Bu tur \u00fc\u00e7\u00fcn oteld\u0259n g\u00f6t\u00fcrm\u0259 t\u0259klif edilmir.<\/p>\n<p>Qeyd: Turun\/ekskursiyan\u0131n gedi\u015f vaxt\u0131ndan sonra 24 saat \u0259rzind\u0259 rezervasiya ets\u0259niz, \u0259lav\u0259 \u00f6d\u0259ni\u015fl\u0259 oteld\u0259n g\u00f6t\u00fcr\u00fclm\u0259ni t\u0259\u015fkil ed\u0259 bil\u0259rik. Al\u0131\u015f-veri\u015finiz ba\u015fa \u00e7atd\u0131qdan sonra, g\u00f6t\u00fcrm\u0259 t\u0259nziml\u0259m\u0259l\u0259rini t\u0259\u015fkil etm\u0259k \u00fc\u00e7\u00fcn siz\u0259 yerli tur b\u0259l\u0259d\u00e7imiz \u00fc\u00e7\u00fcn tam \u0259laq\u0259 m\u0259lumat\u0131 (telefon n\u00f6mr\u0259si, e-po\u00e7t \u00fcnvan\u0131 v\u0259 s.) g\u00f6nd\u0259r\u0259c\u0259yik.<\/p>\n<h3>\u018flav\u0259 m\u0259lumatlar\u0131n t\u0259sdiqi<\/h3>\n<ol>\n<li>Biletl\u0259r bu Tur \u00fc\u00e7\u00fcn \u00f6d\u0259ni\u015f edildikd\u0259n sonra q\u0259bzdir. \u00d6d\u0259ni\u015fi telefonunuzda g\u00f6st\u0259r\u0259 bil\u0259rsiniz.<\/li>\n<li>G\u00f6r\u00fc\u015f n\u00f6qt\u0259si rezervasiya prosesind\u0259n sonra al\u0131nacaq.<\/li>\n<li>U\u015faqlar b\u00f6y\u00fckl\u0259r t\u0259r\u0259find\u0259n m\u00fc\u015fayi\u0259t olunmal\u0131d\u0131r.<\/li>\n<li>\u018flil arabas\u0131 \u00fc\u00e7\u00fcn \u0259l\u00e7atan deyil<\/li>\n<li>K\u00f6rp\u0259l\u0259r quca\u011f\u0131nda oturmal\u0131d\u0131rlar<\/li>\n<li>Arxa probleml\u0259ri olan s\u0259yah\u0259t\u00e7il\u0259r \u00fc\u00e7\u00fcn t\u00f6vsiy\u0259 edilmir.<\/li>\n<li>Hamil\u0259 s\u0259yah\u0259t ed\u0259nl\u0259r \u00fc\u00e7\u00fcn t\u00f6vsiy\u0259 edilmir.<\/li>\n<li>\u00dcr\u0259k problemi v\u0259 ya dig\u0259r ciddi tibbi \u015f\u0259rtl\u0259r yoxdur.<\/li>\n<li>\u018fks\u0259r s\u0259yah\u0259t\u00e7il\u0259r i\u015ftirak ed\u0259 bil\u0259r.<\/li>\n<\/ol>\n<h3>L\u0259\u011fv etm\u0259 siyas\u0259ti<\/h3>\n<p>Tam geri qaytarmaq \u00fc\u00e7\u00fcn t\u0259cr\u00fcb\u0259nin ba\u015flama tarixind\u0259n \u0259n az\u0131 24 saat \u0259vv\u0259l l\u0259\u011fv edin.<\/p>\n<h3>Biziml\u0259 \u0259laq\u0259 saxlay\u0131n?<\/h3>\n<p>Rezervasiya mac\u0259ralar\u0131<br \/>\nYerli v\u0259 milli tur b\u0259l\u0259d\u00e7il\u0259ri v\u0259 qonaq xidm\u0259tl\u0259ri<\/p>\n<p>Rezervasyonlar: Dom Rep-d\u0259 Turlar v\u0259 Ekskursiyalar.<\/p>\n<p>\ud83d\udcde Tel\/Whatsapp +1-809-720-6035.<\/p>\n<p>\ud83d\udce9 info@bookingadventures.com.do<\/p>\n<p>Whatsapp il\u0259 \u00e7eviklikl\u0259 \u00f6z\u0259l turlar edirik: +18097206035.<\/p>\n\n\t\t<\/div>\n\t<\/div>\n<\/div><\/div><\/div><\/div><div class=\"vc_row wpb_row vc_row-fluid\" ><div class=\"wpb_column vc_column_container vc_col-sm-12\"><div class=\"vc_column-inner\"><div class=\"wpb_wrapper\"><div class=\"vc_empty_space\"   style=\"height: 32px\"><span class=\"vc_empty_space_inner\"><\/span><\/div>\n\t<div class=\"wpb_video_widget wpb_content_element vc_clearfix   vc_video-aspect-ratio-169 vc_video-el-width-100 vc_video-align-left\" >\n\t\t<div class=\"wpb_wrapper\">\n\t\t\t<h2 class=\"wpb_heading wpb_video_heading\">Los Haitises v\u0259 daha \u00e7ox...<\/h2>\n\t\t\t<div class=\"wpb_video_wrapper\"><iframe loading=\"lazy\" title=\"Dominikan Respublikas\u0131 - Los Haitises ma\u011faralar\u0131 (Tainos), Piktoqraflar v\u0259 Petroqlifl\u0259r\" width=\"1100\" height=\"619\" src=\"https:\/\/www.youtube.com\/embed\/o_ExYqtOlH8?feature=oembed\" frameborder=\"0\" allow=\"accelerometer; autoplay; encrypted-media; gyroscope; picture-in-picture\" allowfullscreen><\/iframe><\/div>\n\t\t<\/div>\n\t<\/div>\n<\/div><\/div><\/div><\/div>","protected":false},"excerpt":{"rendered":"<p>Yerli b\u0259l\u0259d\u00e7i il\u0259 Los Haitises Milli Park\u0131na ekoloji s\u0259yah\u0259t. Los Haitises Milli Park\u0131ndak\u0131 A\u00e7arlar\u0131, manqrovlar\u0131, bitki \u00f6rt\u00fcy\u00fcn\u00fc, qu\u015flar\u0131 seyr etm\u0259k, ma\u011faralar, piktoqraflar v\u0259 Los Haitises Milli Park\u0131ndak\u0131 Sabana de la Mar\u0131n tarixi \u0259razil\u0259rini ziyar\u0259t etm\u0259k.<\/p>\n<p>&nbsp;<\/p>\n<p><strong>Ziyar\u0259tinizin tarixini se\u00e7in:<\/strong><\/p>","protected":false},"featured_media":225,"template":"","meta":[],"product_brand":[],"product_cat":[121,435,430,443],"product_tag":[132,133,432,142,148,143],"class_list":{"0":"post-543","1":"product","2":"type-product","3":"status-publish","4":"has-post-thumbnail","6":"product_cat-mangroves","7":"product_cat-manglares","8":"product_cat-parque-nacional-los-haitises-samana","9":"product_cat-tours-y-excursiones-es","10":"product_tag-los-haitises","11":"product_tag-los-haitises-national-park","12":"product_tag-parque-nacional-los-haitises-samana","13":"product_tag-samana","14":"product_tag-samana-excursions","15":"product_tag-samana-tours","17":"first","18":"instock","19":"sale","20":"sold-individually","21":"shipping-taxable","22":"product-type-external"},"_links":{"self":[{"href":"https:\/\/haitises.com\/az\/wp-json\/wp\/v2\/product\/543","targetHints":{"allow":["GET"]}}],"collection":[{"href":"https:\/\/haitises.com\/az\/wp-json\/wp\/v2\/product"}],"about":[{"href":"https:\/\/haitises.com\/az\/wp-json\/wp\/v2\/types\/product"}],"wp:featuredmedia":[{"embeddable":true,"href":"https:\/\/haitises.com\/az\/wp-json\/wp\/v2\/media\/225"}],"wp:attachment":[{"href":"https:\/\/haitises.com\/az\/wp-json\/wp\/v2\/media?parent=543"}],"wp:term":[{"taxonomy":"product_brand","embeddable":true,"href":"https:\/\/haitises.com\/az\/wp-json\/wp\/v2\/product_brand?post=543"},{"taxonomy":"product_cat","embeddable":true,"href":"https:\/\/haitises.com\/az\/wp-json\/wp\/v2\/product_cat?post=543"},{"taxonomy":"product_tag","embeddable":true,"href":"https:\/\/haitises.com\/az\/wp-json\/wp\/v2\/product_tag?post=543"}],"curies":[{"name":"wp","href":"https:\/\/api.w.org\/{rel}","templated":true}]}}