{"id":48,"date":"2020-06-14T11:56:47","date_gmt":"2020-06-14T11:56:47","guid":{"rendered":"http:\/\/haitises.com\/product\/import-placeholder-for-8856\/"},"modified":"2024-04-22T18:03:02","modified_gmt":"2024-04-22T18:03:02","slug":"los-haitises-national-park-lunch-at-cano-hondo-from-sabana-de-la-mar","status":"publish","type":"product","link":"https:\/\/haitises.com\/az\/oz\u0259l\/los-haitises-national-park-lunch-at-cano-hondo-from-sabana-de-la-mar\/","title":{"rendered":"Los Haitises Milli Park\u0131 + Sabana de la Mardan Ca\u00f1o Hondoda nahar"},"content":{"rendered":"<div class=\"vc_row wpb_row vc_row-fluid\" ><div class=\"wpb_column vc_column_container vc_col-sm-12\"><div class=\"vc_column-inner\"><div class=\"wpb_wrapper\">[mkdf_section_title title_tag=\u00bb\u00bb disable_break_words=\u00bbno\u00bb subtitle_tag=\u00bb\u00bb title=\u00bbLos Haitises National Park + Lunch at Cano Hondo from Sabana de la Mar\u00bb subtitle=\u00bbLunch &amp; Swimming at Natural Springs\u00bb]<\/div><\/div><\/div><\/div><div class=\"vc_row wpb_row vc_row-fluid\" ><div class=\"wpb_column vc_column_container vc_col-sm-12\"><div class=\"vc_column-inner\"><div class=\"wpb_wrapper\"><div class=\"vc_empty_space\"   style=\"height: 32px\"><span class=\"vc_empty_space_inner\"><\/span><\/div><\/div><\/div><\/div><\/div><div class=\"vc_row wpb_row vc_row-fluid\" ><div class=\"wpb_column vc_column_container vc_col-sm-12\"><div class=\"vc_column-inner\"><div class=\"wpb_wrapper\">\n\t<div class=\"wpb_text_column wpb_content_element\" >\n\t\t<div class=\"wpb_wrapper\">\n\t\t\t<h4><b><i>\u00dcmumi bax\u0131\u015f <\/i><\/b><\/h4>\n<p>Full day trip Los Haitises National Park and Lunch at Ca\u00f1o Hondo plus Swimming in Natural Springs.\u00a0 Come with us and visit the most beautiful national park of the Dominican Republic, Visiting Mangroves, Caves and San Lorenzo Bay. Them Back to Ca\u00f1o Hondo Port to Hike 15 min to go and enjoy of a Typical Lunch with Sea view to Los Haitises National Park. After this Swimming in Natural spring until 4: 30 pm.<\/p>\n<p>After this experience, you will get your time on the beach plus local lunch on the beach.<\/p>\n<ul>\n<li style=\"font-weight: 400;\"><span style=\"font-weight: 400;\">Includes buffet lunch\u00a0<\/span><\/li>\n<li>Swimming in Natural Springs<\/li>\n<li style=\"font-weight: 400;\">\u00d6d\u0259ni\u015fl\u0259r daxildir<\/li>\n<li style=\"font-weight: 400;\"><span style=\"font-weight: 400;\">The guide provides instruction and Supervision<\/span><\/li>\n<\/ul>\n<p>&nbsp;<\/p>\n<h4><b>Daxil v\u0259 \u0130stisnalar<\/b><\/h4>\n<p>&nbsp;<\/p>\n<p><b>Daxiletm\u0259l\u0259r<\/b><\/p>\n<ol>\n<li style=\"font-weight: 400;\"><span style=\"font-weight: 400;\">\u00a0lunch on the Ecolodge<\/span><\/li>\n<li style=\"font-weight: 400;\">Los Haitises Turu + Ma\u011faralar v\u0259 Piktoqraflar<\/li>\n<li style=\"font-weight: 400;\"><span style=\"font-weight: 400;\">B\u00fct\u00fcn vergil\u0259r, r\u00fcsumlar v\u0259 \u0259m\u0259liyyat x\u0259rcl\u0259ri<\/span><\/li>\n<li style=\"font-weight: 400;\"><span style=\"font-weight: 400;\">Yerli vergil\u0259r<\/span><\/li>\n<li style=\"font-weight: 400;\"><span style=\"font-weight: 400;\">\u0130\u00e7kil\u0259r<\/span><\/li>\n<li style=\"font-weight: 400;\"><span style=\"font-weight: 400;\">B\u00fct\u00fcn f\u0259aliyy\u0259tl\u0259r<\/span><\/li>\n<li style=\"font-weight: 400;\"><span style=\"font-weight: 400;\">Yerli b\u0259l\u0259d\u00e7i<\/span><\/li>\n<\/ol>\n<p><b> \u0130stisnalar<\/b><\/p>\n<ol>\n<li style=\"font-weight: 400;\"><span style=\"font-weight: 400;\">H\u0259diyy\u0259l\u0259r<\/span><\/li>\n<li style=\"font-weight: 400;\"><span style=\"font-weight: 400;\">Transfer<\/span><\/li>\n<li style=\"font-weight: 400;\"><span style=\"font-weight: 400;\">Spirtli \u0130\u00e7kil\u0259r<\/span><\/li>\n<\/ol>\n<p>&nbsp;<\/p>\n<h4><em><strong>Gedi\u015f v\u0259 Qay\u0131d\u0131\u015f<\/strong><\/em><\/h4>\n<p><span style=\"font-weight: 400;\">Rezervasiya prosesind\u0259n sonra s\u0259yah\u0259t\u00e7i g\u00f6r\u00fc\u015f n\u00f6qt\u0259si \u0259ld\u0259 ed\u0259c\u0259k. Turlar g\u00f6r\u00fc\u015f n\u00f6qt\u0259l\u0259rimizd\u0259 ba\u015flay\u0131r v\u0259 bitir.<\/span><\/p>\n<p>&nbsp;<\/p>\n<h4><b><i>N\u0259 g\u00f6zl\u0259m\u0259k olar?<\/i><\/b><\/h4>\n<p>&nbsp;<\/p>\n<p><em><strong>Biletl\u0259rinizi al\u0131n<\/strong><\/em> for visiting Los Haitises National Park with a wonderful lunch at Cano Hondo and Swimming at the Natural Springs. Take a boat tour through mangroves swamps, past ancient pirate caves, and into protected forests in this picturesque reserve starting from the Ca\u00f1o Hondo Hotels area or from Sabana de la Mar.<\/p>\n<p>The tour, organized by \u00abBooking Adventures\u00bb starts at the meeting point set with the Tour Guide. Come with Booking Adventures and start checking some bird-filled mangroves, rolling hills of lush vegetation and caves of <em><strong>Los Haitises Milli Park\u0131<\/strong><\/em>. Taking a boat Excursion from Ca\u00f1o Hondo river, Sabana de la Mar.<\/p>\n<p>Through the mangroves and Land at the open San Lorenzo Bay, from where you can photograph the rugged forest landscape. Look to the water to spot <em><strong>Manatees<\/strong><\/em>, x\u0259r\u00e7\u0259ngkimil\u0259r v\u0259 <em><strong>Delfinl\u0259r.<\/strong><\/em><\/p>\n<div class=\"body-description secondary\">\n<p>The national park\u2019s name comes from its original inhabitants, the Taino Indians. In their language \u201cHaitises\u201d translates to highlands or Hills, a reference to the coastline\u2019s steep geological formations with Limestones. Aventure deeper into the park to explore caves such as the <em><strong>Cueva de la Arena<\/strong><\/em> v\u0259 <strong><em>Cueva de la linea.<\/em><\/strong> Caves in the reserve were used as shelter by the Taino Indians and, later, by hiding pirates. Look for drawings by Indians that decorate some of the walls. After visiting Los Haitises National Park we will go to Ca\u00f1o Hondo. In Ca\u00f1o Hondo learning about this ecolodge history and Lunchtime with the typical food from Sabana de la Mar Comunity.<\/p>\n<p>Lunch will be delicious but we did not finish yet. After lunchtime, we will swim in the Natural spring from Jibales River a perennial river to the Ca\u00f1o Hondo River.\u00a0 Staying at Ca\u00f1o Hondo until 6: 00 pm if you want or less.<\/p>\n<\/div>\n<p>In the Pools Natural Spring you can stay as long you want swimming and Hiking around. If you are Vegan we also can set some food for you.<\/p>\n<p>&nbsp;<\/p>\n<h4><em><strong>N\u0259 g\u0259tirm\u0259lis\u0259n?<\/strong><\/em><\/h4>\n<ul>\n<li style=\"font-weight: 400;\"><span style=\"font-weight: 400;\">kamera<\/span><\/li>\n<li style=\"font-weight: 400;\"><span style=\"font-weight: 400;\">Qoruyucu q\u00f6n\u00e7\u0259l\u0259r<\/span><\/li>\n<li style=\"font-weight: 400;\"><span style=\"font-weight: 400;\">g\u00fcn\u0259\u015f kremi<\/span><\/li>\n<li style=\"font-weight: 400;\"><span style=\"font-weight: 400;\">\u015eapka<\/span><\/li>\n<li style=\"font-weight: 400;\"><span style=\"font-weight: 400;\">Rahat \u015falvar<\/span><\/li>\n<li style=\"font-weight: 400;\"><span style=\"font-weight: 400;\">Me\u015f\u0259 \u00fc\u00e7\u00fcn g\u0259zinti ayaqqab\u0131lar\u0131<\/span><\/li>\n<li style=\"font-weight: 400;\"><span style=\"font-weight: 400;\">Yaz b\u00f6lg\u0259l\u0259ri \u00fc\u00e7\u00fcn sandaletl\u0259r.<\/span><\/li>\n<li style=\"font-weight: 400;\"><span style=\"font-weight: 400;\">\u00dczg\u00fc\u00e7\u00fcl\u00fck geyimi<\/span><\/li>\n<\/ul>\n<p>&nbsp;<\/p>\n<h4><b><i>Oteld\u0259n g\u00f6t\u00fcr\u00fclm\u0259 <\/i><\/b><\/h4>\n<p><span style=\"font-weight: 400;\">Bu tur \u00fc\u00e7\u00fcn oteld\u0259n g\u00f6t\u00fcr\u00fclm\u0259 t\u0259klif edilmir. <\/span><\/p>\n<p>&nbsp;<\/p>\n<p><b>Qeyd:<\/b><span style=\"font-weight: 400;\"> \u018fg\u0259r siz tur\/ekskursiyan\u0131n gedi\u015f vaxt\u0131ndan sonra 24 saat \u0259rzind\u0259 bron ets\u0259niz, biz \u0259lav\u0259 \u00f6d\u0259ni\u015fl\u0259 oteld\u0259n g\u00f6t\u00fcr\u00fclm\u0259ni t\u0259\u015fkil ed\u0259 bil\u0259rik. Al\u0131\u015f-veri\u015finiz tamamland\u0131qdan sonra g\u00f6t\u00fcrm\u0259 t\u0259dbirl\u0259rini t\u0259\u015fkil etm\u0259k \u00fc\u00e7\u00fcn yerli Tur b\u0259l\u0259d\u00e7imiz \u00fc\u00e7\u00fcn siz\u0259 tam \u0259laq\u0259 m\u0259lumat\u0131 (telefon n\u00f6mr\u0259si, e-po\u00e7t \u00fcnvan\u0131 v\u0259 s.) g\u00f6nd\u0259r\u0259c\u0259yik.<\/span><\/p>\n<h4><b><i>\u018flav\u0259 m\u0259lumat\u0131n t\u0259sdiqi <\/i><\/b><\/h4>\n<ol>\n<li>Biletl\u0259r bu Turu \u00f6d\u0259dikd\u0259n sonra q\u0259bzdir. \u00d6d\u0259ni\u015fi telefonunuzda g\u00f6st\u0259r\u0259 bil\u0259rsiniz.<\/li>\n<li style=\"font-weight: 400;\"><span style=\"font-weight: 400;\">G\u00f6r\u00fc\u015f N\u00f6qt\u0259si Rezervasiya Prosesind\u0259n sonra al\u0131nacaq.<\/span><\/li>\n<li style=\"font-weight: 400;\"><span style=\"font-weight: 400;\">U\u015faqlar b\u00f6y\u00fckl\u0259r t\u0259r\u0259find\u0259n m\u00fc\u015fayi\u0259t olunmal\u0131d\u0131r.<\/span><\/li>\n<li style=\"font-weight: 400;\"><span style=\"font-weight: 400;\"> \u018flil arabas\u0131 \u00fc\u00e7\u00fcn \u0259l\u00e7atan deyil <\/span><\/li>\n<li style=\"font-weight: 400;\"><span style=\"font-weight: 400;\">K\u00f6rp\u0259l\u0259r quca\u011f\u0131nda oturmal\u0131d\u0131rlar <\/span><\/li>\n<li style=\"font-weight: 400;\"><span style=\"font-weight: 400;\">Arxa probleml\u0259ri olan s\u0259yah\u0259t\u00e7il\u0259r \u00fc\u00e7\u00fcn t\u00f6vsiy\u0259 edilmir<\/span><\/li>\n<li style=\"font-weight: 400;\"><span style=\"font-weight: 400;\">Hamil\u0259 s\u0259yah\u0259t ed\u0259nl\u0259r \u00fc\u00e7\u00fcn t\u00f6vsiy\u0259 edilmir <\/span><\/li>\n<li style=\"font-weight: 400;\"><span style=\"font-weight: 400;\"> \u00dcr\u0259k problemi v\u0259 ya dig\u0259r ciddi tibbi \u015f\u0259rtl\u0259r yoxdur <\/span><\/li>\n<li style=\"font-weight: 400;\"><span style=\"font-weight: 400;\">\u018fks\u0259r s\u0259yah\u0259t\u00e7il\u0259r i\u015ftirak ed\u0259 bil\u0259r<\/span><\/li>\n<\/ol>\n<h4><b><i>L\u0259\u011fv Siyas\u0259ti<\/i><\/b><\/h4>\n<p><span style=\"font-weight: 400;\">Tam geri qaytarmaq \u00fc\u00e7\u00fcn t\u0259cr\u00fcb\u0259nin ba\u015flama tarixind\u0259n \u0259n az\u0131 24 saat \u0259vv\u0259l l\u0259\u011fv edin.<\/span><\/p>\n\n\t\t<\/div>\n\t<\/div>\n<\/div><\/div><\/div><\/div><div class=\"vc_row wpb_row vc_row-fluid\" ><div class=\"wpb_column vc_column_container vc_col-sm-12\"><div class=\"vc_column-inner\"><div class=\"wpb_wrapper\">\n\t<div class=\"wpb_video_widget wpb_content_element vc_clearfix   vc_video-aspect-ratio-169 vc_video-el-width-100 vc_video-align-left\" >\n\t\t<div class=\"wpb_wrapper\">\n\t\t\t\n\t\t\t<div class=\"wpb_video_wrapper\"><iframe loading=\"lazy\" title=\"Los Haitises Milli Park\u0131, Samana v\u0259 ya Sabana de la Mardan Turlar v\u0259 Ekskursiyalar. Burada rezervasiya edin:\" src=\"https:\/\/player.vimeo.com\/video\/346508015?dnt=1&amp;app_id=122963\" width=\"1100\" height=\"619\" frameborder=\"0\" allow=\"autoplay; fullscreen\" allowfullscreen><\/iframe><\/div>\n\t\t<\/div>\n\t<\/div>\n<\/div><\/div><\/div><\/div><div class=\"vc_row wpb_row vc_row-fluid\" ><div class=\"wpb_column vc_column_container vc_col-sm-12\"><div class=\"vc_column-inner\"><div class=\"wpb_wrapper\"><div class=\"vc_empty_space\"   style=\"height: 32px\"><span class=\"vc_empty_space_inner\"><\/span><\/div>\n\t<div class=\"wpb_text_column wpb_content_element\" >\n\t\t<div class=\"wpb_wrapper\">\n\t\t\t<h4>Biziml\u0259 \u0259laq\u0259 saxlay\u0131n?<\/h4>\n<h5><em><strong>Rezervasiya mac\u0259ralar\u0131<\/strong><\/em><\/h5>\n<p><em><strong>Yerlil\u0259r<\/strong> v\u0259 <strong>Millil\u0259r<\/strong> Tur B\u0259l\u0259d\u00e7il\u0259ri v\u0259 Qonaq Xidm\u0259tl\u0259ri<\/em><\/p>\n<p><span class=\"text-turquoise\">Rezervasyonlar:<\/span> Dom Rep-d\u0259 Turlar v\u0259 Ekskursiyalar<\/p>\n<p><img decoding=\"async\" class=\"emoji\" draggable=\"false\" src=\"https:\/\/s.w.org\/images\/core\/emoji\/11.2.0\/svg\/1f4de.svg\" alt=\"\ud83d\udcde\" title=\"\"> Tel\/Whatsapp\u00a0 <a href=\"tel:+1-809-720-6035\">+1-809-720-6035<\/a>.<\/p>\n<p><img decoding=\"async\" class=\"emoji\" draggable=\"false\" src=\"https:\/\/s.w.org\/images\/core\/emoji\/11.2.0\/svg\/1f4e9.svg\" alt=\"\ud83d\udce9\" title=\"\"> <a href=\"mailto:info@bookingadventures.com.do\">info@bookingadventures.com.do<\/a><\/p>\n<p><strong>Biz Whatsapp il\u0259 \u00c7evik Qura\u015fd\u0131rma \u015e\u0259xsi Turlar\u0131q: <a href=\"tel:+18097206035\">+18097206035.<\/a><\/strong><\/p>\n\n\t\t<\/div>\n\t<\/div>\n<div class=\"vc_empty_space\"   style=\"height: 32px\"><span class=\"vc_empty_space_inner\"><\/span><\/div><\/div><\/div><\/div><\/div>","protected":false},"excerpt":{"rendered":"<p>Excursion to Los Haitises National Park starting from Sabana de la Mar, Visiting mangroves, Caves, Pictographs + Lunch at Can\u00f1o Hondo tours and Swimming Pools.<\/p>\n<p>Set this tour with a Hiking Trail and learn about the history of Los Haitises National Park with Locals.<\/p>\n<p>&nbsp;<\/p>\n<p><strong>Z\u0259hm\u0259t olmasa Tur \u00fc\u00e7\u00fcn tarixi se\u00e7in\u00a0<\/strong><\/p>","protected":false},"featured_media":82,"template":"","meta":[],"product_brand":[],"product_cat":[123,124],"product_tag":[126,127,128,145,202,203,132,133,146,114,204],"class_list":{"0":"post-48","1":"product","2":"type-product","3":"status-publish","4":"has-post-thumbnail","6":"product_cat-tours-excursions-los-haitises-national-park","7":"product_cat-tours-excursions-samana-bay-dominican-republic","8":"product_tag-cano-hondo","9":"product_tag-cano-hondo-hotel","10":"product_tag-cano-hondo-tours","11":"product_tag-day-tour-cano-hondo","12":"product_tag-la-arena-cave","13":"product_tag-line-cave","14":"product_tag-los-haitises","15":"product_tag-los-haitises-national-park","16":"product_tag-mangroves-los-haitises","17":"product_tag-sabana-de-la-mar","18":"product_tag-san-lorenzo-bay","20":"first","21":"instock","22":"sale","23":"sold-individually","24":"shipping-taxable","25":"product-type-external"},"_links":{"self":[{"href":"https:\/\/haitises.com\/az\/wp-json\/wp\/v2\/product\/48","targetHints":{"allow":["GET"]}}],"collection":[{"href":"https:\/\/haitises.com\/az\/wp-json\/wp\/v2\/product"}],"about":[{"href":"https:\/\/haitises.com\/az\/wp-json\/wp\/v2\/types\/product"}],"wp:featuredmedia":[{"embeddable":true,"href":"https:\/\/haitises.com\/az\/wp-json\/wp\/v2\/media\/82"}],"wp:attachment":[{"href":"https:\/\/haitises.com\/az\/wp-json\/wp\/v2\/media?parent=48"}],"wp:term":[{"taxonomy":"product_brand","embeddable":true,"href":"https:\/\/haitises.com\/az\/wp-json\/wp\/v2\/product_brand?post=48"},{"taxonomy":"product_cat","embeddable":true,"href":"https:\/\/haitises.com\/az\/wp-json\/wp\/v2\/product_cat?post=48"},{"taxonomy":"product_tag","embeddable":true,"href":"https:\/\/haitises.com\/az\/wp-json\/wp\/v2\/product_tag?post=48"}],"curies":[{"name":"wp","href":"https:\/\/api.w.org\/{rel}","templated":true}]}}