{"id":127,"date":"2020-06-14T11:57:48","date_gmt":"2020-06-14T11:57:48","guid":{"rendered":"http:\/\/haitises.com\/product\/import-placeholder-for-9348\/"},"modified":"2024-04-22T15:40:44","modified_gmt":"2024-04-22T15:40:44","slug":"atv-samana-adventures-atv-tours-excursions-in-samana-dominican-republic-atv-el-valle-beach-waterfalls","status":"publish","type":"product","link":"https:\/\/haitises.com\/az\/oz\u0259l\/atv-samana-adventures-atv-tours-excursions-in-samana-dominican-republic-atv-el-valle-beach-waterfalls\/","title":{"rendered":"ATV Samana Adventures \u2013 Samana Dominikan Respublikas\u0131nda ATV Turlar\u0131 v\u0259 Ekskursiyalar\u0131. ATV + El Valle \u00e7im\u0259rliyi v\u0259 \u015f\u0259lal\u0259l\u0259ri"},"content":{"rendered":"<div class=\"vc_row wpb_row vc_row-fluid\" ><div class=\"wpb_column vc_column_container vc_col-sm-12\"><div class=\"vc_column-inner\"><div class=\"wpb_wrapper\">[mkdf_section_title title_tag=\u00bb\u00bb disable_break_words=\u00bbno\u00bb subtitle_tag=\u00bb\u00bb title=\u00bbATV Samana Adventures &#8211; ATV Tours &amp; Excursions in Samana, Dominican Republic. ATV + El Valle Beach &amp; Waterfalls\u00bb subtitle=\u00bbLunch Included at The Beach\u00bb]<\/div><\/div><\/div><\/div><div class=\"vc_row wpb_row vc_row-fluid\" ><div class=\"wpb_column vc_column_container vc_col-sm-12\"><div class=\"vc_column-inner\"><div class=\"wpb_wrapper\">\n\t<div class=\"wpb_text_column wpb_content_element\" >\n\t\t<div class=\"wpb_wrapper\">\n\t\t\t<h3 class=\"ui_header h1 attractions-product-info-ProductTitle__title--1qM0o\">ATV Samana Adventures &#8211; ATV Tours &amp; Excursions in Samana Dominican Republic. ATV + El Valle Beach &amp; Waterfalls.<\/h3>\n<h4><b><i>\u00dcmumi bax\u0131\u015f <\/i><\/b><\/h4>\n<p>Get your Tickets for a half day Excursion in Samana on ATV Tours. <span style=\"font-family: Arial, Helvetica, sans-serif;\"><span style=\"color: #4b291d;\">\u00a0T<\/span>he excursion will start in\u00a0 our office near to Samana Main dock. after driving 30 min we will be Visiting Tree House ecologe on the way to the waterfalls. After Hiking to the waterfalls around 10 min. <\/span><\/p>\n<p><span style=\"font-family: Arial, Helvetica, sans-serif;\">We will have lunch at El valle beach. After 4.5 hours of activities we go back to our meeting point in Samana.\u00a0<\/span><\/p>\n<p>&nbsp;<\/p>\n<h4><b>Daxil v\u0259 \u0130stisnalar<\/b><\/h4>\n<p>&nbsp;<\/p>\n<p><b>Daxiletm\u0259l\u0259r<\/b><\/p>\n<ol>\n<li style=\"font-weight: 400;\">Atv 2 people in One.<\/li>\n<li>Lunch at the beach<\/li>\n<li style=\"font-weight: 400;\"><span style=\"font-weight: 400;\">B\u00fct\u00fcn vergil\u0259r, r\u00fcsumlar v\u0259 \u0259m\u0259liyyat x\u0259rcl\u0259ri<\/span><\/li>\n<li style=\"font-weight: 400;\"><span style=\"font-weight: 400;\">Yerli vergil\u0259r<\/span><\/li>\n<li style=\"font-weight: 400;\"><span style=\"font-weight: 400;\">\u0130\u00e7kil\u0259r<\/span><\/li>\n<li>Q\u0259lyanalt\u0131lar<\/li>\n<li>Waterfalls visit<\/li>\n<li>El Valle Beach<\/li>\n<li>Tree House Visit<\/li>\n<li style=\"font-weight: 400;\"><span style=\"font-weight: 400;\">B\u00fct\u00fcn f\u0259aliyy\u0259tl\u0259r<\/span><\/li>\n<li style=\"font-weight: 400;\"><span style=\"font-weight: 400;\">Yerli b\u0259l\u0259d\u00e7i<\/span><\/li>\n<\/ol>\n<p><b> \u0130stisnalar<\/b><\/p>\n<ol>\n<li style=\"font-weight: 400;\"><span style=\"font-weight: 400;\">H\u0259diyy\u0259l\u0259r<\/span><\/li>\n<li>transportation from Hotels ( Set by Contacting us).<\/li>\n<li style=\"font-weight: 400;\"><span style=\"font-weight: 400;\">Spirtli \u0130\u00e7kil\u0259r<\/span><\/li>\n<\/ol>\n<p>&nbsp;<\/p>\n<h4><em><strong>Gedi\u015f v\u0259 Qay\u0131d\u0131\u015f<\/strong><\/em><\/h4>\n<p><span style=\"font-weight: 400;\">Rezervasiya prosesind\u0259n sonra s\u0259yah\u0259t\u00e7i g\u00f6r\u00fc\u015f n\u00f6qt\u0259si \u0259ld\u0259 ed\u0259c\u0259k. Turlar g\u00f6r\u00fc\u015f yerinizd\u0259 ba\u015flay\u0131r v\u0259 bitir.<\/span><\/p>\n<h4><\/h4>\n<h3 class=\"ui_header h1 attractions-product-info-ProductTitle__title--1qM0o\">ATV Samana Adventures &#8211; ATV Tours &amp; Excursions in Samana Dominican Republic. ATV + El Valle Beach &amp; Waterfalls.<\/h3>\n<h4><b><i>N\u0259 g\u00f6zl\u0259m\u0259k olar?<\/i><\/b><\/h4>\n<div data-tab=\"TABS_WHAT_TO_EXPECT\">\n<div class=\"ui_card attractions-card-CollapsibleProductDetailsCard__cardContainer--3r2wk attractions-card-CollapsibleProductDetailsCard__cleanslateOverrideDT--2AJh0\">\n<div class=\"attractions-card-CollapsibleCard__header--IDA3r\">\n<div class=\"attractions-card-CollapsibleCard__headerSection--3gTKb\"><\/div>\n<\/div>\n<div class=\"attractions-card-CollapsibleCard__content--2Ws8q\">\n<div class=\"attractions-card-CollapsibleCard__contentWrap--374jk attractions-card-CollapsibleCard__titleUnderline--1uHze\">\n<div class=\"attractions-card-CollapsibleProductDetailsCard__cardContent--23ext\">\n<div class=\"common-text-ReadMore__readMore--3Iu8c common-text-ReadMore__variantFadeOut--1tInd\">\n<div class=\"common-text-ReadMore__content--2X4LR\">\n<div class=\"ui_columns is-desktop\">\n<div class=\"ui_column\">Getting your Atv started. So you will get ready to go cross country side and see Saman\u00e1 Peninsula from up close. You&#8217;ll drive your ATV Vehicle trough some rugged terrain and we&#8217;ll visit a Dominican family where we will make a quick stop to take some pictures of\u00a0 Tree house ecologe, drink a good Dominican coffee and enjoy delicious natural chocolate.<\/div>\n<div class=\"ui_column\">After we continue accross a little Village where you can enjoy the warmth of the native Dominican people on the road to visit the waterfalls LULU, Hiking to the waterfalls 10 min and learning about the forest of Dominican Republic in one of the most exotic places in the region.<\/div>\n<div><\/div>\n<div class=\"ui_column\">Getting back to ours ATV to visit on of the most pretty beaches around Samana. El Valle Beach!\u00a0 Where we will stop around 1 hour and 15 minutes to enjoy the magical white sand and the crystal clear turquoise waters of the beach of Playa El Valle . There you can rest, drink, swim, explore, or just lie in the sun if you wish.\u00a0 Buffet will be Ready with typical Dominican meals and if you are Vegan let us Know. We have food for everyone!<\/div>\n<\/div>\n<div>After 4.5 hours we drive back to Samana city town.<\/div>\n<div class=\"ui_columns is-desktop\">\n<div class=\"ui_column\"><\/div>\n<\/div>\n<\/div>\n<\/div>\n<\/div>\n<\/div>\n<\/div>\n<\/div>\n<\/div>\n<h4><em><strong>N\u0259 g\u0259tirm\u0259lis\u0259n?<\/strong><\/em><\/h4>\n<ul>\n<li style=\"font-weight: 400;\"><span style=\"font-weight: 400;\">kamera<\/span><\/li>\n<li style=\"font-weight: 400;\"><span style=\"font-weight: 400;\">Qoruyucu q\u00f6n\u00e7\u0259l\u0259r<\/span><\/li>\n<li style=\"font-weight: 400;\"><span style=\"font-weight: 400;\">g\u00fcn\u0259\u015f kremi<\/span><\/li>\n<li style=\"font-weight: 400;\"><span style=\"font-weight: 400;\">\u015eapka<\/span><\/li>\n<li style=\"font-weight: 400;\"><span style=\"font-weight: 400;\">Rahat \u015falvar<\/span><\/li>\n<li style=\"font-weight: 400;\"><span style=\"font-weight: 400;\">Me\u015f\u0259 \u00fc\u00e7\u00fcn g\u0259zinti ayaqqab\u0131lar\u0131<\/span><\/li>\n<li style=\"font-weight: 400;\"><span style=\"font-weight: 400;\">Yaz b\u00f6lg\u0259l\u0259ri \u00fc\u00e7\u00fcn sandaletl\u0259r.<\/span><\/li>\n<li style=\"font-weight: 400;\"><span style=\"font-weight: 400;\">\u00dczg\u00fc\u00e7\u00fcl\u00fck geyimi<\/span><\/li>\n<\/ul>\n<p>&nbsp;<\/p>\n<h4><b><i>Oteld\u0259n g\u00f6t\u00fcr\u00fclm\u0259 <\/i><\/b><\/h4>\n<p><span style=\"font-weight: 400;\">Hotel pick-up is not offered for this tour. We set Pick up contacting us by Whatsapp.<\/span><\/p>\n<p>&nbsp;<\/p>\n<p><b>Qeyd:<\/b><span style=\"font-weight: 400;\"> If you are booking within 24 hours of the tour\/Excursion departure time, we can arrangements hotel pick-up with extra Charges. Once your purchase is complete, we will send you complete contact information (phone number, email address, etc.) for our local Tour guide to organize pick-up arrangements.<\/span><\/p>\n<h4><b><i>\u018flav\u0259 m\u0259lumat\u0131n t\u0259sdiqi <\/i><\/b><\/h4>\n<ol>\n<li>Biletl\u0259r bu Turu \u00f6d\u0259dikd\u0259n sonra q\u0259bzdir. \u00d6d\u0259ni\u015fi telefonunuzda g\u00f6st\u0259r\u0259 bil\u0259rsiniz.<\/li>\n<li style=\"font-weight: 400;\"><span style=\"font-weight: 400;\">G\u00f6r\u00fc\u015f N\u00f6qt\u0259si Rezervasiya Prosesind\u0259n sonra al\u0131nacaq.<\/span><\/li>\n<li style=\"font-weight: 400;\"><span style=\"font-weight: 400;\">U\u015faqlar b\u00f6y\u00fckl\u0259r t\u0259r\u0259find\u0259n m\u00fc\u015fayi\u0259t olunmal\u0131d\u0131r.<\/span><\/li>\n<li style=\"font-weight: 400;\"><span style=\"font-weight: 400;\"> \u018flil arabas\u0131 \u00fc\u00e7\u00fcn \u0259l\u00e7atan deyil <\/span><\/li>\n<li style=\"font-weight: 400;\"><span style=\"font-weight: 400;\">K\u00f6rp\u0259l\u0259r quca\u011f\u0131nda oturmal\u0131d\u0131rlar <\/span><\/li>\n<li style=\"font-weight: 400;\"><span style=\"font-weight: 400;\">Arxa probleml\u0259ri olan s\u0259yah\u0259t\u00e7il\u0259r \u00fc\u00e7\u00fcn t\u00f6vsiy\u0259 edilmir<\/span><\/li>\n<li style=\"font-weight: 400;\"><span style=\"font-weight: 400;\">Hamil\u0259 s\u0259yah\u0259t ed\u0259nl\u0259r \u00fc\u00e7\u00fcn t\u00f6vsiy\u0259 edilmir <\/span><\/li>\n<li style=\"font-weight: 400;\"><span style=\"font-weight: 400;\"> \u00dcr\u0259k problemi v\u0259 ya dig\u0259r ciddi tibbi \u015f\u0259rtl\u0259r yoxdur <\/span><\/li>\n<li style=\"font-weight: 400;\"><span style=\"font-weight: 400;\">\u018fks\u0259r s\u0259yah\u0259t\u00e7il\u0259r i\u015ftirak ed\u0259 bil\u0259r<\/span><\/li>\n<\/ol>\n<h4><b><i>L\u0259\u011fv Siyas\u0259ti<\/i><\/b><\/h4>\n<p><span style=\"font-weight: 400;\">Tam geri qaytarmaq \u00fc\u00e7\u00fcn t\u0259cr\u00fcb\u0259nin ba\u015flama tarixind\u0259n \u0259n az\u0131 24 saat \u0259vv\u0259l l\u0259\u011fv edin. Rezervasiya s\u0259f\u0259rin eyni g\u00fcn\u00fcnd\u0259 l\u0259\u011fv edil\u0259rs\u0259, v\u0259sait itiril\u0259c\u0259k.<\/span><\/p>\n\n\t\t<\/div>\n\t<\/div>\n<\/div><\/div><\/div><\/div><div class=\"vc_row wpb_row vc_row-fluid\" ><div class=\"wpb_column vc_column_container vc_col-sm-12\"><div class=\"vc_column-inner\"><div class=\"wpb_wrapper\">\n\t<div class=\"wpb_video_widget wpb_content_element vc_clearfix   vc_video-aspect-ratio-169 vc_video-el-width-100 vc_video-align-left\" >\n\t\t<div class=\"wpb_wrapper\">\n\t\t\t<h2 class=\"wpb_heading wpb_video_heading\">Samana with Booking Adventures:<\/h2>\n\t\t\t<div class=\"wpb_video_wrapper\"><iframe loading=\"lazy\" title=\"Dominican Destination Samana Zipline, ATV Excursions\" width=\"1100\" height=\"619\" src=\"https:\/\/www.youtube.com\/embed\/8Ybh1xtnr2M?feature=oembed\" frameborder=\"0\" allow=\"accelerometer; autoplay; encrypted-media; gyroscope; picture-in-picture\" allowfullscreen><\/iframe><\/div>\n\t\t<\/div>\n\t<\/div>\n<\/div><\/div><\/div><\/div><div class=\"vc_row wpb_row vc_row-fluid\" ><div class=\"wpb_column vc_column_container vc_col-sm-12\"><div class=\"vc_column-inner\"><div class=\"wpb_wrapper\"><div class=\"vc_empty_space\"   style=\"height: 32px\"><span class=\"vc_empty_space_inner\"><\/span><\/div>\n\t<div class=\"wpb_text_column wpb_content_element\" >\n\t\t<div class=\"wpb_wrapper\">\n\t\t\t<h4>Biziml\u0259 \u0259laq\u0259 saxlay\u0131n?<\/h4>\n<h5><em><strong>Rezervasiya mac\u0259ralar\u0131<\/strong><\/em><\/h5>\n<p><em><strong>Yerlil\u0259r<\/strong>\u00a0v\u0259\u00a0<strong>Millil\u0259r<\/strong>\u00a0Tur B\u0259l\u0259d\u00e7il\u0259ri v\u0259 Qonaq Xidm\u0259tl\u0259ri<\/em><\/p>\n<p><span class=\"text-turquoise\">Rezervasyonlar:<\/span>\u00a0Dom Rep-d\u0259 Turlar v\u0259 Ekskursiyalar<\/p>\n<p><img decoding=\"async\" class=\"emoji\" draggable=\"false\" src=\"https:\/\/s.w.org\/images\/core\/emoji\/11.2.0\/svg\/1f4de.svg\" alt=\"\ud83d\udcde\" title=\"\">\u00a0Tel\/Whatsapp\u00a0\u00a0<a href=\"tel:+1-809-720-6035\">+1-809-720-6035<\/a>.<\/p>\n<p><img decoding=\"async\" class=\"emoji\" draggable=\"false\" src=\"https:\/\/s.w.org\/images\/core\/emoji\/11.2.0\/svg\/1f4e9.svg\" alt=\"\ud83d\udce9\" title=\"\">\u00a0<a href=\"mailto:info@bookingadventures.com.do\">info@bookingadventures.com.do<\/a><\/p>\n<p><strong>Biz Whatsapp il\u0259 \u00c7evik Qura\u015fd\u0131rma \u015e\u0259xsi Turlar\u0131q:\u00a0<a href=\"tel:+18097206035\">+18097206035.<\/a><\/strong><\/p>\n\n\t\t<\/div>\n\t<\/div>\n<div class=\"vc_empty_space\"   style=\"height: 32px\"><span class=\"vc_empty_space_inner\"><\/span><\/div><\/div><\/div><\/div><\/div>","protected":false},"excerpt":{"rendered":"<div class=\"ui_columns is-desktop\">\n<div class=\"ui_column\">This experience in Atv starts in Samana City Center. Driving the Atv to the Waterfalls LULU, passing by Tree House Ecolodge until El Valle Beach.<\/div>\n<div class=\"ui_column\">El Valle Beach!\u00a0 Where we will stop around 1 hour and 15 minutes to enjoy the magical white sand and the crystal clear turquoise waters of the beach of Playa El Valle. There you can rest, drink, swim, explore, or just lie in the sun if you wish. A buffet will be Ready with typical Dominican meals and if you are Vegan let us Know. We have food for everyone!<\/div>\n<div><\/div>\n<\/div>\n<div>After 4.5 hours we drive back to Samana city town.<\/div>\n<p>. Hiking and Swimming with safety equipment to have the best experience ever!!<\/p>\n<p>&nbsp;<\/p>\n<p><strong>Z\u0259hm\u0259t olmasa Tur \u00fc\u00e7\u00fcn tarixi se\u00e7in:\u00a0<\/strong><\/p>","protected":false},"featured_media":392,"template":"","meta":[],"product_brand":[],"product_cat":[317,318,319,120,96,320,135,321,122,100],"product_tag":[322,323,324,325,157,326,201,142,327,148,143,328],"class_list":{"0":"post-127","1":"product","2":"type-product","3":"status-publish","4":"has-post-thumbnail","6":"product_cat-atv-adventures","7":"product_cat-atv-fourwheels","8":"product_cat-atv-tours-excursions-adventures","9":"product_cat-fees-entrace","10":"product_cat-hiking","11":"product_cat-lulu-waterfalls","12":"product_cat-lunch","13":"product_cat-things-to-do-in-samana-province","14":"product_cat-tours-and-excursions","15":"product_cat-waterfalls","16":"product_tag-atv-samana-excursion","17":"product_tag-atv-tours-excursions-in-samana-dominican-republic","18":"product_tag-atv-fourwheels","19":"product_tag-atv-tours-excursions-adventures","20":"product_tag-el-valle-beach","21":"product_tag-lulu-waterfalls","22":"product_tag-private-tours-samana","23":"product_tag-samana","24":"product_tag-samana-atv","25":"product_tag-samana-excursions","26":"product_tag-samana-tours","27":"product_tag-tree-house-samana","29":"first","30":"instock","31":"sale","32":"sold-individually","33":"shipping-taxable","34":"product-type-external"},"_links":{"self":[{"href":"https:\/\/haitises.com\/az\/wp-json\/wp\/v2\/product\/127","targetHints":{"allow":["GET"]}}],"collection":[{"href":"https:\/\/haitises.com\/az\/wp-json\/wp\/v2\/product"}],"about":[{"href":"https:\/\/haitises.com\/az\/wp-json\/wp\/v2\/types\/product"}],"wp:featuredmedia":[{"embeddable":true,"href":"https:\/\/haitises.com\/az\/wp-json\/wp\/v2\/media\/392"}],"wp:attachment":[{"href":"https:\/\/haitises.com\/az\/wp-json\/wp\/v2\/media?parent=127"}],"wp:term":[{"taxonomy":"product_brand","embeddable":true,"href":"https:\/\/haitises.com\/az\/wp-json\/wp\/v2\/product_brand?post=127"},{"taxonomy":"product_cat","embeddable":true,"href":"https:\/\/haitises.com\/az\/wp-json\/wp\/v2\/product_cat?post=127"},{"taxonomy":"product_tag","embeddable":true,"href":"https:\/\/haitises.com\/az\/wp-json\/wp\/v2\/product_tag?post=127"}],"curies":[{"name":"wp","href":"https:\/\/api.w.org\/{rel}","templated":true}]}}