{"id":11696,"date":"2023-10-04T07:40:34","date_gmt":"2023-10-04T07:40:34","guid":{"rendered":"http:\/\/haitises.com\/?post_type=product&#038;p=11696"},"modified":"2024-03-28T19:10:02","modified_gmt":"2024-03-28T19:10:02","slug":"snorkel-cayo-levantado-and-farola-island-snorkeling-3","status":"publish","type":"product","link":"https:\/\/haitises.com\/az\/oz\u0259l\/snorkel-cayo-levantado-and-farola-island-snorkeling-3\/","title":{"rendered":"Snorkel Cayo Levantado and Farola island Snorkeling"},"content":{"rendered":"<div class=\"vc_row wpb_row vc_row-fluid\" ><div class=\"wpb_column vc_column_container vc_col-sm-12\"><div class=\"vc_column-inner\"><div class=\"wpb_wrapper\"><div class=\"vc_empty_space\"   style=\"height: 32px\"><span class=\"vc_empty_space_inner\"><\/span><\/div>[mkdf_section_title title_tag=\u00bb\u00bb disable_break_words=\u00bbno\u00bb subtitle_tag=\u00bb\u00bb title=\u00bbSnorkel Cayo Levantado and Farola island Snorkeling\u00bb subtitle=\u00bbFrom Saman\u00e1 port Private Tour\u00bb]<div class=\"vc_empty_space\"   style=\"height: 32px\"><span class=\"vc_empty_space_inner\"><\/span><\/div><\/div><\/div><\/div><\/div><div class=\"vc_row wpb_row vc_row-fluid\" ><div class=\"wpb_column vc_column_container vc_col-sm-12\"><div class=\"vc_column-inner\"><div class=\"wpb_wrapper\">\n\t<div class=\"wpb_text_column wpb_content_element\" >\n\t\t<div class=\"wpb_wrapper\">\n\t\t\t<div class=\"vc_row wpb_row vc_row-fluid\">\n<div class=\"wpb_column vc_column_container vc_col-sm-12\">\n<div class=\"vc_column-inner\">\n<div class=\"wpb_wrapper\">\n<div class=\"wpb_text_column wpb_content_element\">\n<div class=\"wpb_wrapper\">\n<div class=\"vc_row wpb_row vc_row-fluid\">\n<div class=\"wpb_column vc_column_container vc_col-sm-12\">\n<div class=\"vc_column-inner\">\n<div class=\"wpb_wrapper\">\n<div class=\"wpb_text_column wpb_content_element\">\n<div class=\"wpb_wrapper\">\n<h4><b><i>\u00dcmumi bax\u0131\u015f<\/i><\/b><\/h4>\n<p>We will be touring Cayo Levantado island and Farola, are special little Islands in Samana bay that is home to extraordinary marine life &#8211; including turtles, humpback whales, Lobsters, and Dolphins!<\/p>\n<p><strong>Qeyd:<\/strong> This tour is Private. (Just you and family or friends and Tour Guide).<\/p>\n<p>&nbsp;<\/p>\n<h4><b>Daxil v\u0259 \u0130stisnalar<\/b><\/h4>\n<p>&nbsp;<\/p>\n<p><b>Daxiletm\u0259l\u0259r<\/b><\/p>\n<p>&nbsp;<\/p>\n<ol>\n<li>Tour Guide<\/li>\n<li>Qay\u0131qla s\u0259yah\u0259t<\/li>\n<li>Lifejacket<\/li>\n<li>Snorkeling kit<\/li>\n<li>All taxes, fees, and handling charges<\/li>\n<li>Yerli vergil\u0259r<\/li>\n<li>Beverages (Bottle of water per person)<\/li>\n<\/ol>\n<p><b>\u0130stisnalar<\/b><\/p>\n<ol>\n<li>H\u0259diyy\u0259l\u0259r<\/li>\n<li>Lunch ( Extra Cost 15 USD) Per Person.<\/li>\n<li>Lunch with Lobsters ( Extra Cost 25 USD) Per person.<\/li>\n<li>Transfer Ma\u015f\u0131n\u0131<\/li>\n<li>Spirtli \u0130\u00e7kil\u0259r<\/li>\n<\/ol>\n<p>&nbsp;<\/p>\n<h4><em><strong>Gedi\u015f v\u0259 Qay\u0131d\u0131\u015f<\/strong><\/em><\/h4>\n<p>This trip starts at 8:03 Am and finishes around 12:15 Pm. But because it will be a private trip you may set the time for starting and to finish.<\/p>\n<p>Rezervasiya prosesind\u0259n sonra s\u0259yah\u0259t\u00e7i g\u00f6r\u00fc\u015f n\u00f6qt\u0259si \u0259ld\u0259 ed\u0259c\u0259k. Turlar g\u00f6r\u00fc\u015f n\u00f6qt\u0259l\u0259rimizd\u0259 ba\u015flay\u0131r v\u0259 bitir.<\/p>\n<p>&nbsp;<\/p>\n<h4><b><i>N\u0259 g\u00f6zl\u0259m\u0259k olar?<\/i><\/b><\/h4>\n<p>Snorkeling excursion with an Expert Guide to enjoy marine wildlife from the surface, with fins and mask; We will discover the paradisiacal Cayo Levantado island, snorkeling in two different places during the journey and enjoying this fascinating beach that does not have access to vehicles (Duration 4 hours).<\/p>\n<p>We will leave from the meeting point in Samana main Port at 8:30 morning, after 25 minutes of navigation we will arrive at the first snorkeling point called Cayo Farola, we will snorkel 45 minutes and continue to Cayo Levantado beach, where we can swim. , do a little more snorkeling, or just enjoy this amazing beach.<\/p>\n<p>We will enjoy a sandwich, rum, soft drink, and water and at 12 o&#8217;clock in the day we will go back to Samana port or stay at Cayo levantado. After this, we will return to the starting point. Other things to note all excursions are made by boat.<\/p>\n<p><strong>C\u0259dv\u0259l:<\/strong><\/p>\n<p>8:30 AM \u2013 12:15 PM<\/p>\n<p>&nbsp;<\/p>\n<h4><em><strong>N\u0259 g\u0259tirm\u0259lis\u0259n?<\/strong><\/em><\/h4>\n<ul>\n<li>kamera<\/li>\n<li>Towel<\/li>\n<li>Sun protection<\/li>\n<li>\u015eapka<\/li>\n<li>Comfortable pants and shoes<\/li>\n<li>Sandals to the beach<\/li>\n<li>\u00dczg\u00fc\u00e7\u00fcl\u00fck geyimi<\/li>\n<li>Suvenirl\u0259r \u00fc\u00e7\u00fcn na\u011fd pul<\/li>\n<\/ul>\n<p>&nbsp;<\/p>\n<h4><b><i>Oteld\u0259n g\u00f6t\u00fcr\u00fclm\u0259<\/i><\/b><\/h4>\n<p>Bu tur \u00fc\u00e7\u00fcn oteld\u0259n g\u00f6t\u00fcr\u00fclm\u0259 t\u0259klif edilmir.<\/p>\n<p>&nbsp;<\/p>\n<p><b>Qeyd:<\/b>\u00a0\u018fg\u0259r siz tur\/ekskursiyan\u0131n gedi\u015f vaxt\u0131ndan sonra 24 saat \u0259rzind\u0259 bron ets\u0259niz, biz \u0259lav\u0259 \u00f6d\u0259ni\u015fl\u0259 oteld\u0259n g\u00f6t\u00fcr\u00fclm\u0259ni t\u0259\u015fkil ed\u0259 bil\u0259rik. Al\u0131\u015f-veri\u015finiz tamamland\u0131qdan sonra g\u00f6t\u00fcrm\u0259 t\u0259dbirl\u0259rini t\u0259\u015fkil etm\u0259k \u00fc\u00e7\u00fcn yerli Tur b\u0259l\u0259d\u00e7imiz \u00fc\u00e7\u00fcn siz\u0259 tam \u0259laq\u0259 m\u0259lumat\u0131 (telefon n\u00f6mr\u0259si, e-po\u00e7t \u00fcnvan\u0131 v\u0259 s.) g\u00f6nd\u0259r\u0259c\u0259yik.<\/p>\n<h4><b><i>\u018flav\u0259 m\u0259lumat\u0131n t\u0259sdiqi<\/i><\/b><\/h4>\n<ol>\n<li>Biletl\u0259r bu Turu \u00f6d\u0259dikd\u0259n sonra q\u0259bzdir. \u00d6d\u0259ni\u015fi telefonunuzda g\u00f6st\u0259r\u0259 bil\u0259rsiniz.<\/li>\n<li>G\u00f6r\u00fc\u015f N\u00f6qt\u0259si Rezervasiya Prosesind\u0259n sonra al\u0131nacaq.<\/li>\n<li>U\u015faqlar b\u00f6y\u00fckl\u0259r t\u0259r\u0259find\u0259n m\u00fc\u015fayi\u0259t olunmal\u0131d\u0131r.<\/li>\n<li>\u0259lil arabas\u0131 \u0259l\u00e7atand\u0131r<\/li>\n<li>K\u00f6rp\u0259l\u0259r quca\u011f\u0131nda oturmal\u0131d\u0131rlar<\/li>\n<li>\u018fks\u0259r s\u0259yah\u0259t\u00e7il\u0259r i\u015ftirak ed\u0259 bil\u0259r<\/li>\n<\/ol>\n<h4><b><i>L\u0259\u011fv Siyas\u0259ti<\/i><\/b><\/h4>\n<p>Tam geri qaytarmaq \u00fc\u00e7\u00fcn L\u0259\u011fv siyas\u0259timizi oxuyun\u00a0<a href=\"https:\/\/www.ticketswhales.com\/online-booking\/\" target=\"_blank\" rel=\"noopener\" data-saferedirecturl=\"https:\/\/www.google.com\/url?q=https:\/\/www.ticketswhales.com\/online-booking\/&amp;source=gmail&amp;ust=1672449202351000&amp;usg=AOvVaw1yAeVAPktmaVCqDujgUn90\">Bura klikl\u0259yin<\/a>. Rezervasiya s\u0259f\u0259rin eyni g\u00fcn\u00fcnd\u0259 l\u0259\u011fv edil\u0259rs\u0259, v\u0259sait itiril\u0259c\u0259k.<\/p>\n<\/div>\n<\/div>\n<\/div>\n<\/div>\n<\/div>\n<\/div>\n<\/div>\n<\/div>\n<\/div>\n<\/div>\n<\/div>\n<\/div>\n<div class=\"vc_row wpb_row vc_row-fluid\">\n<div class=\"wpb_column vc_column_container vc_col-sm-12\">\n<div class=\"vc_column-inner\">\n<div class=\"wpb_wrapper\">\n<div class=\"wpb_text_column wpb_content_element\">\n<div class=\"wpb_wrapper\">\n<h4>Biziml\u0259 \u0259laq\u0259 saxlay\u0131n?<\/h4>\n<h5><b><i>Rezervasiya mac\u0259ralar\u0131<\/i><\/b><\/h5>\n<p><em><strong>Yerlil\u0259r<\/strong>\u00a0v\u0259\u00a0<strong>Millil\u0259r<\/strong>\u00a0Tur B\u0259l\u0259d\u00e7il\u0259ri v\u0259 Qonaq Xidm\u0259tl\u0259ri<\/em><\/p>\n<p><span class=\"text-turquoise\">Rezervasyonlar:<\/span>\u00a0Dom Rep-d\u0259 Turlar v\u0259 Ekskursiyalar<\/p>\n<p><img decoding=\"async\" class=\"emoji\" draggable=\"false\" src=\"https:\/\/s.w.org\/images\/core\/emoji\/11.2.0\/svg\/1f4de.svg\" alt=\"\ud83d\udcde\" title=\"\">\u00a0Tel\/Whatsapp\u00a0\u00a0<a href=\"tel:+1-809-720-6035\">+1-809-720-6035<\/a>.<\/p>\n<p><img decoding=\"async\" class=\"emoji\" draggable=\"false\" src=\"https:\/\/s.w.org\/images\/core\/emoji\/11.2.0\/svg\/1f4e9.svg\" alt=\"\ud83d\udce9\" title=\"\">\u00a0<a href=\"mailto:info@bookingadventures.com.do\">info@bookingadventures.com.do<\/a><\/p>\n<p><strong>Biz Whatsapp il\u0259 \u00c7evik Qura\u015fd\u0131rma \u015e\u0259xsi Turlar\u0131q:\u00a0<a href=\"tel:+18097206035\">+18097206035.<\/a><\/strong><\/p>\n<\/div>\n<\/div>\n<\/div>\n<\/div>\n<\/div>\n<\/div>\n\n\t\t<\/div>\n\t<\/div>\n<\/div><\/div><\/div><\/div>","protected":false},"excerpt":{"rendered":"<p><span style=\"vertical-align: inherit;\"><span style=\"vertical-align: inherit;\">Estaremos recorriendo la isla Cayo Levantado y Cayo Farola, son peque\u00f1as islas especiales en la bah\u00eda de Saman\u00e1 que albergan una vida marina extraordinaria, \u00a1que incluye tortugas, ballenas jorobadas, langostas y delfines!<\/span><\/span><\/p>\n<p><span style=\"vertical-align: inherit;\"><span style=\"vertical-align: inherit;\">Nota: \u00a1Este tour es privado!<\/span><\/span><\/p>\n<p>&nbsp;<\/p>\n<p><em><strong><span style=\"vertical-align: inherit;\"><span style=\"vertical-align: inherit;\">Seleccione la fecha de la excursi\u00f3n:<\/span><\/span><\/strong><\/em><\/p>","protected":false},"featured_media":11160,"template":"","meta":[],"product_brand":[],"product_cat":[571,124],"product_tag":[137,162,201,143,271,354,234],"class_list":{"0":"post-11696","1":"product","2":"type-product","3":"status-publish","4":"has-post-thumbnail","6":"product_cat-1-samana","7":"product_cat-tours-excursions-samana-bay-dominican-republic","8":"product_tag-bacardi-island","9":"product_tag-cayo-levantado-day-pass","10":"product_tag-private-tours-samana","11":"product_tag-samana-tours","12":"product_tag-samana-whale-watching","13":"product_tag-snorkeling","14":"product_tag-whale-samana","16":"first","17":"instock","18":"sale","19":"sold-individually","20":"shipping-taxable","21":"product-type-external"},"_links":{"self":[{"href":"https:\/\/haitises.com\/az\/wp-json\/wp\/v2\/product\/11696","targetHints":{"allow":["GET"]}}],"collection":[{"href":"https:\/\/haitises.com\/az\/wp-json\/wp\/v2\/product"}],"about":[{"href":"https:\/\/haitises.com\/az\/wp-json\/wp\/v2\/types\/product"}],"wp:featuredmedia":[{"embeddable":true,"href":"https:\/\/haitises.com\/az\/wp-json\/wp\/v2\/media\/11160"}],"wp:attachment":[{"href":"https:\/\/haitises.com\/az\/wp-json\/wp\/v2\/media?parent=11696"}],"wp:term":[{"taxonomy":"product_brand","embeddable":true,"href":"https:\/\/haitises.com\/az\/wp-json\/wp\/v2\/product_brand?post=11696"},{"taxonomy":"product_cat","embeddable":true,"href":"https:\/\/haitises.com\/az\/wp-json\/wp\/v2\/product_cat?post=11696"},{"taxonomy":"product_tag","embeddable":true,"href":"https:\/\/haitises.com\/az\/wp-json\/wp\/v2\/product_tag?post=11696"}],"curies":[{"name":"wp","href":"https:\/\/api.w.org\/{rel}","templated":true}]}}