{"id":11668,"date":"2023-10-04T07:40:09","date_gmt":"2023-10-04T07:40:09","guid":{"rendered":"http:\/\/haitises.com\/?post_type=product&#038;p=11668"},"modified":"2024-03-29T19:29:50","modified_gmt":"2024-03-29T19:29:50","slug":"catalina-island-altos-de-chavon-from-punta-cana-snorkeling-with-catamaran-party","status":"publish","type":"product","link":"https:\/\/haitises.com\/az\/oz\u0259l\/catalina-island-altos-de-chavon-from-punta-cana-snorkeling-with-catamaran-party\/","title":{"rendered":"Catalina Island &#038; Altos de Chavon From Punta Cana (Snorkeling with Catamaran Party)"},"content":{"rendered":"<div class=\"vc_row wpb_row vc_row-fluid\" ><div class=\"wpb_column vc_column_container vc_col-sm-12\"><div class=\"vc_column-inner\"><div class=\"wpb_wrapper\">[mkdf_section_title title_tag=\u00bb\u00bb disable_break_words=\u00bbno\u00bb subtitle_tag=\u00bb\u00bb title=\u00bbCatalina Island and Snorkeling with Catamaran Party From Punta Cana\u00bb subtitle=\u00bbHalf Day Experience\u00bb]<div class=\"vc_btn3-container vc_btn3-inline\" ><button class=\"vc_general vc_btn3 vc_btn3-size-md vc_btn3-shape-rounded vc_btn3-style-modern vc_btn3-color-green\">\u0130ND\u0130 REZERVASYON ED\u0130N<\/button><\/div><\/div><\/div><\/div><\/div><div class=\"vc_row wpb_row vc_row-fluid\" ><div class=\"wpb_column vc_column_container vc_col-sm-12\"><div class=\"vc_column-inner\"><div class=\"wpb_wrapper\">\n\t<div class=\"wpb_text_column wpb_content_element\" >\n\t\t<div class=\"wpb_wrapper\">\n\t\t\t<div class=\"vc_row wpb_row vc_row-fluid\">\n<div class=\"wpb_column vc_column_container vc_col-sm-12\">\n<div class=\"vc_column-inner\">\n<div class=\"wpb_wrapper\">\n<div class=\"wpb_text_column wpb_content_element\">\n<div class=\"wpb_wrapper\">\n<div class=\"vc_row wpb_row vc_row-fluid\">\n<div class=\"wpb_column vc_column_container vc_col-sm-12\">\n<div class=\"vc_column-inner\">\n<div class=\"wpb_wrapper\">\n<div class=\"wpb_text_column wpb_content_element\">\n<div class=\"wpb_wrapper\">\n<h4><b><i>\u00dcmumi bax\u0131\u015f<\/i><\/b><\/h4>\n<p>We enjoy a catamaran tour across crystal clear waters to Catalina Island, the best-known area for snorkeling in the Dominican Republic.<\/p>\n<p>Your day begins with a pick up at your hotel main lobby or specified meeting point. Then we\u00b4ll continue to Catalina Island to enjoy a refreshing bath, and some drinks, while whoever can perform 2 types of Snorkel with an instructor and after we will eat a delicious lunch buffet at the beach and we\u00b4ll take some classes of Salsa and Bachata, while we also make some delicious drinks. Once tired of being lazy on the beach, grab some snorkeling equipment and admire Catalina\u2019s underwater world.<\/p>\n<p>The ocean, so incredibly clear, and the beach white sand waiting for you. Relax on a sunbed or snorkeling all included for you. You will enjoy where you will see the tradition of our music and dance.<\/p>\n<p>After this we go to Altos de Chavon Cattle and River!<\/p>\n<p><strong>Qeyd:<\/strong> This tour is not Private. If you will like to set a Private tour just Contact us!<\/p>\n<ul>\n<li>\n<div class=\"py-1 inclusions-exclusions-item d-flex\" lang=\"en-x-mtfrom-en\">\n<div class=\"d-inline-block inclusions-exclusions-text\">Private transportation<\/div>\n<\/div>\n<\/li>\n<li>Natural Swimming Pool for StarFish Watching<\/li>\n<li>Snorkeling<\/li>\n<li>Nahar<\/li>\n<li>Boat\u00a0 Catamaran Transfer<\/li>\n<li>The Captain provides instruction and Supervision<\/li>\n<li>Tour Guide<\/li>\n<\/ul>\n<p>&nbsp;<\/p>\n<h4><b>Daxil v\u0259 \u0130stisnalar<\/b><\/h4>\n<p><b>Daxiletm\u0259l\u0259r<\/b><\/p>\n<ol>\n<li>Tour Guide<\/li>\n<li>snorkeling<\/li>\n<li>Nahar<\/li>\n<li>Pick Up at Hotels<\/li>\n<li>Katamaran v\u0259 ya qay\u0131qla s\u0259yah\u0259t<\/li>\n<li>B\u00fct\u00fcn vergil\u0259r, r\u00fcsumlar v\u0259 \u0259m\u0259liyyat x\u0259rcl\u0259ri<\/li>\n<li>Yerli vergil\u0259r<\/li>\n<li>\u0130\u00e7kil\u0259r<\/li>\n<\/ol>\n<p><b>\u0130stisnalar<\/b><\/p>\n<ol>\n<li>H\u0259diyy\u0259l\u0259r<\/li>\n<li>Photos<\/li>\n<\/ol>\n<h4><em><strong>Gedi\u015f v\u0259 Qay\u0131d\u0131\u015f<\/strong><\/em><\/h4>\n<p>Rezervasiya prosesind\u0259n sonra s\u0259yah\u0259t\u00e7i g\u00f6r\u00fc\u015f n\u00f6qt\u0259si \u0259ld\u0259 ed\u0259c\u0259k. Turlar g\u00f6r\u00fc\u015f n\u00f6qt\u0259l\u0259rimizd\u0259 ba\u015flay\u0131r v\u0259 bitir.<\/p>\n<h3>Catalina Island and Snorkeling with Catamaran Party From Punta Cana &#8211; Half Day Experience.<\/h3>\n<h4><b><i>N\u0259 g\u00f6zl\u0259m\u0259k olar?<\/i><\/b><\/h4>\n<p>During the Catalina Island Excursion from Punta Cana, guests will have the opportunity to snorkel in the vibrant corals reefs at Catalina, swimming among lively school of fish enjoying the stunning Caribbean underwater fauna.<\/p>\n<p>We will begin the snorkeling excursion departing in the morning towards La Romana. During the drive we will pass by the sugar cane fields as your guide provides interesting information about the history of the area, general culture and rum making techniques of the country. Upon arrival to La Romana, we will board our Catamaran and depart towards Catalina. Our first stop on the island will be \u201cThe Wall,\u201d a majestic coral wall that extends from the Island to the Caribbean Sea.<\/p>\n<p>After snorkeling, you will continue the path to the beautiful beach of Catalina, an exclusive place. Upon arrival, guests will have access to 2 kilometers of white sand beaches and crystal clear waters, a beach bar with drinks and a delicious Dominican lunch buffet with barbecue. We will board the catamaran around 3:30 pm to return to Punta Cana after an incredible day of snorkeling and relaxation on Catalina Island. IslandDuring the Catalina Island Excursion from Punta Cana, guests will have the opportunity to snorkel in the vibrant corals reefs at Catalina, swimming among lively school of fish enjoying the stunning Caribbean underwater fauna.<\/p>\n<p>We will begin the snorkeling excursion departing in the morning towards La Romana. During the drive we will pass by the sugar cane fields as your guide provides interesting information about the history of the area, general culture and rum making techniques of the country. Upon arrival to La Romana, we will board our Catamaran and depart towards Catalina.<\/p>\n<p>Our first stop on the island will be \u201cThe Wall,\u201d a majestic coral wall that extends from the Island to the Caribbean Sea. After snorkeling, you will continue the path to the beautiful beach of Catalina, an exclusive place. Upon arrival, guests will have access to 2 kilometers of white sand beaches and crystal clear waters, a beach bar with drinks and a delicious Dominican lunch buffet with barbecue. We will board the catamaran around 3:30 pm to return to Punta Cana after an incredible day of snorkeling and relaxation on Catalina Island.<\/p>\n<div class=\"a-text--first-content _for-copy-large l-hide-for-large\">\n<p>Let the<strong>\u00a0Caribbean paradise of Catalina Island captivate you\u00a0<\/strong>and explore the picturesque\u00a0<strong>Altos de Chav\u00f3n<\/strong>\u00a0on this unmissable day trip from La Romana.<\/p>\n<\/div>\n<div id=\"o-slider--activity-detail__container\" class=\"o-slider js-module-slider is-photos\"><\/div>\n<div id=\"l-768-calendar-anchor\"><\/div>\n<div id=\"new-fading-text\" class=\"new-fading-text _loaded u-no-before show-hidden-elements\">\n<div class=\"o-activity-description\">\n<h2>Catalina Island &amp; Altos de Chav\u00f3n Day Trip<\/h2>\n<p>Having been picked up from your hotel first thing in the morning, you&#8217;ll set off on your adventure, making your first stop in\u00a0<strong>Altos de Chav\u00f3n<\/strong>. You&#8217;ll have 40 minutes to explore this<strong>\u00a0beautiful recreation of a Mediterranean-style village<\/strong>\u00a0and admire the views of the\u00a0Chav\u00f3n River that flows next to it. Truly enchanting!<\/p>\n<p class=\"new-fading-text__hidden-element\">Continuing your tour, you&#8217;ll be taken to a dock on the\u00a0<strong>River Salado\u00a0<\/strong>where your\u00a0<strong>catamaran\u00a0<\/strong>will be waiting for you to set sail to Isla Catalina. During your cruise, which will take around 40 minutes, you&#8217;ll enjoy a drink on board while marvelling at the\u00a0<strong>piercing blue of the sparkling Caribbean Sea<\/strong>.<\/p>\n<p class=\"new-fading-text__hidden-element\">On the approach to your destination, you&#8217;ll head directly to the coral reef known as La Pared, or The Wall, where you&#8217;ll have the opportunity to\u00a0<strong>cool off with a refreshing dip in the sea and snorkel amongst the incredible marine life<\/strong>. Spend 40 minutes exploring underwater, before returning to the catamaran and dropping anchor at the dock on Catalina Island.<\/p>\n<p class=\"new-fading-text__hidden-element\">With your feet on dry land, you&#8217;ll be taken to a small restaurant with stunning sea views, where you&#8217;ll be treated to a\u00a0<strong>delicious buffet lunch<\/strong>. With renewed energy, you&#8217;ll then have three hours of free time to make the most of the\u00a0<strong>paradise white sand beaches<\/strong>. Whether you prefer to relax and sunbathe or try a fun activity like paddle surfing, you&#8217;ll enjoy an unforgettable afternoon.<\/p>\n<p class=\"new-fading-text__hidden-element\">At the end of the day, you&#8217;ll return to the catamaran to sail back to La Romana, where you&#8217;ll be dropped off at your hotel.<\/p>\n<\/div>\n<\/div>\n<p>&nbsp;<\/p>\n<p><strong>C\u0259dv\u0259l:<\/strong><\/p>\n<p>7:00 AM \u2013 4: 30 PM<\/p>\n<p>&nbsp;<\/p>\n<\/div>\n<p>Time can change depends on time of departure from Hotels.<\/p>\n<div class=\"wpb_wrapper\">\n<p>&nbsp;<\/p>\n<h4><em><strong>N\u0259 g\u0259tirm\u0259lis\u0259n?<\/strong><\/em><\/h4>\n<ul>\n<li>kamera<\/li>\n<li>Qoruyucu q\u00f6n\u00e7\u0259l\u0259r<\/li>\n<li>g\u00fcn\u0259\u015f kremi<\/li>\n<li>\u015eapka<\/li>\n<li>Rahat \u015falvar<\/li>\n<li>\u00dczg\u00fc\u00e7\u00fcl\u00fck geyimi<\/li>\n<li>Suvenirl\u0259r \u00fc\u00e7\u00fcn na\u011fd pul<\/li>\n<\/ul>\n<p>&nbsp;<\/p>\n<h4><b><i>Oteld\u0259n g\u00f6t\u00fcr\u00fclm\u0259<\/i><\/b><\/h4>\n<p>Hotel pick-up is offered for this tour. We Can Set it Via- Whatsapp. From La Romana, Punta Cana, Bavaro and Bayahibe Hotels.<\/p>\n<p>&nbsp;<\/p>\n<p><b>Qeyd:<\/b> if you are booking within 24 hours of the tour\/Excursion departure time, we can arrangements hotel pick-up . Once your purchase is complete, we will send you complete contact information (phone number, email address, etc.) for our local Tour guide to organize pick-up arrangements.<\/p>\n<h4><b><i>\u018flav\u0259 m\u0259lumat\u0131n t\u0259sdiqi<\/i><\/b><\/h4>\n<ol>\n<li>Biletl\u0259r bu Turu \u00f6d\u0259dikd\u0259n sonra q\u0259bzdir. \u00d6d\u0259ni\u015fi telefonunuzda g\u00f6st\u0259r\u0259 bil\u0259rsiniz.<\/li>\n<li>G\u00f6r\u00fc\u015f N\u00f6qt\u0259si Rezervasiya Prosesind\u0259n sonra al\u0131nacaq.<\/li>\n<li>U\u015faqlar b\u00f6y\u00fckl\u0259r t\u0259r\u0259find\u0259n m\u00fc\u015fayi\u0259t olunmal\u0131d\u0131r.<\/li>\n<li>\u0259lil arabas\u0131 \u0259l\u00e7atand\u0131r<\/li>\n<li>K\u00f6rp\u0259l\u0259r quca\u011f\u0131nda oturmal\u0131d\u0131rlar<\/li>\n<li>\u018fks\u0259r s\u0259yah\u0259t\u00e7il\u0259r i\u015ftirak ed\u0259 bil\u0259r<\/li>\n<\/ol>\n<h4><b><i>L\u0259\u011fv Siyas\u0259ti<\/i><\/b><\/h4>\n<p>Tam geri qaytarmaq \u00fc\u00e7\u00fcn L\u0259\u011fv siyas\u0259timizi oxuyun\u00a0<a href=\"https:\/\/www.ticketswhales.com\/online-booking\/\" target=\"_blank\" rel=\"noopener\" data-saferedirecturl=\"https:\/\/www.google.com\/url?q=https:\/\/www.ticketswhales.com\/online-booking\/&amp;source=gmail&amp;ust=1672532492004000&amp;usg=AOvVaw3ylqI1cdbIPTimEqEWneyd\">Bura klikl\u0259yin<\/a>. Rezervasiya s\u0259f\u0259rin eyni g\u00fcn\u00fcnd\u0259 l\u0259\u011fv edil\u0259rs\u0259, v\u0259sait itiril\u0259c\u0259k.<\/p>\n<\/div>\n<\/div>\n<\/div>\n<\/div>\n<\/div>\n<\/div>\n<\/div>\n<\/div>\n<\/div>\n<\/div>\n<\/div>\n<\/div>\n<div class=\"vc_row wpb_row vc_row-fluid\">\n<div class=\"wpb_column vc_column_container vc_col-sm-12\">\n<div class=\"vc_column-inner\">\n<div class=\"wpb_wrapper\">\n<div class=\"vc_empty_space\"><\/div>\n<div class=\"wpb_text_column wpb_content_element\">\n<div class=\"wpb_wrapper\">\n<h4>Biziml\u0259 \u0259laq\u0259 saxlay\u0131n?<\/h4>\n<h5><b><i>Rezervasiya mac\u0259ralar\u0131<\/i><\/b><\/h5>\n<p><em><strong>Yerlil\u0259r<\/strong>\u00a0v\u0259\u00a0<strong>Millil\u0259r<\/strong>\u00a0Tur B\u0259l\u0259d\u00e7il\u0259ri v\u0259 Qonaq Xidm\u0259tl\u0259ri<\/em><\/p>\n<p><span class=\"text-turquoise\">Rezervasyonlar:<\/span>\u00a0Dom Rep-d\u0259 Turlar v\u0259 Ekskursiyalar<\/p>\n<p><img decoding=\"async\" class=\"emoji\" src=\"https:\/\/s.w.org\/images\/core\/emoji\/11.2.0\/svg\/1f4de.svg\" alt=\"\ud83d\udcde\" title=\"\">\u00a0Tel\/Whatsapp\u00a0\u00a0<a href=\"tel:+1-809-720-6035\">+1-809-720-6035<\/a>.<\/p>\n<p><img decoding=\"async\" class=\"emoji\" src=\"https:\/\/s.w.org\/images\/core\/emoji\/11.2.0\/svg\/1f4e9.svg\" alt=\"\ud83d\udce9\" title=\"\">\u00a0<a href=\"mailto:info@bookingadventures.com.do\">info@bookingadventures.com.do<\/a><\/p>\n<p><strong>Biz Whatsapp il\u0259 \u00c7evik Qura\u015fd\u0131rma \u015e\u0259xsi Turlar\u0131q:\u00a0<a href=\"tel:+18097206035\">+18097206035.<\/a><\/strong><\/p>\n<\/div>\n<\/div>\n<\/div>\n<\/div>\n<\/div>\n<\/div>\n\n\t\t<\/div>\n\t<\/div>\n<div class=\"vc_btn3-container vc_btn3-inline\" ><button class=\"vc_general vc_btn3 vc_btn3-size-md vc_btn3-shape-rounded vc_btn3-style-modern vc_btn3-color-green\">\u0130ND\u0130 REZERVASYON ED\u0130N<\/button><\/div><\/div><\/div><\/div><\/div><div class=\"vc_row wpb_row vc_row-fluid\" ><div class=\"wpb_column vc_column_container vc_col-sm-12\"><div class=\"vc_column-inner\"><div class=\"wpb_wrapper\"><\/div><\/div><\/div><\/div>","protected":false},"excerpt":{"rendered":"<p>Tiny Catalina Island (Isla Catalina), just 1.5 miles (2.4 kilometers) off the Dominican Republic\u2019s mainland, is an idyllic sandy speck in the turquoise Caribbean waters. Known for its well-populated coral reefs, Catalina is a peaceful respite for those looking to escape bustling Punta Cana and La Romana.<\/p>\n<p>Book a day trip with us. Catalina Island in a Party Catamaran with Snorkeling!<\/p>\n<p>&nbsp;<\/p>\n<p>Please Select the date for The Excursion:<\/p>","protected":false},"featured_media":482,"template":"","meta":[],"product_brand":[],"product_cat":[576,373,135,569,592,305,122,124],"product_tag":[593,594,595,374,596,364,260,362,375],"class_list":{"0":"post-11668","1":"product","2":"type-product","3":"status-publish","4":"has-post-thumbnail","6":"product_cat-1-punta-cana","7":"product_cat-catalina-island-catamaran-and-snorkeling","8":"product_cat-lunch","9":"product_cat-punta-cana-group-tours","10":"product_cat-punta-cana-catalina-island","11":"product_cat-tours-and-excursion-punta-cana","12":"product_cat-tours-and-excursions","13":"product_cat-tours-excursions-samana-bay-dominican-republic","14":"product_tag-catalina-island","15":"product_tag-catalina-island-dominican-republic-snorkeling","16":"product_tag-catalina-island-packages","17":"product_tag-catalina-island-snorkeling-dominican-republic","18":"product_tag-catalina-island-tour","19":"product_tag-cheap-punta-cana-excursions","20":"product_tag-day-trip-punta-cana","21":"product_tag-punta-cana-catamaran-party-with-snorkeling-and-parasailing","22":"product_tag-talina-island-snorkeling","24":"first","25":"instock","26":"sale","27":"sold-individually","28":"shipping-taxable","29":"product-type-external"},"_links":{"self":[{"href":"https:\/\/haitises.com\/az\/wp-json\/wp\/v2\/product\/11668","targetHints":{"allow":["GET"]}}],"collection":[{"href":"https:\/\/haitises.com\/az\/wp-json\/wp\/v2\/product"}],"about":[{"href":"https:\/\/haitises.com\/az\/wp-json\/wp\/v2\/types\/product"}],"wp:featuredmedia":[{"embeddable":true,"href":"https:\/\/haitises.com\/az\/wp-json\/wp\/v2\/media\/482"}],"wp:attachment":[{"href":"https:\/\/haitises.com\/az\/wp-json\/wp\/v2\/media?parent=11668"}],"wp:term":[{"taxonomy":"product_brand","embeddable":true,"href":"https:\/\/haitises.com\/az\/wp-json\/wp\/v2\/product_brand?post=11668"},{"taxonomy":"product_cat","embeddable":true,"href":"https:\/\/haitises.com\/az\/wp-json\/wp\/v2\/product_cat?post=11668"},{"taxonomy":"product_tag","embeddable":true,"href":"https:\/\/haitises.com\/az\/wp-json\/wp\/v2\/product_tag?post=11668"}],"curies":[{"name":"wp","href":"https:\/\/api.w.org\/{rel}","templated":true}]}}