{"id":11643,"date":"2023-10-04T07:39:47","date_gmt":"2023-10-04T07:39:47","guid":{"rendered":"http:\/\/haitises.com\/?post_type=product&#038;p=11643"},"modified":"2024-04-01T15:06:27","modified_gmt":"2024-04-01T15:06:27","slug":"los-haitises-national-park-tour-from-punta-cana-montana-redonda-cano-hondo-3","status":"publish","type":"product","link":"https:\/\/haitises.com\/az\/oz\u0259l\/los-haitises-national-park-tour-from-punta-cana-montana-redonda-cano-hondo-3\/","title":{"rendered":"Los Haitises National Park Tour from Punta Cana, Montana Redonda &#038; Ca\u00f1o Hondo"},"content":{"rendered":"<div class=\"vc_row wpb_row vc_row-fluid\" ><div class=\"wpb_column vc_column_container vc_col-sm-12\"><div class=\"vc_column-inner\"><div class=\"wpb_wrapper\"><div class=\"vc_btn3-container vc_btn3-inline\" ><a class=\"vc_general vc_btn3 vc_btn3-size-md vc_btn3-shape-rounded vc_btn3-style-modern vc_btn3-color-green\" href=\"https:\/\/bookingadventures.tours\/booking.php?tour_id=2d52ebf3635f3c30a26b2bdd1f47c0d8\" title=\"\" target=\"_blank\" rel=\"noopener\">\u0130ND\u0130 REZERVASYON ED\u0130N<\/a><\/div>[mkdf_section_title title_tag=\u00bb\u00bb disable_break_words=\u00bbno\u00bb subtitle_tag=\u00bb\u00bb title=\u00bbLos Haitises National Park Tour from Punta Cana, Montana Redonda &amp; Cano Hondo Day Trip.\u00bb subtitle=\u00bbTransportation &amp; Lunch Included\u00bb]<\/div><\/div><\/div><\/div><div class=\"vc_row wpb_row vc_row-fluid\" ><div class=\"wpb_column vc_column_container vc_col-sm-12\"><div class=\"vc_column-inner\"><div class=\"wpb_wrapper\">\n\t<div class=\"wpb_text_column wpb_content_element\" >\n\t\t<div class=\"wpb_wrapper\">\n\t\t\t<h3><\/h3>\n<h4><b><i>\u00dcmumi bax\u0131\u015f <\/i><\/b><\/h4>\n<p>Punta Cana G\u00fcnl\u00fck S\u0259f\u0259rind\u0259n Los Haitises Milli Park\u0131 Turu. Punta Cana v\u0259 ya Bavarodak\u0131 otelinizd\u0259n ba\u015flayaraq. B\u0259l\u0259d\u00e7imizl\u0259 birlikd\u0259 Montana Redondaya ged\u0259c\u0259yik. Dominikan Respublikas\u0131n\u0131n \u0259n t\u0259sirli m\u0259nz\u0259r\u0259l\u0259rind\u0259n birind\u0259n heyr\u0259tamiz foto\u015f\u0259kill\u0259r \u00e7\u0259km\u0259y\u0259 vaxt\u0131n\u0131z var. Bu ilk dayanacaqdan sonra biz Jurassic Parkdak\u0131 kimi manqrovlar\u0131, ma\u011faralar\u0131 v\u0259 m\u0259\u015fhur qayal\u0131 adalar\u0131 g\u0259z\u0259rk\u0259n Los Haitises Milli Park\u0131n\u0131, b\u0259zi q\u0259lyanalt\u0131lar\u0131 v\u0259 tipik i\u00e7kil\u0259ri ziyar\u0259t etm\u0259y\u0259 davam edirik. Los Haitises Milli Park\u0131n\u0131 ziyar\u0259t etdikd\u0259n sonra bizi Ca\u00f1o Hondoda nahar g\u00f6zl\u0259yir. Yerli v\u0259 qastronomik yerli nahardan sonra Los Haitises Milli Park\u0131ndan g\u0259l\u0259n unikal t\u0259bii hovuzlarda \u00fczm\u0259k \u00fc\u00e7\u00fcn vaxt\u0131n\u0131z olmal\u0131d\u0131r.<\/p>\n<p>Bu t\u0259cr\u00fcb\u0259d\u0259n sonra sizi g\u00f6t\u00fcr\u0259c\u0259yimiz yerd\u0259n Punta Cana \u0130cmas\u0131na geri qay\u0131dacaqs\u0131n\u0131z.<\/p>\n<ul>\n<li style=\"font-weight: 400;\">\u00d6d\u0259ni\u015fl\u0259r daxildir<\/li>\n<li>Nahar<\/li>\n<li>Q\u0259lyanalt\u0131lar<\/li>\n<li style=\"font-weight: 400;\">\u0130ngilis v\u0259 ya Frans\u0131z dill\u0259rind\u0259 Yerli Tur B\u0259l\u0259d\u00e7isi<\/li>\n<li>N\u0259qliyyat<\/li>\n<li>Qay\u0131qla s\u0259yah\u0259t<\/li>\n<li>Montana Redonda<\/li>\n<li>D\u0259rin Boru<\/li>\n<\/ul>\n<p>&nbsp;<\/p>\n<h4><b>Daxil v\u0259 \u0130stisnalar<\/b><\/h4>\n<p>&nbsp;<\/p>\n<p><b>Daxiletm\u0259l\u0259r<\/b><\/p>\n<ol>\n<li style=\"font-weight: 400;\">Los Haitises Turu + Ma\u011faralar v\u0259 Piktoqraflar<\/li>\n<li>Montana Redonda<\/li>\n<li>D\u0259rin Boru<\/li>\n<li>Nahar<\/li>\n<li>Punta Cana B\u00f6lg\u0259l\u0259rind\u0259 Otell\u0259r Al\u0131n.<\/li>\n<li style=\"font-weight: 400;\"><span style=\"font-weight: 400;\">B\u00fct\u00fcn vergil\u0259r, r\u00fcsumlar v\u0259 \u0259m\u0259liyyat x\u0259rcl\u0259ri<\/span><\/li>\n<li style=\"font-weight: 400;\"><span style=\"font-weight: 400;\">Yerli vergil\u0259r<\/span><\/li>\n<li style=\"font-weight: 400;\"><span style=\"font-weight: 400;\">\u0130\u00e7kil\u0259r<\/span><\/li>\n<li>Q\u0259lyanalt\u0131lar<\/li>\n<li style=\"font-weight: 400;\"><span style=\"font-weight: 400;\">B\u00fct\u00fcn f\u0259aliyy\u0259tl\u0259r<\/span><\/li>\n<li style=\"font-weight: 400;\"><span style=\"font-weight: 400;\">Yerli b\u0259l\u0259d\u00e7i<\/span><\/li>\n<\/ol>\n<p><b> \u0130stisnalar<\/b><\/p>\n<ol>\n<li style=\"font-weight: 400;\"><span style=\"font-weight: 400;\">H\u0259diyy\u0259l\u0259r<\/span><\/li>\n<li style=\"font-weight: 400;\"><span style=\"font-weight: 400;\">Spirtli \u0130\u00e7kil\u0259r<\/span><\/li>\n<\/ol>\n<p>&nbsp;<\/p>\n<h4><em><strong>Gedi\u015f v\u0259 Qay\u0131d\u0131\u015f<\/strong><\/em><\/h4>\n<p><span style=\"font-weight: 400;\">Rezervasiya prosesind\u0259n sonra s\u0259yah\u0259t\u00e7i g\u00f6r\u00fc\u015f n\u00f6qt\u0259si \u0259ld\u0259 ed\u0259c\u0259k. Turlar g\u00f6r\u00fc\u015f yerinizd\u0259 ba\u015flay\u0131r v\u0259 bitir.<\/span><\/p>\n<h4><\/h4>\n<h3>Punta Cana, Montana Redonda v\u0259 Cano Hondo-dan Los Haitises Milli Park\u0131 turu.<\/h3>\n<h4><b><i>N\u0259 g\u00f6zl\u0259m\u0259k olar?<\/i><\/b><\/h4>\n<p><em><strong>Biletl\u0259rinizi al\u0131n<\/strong><\/em> Punta Cana-dan Los Haitises Milli Park\u0131 Turu Tam G\u00fcnl\u00fck S\u0259f\u0259r. Punta Cana, Dominikan Respublikas\u0131ndan ba\u015flayaraq. Montana Redonda m\u0259nz\u0259r\u0259l\u0259rini, Sabana de la Marda Los Haitises Milli Park\u0131n\u0131 v\u0259 Cano Hondoda Nahar vaxt\u0131n\u0131 ziyar\u0259t etm\u0259k \u00fc\u00e7\u00fcn yerli b\u0259l\u0259d\u00e7imizl\u0259 n\u0259qliyyatdan istifad\u0259 edin.<\/p>\n<p>The tour, organized by \u00abBooking Adventures\u00bb starts at the meeting point set with the Tour Guide. Come with Booking Adventures and start checking some bird-filled mangroves, rolling hills of lush vegetation and caves of <em><strong>Los Haitises Milli Park\u0131<\/strong><\/em>. \u018ftraf\u0131nda qu\u015flarla adaya s\u0259f\u0259r. Yuvalama m\u00f6vs\u00fcm\u00fcnd\u0259 h\u0259tta yuvalarda Pelecanos balalar\u0131n\u0131 g\u00f6r\u0259 bil\u0259rik. Qaya adalar\u0131na daha \u00e7ox daxil olmaq v\u0259 yerli xalq\u0131n piktoqraflar\u0131 v\u0259 petroqraflar\u0131 il\u0259 Ma\u011faralar\u0131 ziyar\u0259t etm\u0259k.<\/p>\n<p>Manqrovlar v\u0259 a\u00e7\u0131q San Lorenzo K\u00f6rf\u0259zind\u0259ki Torpaqlar vasit\u0259sil\u0259, Sabana de la Mar, buradan m\u00f6hk\u0259m me\u015f\u0259 m\u0259nz\u0259r\u0259sini \u00e7\u0259k\u0259 bil\u0259rsiniz. Tapmaq \u00fc\u00e7\u00fcn suya bax\u0131n <em><strong>Manatees<\/strong><\/em>, x\u0259r\u00e7\u0259ngkimil\u0259r v\u0259 <em><strong>Delfinl\u0259r.<\/strong><\/em><\/p>\n<div class=\"body-description secondary\">\n<p>Milli park\u0131n ad\u0131 onun \u0259sl sakinl\u0259ri olan Taino hindular\u0131ndan g\u0259lir. Onlar\u0131n dilind\u0259 &quot;Haitil\u0259r&quot; da\u011fl\u0131q \u0259razil\u0259r\u0259 v\u0259 ya T\u0259p\u0259l\u0259r\u0259 t\u0259rc\u00fcm\u0259 olunur, bu sahil x\u0259ttinin \u0259h\u0259ngda\u015flar\u0131 olan dik geoloji birl\u0259\u015fm\u0259l\u0259rin\u0259 istinad edir. Cueva San Gabriel kimi ma\u011faralar\u0131 ara\u015fd\u0131rmaq \u00fc\u00e7\u00fcn parka daha d\u0259rind\u0259n girin. <em><strong>Qum ma\u011faras\u0131, <\/strong><\/em>v\u0259 <strong><em>X\u0259tt ma\u011faras\u0131.<\/em><\/strong><\/p>\n<p>Qoruqdak\u0131 bu ma\u011faralar Taino hindular\u0131 t\u0259r\u0259find\u0259n s\u0131\u011f\u0131nacaq kimi, daha sonra is\u0259 quldurlar\u0131 gizl\u0259tm\u0259k \u00fc\u00e7\u00fcn istifad\u0259 edilmi\u015fdir. B\u0259zi divarlar\u0131 b\u0259z\u0259y\u0259n hindlil\u0259rin r\u0259sml\u0259rin\u0259 bax\u0131n.<\/p>\n<p>H\u0259m\u00e7inin Mi\u00e7esd\u0259ki Montana Redonda (D\u0259yirmi Da\u011f) unudulmaz bir yerdir, k\u0259nd t\u0259bi\u0259ti il\u0259 \u0259hat\u0259 olunaraq, panoramik m\u0259nz\u0259r\u0259d\u0259n h\u0259zz al\u0131n, burada laqunlar\u0131n \u0259ksi \u00e7im\u0259rlikd\u0259 g\u00fcn\u0259\u015fin do\u011fu\u015fu v\u0259 q\u00fcrubun da\u011flar\u0131n ya\u015f\u0131ll\u0131\u011f\u0131 il\u0259 birl\u0259\u015fir. , t\u0259miz hava v\u0259 mahn\u0131 oxuyan qu\u015flar, bizi dolduran dinclik v\u0259 s\u00fckun\u0259td\u0259 qalmaq dil\u0259yi il\u0259.<\/p>\n<\/div>\n<p>Plus Ca\u00f1o Hondo T\u0259bi\u0259tl\u0259 dolu k\u00f6rf\u0259z v\u0259 alt\u0131ndak\u0131 Samana k\u00f6rf\u0259zinin heyr\u0259tamiz m\u0259nz\u0259r\u0259l\u0259ri il\u0259 da\u011f\u0131n zirv\u0259sind\u0259 heyr\u0259tamiz kompleks. Sanki g\u00f6z\u0259l \u00fcsluba malik, \u00e7ox rahat v\u0259 sakit bir ya\u011f\u0131\u015f me\u015f\u0259si c\u0259nn\u0259tind\u0259 ya\u015fay\u0131rsan. Los Haitises Milli Park\u0131ndan t\u0259bii \u00e7aydan g\u0259l\u0259n hovuzlara \u00e7\u0131x\u0131\u015f\u0131 il\u0259.<\/p>\n<div class=\"body-description secondary\">\n<p>Bu yer bizim adi nahar\u0131m\u0131zd\u0131r. \u018fg\u0259r vegetarians\u0131n\u0131zsa, narahat olmay\u0131n, biz d\u0259 sizin \u00fc\u00e7\u00fcn yem\u0259kl\u0259rimiz var!<\/p>\n<p>Nahardan sonra Punta Canaya qay\u0131d\u0131r\u0131q!!<\/p>\n<\/div>\n<p>Bu s\u0259f\u0259ri daha uzun v\u0259 ya daha q\u0131sa b\u0259y\u0259n\u0259c\u0259ksinizs\u0259, sad\u0259c\u0259 olaraq Biziml\u0259 \u0259laq\u0259 saxlay\u0131n.<\/p>\n<p>&nbsp;<\/p>\n<h4><em><strong>N\u0259 g\u0259tirm\u0259lis\u0259n?<\/strong><\/em><\/h4>\n<ul>\n<li style=\"font-weight: 400;\"><span style=\"font-weight: 400;\">kamera<\/span><\/li>\n<li style=\"font-weight: 400;\"><span style=\"font-weight: 400;\">Qoruyucu q\u00f6n\u00e7\u0259l\u0259r<\/span><\/li>\n<li style=\"font-weight: 400;\"><span style=\"font-weight: 400;\">g\u00fcn\u0259\u015f kremi<\/span><\/li>\n<li style=\"font-weight: 400;\"><span style=\"font-weight: 400;\">\u015eapka<\/span><\/li>\n<li style=\"font-weight: 400;\"><span style=\"font-weight: 400;\">Rahat \u015falvar<\/span><\/li>\n<li style=\"font-weight: 400;\"><span style=\"font-weight: 400;\">Me\u015f\u0259 \u00fc\u00e7\u00fcn g\u0259zinti ayaqqab\u0131lar\u0131<\/span><\/li>\n<li style=\"font-weight: 400;\"><span style=\"font-weight: 400;\">Yaz b\u00f6lg\u0259l\u0259ri \u00fc\u00e7\u00fcn sandaletl\u0259r.<\/span><\/li>\n<li style=\"font-weight: 400;\"><span style=\"font-weight: 400;\">\u00dczg\u00fc\u00e7\u00fcl\u00fck geyimi<\/span><\/li>\n<\/ul>\n<p>&nbsp;<\/p>\n<h4><b><i>Oteld\u0259n g\u00f6t\u00fcr\u00fclm\u0259 <\/i><\/b><\/h4>\n<p><span style=\"font-weight: 400;\">Bu tur \u00fc\u00e7\u00fcn oteld\u0259n g\u00f6t\u00fcr\u00fclm\u0259 t\u0259klif olunur. Otelin ad\u0131n\u0131 v\u0259 vaxt\u0131 burada se\u00e7in. \u018fg\u0259r oteliniz siyah\u0131da yoxdursa, biziml\u0259 \u0259laq\u0259 saxlay\u0131n.<\/span><\/p>\n<p>&nbsp;<\/p>\n<p><b>Qeyd:<\/b><span style=\"font-weight: 400;\"> \u018fg\u0259r siz tur\/ekskursiyan\u0131n gedi\u015f vaxt\u0131ndan sonra 24 saat \u0259rzind\u0259 bron ets\u0259niz, biz oteld\u0259n g\u00f6t\u00fcr\u00fclm\u0259 t\u0259\u015fkil ed\u0259 bil\u0259rik. Al\u0131\u015f-veri\u015finiz tamamland\u0131qdan sonra g\u00f6t\u00fcrm\u0259 t\u0259dbirl\u0259rini t\u0259\u015fkil etm\u0259k \u00fc\u00e7\u00fcn yerli Tur b\u0259l\u0259d\u00e7imiz \u00fc\u00e7\u00fcn siz\u0259 tam \u0259laq\u0259 m\u0259lumat\u0131 (telefon n\u00f6mr\u0259si, e-po\u00e7t \u00fcnvan\u0131 v\u0259 s.) g\u00f6nd\u0259r\u0259c\u0259yik.<\/span><\/p>\n<h4><b><i>\u018flav\u0259 m\u0259lumat\u0131n t\u0259sdiqi <\/i><\/b><\/h4>\n<ol>\n<li>Biletl\u0259r bu Turu \u00f6d\u0259dikd\u0259n sonra q\u0259bzdir. \u00d6d\u0259ni\u015fi telefonunuzda g\u00f6st\u0259r\u0259 bil\u0259rsiniz.<\/li>\n<li style=\"font-weight: 400;\"><span style=\"font-weight: 400;\">G\u00f6r\u00fc\u015f N\u00f6qt\u0259si Rezervasiya Prosesind\u0259n sonra al\u0131nacaq.<\/span><\/li>\n<li style=\"font-weight: 400;\"><span style=\"font-weight: 400;\">U\u015faqlar b\u00f6y\u00fckl\u0259r t\u0259r\u0259find\u0259n m\u00fc\u015fayi\u0259t olunmal\u0131d\u0131r.<\/span><\/li>\n<li style=\"font-weight: 400;\"><span style=\"font-weight: 400;\"> \u018flil arabas\u0131 \u00fc\u00e7\u00fcn \u0259l\u00e7atan deyil <\/span><\/li>\n<li style=\"font-weight: 400;\"><span style=\"font-weight: 400;\">K\u00f6rp\u0259l\u0259r quca\u011f\u0131nda oturmal\u0131d\u0131rlar <\/span><\/li>\n<li style=\"font-weight: 400;\"><span style=\"font-weight: 400;\">Arxa probleml\u0259ri olan s\u0259yah\u0259t\u00e7il\u0259r \u00fc\u00e7\u00fcn t\u00f6vsiy\u0259 edilmir<\/span><\/li>\n<li style=\"font-weight: 400;\"><span style=\"font-weight: 400;\">Hamil\u0259 s\u0259yah\u0259t ed\u0259nl\u0259r \u00fc\u00e7\u00fcn t\u00f6vsiy\u0259 edilmir <\/span><\/li>\n<li style=\"font-weight: 400;\"><span style=\"font-weight: 400;\"> \u00dcr\u0259k problemi v\u0259 ya dig\u0259r ciddi tibbi \u015f\u0259rtl\u0259r yoxdur <\/span><\/li>\n<li style=\"font-weight: 400;\"><span style=\"font-weight: 400;\">\u018fks\u0259r s\u0259yah\u0259t\u00e7il\u0259r i\u015ftirak ed\u0259 bil\u0259r<\/span><\/li>\n<\/ol>\n<h4><b><i>L\u0259\u011fv Siyas\u0259ti<\/i><\/b><\/h4>\n<p>Tam geri qaytarmaq \u00fc\u00e7\u00fcn L\u0259\u011fv siyas\u0259timizi oxuyun\u00a0<a href=\"https:\/\/www.ticketswhales.com\/online-booking\/\" target=\"_blank\" rel=\"noopener\" data-saferedirecturl=\"https:\/\/www.google.com\/url?q=https:\/\/www.ticketswhales.com\/online-booking\/&amp;source=gmail&amp;ust=1672529771100000&amp;usg=AOvVaw2NIGJBZ0qjB5RhPUl5Obc7\">Bura klikl\u0259yin<\/a>. Rezervasiya s\u0259f\u0259rin eyni g\u00fcn\u00fcnd\u0259 l\u0259\u011fv edil\u0259rs\u0259, v\u0259sait itiril\u0259c\u0259k.<\/p>\n\n\t\t<\/div>\n\t<\/div>\n<\/div><\/div><\/div><\/div><div class=\"vc_row wpb_row vc_row-fluid\" ><div class=\"wpb_column vc_column_container vc_col-sm-12\"><div class=\"vc_column-inner\"><div class=\"wpb_wrapper\"><div class=\"vc_btn3-container vc_btn3-inline\" ><a class=\"vc_general vc_btn3 vc_btn3-size-md vc_btn3-shape-rounded vc_btn3-style-modern vc_btn3-color-green\" href=\"https:\/\/bookingadventures.tours\/booking.php?tour_id=2d52ebf3635f3c30a26b2bdd1f47c0d8\" title=\"\" target=\"_blank\" rel=\"noopener\">\u0130ND\u0130 REZERVASYON ED\u0130N<\/a><\/div><div class=\"vc_empty_space\"   style=\"height: 32px\"><span class=\"vc_empty_space_inner\"><\/span><\/div>\n\t<div class=\"wpb_video_widget wpb_content_element vc_clearfix   vc_video-aspect-ratio-169 vc_video-el-width-100 vc_video-align-left\" >\n\t\t<div class=\"wpb_wrapper\">\n\t\t\t<h2 class=\"wpb_heading wpb_video_heading\">Los Haitises Milli Park\u0131 Video:<\/h2>\n\t\t\t<div class=\"wpb_video_wrapper\"><iframe loading=\"lazy\" title=\"Los Haitises National Park, Tours &amp; Excursion From Samana or Sabana de la Mar. Book Here:\" src=\"https:\/\/player.vimeo.com\/video\/346508015?dnt=1&amp;app_id=122963\" width=\"1100\" height=\"619\" frameborder=\"0\" allow=\"autoplay; fullscreen; picture-in-picture\"><\/iframe><\/div>\n\t\t<\/div>\n\t<\/div>\n<div class=\"vc_empty_space\"   style=\"height: 32px\"><span class=\"vc_empty_space_inner\"><\/span><\/div><\/div><\/div><\/div><\/div><div class=\"vc_row wpb_row vc_row-fluid\" ><div class=\"wpb_column vc_column_container vc_col-sm-12\"><div class=\"vc_column-inner\"><div class=\"wpb_wrapper\"><div class=\"vc_empty_space\"   style=\"height: 32px\"><span class=\"vc_empty_space_inner\"><\/span><\/div>\n\t<div class=\"wpb_text_column wpb_content_element\" >\n\t\t<div class=\"wpb_wrapper\">\n\t\t\t<h4>Biziml\u0259 \u0259laq\u0259 saxlay\u0131n?<\/h4>\n<h5><em><strong>Rezervasiya mac\u0259ralar\u0131<\/strong><\/em><\/h5>\n<p><em><strong>Yerlil\u0259r<\/strong>\u00a0v\u0259\u00a0<strong>Millil\u0259r<\/strong>\u00a0Tur B\u0259l\u0259d\u00e7il\u0259ri v\u0259 Qonaq Xidm\u0259tl\u0259ri<\/em><\/p>\n<p><span class=\"text-turquoise\">Rezervasyonlar:<\/span>\u00a0Dom Rep-d\u0259 Turlar v\u0259 Ekskursiyalar<\/p>\n<p><img decoding=\"async\" class=\"emoji\" draggable=\"false\" src=\"https:\/\/s.w.org\/images\/core\/emoji\/11.2.0\/svg\/1f4de.svg\" alt=\"\ud83d\udcde\" title=\"\">\u00a0Tel\/Whatsapp\u00a0\u00a0<a href=\"tel:+1-809-720-6035\">+1-809-720-6035<\/a>.<\/p>\n<p><img decoding=\"async\" class=\"emoji\" draggable=\"false\" src=\"https:\/\/s.w.org\/images\/core\/emoji\/11.2.0\/svg\/1f4e9.svg\" alt=\"\ud83d\udce9\" title=\"\">\u00a0<a href=\"mailto:info@bookingadventures.com.do\">info@bookingadventures.com.do<\/a><\/p>\n<p><strong>Biz Whatsapp il\u0259 \u00c7evik Qura\u015fd\u0131rma \u015e\u0259xsi Turlar\u0131q:\u00a0<a href=\"tel:+18097206035\">+18097206035.<\/a><\/strong><\/p>\n\n\t\t<\/div>\n\t<\/div>\n<div class=\"vc_empty_space\"   style=\"height: 32px\"><span class=\"vc_empty_space_inner\"><\/span><\/div><\/div><\/div><\/div><\/div><div class=\"vc_row wpb_row vc_row-fluid\" ><div class=\"wpb_column vc_column_container vc_col-sm-12\"><div class=\"vc_column-inner\"><div class=\"wpb_wrapper\"><\/div><\/div><\/div><\/div><div class=\"vc_row wpb_row vc_row-fluid\" ><div class=\"wpb_column vc_column_container vc_col-sm-12\"><div class=\"vc_column-inner\"><div class=\"wpb_wrapper\"><div class=\"vc_btn3-container vc_btn3-inline\" ><a class=\"vc_general vc_btn3 vc_btn3-size-md vc_btn3-shape-rounded vc_btn3-style-modern vc_btn3-color-green\" href=\"https:\/\/bookingadventures.tours\/booking.php?tour_id=2d52ebf3635f3c30a26b2bdd1f47c0d8\" title=\"\" target=\"_blank\" rel=\"noopener\">\u0130ND\u0130 REZERVASYON ED\u0130N<\/a><\/div><\/div><\/div><\/div><\/div>","protected":false},"excerpt":{"rendered":"<p>Los Haitises Milli Park\u0131, Montana Redonda v\u0259 Cano Hondo ziyar\u0259t etm\u0259k \u00fc\u00e7\u00fcn Punta Cana-dan ekskursiya. 3 \u0259sas ma\u011faraya ba\u015f \u00e7\u0259km\u0259k \u00fc\u00e7\u00fcn Nahar v\u0259 N\u0259qliyyat, 2 f\u0259rqli manqrov ekosistemi, m\u0259nz\u0259r\u0259l\u0259ri v\u0259 Simming Hovuzlar\u0131n\u0131n t\u0259dqiqi daxildir.<\/p>\n<p>Yerli Tur b\u0259l\u0259d\u00e7isi il\u0259 Los Haitises Milli Park\u0131na tam g\u00fcnl\u00fck s\u0259yah\u0259t. Los Haitises Milli Park\u0131ndak\u0131 Cays, Mangroves, Bitki \u00f6rt\u00fcy\u00fc, Qu\u015f\u00e7uluq, Ma\u011faralar, Piktoqraflar v\u0259 Los Haitises Milli Park\u0131ndak\u0131 Sabana de la Mar\u0131n tarixi \u0259razil\u0259rini ziyar\u0259t etm\u0259k. Montana Redondada heyr\u0259tamiz m\u0259nz\u0259r\u0259l\u0259r v\u0259 nahar v\u0259 Cano Hondoda \u00fczg\u00fc\u00e7\u00fcl\u00fck hovuzlar\u0131.<\/p>\n<p>&nbsp;<\/p>\n<p><strong>Z\u0259hm\u0259t olmasa Tur \u00fc\u00e7\u00fcn tarixi se\u00e7in:\u00a0<\/strong><\/p>","protected":false},"featured_media":11334,"template":"","meta":[],"product_brand":[],"product_cat":[576,565,566,119,120,135,121,572,569,586,587,122,259],"product_tag":[126,127,128,206,145,260,225,132,133,213,215,261,146,262,141,263,226],"class_list":{"0":"post-11643","1":"product","2":"type-product","3":"status-publish","4":"has-post-thumbnail","6":"product_cat-1-punta-cana","7":"product_cat-1-sabana-de-la-mar","8":"product_cat-boat-trip-los-haitises","9":"product_cat-caves","10":"product_cat-fees-entrace","11":"product_cat-lunch","12":"product_cat-mangroves","13":"product_cat-natural-pools-los-haitises","14":"product_cat-punta-cana-group-tours","15":"product_cat-punta-cana-los-haitises","16":"product_cat-punta-cana-montana-redonda","17":"product_cat-tours-and-excursions","18":"product_cat-tours-excursions-punta-cana-dominican-republic","19":"product_tag-cano-hondo","20":"product_tag-cano-hondo-hotel","21":"product_tag-cano-hondo-tours","22":"product_tag-caves-los-haitises","23":"product_tag-day-tour-cano-hondo","24":"product_tag-day-trip-punta-cana","25":"product_tag-las-terrenas","26":"product_tag-los-haitises","27":"product_tag-los-haitises-national-park","28":"product_tag-los-haitises-national-park-map","29":"product_tag-los-haitises-national-park-tour-from-las-terrenas","30":"product_tag-los-haitises-national-park-tours-excursions","31":"product_tag-mangroves-los-haitises","32":"product_tag-montana-redonda-tours-excursion","33":"product_tag-punta-cana","34":"product_tag-punta-cana-tours-excursions","35":"product_tag-transportation-los-haitises","37":"first","38":"instock","39":"sale","40":"sold-individually","41":"shipping-taxable","42":"product-type-external"},"_links":{"self":[{"href":"https:\/\/haitises.com\/az\/wp-json\/wp\/v2\/product\/11643","targetHints":{"allow":["GET"]}}],"collection":[{"href":"https:\/\/haitises.com\/az\/wp-json\/wp\/v2\/product"}],"about":[{"href":"https:\/\/haitises.com\/az\/wp-json\/wp\/v2\/types\/product"}],"wp:featuredmedia":[{"embeddable":true,"href":"https:\/\/haitises.com\/az\/wp-json\/wp\/v2\/media\/11334"}],"wp:attachment":[{"href":"https:\/\/haitises.com\/az\/wp-json\/wp\/v2\/media?parent=11643"}],"wp:term":[{"taxonomy":"product_brand","embeddable":true,"href":"https:\/\/haitises.com\/az\/wp-json\/wp\/v2\/product_brand?post=11643"},{"taxonomy":"product_cat","embeddable":true,"href":"https:\/\/haitises.com\/az\/wp-json\/wp\/v2\/product_cat?post=11643"},{"taxonomy":"product_tag","embeddable":true,"href":"https:\/\/haitises.com\/az\/wp-json\/wp\/v2\/product_tag?post=11643"}],"curies":[{"name":"wp","href":"https:\/\/api.w.org\/{rel}","templated":true}]}}