{"id":11473,"date":"2021-10-15T07:23:50","date_gmt":"2021-10-15T07:23:50","guid":{"rendered":"http:\/\/haitises.com\/?post_type=product&#038;p=11473"},"modified":"2021-10-15T07:24:29","modified_gmt":"2021-10-15T07:24:29","slug":"altos-de-cano-hondo-free-breakfast-for-5-guests","status":"publish","type":"product","link":"https:\/\/haitises.com\/az\/oz\u0259l\/altos-de-cano-hondo-free-breakfast-for-5-guests\/","title":{"rendered":"Altos De Ca\u00f1o Hondo &amp; 5 qonaq \u00fc\u00e7\u00fcn pulsuz s\u0259h\u0259r yem\u0259yi"},"content":{"rendered":"<div class=\"vc_row wpb_row vc_row-fluid\" ><div class=\"wpb_column vc_column_container vc_col-sm-12\"><div class=\"vc_column-inner\"><div class=\"wpb_wrapper\">\n\t<div class=\"wpb_text_column wpb_content_element\" >\n\t\t<div class=\"wpb_wrapper\">\n\t\t\t<p data-name-en=\"roomsize\"><strong>Otaqda v\u0259 ya lobbid\u0259 pulsuz Wi-Fi,\u00a0<\/strong><strong>Pulsuz Dayanacaq, G\u00fcnd\u0259lik T\u0259mizlik<\/strong><\/p>\n<p data-name-en=\"roomsize\"><em>(Free Breakfast for 5 Guests)<\/em><\/p>\n<h4 class=\"hprt-lightbox-title\" data-et-view=\"ZdffZZLJbFcFbRAOAcEUJXDbNZRO:1\"><strong>Banyonuzda:<\/strong><\/h4>\n<ul class=\"hprt-lightbox-list js-lightbox-facilities\" data-nr-of-facilities=\"4\" data-et-view=\"\">\n<li class=\"hprt-lightbox-list__item js-lightbox-facility\" data-name-en=\"Shower\" data-id=\"4\">\u2022 Du\u015f<\/li>\n<li class=\"hprt-lightbox-list__item js-lightbox-facility\" data-name-en=\"Free Toiletries\" data-id=\"27\">\u2022 Pulsuz tualet l\u0259vazimatlar\u0131<\/li>\n<li class=\"hprt-lightbox-list__item js-lightbox-facility\" data-name-en=\"Bathroom\" data-id=\"38\">\u2022 Yataq otag\u0131ndan giri\u015fi olan hamam<\/li>\n<li class=\"hprt-lightbox-list__item js-lightbox-facility\" data-name-en=\"higher level toilet\" data-id=\"151\">\u2022 Y\u00fcks\u0259k tualet<\/li>\n<\/ul>\n<h4 class=\"hprt-lightbox-title\"><strong>Otaq imkanlar\u0131:<\/strong><\/h4>\n<ul class=\"hprt-lightbox-list js-lightbox-facilities\" data-nr-of-facilities=\"10\">\n<li style=\"list-style-type: none;\">\n<ul class=\"hprt-lightbox-list js-lightbox-facilities\" data-nr-of-facilities=\"10\">\n<li class=\"hprt-lightbox-list__item js-lightbox-facility\" data-name-en=\"Balcony\" data-id=\"17\">\u2022 Balkon<\/li>\n<li class=\"hprt-lightbox-list__item js-lightbox-facility\" data-name-en=\"Garden View\" data-id=\"110\">\u2022Okean m\u0259nz\u0259r\u0259si<\/li>\n<li class=\"hprt-lightbox-list__item js-lightbox-facility\" data-name-en=\"Fan\" data-id=\"30\">\u2022 Fan<\/li>\n<li class=\"hprt-lightbox-list__item js-lightbox-facility\" data-name-en=\"Tumble dryer (machine)\" data-id=\"94\">\u2022Mebel<\/li>\n<li>\u2022 3 Double beds<\/li>\n<li class=\"hprt-lightbox-list__item js-lightbox-facility\" data-name-en=\"Wardrobe\/Closet\" data-id=\"95\">\u2022 Qarderob v\u0259 ya \u015fkaf<\/li>\n<\/ul>\n<\/li>\n<\/ul>\n<p>[daha \u00e7ox oxu]<\/p>\n<div>\n<h4><strong>Qonaq giri\u015fi:<\/strong><\/h4>\n<ul>\n<li>\u2022 24 saat resepsiyon<\/li>\n<li>\u2022 16 siqaretsiz qonaq ota\u011f\u0131<\/li>\n<li>\u2022 Restoran v\u0259 bar<\/li>\n<li>\u2022 \u00c7oxdilli hey\u0259t<\/li>\n<li>\u2022 T\u0259nb\u0259l \u00e7ay v\u0259 11 a\u00e7\u0131q t\u0259bii hovuz<\/li>\n<li>\u2022 Dam \u00fcst\u00fc terras<\/li>\n<li>\u2022Ba\u011f<\/li>\n<li>\u2022 Piknik sah\u0259si<\/li>\n<li>\u2022 G\u00fcnd\u0259lik ev i\u015fl\u0259ri<\/li>\n<li>\u2022 \u00c7ama\u015f\u0131rxana xidm\u0259ti<\/li>\n<\/ul>\n<h2><strong><em>Otaq rahatl\u0131\u011f\u0131:<\/em><\/strong><\/h2>\n<ul>\n<li>tavan fanat\u0131<\/li>\n<li>F\u0259rdi b\u0259z\u0259dilib<\/li>\n<li>Sa\u00e7 qurutma ma\u015f\u0131n\u0131 (ist\u0259y\u0259 g\u00f6r\u0259)<\/li>\n<li>Pulsuz \u015f\u00fc\u015f\u0259 su<\/li>\n<li>Balkon<\/li>\n<li>g\u00fcnd\u0259lik ev i\u015fl\u0259ri<\/li>\n<li>24 saat \u00f6n b\u00fcro<\/li>\n<li>G\u00f6z\u0259l m\u0259nz\u0259r\u0259<\/li>\n<\/ul>\n<p>[\/oxu]<\/p>\n<hr \/>\n<h2>Ca\u00f1o Hondo haqq\u0131nda \u0259trafl\u0131 m\u0259lumat:<\/h2>\n<h2><strong><em>Tonqal v\u0259 D\u00fc\u015f\u0259rg\u0259<\/em><\/strong><\/h2>\n<p>Ulduzlar yor\u011fan\u0131 alt\u0131nda gec\u0259 tonqal\u0131ndan h\u0259zz al\u0131n... i\u015f\u0131q \u00e7irkl\u0259nm\u0259si yoxdur, sad\u0259c\u0259 qaranl\u0131q gec\u0259 s\u0259mas\u0131 v\u0259 tropik me\u015f\u0259 h\u0259yat\u0131n\u0131n s\u0259sl\u0259ri.<\/p>\n<p>B\u00f6y\u00fck xidm\u0259td\u0259n \u0259lav\u0259, siz Yerli Pe\u015f\u0259kar Tur B\u0259l\u0259d\u00e7isi il\u0259 tipik yerli yem\u0259kl\u0259rd\u0259n (t\u0259z\u0259 d\u0259niz m\u0259hsullar\u0131) v\u0259 ya a\u00e7\u0131q hava f\u0259aliyy\u0259tl\u0259rind\u0259n v\u0259 ekskursiyalardan h\u0259zz ala bil\u0259rsiniz.<\/p>\n<p>16 ota\u011f\u0131m\u0131z\u0131n h\u0259r biri Los Haitises Milli Park\u0131nda tap\u0131la bil\u0259n qu\u015flar\u0131n ad\u0131n\u0131 da\u015f\u0131y\u0131r (parkda t\u0259xmin\u0259n 110 n\u00f6v var). B\u00fct\u00fcn otaqlar ayr\u0131-ayr\u0131l\u0131qda b\u0259z\u0259dilmi\u015f, Ca\u00f1o Hondoda daha yax\u015f\u0131 qalma\u011f\u0131 t\u0259min ed\u0259n tam m\u00fcsb\u0259t enerjidir. Siz San Lorenzo v\u0259 Samana K\u00f6rf\u0259zinin m\u0259nz\u0259r\u0259l\u0259rind\u0259n h\u0259zz ala bil\u0259rsiniz!<\/p>\n<p>&nbsp;<\/p>\n<hr \/>\n<h2>X\u00fcsusi t\u0259klifl\u0259r Ca\u00f1o Hondo F\u0259aliyy\u0259tl\u0259r v\u0259 Ekskursiyalar<\/h2>\n<ul>\n<li>Aktivl\u0259rin v\u0259 Ekskursiyalar\u0131n Siyah\u0131s\u0131:<\/li>\n<li>Zip astarl\u0131<\/li>\n<li>Qaya divar\u0131na d\u0131rma\u015fma<\/li>\n<li>At s\u00fcrm\u0259<\/li>\n<li>Milli Parkda G\u0259zinti Yolu (2 v\u0259 ya 4 saat, kayakla birl\u0259\u015fdiril\u0259 bil\u0259r)<\/li>\n<li>Kayak (2 v\u0259 ya 4 saat, g\u0259zinti il\u0259 birl\u0259\u015fdiril\u0259 bil\u0259r)<\/li>\n<li>Ma\u011faralar\u0131 ziyar\u0259t ed\u0259r\u0259k Los Haitises\u0259 b\u0259l\u0259d\u00e7i qay\u0131q turlar\u0131<\/li>\n<li>Balina seyri (M\u00f6vs\u00fcm 15 Yanvar - 30 Mart)<\/li>\n<li>B\u0259l\u0259d\u00e7ili Qu\u015f M\u00fc\u015fahid\u0259si<\/li>\n<li>Kanoe \u00fcz\u0259rind\u0259 Los Haitises park\u0131n\u0131 k\u0259\u015ff edin<\/li>\n<li>Cayo Levantado\/Bacardi adas\u0131<\/li>\n<li>El Limon \u015f\u0259lal\u0259l\u0259ri<\/li>\n<li>Fronton \u00e7im\u0259rliyi<\/li>\n<li>\u015eeytan\u0131n A\u011fz\u0131<\/li>\n<li>ATV + El Valle \u00e7im\u0259rliyi<\/li>\n<\/ul>\n<p>Biz qonaqlar\u0131m\u0131za uy\u011fun f\u0259rdi v\u0259 ya qrup turlar\u0131, kombin\u0259 edilmi\u015f paketl\u0259r haz\u0131rlay\u0131r\u0131q. F\u0259aliyy\u0259tl\u0259r v\u0259 ekskursiyalar haqq\u0131nda \u0259trafl\u0131 m\u0259lumat \u00fc\u00e7\u00fcn biziml\u0259 \u0259laq\u0259 saxlay\u0131n.<\/p>\n<h2><span class=\"_6ijom0\">Ca\u00f1o Hondo Qonaq giri\u015fi<\/span><\/h2>\n<p>\u018ftrafda n\u0259 var\u2026<\/p>\n<ol>\n<li>16 siqaretsiz qonaq ota\u011f\u0131<\/li>\n<li>Restoran v\u0259 bar\/lounge<\/li>\n<li>T\u0259nb\u0259l \u00e7ay v\u0259 15 a\u00e7\u0131q hovuz<\/li>\n<li>Pulsuz su park\u0131<\/li>\n<li>Dam \u00fcst\u00fc terras<\/li>\n<li>24 saat \u00f6n b\u00fcro<\/li>\n<li>g\u00fcnd\u0259lik ev i\u015fl\u0259ri<\/li>\n<li>Ba\u011f m\u0259nz\u0259r\u0259l\u0259ri<\/li>\n<li>\u00c7ama\u015f\u0131rxana xidm\u0259ti<\/li>\n<li>\u00c7oxdilli hey\u0259t<\/li>\n<li>Konsyerj xidm\u0259tl\u0259ri<\/li>\n<li>Piknik sah\u0259si<\/li>\n<li>Pulsuz bufet s\u0259h\u0259r yem\u0259yi, ictimai yerl\u0259rd\u0259 pulsuz WiFi v\u0259 pulsuz parkinq<\/li>\n<\/ol>\n<\/div>\n\n\t\t<\/div>\n\t<\/div>\n<\/div><\/div><\/div><\/div><div class=\"vc_row wpb_row vc_row-fluid\" ><div class=\"wpb_column vc_column_container vc_col-sm-12\"><div class=\"vc_column-inner\"><div class=\"wpb_wrapper\">\n\t<div class=\"wpb_text_column wpb_content_element\" >\n\t\t<div class=\"wpb_wrapper\">\n\t\t\t<h2><em>Dig\u0259r Otaq Se\u00e7iml\u0259ri<\/em><\/h2>\n\n\t\t<\/div>\n\t<\/div>\n<\/div><\/div><\/div><\/div><div class=\"vc_row wpb_row vc_row-fluid\" ><div class=\"wpb_column vc_column_container vc_col-sm-12\"><div class=\"vc_column-inner\"><div class=\"wpb_wrapper\"><div class=\"woocommerce columns-3\"><ul class=\"products columns-3\">\n<li class=\"product type-product post-12225 status-publish first instock product_cat-dominican-republic product_tag-excursion product_tag-tour has-post-thumbnail sale shipping-taxable product-type-external\">\n\t<div class=\"mkdf-pl-inner\"><div class=\"mkdf-pl-image\">\n\t<span class=\"mkdf-onsale\">SALE<\/span>\n\t<img loading=\"lazy\" decoding=\"async\" width=\"300\" height=\"300\" src=\"https:\/\/haitises.com\/wp-content\/uploads\/2024\/12\/98-7-300x300.jpg\" class=\"attachment-woocommerce_thumbnail size-woocommerce_thumbnail\" alt=\"Private Transfers from Punta Cana Airport to Hotels\" srcset=\"https:\/\/haitises.com\/wp-content\/uploads\/2024\/12\/98-7-300x300.jpg 300w, https:\/\/haitises.com\/wp-content\/uploads\/2024\/12\/98-7-550x550.jpg 550w, https:\/\/haitises.com\/wp-content\/uploads\/2024\/12\/98-7-100x100.jpg 100w\" sizes=\"auto, (max-width: 300px) 100vw, 300px\" title=\"\"><div class=\"mkdf-pl-text\"><div class=\"mkdf-pl-text-outer\"><div class=\"mkdf-pl-text-inner\"><a href=\"https:\/\/gyg.me\/Efzoif2Y\" aria-describedby=\"woocommerce_loop_add_to_cart_link_describedby_12225\" data-quantity=\"1\" class=\"button product_type_external\" data-product_id=\"12225\" data-product_sku=\"\" aria-label=\"Check availability\" rel=\"nofollow noopener\" target=\"_blank\">Check availability<\/a>\t<span id=\"woocommerce_loop_add_to_cart_link_describedby_12225\" class=\"screen-reader-text\">\n\t\t\t<\/span>\n<\/div><\/div><\/div><\/div><a href=\"https:\/\/haitises.com\/az\/oz\u0259l\/private-transfers-from-punta-cana-airport-to-hotels\/\" class=\"woocommerce-LoopProduct-link woocommerce-loop-product__link\"><\/a><\/div><div class=\"mkdf-pl-text-wrapper\"><h4 class=\"mkdf-product-list-title\"><a href=\"https:\/\/haitises.com\/az\/oz\u0259l\/private-transfers-from-punta-cana-airport-to-hotels\/\">Private Transfers from Punta Cana Airport to Hotels<\/a><\/h4>\n\t<span class=\"price\"><del aria-hidden=\"true\"><span class=\"woocommerce-Price-amount amount\"><bdi><span class=\"woocommerce-Price-currencySymbol\">&#36;<\/span>15.50<\/bdi><\/span><\/del> <span class=\"screen-reader-text\">Original price was: &#036;15.50.<\/span><ins aria-hidden=\"true\"><span class=\"woocommerce-Price-amount amount\"><bdi><span class=\"woocommerce-Price-currencySymbol\">&#36;<\/span>12.15<\/bdi><\/span><\/ins><span class=\"screen-reader-text\">Current price is: &#036;12.15.<\/span><\/span>\n<\/div><\/li><li class=\"product type-product post-12224 status-publish instock product_cat-dominican-republic product_tag-excursion product_tag-tour has-post-thumbnail sale shipping-taxable product-type-external\">\n\t<div class=\"mkdf-pl-inner\"><div class=\"mkdf-pl-image\">\n\t<span class=\"mkdf-onsale\">SALE<\/span>\n\t<img loading=\"lazy\" decoding=\"async\" width=\"300\" height=\"300\" src=\"https:\/\/haitises.com\/wp-content\/uploads\/2024\/12\/145-39-300x300.jpg\" class=\"attachment-woocommerce_thumbnail size-woocommerce_thumbnail\" alt=\"Punta Cana: Dolphin Discovery Swims and Encounters\" srcset=\"https:\/\/haitises.com\/wp-content\/uploads\/2024\/12\/145-39-300x300.jpg 300w, https:\/\/haitises.com\/wp-content\/uploads\/2024\/12\/145-39-100x100.jpg 100w\" sizes=\"auto, (max-width: 300px) 100vw, 300px\" title=\"\"><div class=\"mkdf-pl-text\"><div class=\"mkdf-pl-text-outer\"><div class=\"mkdf-pl-text-inner\"><a href=\"https:\/\/gyg.me\/8AGs6VXL\" aria-describedby=\"woocommerce_loop_add_to_cart_link_describedby_12224\" data-quantity=\"1\" class=\"button product_type_external\" data-product_id=\"12224\" data-product_sku=\"\" aria-label=\"Buy &ldquo;Punta Cana: Dolphin Discovery Swims and Encounters&rdquo;\" rel=\"nofollow noopener\" target=\"_blank\">Buy product<\/a>\t<span id=\"woocommerce_loop_add_to_cart_link_describedby_12224\" class=\"screen-reader-text\">\n\t\t\t<\/span>\n<\/div><\/div><\/div><\/div><a href=\"https:\/\/haitises.com\/az\/oz\u0259l\/punta-cana-dolphin-discovery-swims-and-encounters\/\" class=\"woocommerce-LoopProduct-link woocommerce-loop-product__link\"><\/a><\/div><div class=\"mkdf-pl-text-wrapper\"><h4 class=\"mkdf-product-list-title\"><a href=\"https:\/\/haitises.com\/az\/oz\u0259l\/punta-cana-dolphin-discovery-swims-and-encounters\/\">Punta Cana: Dolphin Discovery Swims and Encounters<\/a><\/h4>\n\t<span class=\"price\"><del aria-hidden=\"true\"><span class=\"woocommerce-Price-amount amount\"><bdi><span class=\"woocommerce-Price-currencySymbol\">&#36;<\/span>115.00<\/bdi><\/span><\/del> <span class=\"screen-reader-text\">Original price was: &#036;115.00.<\/span><ins aria-hidden=\"true\"><span class=\"woocommerce-Price-amount amount\"><bdi><span class=\"woocommerce-Price-currencySymbol\">&#36;<\/span>109.00<\/bdi><\/span><\/ins><span class=\"screen-reader-text\">Current price is: &#036;109.00.<\/span><\/span>\n<\/div><\/li><li class=\"product type-product post-12223 status-publish last instock product_cat-dominican-republic product_cat-saona-island product_tag-excursion product_tag-tour has-post-thumbnail sale shipping-taxable product-type-external\">\n\t<div class=\"mkdf-pl-inner\"><div class=\"mkdf-pl-image\">\n\t<span class=\"mkdf-onsale\">SALE<\/span>\n\t<img loading=\"lazy\" decoding=\"async\" width=\"300\" height=\"300\" src=\"https:\/\/haitises.com\/wp-content\/uploads\/2026\/03\/145-38-300x300.jpg\" class=\"attachment-woocommerce_thumbnail size-woocommerce_thumbnail\" alt=\"Catamaran Tour to Saona Island: Lunch &amp; Open Bar Experience\" srcset=\"https:\/\/haitises.com\/wp-content\/uploads\/2026\/03\/145-38-300x300.jpg 300w, https:\/\/haitises.com\/wp-content\/uploads\/2026\/03\/145-38-550x550.jpg 550w, https:\/\/haitises.com\/wp-content\/uploads\/2026\/03\/145-38-100x100.jpg 100w\" sizes=\"auto, (max-width: 300px) 100vw, 300px\" title=\"\"><div class=\"mkdf-pl-text\"><div class=\"mkdf-pl-text-outer\"><div class=\"mkdf-pl-text-inner\"><a href=\"https:\/\/gobookingadventures.com\/en\/booking\/catamaran-tour-to-saona-island-lunch-and-open-bar-experience\" aria-describedby=\"woocommerce_loop_add_to_cart_link_describedby_12223\" data-quantity=\"1\" class=\"button product_type_external\" data-product_id=\"12223\" data-product_sku=\"\" aria-label=\"BUY TICKETS\" rel=\"nofollow noopener\" target=\"_blank\">BUY TICKETS<\/a>\t<span id=\"woocommerce_loop_add_to_cart_link_describedby_12223\" class=\"screen-reader-text\">\n\t\t\t<\/span>\n<\/div><\/div><\/div><\/div><a href=\"https:\/\/haitises.com\/az\/oz\u0259l\/punta-cana-catamaran-to-saona-island-with-lunch-open-bar\/\" class=\"woocommerce-LoopProduct-link woocommerce-loop-product__link\"><\/a><\/div><div class=\"mkdf-pl-text-wrapper\"><h4 class=\"mkdf-product-list-title\"><a href=\"https:\/\/haitises.com\/az\/oz\u0259l\/punta-cana-catamaran-to-saona-island-with-lunch-open-bar\/\">Catamaran Tour to Saona Island: Lunch &#038; Open Bar Experience<\/a><\/h4>\n\t<span class=\"price\"><del aria-hidden=\"true\"><span class=\"woocommerce-Price-amount amount\"><bdi><span class=\"woocommerce-Price-currencySymbol\">&#36;<\/span>95.00<\/bdi><\/span><\/del> <span class=\"screen-reader-text\">Original price was: &#036;95.00.<\/span><ins aria-hidden=\"true\"><span class=\"woocommerce-Price-amount amount\"><bdi><span class=\"woocommerce-Price-currencySymbol\">&#36;<\/span>85.00<\/bdi><\/span><\/ins><span class=\"screen-reader-text\">Current price is: &#036;85.00.<\/span><\/span>\n<\/div><\/li><\/ul>\n<\/div><\/div><\/div><\/div><\/div>","protected":false},"excerpt":{"rendered":"<h2><strong>Cano Hondo oteli<\/strong><\/h2>\n<p><em>(Free Breakfast for 5 Guests)<\/em><\/p>\n<p>Eco-Lodge qalmaq \u00fc\u00e7\u00fcn sehrli, dinc v\u0259 orijinal yerdir. Bu t\u0259bii v\u0259 orijinal otel Sabana de la Marda m\u0259\u015fhur Los Haitises Milli Park\u0131nda yerl\u0259\u015fir. B\u00fct\u00fcn otaqlar\u0131m\u0131z San Lorenzo v\u0259 Samana K\u00f6rf\u0259zin\u0259 heyr\u0259tamiz m\u0259nz\u0259r\u0259si olan m\u00fcsb\u0259t enerji il\u0259 doludur! Otaqlarda isti su v\u0259 tavan fanat\u0131 olan x\u00fcsusi vanna ota\u011f\u0131 var. S\u0259h\u0259r yem\u0259yi daxildir, g\u00fcn \u0259rzind\u0259 pulsuz i\u00e7m\u0259li su v\u0259 kofe t\u0259klif olunur. Yem\u0259k planlar\u0131m\u0131zdan da se\u00e7im ed\u0259 bil\u0259rsiniz.<br \/>\n[daha \u00e7ox oxu]<\/p>\n<h2><strong><em><span class=\"_6ijom0\">\u00a0Cano Hondo <\/span><\/em><\/strong><em><strong>T\u0259bii \u00dczg\u00fc\u00e7\u00fcl\u00fck Hovuzlar\u0131<\/strong><\/em><\/h2>\n<p>Ail\u0259niz v\u0259 ya qonaqlar\u0131n\u0131zla m\u0259nz\u0259r\u0259y\u0259 g\u00f6z\u0259l qar\u0131\u015fan sa\u011flam v\u0259 t\u0259rav\u0259tl\u0259ndirici su il\u0259 t\u0259bii eko hovuzlardan h\u0259zz al\u0131n. Hovuzlar tamamil\u0259 biolojidir, xlor v\u0259 kimy\u0259vi madd\u0259l\u0259r\u0259 ehtiyac yoxdur, m\u00fc\u0259yy\u0259n bir \u015f\u0259kild\u0259 dizayn edil\u0259r\u0259k tikil\u0259r\u0259k \u00f6z t\u0259bii ekologiyas\u0131n\u0131 v\u0259 balansla\u015fd\u0131r\u0131lm\u0131\u015f ekosistemini inki\u015faf etdirir.<\/p>\n<h2><em><strong>Ca\u00f1o Hondo U\u015faq Qaydalar\u0131:<\/strong><\/em><\/h2>\n<p>- 2-10 ya\u015fl\u0131 u\u015faqlar u\u015faqlar \u00fc\u00e7\u00fcn tarif \u00f6d\u0259yirl\u0259r<br \/>\n-2 ya\u015fa q\u0259d\u0259r pulsuz<\/p>\n<h2><em><strong>Cano Hondo Restoran\u0131:\u00a0<\/strong><\/em><\/h2>\n<p>Se\u00e7m\u0259k \u00fc\u00e7\u00fcn \u00e7oxlu variantlar\u0131 olan bir menyu var. H\u0259r yem\u0259kd\u0259 adamba\u015f\u0131na bir i\u00e7ki d\u0259 daxildir. Alkoqollu i\u00e7kil\u0259r \u0259lav\u0259 i\u00e7kil\u0259r kimi \u00f6d\u0259ni\u015flidir.<\/p>\n<p>Otelin menyusu yerli s\u00f6zl\u0259rd\u0259n v\u0259 b\u00f6lg\u0259nin \u0259fsan\u0259vi hekay\u0259l\u0259rind\u0259n b\u0259hs edir. O, h\u0259m\u00e7inin b\u00f6lg\u0259l\u0259r\u0259 xas olan c\u0131r, kon\u00e7 v\u0259 minutalar, yerli, \u0259dviyyatl\u0131 v\u0259 q\u0131zard\u0131lm\u0131\u015f ki\u00e7ik \u015firin su bal\u0131\u011f\u0131 kimi tipik yem\u0259kl\u0259ri vur\u011fulay\u0131r. T\u0259z\u0259 t\u0259bii meyv\u0259 \u015fir\u0259l\u0259ri g\u00fcnd\u0259lik \u00e7evrilir: \u0259h\u0259ng, qovun, manqo, tamarind, ananas v\u0259 s.<br \/>\n[\/oxu]<\/p>","protected":false},"featured_media":11500,"template":"","meta":[],"product_brand":[],"product_cat":[558,560,563],"product_tag":[339,521,126,340,127,447,562,342],"class_list":{"0":"post-11473","1":"product","2":"type-product","3":"status-publish","4":"has-post-thumbnail","6":"product_cat-all-rooms","7":"product_cat-hotel-cano-hondo","8":"product_cat-room-hotel-cano-hondo","9":"product_tag-altos-cano-hondo","10":"product_tag-altos-de-cano-hondo","11":"product_tag-cano-hondo","12":"product_tag-cano-hondo-day-pass","13":"product_tag-cano-hondo-hotel","14":"product_tag-hotel-cano-hondo","15":"product_tag-hotel-sabana-de-la-mar","16":"product_tag-paraiso-cano-hondo","18":"first","19":"instock","20":"shipping-taxable","21":"product-type-external"},"_links":{"self":[{"href":"https:\/\/haitises.com\/az\/wp-json\/wp\/v2\/product\/11473","targetHints":{"allow":["GET"]}}],"collection":[{"href":"https:\/\/haitises.com\/az\/wp-json\/wp\/v2\/product"}],"about":[{"href":"https:\/\/haitises.com\/az\/wp-json\/wp\/v2\/types\/product"}],"wp:featuredmedia":[{"embeddable":true,"href":"https:\/\/haitises.com\/az\/wp-json\/wp\/v2\/media\/11500"}],"wp:attachment":[{"href":"https:\/\/haitises.com\/az\/wp-json\/wp\/v2\/media?parent=11473"}],"wp:term":[{"taxonomy":"product_brand","embeddable":true,"href":"https:\/\/haitises.com\/az\/wp-json\/wp\/v2\/product_brand?post=11473"},{"taxonomy":"product_cat","embeddable":true,"href":"https:\/\/haitises.com\/az\/wp-json\/wp\/v2\/product_cat?post=11473"},{"taxonomy":"product_tag","embeddable":true,"href":"https:\/\/haitises.com\/az\/wp-json\/wp\/v2\/product_tag?post=11473"}],"curies":[{"name":"wp","href":"https:\/\/api.w.org\/{rel}","templated":true}]}}