{"id":11328,"date":"2021-08-15T20:08:37","date_gmt":"2021-08-15T20:08:37","guid":{"rendered":"http:\/\/haitises.com\/?post_type=product&#038;p=11328"},"modified":"2024-04-09T15:46:51","modified_gmt":"2024-04-09T15:46:51","slug":"private-tour-samana-whale-watching-cayo-levantado-bacardi-island-from-samana-port-2","status":"publish","type":"product","link":"https:\/\/haitises.com\/az\/oz\u0259l\/private-tour-samana-whale-watching-cayo-levantado-bacardi-island-from-samana-port-2\/","title":{"rendered":"Private Tour Samana Whale Watching + Cayo Levantado (Bacardi Island) from Saman\u00e1 Port"},"content":{"rendered":"<div class=\"vc_row wpb_row vc_row-fluid\" ><div class=\"wpb_column vc_column_container vc_col-sm-12\"><div class=\"vc_column-inner\"><div class=\"wpb_wrapper\"><div class=\"vc_empty_space\"   style=\"height: 32px\"><span class=\"vc_empty_space_inner\"><\/span><\/div>[mkdf_section_title title_tag=\u00bb\u00bb disable_break_words=\u00bbno\u00bb subtitle_tag=\u00bb\u00bb title=\u00bbSamana Cayo Levantado + Whale Watching\u00bb subtitle=\u00bbFrom Saman\u00e1 port Private Boat Tour\u00bb]<div class=\"vc_message_box vc_message_box-standard vc_message_box-rounded vc_color-info\" ><div class=\"vc_message_box-icon\"><i class=\"fas fa-info-circle\"><\/i><\/div><p>This is a Private Tour Minimum 4 People. To Book same trip in Catamaran Groups <a href=\"https:\/\/www.ticketswhales.com\/Tours-Excursions\/tours-and-excursions\/samana-whale-watching-cayo-levantado\/\" target=\"_blank\" rel=\"noopener\">Click Here.<\/a><\/p>\n<p>If you are less than 4 People\u00a0 and will like Private Contact us.<\/p>\n<\/div><div class=\"vc_empty_space\"   style=\"height: 32px\"><span class=\"vc_empty_space_inner\"><\/span><\/div><\/div><\/div><\/div><\/div><div class=\"vc_row wpb_row vc_row-fluid\" ><div class=\"wpb_column vc_column_container vc_col-sm-12\"><div class=\"vc_column-inner\"><div class=\"wpb_wrapper\">\n\t<div class=\"wpb_text_column wpb_content_element\" >\n\t\t<div class=\"wpb_wrapper\">\n\t\t\t<div class=\"vc_row wpb_row vc_row-fluid\">\n<div class=\"wpb_column vc_column_container vc_col-sm-12\">\n<div class=\"vc_column-inner\">\n<div class=\"wpb_wrapper\">\n<div class=\"wpb_text_column wpb_content_element\">\n<div class=\"wpb_wrapper\">\n<div class=\"vc_row wpb_row vc_row-fluid\">\n<div class=\"wpb_column vc_column_container vc_col-sm-12\">\n<div class=\"vc_column-inner\">\n<div class=\"wpb_wrapper\">\n<div class=\"wpb_text_column wpb_content_element\">\n<div class=\"wpb_wrapper\">\n<h4><b><i>\u00dcmumi bax\u0131\u015f<img decoding=\"async\" class=\"emoji\" draggable=\"false\" src=\"https:\/\/s.w.org\/images\/core\/emoji\/12.0.0-1\/svg\/1f433.svg\" alt=\"\ud83d\udc33\" title=\"\"><\/i><\/b><\/h4>\n<p><strong>Avoid big groups of tourists<\/strong>\u00a0and make your Whale watching in Saman\u00e1 bay starting from Saman\u00e1 port in a private Boat. This Trip starts at 9:00 Am and Finishes at 5:00 Pm. But because it will be a private trip you may set the time for starting and to finish. Meeting before in Our Office next to the Royal Restaurant. After aborting our Boat to visit the Whales in their own habitat.\u00a0 Our Captains are trained to make sure that you see whales.<\/p>\n<p>From 9:00 Am until 12:00-noon Whale watching observatory and After this Whale trip we will visit Bacardi Island \/ Cayo Levantado. In Bacardi Island, Lunch Buffet from typical Dominican Style will be provided (Rice, Beans, Fish, Salads\u2026). When lunch is finished you are allowed to swim until 4:30 pm. Tour will be finished at 5:00 pm at the same port from where it will start.<\/p>\n<p><strong>Qeyd:<\/strong>\u00a0This tour is Private. (Just you and Family or friends on board with Captain and Tour Guide).<\/p>\n<ul>\n<li>Whale Watching trip<\/li>\n<li>Entrance fees to Observatory<\/li>\n<li>Includes Buffet lunch on the beach<\/li>\n<li>Boat Transfer<\/li>\n<li>The Captain provides instruction and Supervision<\/li>\n<li>Tour Guide<\/li>\n<\/ul>\n<p>&nbsp;<\/p>\n<h4><b>Daxil v\u0259 \u0130stisnalar<\/b><\/h4>\n<p>&nbsp;<\/p>\n<p><b>Daxiletm\u0259l\u0259r<\/b><\/p>\n<p>&nbsp;<\/p>\n<ol>\n<li>\u00c7im\u0259rlikd\u0259 nahar bufeti<\/li>\n<li>Tour Guide<\/li>\n<li>Katamaran v\u0259 ya qay\u0131qla s\u0259yah\u0259t<\/li>\n<li>B\u00fct\u00fcn vergil\u0259r, r\u00fcsumlar v\u0259 \u0259m\u0259liyyat x\u0259rcl\u0259ri<\/li>\n<li>Yerli vergil\u0259r<\/li>\n<li>\u0130\u00e7kil\u0259r<\/li>\n<\/ol>\n<p><b>\u0130stisnalar<\/b><\/p>\n<ol>\n<li>H\u0259diyy\u0259l\u0259r<\/li>\n<li>Transfer Ma\u015f\u0131n\u0131<\/li>\n<li>Spirtli \u0130\u00e7kil\u0259r<\/li>\n<\/ol>\n<p>&nbsp;<\/p>\n<h4><em><strong>Gedi\u015f v\u0259 Qay\u0131d\u0131\u015f<\/strong><\/em><\/h4>\n<p>Rezervasiya prosesind\u0259n sonra s\u0259yah\u0259t\u00e7i g\u00f6r\u00fc\u015f n\u00f6qt\u0259si \u0259ld\u0259 ed\u0259c\u0259k. Turlar g\u00f6r\u00fc\u015f n\u00f6qt\u0259l\u0259rimizd\u0259 ba\u015flay\u0131r v\u0259 bitir.<\/p>\n<p>&nbsp;<\/p>\n<h4><b><i>N\u0259 g\u00f6zl\u0259m\u0259k olar?<\/i><\/b><\/h4>\n<p>&nbsp;<\/p>\n<p><em><strong>Biletl\u0259rinizi al\u0131n<\/strong><\/em>\u00a0for a day Whale Watching private tour in Saman\u00e1 bay plus a wonderful lunch and beach time at Bacardi Island.<\/p>\n<p>The Daypass for whale watching, organized by \u201cBooking Adventures\u201d starts at the meeting point set with the Tour Guide. Lunch at the beach and you can stay as long as you want swimming around. If you are Vegan we also can set some food for you.<\/p>\n<p><strong>C\u0259dv\u0259l:<\/strong><\/p>\n<p>8:45 AM \u2013 5:00 PM<\/p>\n<p>&nbsp;<\/p>\n<h4><em><strong>N\u0259 g\u0259tirm\u0259lis\u0259n?<\/strong><\/em><\/h4>\n<ul>\n<li>kamera<\/li>\n<li>Qoruyucu q\u00f6n\u00e7\u0259l\u0259r<\/li>\n<li>g\u00fcn\u0259\u015f kremi<\/li>\n<li>\u015eapka<\/li>\n<li>Rahat \u015falvar<\/li>\n<li>\u00c7im\u0259rliy\u0259 sandal<\/li>\n<li>\u00dczg\u00fc\u00e7\u00fcl\u00fck geyimi<\/li>\n<li>Suvenirl\u0259r \u00fc\u00e7\u00fcn na\u011fd pul<\/li>\n<\/ul>\n<p>&nbsp;<\/p>\n<h4><b><i>Oteld\u0259n g\u00f6t\u00fcr\u00fclm\u0259<\/i><\/b><\/h4>\n<p>Bu tur \u00fc\u00e7\u00fcn oteld\u0259n g\u00f6t\u00fcr\u00fclm\u0259 t\u0259klif edilmir.<\/p>\n<p>&nbsp;<\/p>\n<p><b>Qeyd:<\/b>\u00a0\u018fg\u0259r siz tur\/ekskursiyan\u0131n gedi\u015f vaxt\u0131ndan sonra 24 saat \u0259rzind\u0259 bron ets\u0259niz, biz \u0259lav\u0259 \u00f6d\u0259ni\u015fl\u0259 oteld\u0259n g\u00f6t\u00fcr\u00fclm\u0259ni t\u0259\u015fkil ed\u0259 bil\u0259rik. Al\u0131\u015f-veri\u015finiz tamamland\u0131qdan sonra g\u00f6t\u00fcrm\u0259 t\u0259dbirl\u0259rini t\u0259\u015fkil etm\u0259k \u00fc\u00e7\u00fcn yerli Tur b\u0259l\u0259d\u00e7imiz \u00fc\u00e7\u00fcn siz\u0259 tam \u0259laq\u0259 m\u0259lumat\u0131 (telefon n\u00f6mr\u0259si, e-po\u00e7t \u00fcnvan\u0131 v\u0259 s.) g\u00f6nd\u0259r\u0259c\u0259yik.<\/p>\n<h4><b><i>\u018flav\u0259 m\u0259lumat\u0131n t\u0259sdiqi<\/i><\/b><\/h4>\n<ol>\n<li>Biletl\u0259r bu Turu \u00f6d\u0259dikd\u0259n sonra q\u0259bzdir. \u00d6d\u0259ni\u015fi telefonunuzda g\u00f6st\u0259r\u0259 bil\u0259rsiniz.<\/li>\n<li>G\u00f6r\u00fc\u015f N\u00f6qt\u0259si Rezervasiya Prosesind\u0259n sonra al\u0131nacaq.<\/li>\n<li>U\u015faqlar b\u00f6y\u00fckl\u0259r t\u0259r\u0259find\u0259n m\u00fc\u015fayi\u0259t olunmal\u0131d\u0131r.<\/li>\n<li>\u0259lil arabas\u0131 \u0259l\u00e7atand\u0131r<\/li>\n<li>K\u00f6rp\u0259l\u0259r quca\u011f\u0131nda oturmal\u0131d\u0131rlar<\/li>\n<li>\u018fks\u0259r s\u0259yah\u0259t\u00e7il\u0259r i\u015ftirak ed\u0259 bil\u0259r<\/li>\n<\/ol>\n<h4><b><i>L\u0259\u011fv Siyas\u0259ti<\/i><\/b><\/h4>\n<p>Tam geri qaytarmaq \u00fc\u00e7\u00fcn t\u0259cr\u00fcb\u0259nin ba\u015flama tarixind\u0259n \u0259n az\u0131 24 saat \u0259vv\u0259l l\u0259\u011fv edin.<\/p>\n<\/div>\n<\/div>\n<\/div>\n<\/div>\n<\/div>\n<\/div>\n<\/div>\n<\/div>\n<\/div>\n<\/div>\n<\/div>\n<\/div>\n<div class=\"vc_row wpb_row vc_row-fluid\">\n<div class=\"wpb_column vc_column_container vc_col-sm-12\">\n<div class=\"vc_column-inner\">\n<div class=\"wpb_wrapper\">\n<div class=\"vc_empty_space\"><\/div>\n<div class=\"wpb_text_column wpb_content_element\">\n<div class=\"wpb_wrapper\">\n<h4>Biziml\u0259 \u0259laq\u0259 saxlay\u0131n?<\/h4>\n<h5><b><i>TOUR WHALES SAMANA<\/i><\/b><\/h5>\n<p><em><strong>Yerlil\u0259r<\/strong>\u00a0v\u0259\u00a0<strong>Millil\u0259r<\/strong>\u00a0Tur B\u0259l\u0259d\u00e7il\u0259ri v\u0259 Qonaq Xidm\u0259tl\u0259ri<\/em><\/p>\n<p><span class=\"text-turquoise\">Rezervasyonlar:<\/span>\u00a0Dom Rep-d\u0259 Turlar v\u0259 Ekskursiyalar<\/p>\n<p><img decoding=\"async\" class=\"emoji\" draggable=\"false\" src=\"https:\/\/s.w.org\/images\/core\/emoji\/11.2.0\/svg\/1f4de.svg\" alt=\"\ud83d\udcde\" title=\"\">\u00a0Tel\/Whatsapp\u00a0\u00a0<a href=\"tel:+1-809-720-6035\">+1-809-720-6035<\/a>.<\/p>\n<p><img decoding=\"async\" class=\"emoji\" draggable=\"false\" src=\"https:\/\/s.w.org\/images\/core\/emoji\/11.2.0\/svg\/1f4e9.svg\" alt=\"\ud83d\udce9\" title=\"\">\u00a0<a href=\"mailto:info@bookingadventures.com.do\">info@bookingadventures.com.do<\/a><\/p>\n<p><strong>Biz Whatsapp il\u0259 \u00c7evik Qura\u015fd\u0131rma \u015e\u0259xsi Turlar\u0131q:\u00a0<a href=\"tel:+18097206035\">+18097206035.<\/a><\/strong><\/p>\n<\/div>\n<\/div>\n<\/div>\n<\/div>\n<\/div>\n<\/div>\n\n\t\t<\/div>\n\t<\/div>\n<\/div><\/div><\/div><\/div>","protected":false},"excerpt":{"rendered":"<p>Private whale watching trip in Samana bay, the Dominican Republic with Locals tours Guides. Feel free to set your time to arrived or to finish the Excursion. Lunch and timing are set by your self. Book Now this excursion in Samana bay for a Good whale watching trip experience.<\/p>\n<p>Note: This tour is a Private Tour with a Minimum Payment. To join a group for whale watching with the same price in Catamaran please\u00a0 <a href=\"https:\/\/www.ticketswhales.com\/Tours-Excursions\/tours-and-excursions\/samana-whale-watching-cayo-levantado\/\">CLICK HERE.<\/a><\/p>\n<p>&nbsp;<\/p>\n<p><em><strong>Please Select the date for The Excursion:<\/strong><\/em><\/p>","protected":false},"featured_media":259,"template":"","meta":[],"product_brand":[],"product_cat":[124,232],"product_tag":[137,162,201,143,277,271,278,234,279,280,236],"class_list":{"0":"post-11328","1":"product","2":"type-product","3":"status-publish","4":"has-post-thumbnail","6":"product_cat-tours-excursions-samana-bay-dominican-republic","7":"product_cat-whale-watching-samana","8":"product_tag-bacardi-island","9":"product_tag-cayo-levantado-day-pass","10":"product_tag-private-tours-samana","11":"product_tag-samana-tours","12":"product_tag-samana-whale","13":"product_tag-samana-whale-watching","14":"product_tag-samana-whale-watching-excursions","15":"product_tag-whale-samana","16":"product_tag-whale-watching","17":"product_tag-whale-watching-2020","18":"product_tag-whale-watching-dominican-republic","20":"first","21":"instock","22":"sale","23":"sold-individually","24":"shipping-taxable","25":"product-type-external"},"_links":{"self":[{"href":"https:\/\/haitises.com\/az\/wp-json\/wp\/v2\/product\/11328","targetHints":{"allow":["GET"]}}],"collection":[{"href":"https:\/\/haitises.com\/az\/wp-json\/wp\/v2\/product"}],"about":[{"href":"https:\/\/haitises.com\/az\/wp-json\/wp\/v2\/types\/product"}],"wp:featuredmedia":[{"embeddable":true,"href":"https:\/\/haitises.com\/az\/wp-json\/wp\/v2\/media\/259"}],"wp:attachment":[{"href":"https:\/\/haitises.com\/az\/wp-json\/wp\/v2\/media?parent=11328"}],"wp:term":[{"taxonomy":"product_brand","embeddable":true,"href":"https:\/\/haitises.com\/az\/wp-json\/wp\/v2\/product_brand?post=11328"},{"taxonomy":"product_cat","embeddable":true,"href":"https:\/\/haitises.com\/az\/wp-json\/wp\/v2\/product_cat?post=11328"},{"taxonomy":"product_tag","embeddable":true,"href":"https:\/\/haitises.com\/az\/wp-json\/wp\/v2\/product_tag?post=11328"}],"curies":[{"name":"wp","href":"https:\/\/api.w.org\/{rel}","templated":true}]}}