{"id":11066,"date":"2021-04-09T10:46:12","date_gmt":"2021-04-09T10:46:12","guid":{"rendered":"http:\/\/haitises.com\/product\/import-placeholder-for-11589\/"},"modified":"2024-04-12T17:50:00","modified_gmt":"2024-04-12T17:50:00","slug":"los-haitises-complete-adventure-hotel-hiking-swimming-kayaking","status":"publish","type":"product","link":"https:\/\/haitises.com\/az\/oz\u0259l\/los-haitises-complete-adventure-hotel-hiking-swimming-kayaking\/","title":{"rendered":"Los Haitises Tam Mac\u0259ra, Otel + G\u0259zinti + \u00dczg\u00fc\u00e7\u00fcl\u00fck + Kayak"},"content":{"rendered":"<div class=\"vc_row wpb_row vc_row-fluid\" ><div class=\"wpb_column vc_column_container vc_col-sm-12\"><div class=\"vc_column-inner\"><div class=\"wpb_wrapper\">[mkdf_section_title title_tag=\u00bb\u00bb disable_break_words=\u00bbno\u00bb subtitle_tag=\u00bb\u00bb title=\u00bbLos Haitises Complete Adventure\u00bb subtitle=\u00bbHotel + Hiking +Swimming + Kayaking\u00bb]<div class=\"vc_empty_space\"   style=\"height: 32px\"><span class=\"vc_empty_space_inner\"><\/span><\/div>\n\t<div class=\"wpb_text_column wpb_content_element\" >\n\t\t<div class=\"wpb_wrapper\">\n\t\t\t<h4><\/h4>\n<h3>1-ci g\u00fcn<\/h3>\n<p>Dominikan Respublikas\u0131n\u0131n \u015f\u0259rq t\u0259r\u0259find\u0259, Los Haitises Milli Park\u0131 Ya\u011f\u0131\u015f me\u015f\u0259sini ziyar\u0259t edirik, mac\u0259ram\u0131z Ecolodge-da qeydiyyatdan ke\u00e7dikd\u0259n sonra ba\u015flay\u0131r. \u018fvv\u0259lc\u0259 2-3 Saatl\u0131q Y\u00fcr\u00fc\u015fl\u0259. Orada siz m\u0259nz\u0259r\u0259d\u0259n h\u0259zz ala, Dominikan Respublikas\u0131n\u0131n \u00f6lk\u0259 \u0259razisind\u0259ki h\u0259yat\u0131 v\u0259 t\u0259bi\u0259ti ya\u015faya bil\u0259rsiniz. Yolda siz tropik me\u015f\u0259l\u0259rin biom\u00fcxt\u0259lif ekosistemi haqq\u0131nda m\u0259lumat \u0259ld\u0259 ed\u0259c\u0259k, Kakaos a\u011faclar\u0131na, unikal floraya v\u0259 tarixi \u0259razil\u0259r\u0259 toxunacaqs\u0131n\u0131z.<\/p>\n<p>G\u0259zinti ba\u015fa \u00e7atd\u0131qdan sonra daha yuxar\u0131da ulduzlar\u0131n i\u015f\u0131\u011f\u0131nda Dominikan \u00fcslubunda \u015fam yem\u0259yi v\u0259 tonqallar var.<\/p>\n<h3>2-ci g\u00fcn<\/h3>\n<p>Ert\u0259si g\u00fcn Dominikan Stil S\u0259h\u0259r yem\u0259yi. S\u0259h\u0259r yem\u0259yind\u0259n sonra Mangroves liman\u0131na bir ne\u00e7\u0259 d\u0259qiq\u0259 y\u00fcr\u00fcy\u00fcr\u00fck. Sonra biz sizin t\u0259hl\u00fck\u0259sizliyiniz \u00fc\u00e7\u00fcn laz\u0131m olan avadanl\u0131qlar\u0131 (xilasedici jiletl\u0259r v\u0259 s.), kayaklar\u0131 v\u0259 manqrov bataql\u0131qlar\u0131ndan ke\u00e7irik. Siz qu\u015flarla dolu mangrovlar\u0131, sulu bitki \u00f6rt\u00fcy\u00fcn\u00fcn yuvarlanan t\u0259p\u0259l\u0259rini g\u00f6r\u0259c\u0259ksiniz.<\/p>\n<p>A\u00e7\u0131q San Lorenzo K\u00f6rf\u0259zind\u0259ki manqrovlar v\u0259 Torpaqlar vasit\u0259sil\u0259, buradan m\u00f6hk\u0259m me\u015f\u0259 m\u0259nz\u0259r\u0259sini \u00e7\u0259k\u0259 bil\u0259rsiniz. B\u0259zi Endemik Qu\u015flar, M\u0259m\u0259lil\u0259r v\u0259 Bitki n\u00f6vl\u0259rini, sulu bitki \u00f6rt\u00fcy\u00fcn\u00fcn yuvarlanan t\u0259p\u0259l\u0259rini v\u0259 ma\u011faralar\u0131 yoxlama\u011fa ba\u015flay\u0131n. <em><strong>Los Haitises Milli Park\u0131<\/strong><\/em>.<\/p>\n<div class=\"body-description secondary\">\n<p>Milli park\u0131n ad\u0131 onun \u0259sl sakinl\u0259ri olan Taino hindular\u0131ndan g\u0259lir. Onlar\u0131n dilind\u0259 &quot;Haitil\u0259r&quot; da\u011fl\u0131q \u0259razil\u0259r\u0259 v\u0259 ya T\u0259p\u0259l\u0259r\u0259 t\u0259rc\u00fcm\u0259 olunur, bu sahil x\u0259ttinin \u0259h\u0259ngda\u015flar\u0131 olan dik geoloji birl\u0259\u015fm\u0259l\u0259rin\u0259 istinad edir. kimi ma\u011faralar\u0131 ara\u015fd\u0131rmaq \u00fc\u00e7\u00fcn parka daha d\u0259rind\u0259n mac\u0259ra edin <em><strong>Qum ma\u011faras\u0131.\u00a0<\/strong><\/em><\/p>\n<h3>Bitirm\u0259 g\u00fcn\u00fc<\/h3>\n<p>Ecolodge-a qay\u0131td\u0131qdan sonra Los Haitises Milli Park\u0131n\u0131n ilk mineral \u015f\u0259lal\u0259l\u0259ri \u0259razil\u0259rind\u0259 t\u0259bii su hovuzunda \u00fczm\u0259kd\u0259n h\u0259zz almaq \u00fc\u00e7\u00fcn bo\u015f vaxt var. Dominikan \u00fcslubunda nahar v\u0259 oteld\u0259n 13:00-da \u00e7\u0131x\u0131\u015f.<\/p>\n<\/div>\n<p>Bu, t\u0259bi\u0259td\u0259n v\u0259 unikal tropik me\u015f\u0259 t\u0259cr\u00fcb\u0259sind\u0259n h\u0259zz almaq ist\u0259y\u0259nl\u0259r \u00fc\u00e7\u00fcn yax\u015f\u0131 bir mac\u0259rad\u0131r. Los Haitises Milli Park\u0131nda Dominikan Respublikas\u0131n\u0131n \u0259sl yerli g\u00f6r\u00fcn\u00fc\u015f\u00fcn\u00fc, s\u0259yah\u0259t zaman\u0131 ekosistem haqq\u0131nda tarixi faktlar v\u0259 m\u0259lumatlarla t\u0259min etm\u0259y\u0259 diqq\u0259t yetirib. N\u0259qliyyat daxil deyil.<\/p>\n<h3>G\u00f6r\u00fc\u015f n\u00f6qt\u0259si<\/h3>\n<p>Sabana de la marda g\u00f6r\u00fc\u015f\u00fcr\u00fck, buradan siz \u00f6z avtomobilinizd\u0259 b\u0259l\u0259d\u00e7i il\u0259 bizim gizli incimiz\u0259 ged\u0259c\u0259ksiniz!. \u018fsl mac\u0259ra g\u0259zintisi, tonqallar, kayak v\u0259 \u015f\u0259lal\u0259l\u0259r v\u0259 Dominikan Respublikas\u0131nda unikal Ekolojaya haz\u0131r olun.<\/p>\n<p>Bir qrupsunuzsa v\u0259 ya m\u00f6vcud g\u00f6rm\u0259diyiniz bir tarixl\u0259 maraqlan\u0131rs\u0131n\u0131zsa, biziml\u0259 birba\u015fa \u0259laq\u0259 saxlay\u0131n v\u0259 m\u0259n siz\u0259 k\u00f6m\u0259k ed\u0259c\u0259m. R\u0259yl\u0259rd\u0259 g\u00f6rd\u00fcy\u00fcn\u00fcz kimi, Booking Adventures bizim i\u015fimiz\u0259 \u00e7ox h\u0259v\u0259slidir v\u0259 biz qonaqlar\u0131m\u0131za adadak\u0131 real h\u0259yat\u0131 g\u00f6st\u0259rm\u0259yi sevirik. H\u0259r turda biz T\u0259bi\u0259t\u0259 ian\u0259 olaraq bir Manqrov a\u011fac\u0131 \u0259kirik.<\/p>\n<h4><b>Daxil v\u0259 \u0130stisnalar<\/b><\/h4>\n<p><b>Daxiletm\u0259l\u0259r<\/b><\/p>\n<ul>\n<li style=\"font-weight: 400;\">Los Haitises Milli Park\u0131<\/li>\n<li>Gec\u0259 tonqal<\/li>\n<li>4 Saat Y\u00fcr\u00fcy\u00fc\u015f Ya\u011f\u0131\u015f Me\u015f\u0259si<\/li>\n<li>Ecolodge-da 1 otaq<\/li>\n<li>1 n\u0259f\u0259rlik \u015fam yem\u0259yi<\/li>\n<li>1 n\u0259f\u0259r S\u0259h\u0259r yem\u0259yi<\/li>\n<li>Adamba\u015f\u0131na 1 Nahar<\/li>\n<li>3 Saat Kayak (v\u0259 ya qay\u0131qla s\u0259yah\u0259t)<\/li>\n<li>qu\u015f m\u00fc\u015fahid\u0259si<\/li>\n<li>Manqrov plantasiyas\u0131<\/li>\n<li>1 Ma\u011fara ziyar\u0259ti<\/li>\n<li style=\"font-weight: 400;\"><span style=\"font-weight: 400;\">B\u00fct\u00fcn vergil\u0259r, r\u00fcsumlar v\u0259 \u0259m\u0259liyyat x\u0259rcl\u0259ri<\/span><\/li>\n<li style=\"font-weight: 400;\"><span style=\"font-weight: 400;\">Yerli vergil\u0259r<\/span><\/li>\n<li style=\"font-weight: 400;\"><span style=\"font-weight: 400;\">Yerli b\u0259l\u0259d\u00e7i<\/span><\/li>\n<\/ul>\n<p><b> \u0130stisnalar<\/b><\/p>\n<ol>\n<li style=\"font-weight: 400;\"><span style=\"font-weight: 400;\">H\u0259diyy\u0259l\u0259r<\/span><\/li>\n<li style=\"font-weight: 400;\"><span style=\"font-weight: 400;\">Transfer<\/span><\/li>\n<li style=\"font-weight: 400;\"><span style=\"font-weight: 400;\">Spirtli \u0130\u00e7kil\u0259r<\/span><\/li>\n<\/ol>\n<p>&nbsp;<\/p>\n<h4><em><strong>Gedi\u015f v\u0259 Qay\u0131d\u0131\u015f<\/strong><\/em><\/h4>\n<p><span style=\"font-weight: 400;\">Rezervasiya prosesind\u0259n sonra s\u0259yah\u0259t\u00e7i g\u00f6r\u00fc\u015f n\u00f6qt\u0259si \u0259ld\u0259 ed\u0259c\u0259k. Turlar g\u00f6r\u00fc\u015f n\u00f6qt\u0259l\u0259rimizd\u0259 ba\u015flay\u0131r v\u0259 bitir.<\/span><\/p>\n<p>Kimd\u0259n:<\/p>\n<p>15:00 Birinci g\u00fcn<\/p>\n<p>Kim\u0259:<\/p>\n<p>13:00 \u0130kinci g\u00fcn.<\/p>\n<p>&nbsp;<\/p>\n<h4><em><strong>N\u0259 g\u0259tirm\u0259lis\u0259n?<\/strong><\/em><\/h4>\n<ul>\n<li style=\"font-weight: 400;\"><span style=\"font-weight: 400;\">kamera<\/span><\/li>\n<li style=\"font-weight: 400;\"><span style=\"font-weight: 400;\">Qoruyucu q\u00f6n\u00e7\u0259l\u0259r<\/span><\/li>\n<li style=\"font-weight: 400;\"><span style=\"font-weight: 400;\">g\u00fcn\u0259\u015f kremi<\/span><\/li>\n<li style=\"font-weight: 400;\"><span style=\"font-weight: 400;\">\u015eapka<\/span><\/li>\n<li style=\"font-weight: 400;\"><span style=\"font-weight: 400;\">Rahat \u015falvar<\/span><\/li>\n<li style=\"font-weight: 400;\"><span style=\"font-weight: 400;\">Me\u015f\u0259 \u00fc\u00e7\u00fcn g\u0259zinti ayaqqab\u0131lar\u0131<\/span><\/li>\n<li style=\"font-weight: 400;\"><span style=\"font-weight: 400;\">Yaz b\u00f6lg\u0259l\u0259ri \u00fc\u00e7\u00fcn sandaletl\u0259r.<\/span><\/li>\n<li style=\"font-weight: 400;\"><span style=\"font-weight: 400;\">\u00dczg\u00fc\u00e7\u00fcl\u00fck geyimi<\/span><\/li>\n<\/ul>\n<p>&nbsp;<\/p>\n<h4><b><i>G\u00f6t\u00fcrm\u0259 <\/i><\/b><\/h4>\n<p><span style=\"font-weight: 400;\">Oteld\u0259n g\u00f6t\u00fcr\u00fclm\u0259 <em style=\"font-weight: 400;\"><strong>yox<\/strong>\u00a0<\/em><i>daxildir<\/i> bu tur \u00fc\u00e7\u00fcn.\u00a0<\/span><\/p>\n<p><b>Qeyd:<\/b><span style=\"font-weight: 400;\"> \u018fg\u0259r siz tur\/ekskursiyaya getm\u0259 vaxt\u0131ndan sonra 72 saat \u0259rzind\u0259 bron ets\u0259niz, biz Dominikan Respublikas\u0131n\u0131n ist\u0259nil\u0259n yerind\u0259n \u0259lav\u0259 \u00f6d\u0259ni\u015fl\u0259 oteld\u0259n g\u00f6t\u00fcr\u00fclm\u0259 t\u0259\u015fkil ed\u0259 bil\u0259rik. Al\u0131\u015f-veri\u015finiz tamamland\u0131qdan sonra g\u00f6t\u00fcrm\u0259 t\u0259dbirl\u0259rini t\u0259\u015fkil etm\u0259k \u00fc\u00e7\u00fcn yerli Tur b\u0259l\u0259d\u00e7imiz \u00fc\u00e7\u00fcn siz\u0259 tam \u0259laq\u0259 m\u0259lumat\u0131 (telefon n\u00f6mr\u0259si, e-po\u00e7t \u00fcnvan\u0131 v\u0259 s.) g\u00f6nd\u0259r\u0259c\u0259yik.<\/span><\/p>\n<h4><b><i>\u018flav\u0259 m\u0259lumat\u0131n t\u0259sdiqi <\/i><\/b><\/h4>\n<ol>\n<li>Biletl\u0259r bu Turu \u00f6d\u0259dikd\u0259n sonra q\u0259bzdir. \u00d6d\u0259ni\u015fi telefonunuzda g\u00f6st\u0259r\u0259 bil\u0259rsiniz.<\/li>\n<li style=\"font-weight: 400;\"><span style=\"font-weight: 400;\">G\u00f6r\u00fc\u015f N\u00f6qt\u0259si Rezervasiya Prosesind\u0259n sonra al\u0131nacaq.<\/span><\/li>\n<li style=\"font-weight: 400;\"><span style=\"font-weight: 400;\">U\u015faqlar b\u00f6y\u00fckl\u0259r t\u0259r\u0259find\u0259n m\u00fc\u015fayi\u0259t olunmal\u0131d\u0131r.<\/span><\/li>\n<li style=\"font-weight: 400;\"><span style=\"font-weight: 400;\"> \u018flil arabas\u0131 \u00fc\u00e7\u00fcn \u0259l\u00e7atan deyil <\/span><\/li>\n<li style=\"font-weight: 400;\"><span style=\"font-weight: 400;\">K\u00f6rp\u0259l\u0259r quca\u011f\u0131nda oturmal\u0131d\u0131rlar <\/span><\/li>\n<li style=\"font-weight: 400;\"><span style=\"font-weight: 400;\">Arxa probleml\u0259ri olan s\u0259yah\u0259t\u00e7il\u0259r \u00fc\u00e7\u00fcn t\u00f6vsiy\u0259 edilmir<\/span><\/li>\n<li style=\"font-weight: 400;\"><span style=\"font-weight: 400;\">Hamil\u0259 s\u0259yah\u0259t ed\u0259nl\u0259r \u00fc\u00e7\u00fcn t\u00f6vsiy\u0259 edilmir <\/span><\/li>\n<li style=\"font-weight: 400;\"><span style=\"font-weight: 400;\"> \u00dcr\u0259k problemi v\u0259 ya dig\u0259r ciddi tibbi \u015f\u0259rtl\u0259r yoxdur <\/span><\/li>\n<li style=\"font-weight: 400;\"><span style=\"font-weight: 400;\">\u018fks\u0259r s\u0259yah\u0259t\u00e7il\u0259r i\u015ftirak ed\u0259 bil\u0259r<\/span><\/li>\n<\/ol>\n<h4><b><i>L\u0259\u011fv Siyas\u0259ti<\/i><\/b><\/h4>\n<p><span style=\"font-weight: 400;\">Tam geri qaytarmaq \u00fc\u00e7\u00fcn t\u0259cr\u00fcb\u0259nin ba\u015flama tarixind\u0259n \u0259n az\u0131 7 g\u00fcn \u0259vv\u0259l l\u0259\u011fv edin. Rezervasiya s\u0259f\u0259rin eyni g\u00fcn\u00fcnd\u0259 l\u0259\u011fv edil\u0259rs\u0259, v\u0259sait itiril\u0259c\u0259k.<\/span><\/p>\n\n\t\t<\/div>\n\t<\/div>\n<div class=\"vc_empty_space\"   style=\"height: 32px\"><span class=\"vc_empty_space_inner\"><\/span><\/div><div class=\"woocommerce columns-4\"><\/div><\/div><\/div><\/div><\/div><div class=\"vc_row wpb_row vc_row-fluid\" ><div class=\"wpb_column vc_column_container vc_col-sm-12\"><div class=\"vc_column-inner\"><div class=\"wpb_wrapper\"><div class=\"vc_empty_space\"   style=\"height: 32px\"><span class=\"vc_empty_space_inner\"><\/span><\/div>\n\t<div class=\"wpb_text_column wpb_content_element\" >\n\t\t<div class=\"wpb_wrapper\">\n\t\t\t<h4>Biziml\u0259 \u0259laq\u0259 saxlay\u0131n?<\/h4>\n<h5>Rezervasiya mac\u0259ralar\u0131<\/h5>\n<p><em><strong>Yerlil\u0259r<\/strong>\u00a0v\u0259\u00a0<strong>Millil\u0259r<\/strong>\u00a0Tur B\u0259l\u0259d\u00e7il\u0259ri v\u0259 Qonaq Xidm\u0259tl\u0259ri<\/em><\/p>\n<p><span class=\"text-turquoise\">Rezervasyonlar:<\/span>\u00a0Dom Rep-d\u0259 Turlar v\u0259 Ekskursiyalar<\/p>\n<p><img decoding=\"async\" class=\"emoji\" draggable=\"false\" src=\"https:\/\/s.w.org\/images\/core\/emoji\/11.2.0\/svg\/1f4de.svg\" alt=\"\ud83d\udcde\" title=\"\">\u00a0Tel\/Whatsapp\u00a0\u00a0<a href=\"tel:+1-809-720-6035\">+1-809-720-6035<\/a>.<\/p>\n<p><img decoding=\"async\" class=\"emoji\" draggable=\"false\" src=\"https:\/\/s.w.org\/images\/core\/emoji\/11.2.0\/svg\/1f4e9.svg\" alt=\"\ud83d\udce9\" title=\"\">\u00a0<a href=\"mailto:info@bookingadventures.com.do\">info@bookingadventures.com.do<\/a><\/p>\n<p><strong>Biz Whatsapp il\u0259 \u00c7evik Qura\u015fd\u0131rma \u015e\u0259xsi Turlar\u0131q:\u00a0<a href=\"tel:+18097206035\">+18097206035.<\/a><\/strong><\/p>\n\n\t\t<\/div>\n\t<\/div>\n<div class=\"vc_empty_space\"   style=\"height: 32px\"><span class=\"vc_empty_space_inner\"><\/span><\/div><\/div><\/div><\/div><\/div>","protected":false},"excerpt":{"rendered":"<p>Sabana de la mardan Yerli Tur b\u0259l\u0259d\u00e7isi il\u0259 Los Haitises Milli Park\u0131nda 3 Saatl\u0131q G\u0259zinti v\u0259 Kayak Mangrovlar\u0131. Ya\u011f\u0131\u015f me\u015f\u0259si, kokos, q\u0259hv\u0259 v\u0259 kakao sah\u0259l\u0259rini ziyar\u0259t etm\u0259k. Los Haitises Milli Park\u0131n\u0131n orijinal tarixi haqq\u0131nda \u00f6yr\u0259nm\u0259k.<\/p>\n<p>&nbsp;<\/p>\n<p><strong>Please Contact us to set Room Night:<\/strong><\/p>","protected":false},"featured_media":11113,"template":"","meta":[],"product_brand":[],"product_cat":[356],"product_tag":[341,206,129,130,412,413,221,414,415,152,153,198,133,416,215,217,417,223,114,418,148,143,419],"class_list":{"0":"post-11066","1":"product","2":"type-product","3":"status-publish","4":"has-post-thumbnail","6":"product_cat-day-trips","7":"product_tag-cano-hondo-sabana-de-la-mar","8":"product_tag-caves-los-haitises","9":"product_tag-eco-tours","10":"product_tag-excursion","11":"product_tag-hike-kayak","12":"product_tag-hike-kayak-los-haitises-national-park","13":"product_tag-hiking-los-haitises","14":"product_tag-hiking-sabana-de-la-mar","15":"product_tag-hiking-samana","16":"product_tag-kayak-tour","17":"product_tag-kayaking","18":"product_tag-kayaking-los-haitises","19":"product_tag-los-haitises-national-park","20":"product_tag-los-haitises-national-park-entrance-fee","21":"product_tag-los-haitises-national-park-tour-from-las-terrenas","22":"product_tag-los-haitises-national-park-tour-from-santo-domingo","23":"product_tag-los-haitises-national-park-weather","24":"product_tag-los-haitises-sabana-de-la-mar","25":"product_tag-sabana-de-la-mar","26":"product_tag-sabana-de-la-mar-tour","27":"product_tag-samana-excursions","28":"product_tag-samana-tours","29":"product_tag-secrets-of-los-haitises","31":"first","32":"instock","33":"sale","34":"sold-individually","35":"shipping-taxable","36":"product-type-external"},"_links":{"self":[{"href":"https:\/\/haitises.com\/az\/wp-json\/wp\/v2\/product\/11066","targetHints":{"allow":["GET"]}}],"collection":[{"href":"https:\/\/haitises.com\/az\/wp-json\/wp\/v2\/product"}],"about":[{"href":"https:\/\/haitises.com\/az\/wp-json\/wp\/v2\/types\/product"}],"wp:featuredmedia":[{"embeddable":true,"href":"https:\/\/haitises.com\/az\/wp-json\/wp\/v2\/media\/11113"}],"wp:attachment":[{"href":"https:\/\/haitises.com\/az\/wp-json\/wp\/v2\/media?parent=11066"}],"wp:term":[{"taxonomy":"product_brand","embeddable":true,"href":"https:\/\/haitises.com\/az\/wp-json\/wp\/v2\/product_brand?post=11066"},{"taxonomy":"product_cat","embeddable":true,"href":"https:\/\/haitises.com\/az\/wp-json\/wp\/v2\/product_cat?post=11066"},{"taxonomy":"product_tag","embeddable":true,"href":"https:\/\/haitises.com\/az\/wp-json\/wp\/v2\/product_tag?post=11066"}],"curies":[{"name":"wp","href":"https:\/\/api.w.org\/{rel}","templated":true}]}}