{"id":554,"date":"2020-06-22T17:36:48","date_gmt":"2020-06-22T17:36:48","guid":{"rendered":"http:\/\/haitises.com\/?post_type=product&#038;p=554"},"modified":"2024-04-17T20:44:54","modified_gmt":"2024-04-17T20:44:54","slug":"excursion-a-los-haitises-desde-sabana-de-la-mar-o-cano-hondo","status":"publish","type":"product","link":"https:\/\/haitises.com\/as\/\u09ac\u09cd\u09af\u0995\u09cd\u09a4\u09bf\u0997\u09a4\/excursion-a-los-haitises-desde-sabana-de-la-mar-o-cano-hondo\/","title":{"rendered":"Sabana \u09a6\u09c7 \u09b2\u09be Mar \u09ac\u09be Ca\u00f1o Hondo \u09a5\u09c7\u0995\u09c7 \u09b2\u09b8 Haitises \u09ad\u09cd\u09b0\u09ae\u09a3"},"content":{"rendered":"<div class=\"vc_row wpb_row vc_row-fluid\" ><div class=\"wpb_column vc_column_container vc_col-sm-12\"><div class=\"vc_column-inner\"><div class=\"wpb_wrapper\">[mkdf_section_title subtitle_tag=\u00bb\u00bb subtitle=\u00bbTour normal a los Haitises\u00bb]<\/div><\/div><\/div><\/div><div class=\"vc_row wpb_row vc_row-fluid\" ><div class=\"wpb_column vc_column_container vc_col-sm-12\"><div class=\"vc_column-inner\"><div class=\"wpb_wrapper\">\n\t<div class=\"wpb_text_column wpb_content_element\" >\n\t\t<div class=\"wpb_wrapper\">\n\t\t\t<h2>\u09b2\u09b8 Haitises \u09f0\u09be\u09b7\u09cd\u099f\u09cd\u09f0\u09c0\u09af\u09bc \u0989\u09a6\u09cd\u09af\u09be\u09a8 Sabana \u09a6\u09c7 \u09b2\u09be Mar \u09ac\u09be \u09b9\u09cb\u099f\u09c7\u09b2 Cano Hondo \u09a5\u09c7\u0995\u09c7.<\/h2>\n<h3>\u09ac\u09bf\u09f1\u09f0\u09a3<\/h3>\n<p>\u09b2\u099b \u09b9\u09be\u0987\u099f\u09bf\u099b \u09f0\u09be\u09b7\u09cd\u099f\u09cd\u09f0\u09c0\u09af\u09bc \u0989\u09a6\u09cd\u09af\u09be\u09a8\u09b2\u09c8 \u098f\u099f\u09be \u09b8\u09be\u09a7\u09be\u09f0\u09a3 \u09ac\u09cd\u09af\u0995\u09cd\u09a4\u09bf\u0997\u09a4 \u09ad\u09cd\u09f0\u09ae\u09a3\u0964 \u0986\u09ae\u09be\u09f0 \u09b2\u0997\u09a4 \u0986\u09b9\u09bf \u09a1\u09ae\u09bf\u09a8\u09bf\u0995\u09be\u09a8 \u09f0\u09bf\u09aa\u09be\u09ac\u09cd\u09b2\u09bf\u0995\u09f0 \u0986\u099f\u09be\u0987\u09a4\u0995\u09c8 \u09a7\u09c1\u09a8\u09c0\u09af\u09bc\u09be \u09f0\u09be\u09b7\u09cd\u099f\u09cd\u09f0\u09c0\u09af\u09bc \u0989\u09a6\u09cd\u09af\u09be\u09a8\u0996\u09a8 \u099a\u09be\u09ac, \u09ae\u09c7\u0982\u0997\u09cd\u09f0\u09cb\u09ad, \u0997\u09c1\u09b9\u09be \u0986\u09f0\u09c1 \u099b\u09be\u09a8 \u09b2\u09f0\u09c7\u099e\u09cd\u099c\u09cb \u09ac\u09c7\u2019 \u099a\u09be\u09ac\u0964 \u098f\u0987 \u0985\u09ad\u09bf\u099c\u09cd\u099e\u09a4\u09be Sabana \u09a6\u09c7 \u09b2\u09be Mar \u098f\u0987 \u0987\u09a4\u09bf\u09b9\u09be\u09b8 \u09b8\u09ae\u09cd\u09aa\u09f0\u09cd\u0995\u09c7 \u099c\u09be\u09a8\u09bf Sabana \u09a6\u09c7 \u09b2\u09be Mar \u09b8\u09ae\u09cd\u09aa\u09cd\u09f0\u09a6\u09be\u09af\u09bc\u09f0 \u09aa\u09f0\u09be \u0986\u09f0\u09ae\u09cd\u09ad \u09b9&#039;\u09ac \u09aa\u09be\u09f0\u09c7. \u0985\u09a4\u09bf\u09f0\u09bf\u0995\u09cd\u09a4\u09ad\u09be\u09f1\u09c7, \u0986\u09ae\u09bf Ca\u00f1o Hondo \u09ac\u09a8\u09cd\u09a6\u09f0\u09f0 \u09aa\u09f0\u09be \u098f\u0987 \u09ad\u09cd\u09f0\u09ae\u09a3 \u0986\u09f0\u09ae\u09cd\u09ad.<\/p>\n<ul>\n<li>\u0995\u09f0 \u0985\u09a8\u09cd\u09a4\u09f0\u09cd\u09ad\u09c1\u0995\u09cd\u09a4<\/li>\n<li>\u0997\u09be\u0987\u09a1\u0996\u09a8\u09c7 \u09a8\u09bf\u09f0\u09cd\u09a6\u09c7\u09b6\u09a8\u09be \u0986\u09f0\u09c1 \u09a4\u09a4\u09cd\u09ac\u09be\u09f1\u09a7\u09be\u09a8 \u09aa\u09cd\u09f0\u09a6\u09be\u09a8 \u0995\u09f0\u09c7\u0964<\/li>\n<li>\u098f\u0987 \u09ad\u09cd\u09f0\u09ae\u09a3 \u09ac\u09be\u099b\u0995: Los Haitises Plus Ca\u00f1o Hondo.<\/li>\n<\/ul>\n<h3>\u0985\u09a8\u09cd\u09a4\u09f0\u09cd\u09ad\u09c1\u0995\u09cd\u09a4\u09bf \u0986\u09f0\u09c1 \u09ac\u09f0\u09cd\u099c\u09a8<\/h3>\n<h4>\u0985\u09a8\u09cd\u09a4\u09f0\u09cd\u09ad\u09c1\u0995\u09cd\u09a4\u09bf<\/h4>\n<ol>\n<li>\u09b2\u09b8 Haitises \u09ad\u09cd\u09f0\u09ae\u09a3 + \u0997\u09c1\u09b9\u09be \u0986\u09f0\u09c1 Pictographs<\/li>\n<li>\u09b8\u0995\u09b2\u09cb \u0995\u09f0, \u09ae\u09be\u099a\u09c1\u09b2 \u0986\u09f0\u09c1 \u09b9\u09c7\u09a3\u09cd\u09a1\u09b2\u09bf\u0982 \u099a\u09be\u09f0\u09cd\u099c\u0964<\/li>\n<li>\u09b8\u09cd\u09a5\u09be\u09a8\u09c0\u09af\u09bc \u0995\u09f0<\/li>\n<li>\u09b8\u0995\u09b2\u09cb \u0995\u09be\u09ae-\u0995\u09be\u099c<\/li>\n<li>\u09b8\u09cd\u09a5\u09be\u09a8\u09c0\u09af\u09bc \u0997\u09be\u0987\u09a1<\/li>\n<\/ol>\n<h4>\u09ac\u09be\u09a6 \u09a6\u09bf\u09af\u09bc\u09be<\/h4>\n<ol>\n<li>\u0995\u09bf\u099f\u09bf\u09aa\u09b8\u09ae\u09c2\u09b9<\/li>\n<li>\u098f\u0987 \u09ad\u09cd\u09f0\u09ae\u09a3 \u09ac\u09be\u099b\u0995: Los Haitises Plus Ca\u00f1o Hondo.<\/li>\n<li>\u09aa\u09f0\u09bf\u09ac\u09b9\u09a8<\/li>\n<li>\u09ae\u09a6\u09cd\u09af\u09aa\u09be\u09a8 \u0995\u09f0\u09be<\/li>\n<\/ol>\n<h3><em>\u09aa\u09cd\u09f0\u09b8\u09cd\u09a5\u09be\u09a8 \u0986\u09f0\u09c1 \u0989\u09ad\u09a4\u09bf \u0985\u09b9\u09be<\/em><\/h3>\n<p>\u09ac\u09c1\u0995\u09bf\u0982 \u09aa\u09cd\u09f0\u0995\u09cd\u09f0\u09bf\u09af\u09bc\u09be\u09f0 \u09aa\u09bf\u099b\u09a4 \u09ad\u09cd\u09f0\u09ae\u09a3\u0995\u09be\u09f0\u09c0\u09af\u09bc\u09c7 \u09ae\u09bf\u099f\u09bf\u0982 \u09aa\u0987\u09a3\u09cd\u099f \u09aa\u09be\u09ac\u0964 \u0986\u09ae\u09be\u09f0 \u09ae\u09bf\u099f\u09bf\u0982 \u09aa\u0987\u09a3\u09cd\u099f\u09a4 \u09ad\u09cd\u09f0\u09ae\u09a3 \u0986\u09f0\u09ae\u09cd\u09ad \u09b9\u09af\u09bc \u0986\u09f0\u09c1 \u09b6\u09c7\u09b7 \u09b9\u09af\u09bc\u0964<\/p>\n<h4><em>\u0995\u09bf \u0986\u09b6\u09be \u0995\u09f0\u09bf\u09ac \u09aa\u09be\u09f0\u09bf?<\/em><\/h4>\n<p>\u0997\u09c1\u09b9\u09be, \u09ae\u09c7\u0982\u0997\u09cd\u09f0\u09cb\u09ad \u0986\u09f0\u09c1 \u099b\u09be\u09a8 \u09b2\u09f0\u09c7\u099e\u09cd\u099c\u09cb \u09ac\u09c7\u09f0 \u09b8\u09c8\u09a4\u09c7 \u09b2\u099b \u09b9\u09be\u0987\u099f\u09bf\u099b \u09f0\u09be\u09b7\u09cd\u099f\u09cd\u09f0\u09c0\u09af\u09bc \u0989\u09a6\u09cd\u09af\u09be\u09a8 \u09ad\u09cd\u09f0\u09ae\u09a3 \u0995\u09f0\u09bf\u09ac\u09b2\u09c8 \u0986\u09aa\u09cb\u09a8\u09be\u09f0 \u099f\u09bf\u0995\u099f \u09b2\u0993\u0995\u0964<\/p>\n<p>\u09b8\u09cd\u09a5\u09be\u09a8\u09c0\u09af\u09bc \u0997\u09be\u0987\u09a1\u09f0 \u09b8\u09c8\u09a4\u09c7 Sabana de la Mar \u09ac\u09be Ca\u00f1o Hondo \u09b9\u09cb\u099f\u09c7\u09b2\u09f0 \u09aa\u09f0\u09be Los Haitises \u09f0\u09be\u09b7\u09cd\u099f\u09cd\u09f0\u09c0\u09af\u09bc \u0989\u09a6\u09cd\u09af\u09be\u09a8 \u09ad\u09cd\u09f0\u09ae\u09a3 \u0995\u09f0\u09bf\u09ac\u09b2\u09c8 \u09b8\u09f0\u09cd\u09ac\u09a8\u09bf\u09ae\u09cd\u09a8 \u09ae\u09c2\u09b2\u09cd\u09af\u0964 \u09ad\u09cd\u09f0\u09ae\u09a3 \u0986\u09f0\u09ae\u09cd\u09ad \u09b9\u09af\u09bc \u09b2\u099b \u09b9\u09be\u0987\u099f\u09bf\u099b \u09f0\u09be\u09b7\u09cd\u099f\u09cd\u09f0\u09c0\u09af\u09bc \u0989\u09a6\u09cd\u09af\u09be\u09a8\u09f0 \u09ae\u09c2\u09b2 \u09ac\u09a8\u09cd\u09a6\u09f0\u09f0 \u09aa\u09f0\u09be\u0964 \u098f\u0987 \u09ad\u09cd\u09f0\u09ae\u09a3 \u0986\u09f0\u09ae\u09cd\u09ad \u09b9\u09af\u09bc \u09aa\u09c1\u09f1\u09be \u09e7\u09e6 \u09ac\u099c\u09be\u09f0 \u09aa\u09f0\u09be \u09b8\u09cd\u09a5\u09be\u09a8\u09c0\u09af\u09bc \u099f\u09cd\u09af\u09c1\u09f0 \u0997\u09be\u0987\u09a1\u09f0 \u09b8\u09c8\u09a4\u09c7 \u09af\u09bf\u09af\u09bc\u09c7 \u09ad\u09af\u09bc\u0982\u0995\u09f0 \u09f0\u09be\u09b7\u09cd\u099f\u09cd\u09f0\u09c0\u09af\u09bc \u0989\u09a6\u09cd\u09af\u09be\u09a8\u0996\u09a8\u09f0 \u09ac\u09bf\u09b7\u09af\u09bc\u09c7 \u09ae\u09c2\u09b2 \u0995\u09be\u09b9\u09bf\u09a8\u09c0 \u099c\u09be\u09a8\u09c7\u0964<\/p>\n<p>\u09a4\u09be\u09f0 \u09aa\u09bf\u099b\u09a4 \u0986\u09ae\u09bf \u09b2\u099b \u09b9\u09be\u0987\u099f\u09bf\u099b \u09f0\u09be\u09b7\u09cd\u099f\u09cd\u09f0\u09c0\u09af\u09bc \u0989\u09a6\u09cd\u09af\u09be\u09a8\u09f0 \u09ae\u09c2\u09b2 \u09ac\u09a8\u09cd\u09a6\u09f0\u09f0 \u09aa\u09f0\u09be \u0986\u09f0\u09ae\u09cd\u09ad \u0995\u09f0\u09cb\u0981, \u09af\u09be\u0995 Ca\u00f1o Hondo (Deep Creek) \u09ac\u09c1\u09b2\u09bf \u0995\u09cb\u09f1\u09be \u09b9\u09af\u09bc, \u09b2\u09be\u0987\u09ab \u099c\u09c7\u0995\u09c7\u099f \u09a5\u0995\u09be BOAT \u098f\u0996\u09a8\u09a4\u0964 \u099b\u09be\u09a8 \u09b2\u09f0\u09c7\u099e\u09cd\u099c\u09cb \u0989\u09aa\u09b8\u09be\u0997\u09f0 \u09a8\u09aa\u09f0\u09be\u09b2\u09c8\u0995\u09c7 \u0986\u09ae\u09bf \u09f0\u0999\u09be \u09ae\u09c7\u0982\u0997\u09cd\u09f0\u09cb\u09ad \u0985\u09f0\u09a3\u09cd\u09af \u0989\u09aa\u09ad\u09cb\u0997 \u0995\u09f0\u09bf\u09ae\u0964 \u09b8\u09be\u09ae\u09be\u09a8\u09be \u0989\u09aa\u09b8\u09be\u0997\u09f0\u09a4 \u09b8\u09f0\u09c1 \u0989\u09aa\u09b8\u09be\u0997\u09f0\u0964 \u0986\u09f0\u09c1 \u0987\u09af\u09bc\u09be\u09a4 \u0986\u09ae\u09bf \u09af\u09be\u0993\u0981! \u09aa\u09cd\u09f0\u09a5\u09ae\u09c7 \u09a6\u09c7\u0996\u09be \u09aa\u09be\u09ac \u09ae\u09cb\u0997\u09cb\u099f\u09c7\u099b \u09a8\u09be\u09ae\u09f0 \u098f\u099f\u09be \u09ac\u09bf\u09b6\u09be\u09b2 \u099a\u09c2\u09a3\u09b6\u09bf\u09b2\u09f0 \u09aa\u09be\u09b9\u09be\u09f0\u09c0\u09af\u09bc\u09be \u09a6\u09cd\u09ac\u09c0\u09aa\u09f0 \u09b8\u0982\u0997\u09cd\u09f0\u09b9\u0964 \u0987\u09af\u09bc\u09be\u09f0 \u0993\u09aa\u09f0\u09a4 \u09ed\u09e6\u09e6\u09f0\u09cb \u0985\u09a7\u09bf\u0995 \u09aa\u09cd\u09f0\u099c\u09be\u09a4\u09bf\u09f0 \u0989\u09a6\u09cd\u09ad\u09bf\u09a6 \u0986\u09f0\u09c1 \u09ac\u09b9\u09c1\u09a4\u09cb \u099c\u09b2\u09be\u09b6\u09af\u09bc\u09f0 \u099a\u09f0\u09be\u0987 \u0987\u09ab\u09be\u09b2\u09c7 \u09b8\u09bf\u09ab\u09be\u09b2\u09c7 \u0989\u09f0\u09bf \u09a5\u09be\u0995\u09c7\u0964 \u09aa\u09bf\u099b\u09b2\u09c8 \u09ed\u09eb\u09e6 \u09ac\u099b\u09f0 \u0986\u0997\u09f0 \u0986\u09ae\u09be\u09f0 \u0996\u09bf\u09b2\u099e\u09cd\u099c\u09c0\u09af\u09bc\u09be \u099c\u09a8\u0997\u09cb\u09b7\u09cd\u09a0\u09c0\u09f0 \u099a\u09bf\u09a4\u09cd\u09f0\u09f0 \u09b8\u09c8\u09a4\u09c7 \u0997\u09c1\u09b9\u09be\u09b8\u09ae\u09c2\u09b9 \u09ad\u09cd\u09f0\u09ae\u09a3 \u0995\u09f0\u09be\u0964<\/p>\n<p>\u09ae\u09c7\u0982\u0997\u09cd\u09f0\u09cb\u09ad \u0986\u09f0\u09c1 \u09ae\u09c1\u0995\u09b2\u09bf \u099b\u09be\u09a8 \u09b2\u09f0\u09c7\u099e\u09cd\u099c\u09cb \u0989\u09aa\u09b8\u09be\u0997\u09f0\u09a4 \u09ad\u09c2\u09ae\u09bf\u09f0 \u09ae\u09be\u099c\u09c7\u09f0\u09c7, \u09af\u2019\u09f0 \u09aa\u09f0\u09be \u0986\u09aa\u09c1\u09a8\u09bf \u09a0\u09c7\u0995 \u0985\u09f0\u09a3\u09cd\u09af\u09f0 \u09aa\u09cd\u09f0\u09be\u0995\u09c3\u09a4\u09bf\u0995 \u09a6\u09c3\u09b6\u09cd\u09af\u09f0 \u09ab\u099f\u09cb \u09a4\u09c1\u09b2\u09bf\u09ac \u09aa\u09be\u09f0\u09c7\u0964 \u09aa\u09be\u09a8\u09c0\u09f0 \u09ab\u09be\u09b2\u09c7 \u09ac\u09be\u09b9\u09bf\u09f0\u09b2\u09c8 \u099a\u09be\u0987 \u09ae\u09c7\u09a8\u09be\u099f\u09bf, \u0995\u09cd\u09f0\u09c1\u09b7\u09cd\u099f\u09c7\u099a\u09bf\u09af\u09bc\u09be\u09a8 \u0986\u09f0\u09c1 \u09a1\u09b2\u09ab\u09bf\u09a8 \u09a6\u09c7\u0996\u09be \u09aa\u09be\u09ac\u0964<\/p>\n<p>El nombre del parque nacional proviene de sus habitantes originales, los indios ta\u00ednos. En su idioma, \u00abHaitises\u00bb se traduce en tierras altas o colinas, una referencia a las empinadas formaciones geol\u00f3gicas de la costa con calizas. Avent\u00farate en el parque para explorar cuevas como la Cueva de la Arena y la Cueva de la L\u00ednea. Las cuevas en la reserva fueron utilizadas como refugio por los indios ta\u00ednos y, m\u00e1s tarde, por los piratas escondidos. Busque dibujos de indios que decoran algunas de las paredes. Despu\u00e9s de visitar el Parque Nacional Los Haitises, regresaremos al puerto donde comenz\u00f3 nuestro viaje.<\/p>\n<h3><em>\u0995\u09bf \u0986\u09a8\u09bf\u09ac \u09b2\u09be\u0997\u09c7?<\/em><\/h3>\n<ul>\n<li>\u0995\u09c7\u09ae\u09c7\u09f0\u09be<\/li>\n<li>\u09ac\u09bf\u0995\u09c3\u09a4\u0995\u09be\u09f0\u09c0<\/li>\n<li>\u099b\u09be\u09a8\u09b8\u09cd\u0995\u09cd\u09f0\u09c0\u09a3<\/li>\n<li>\u099f\u09c1\u09aa\u09bf<\/li>\n<li>\u0986\u09f0\u09be\u09ae\u09a6\u09be\u09af\u09bc\u0995 \u09aa\u09c7\u09a3\u09cd\u099f<\/li>\n<li>\u09ac\u09a8 \u09b9\u09be\u0987\u0995\u09bf\u0982 \u099c\u09cb\u09a4\u09be<\/li>\n<li>\u09ac\u09b8\u09a8\u09cd\u09a4 \u0985\u099e\u09cd\u099a\u09b2\u09b2\u09c8 \u099a\u09c7\u09a3\u09cd\u09a1\u09c7\u09b2\u0964<\/li>\n<li>\u09b8\u09be\u0981\u09a4\u09cb\u09f0\u09f0 \u09aa\u09cb\u099b\u09be\u0995<\/li>\n<\/ul>\n<h3><em>\u09b9\u09cb\u099f\u09c7\u09b2\u09f0 \u09aa\u09bf\u0995\u0986\u09aa<\/em><\/h3>\n<p>\u09b9\u09cb\u099f\u09c7\u09b2 \u09aa\u09bf\u0995\u0986\u09aa \u09aa\u09cd\u09f0\u09a6\u09be\u09a8 \u0995\u09f0\u09be \u09b9\u09af\u09bc \u09af\u09a6\u09bf \u0986\u09aa\u09c1\u09a8\u09bf Paraiso Ca\u00f1o Hondo \u09ac\u09be Altos Ca\u00f1o Hondo \u09b9\u09cb\u099f\u09c7\u09b2\u09a4 \u0985\u09f1\u09b8\u09cd\u09a5\u09bf\u09a4\u0964 \u09b8\u09c7\u0987 \u09b9\u09cb\u099f\u09c7\u09b2\u09ac\u09cb\u09f0\u09f0 \u09aa\u09f0\u09be \u09eb \u09ae\u09bf\u09a8\u09bf\u099f\u09f0 \u0996\u09cb\u099c \u0995\u09be\u09a2\u09bc\u09bf\u09b2\u09c7\u0987 \u0986\u09ae\u09be\u09f0 \u09ae\u09bf\u099f\u09bf\u0982 \u09aa\u0987\u09a3\u09cd\u099f\u0964<\/p>\n<p><strong>\u099f\u09cb\u0995\u09be<\/strong>- \u09af\u09a6\u09bf \u0986\u09aa\u09c1\u09a8\u09bf \u09ad\u09cd\u09f0\u09ae\u09a3\/\u09ad\u09cd\u09f0\u09ae\u09a3\u09f0 \u09aa\u09cd\u09f0\u09b8\u09cd\u09a5\u09be\u09a8 \u09b8\u09ae\u09af\u09bc\u09f0 \u09e8\u09ea \u0998\u09a8\u09cd\u099f\u09be\u09f0 \u09ad\u09bf\u09a4\u09f0\u09a4 \u09ac\u09c1\u0995\u09bf\u0982 \u0995\u09f0\u09c7, \u09a4\u09c7\u09a8\u09cd\u09a4\u09c7 \u0986\u09ae\u09bf Ca\u00f1o Hondo \u09b9\u09cb\u099f\u09c7\u09b2\u09a4 \u09a8\u09be\u09a5\u09be\u0995\u09bf\u09b2\u09c7 \u0985\u09a4\u09bf\u09f0\u09bf\u0995\u09cd\u09a4 \u099a\u09be\u09f0\u09cd\u099c\u09f0 \u09b8\u09c8\u09a4\u09c7 \u09b9\u09cb\u099f\u09c7\u09b2 \u09aa\u09bf\u0995\u0986\u09aa\u09f0 \u09ac\u09cd\u09af\u09f1\u09b8\u09cd\u09a5\u09be \u0995\u09f0\u09bf\u09ac \u09aa\u09be\u09f0\u09cb\u0964 \u0986\u09aa\u09cb\u09a8\u09be\u09f0 \u0995\u09cd\u09f0\u09af\u09bc \u09b8\u09ae\u09cd\u09aa\u09c2\u09f0\u09cd\u09a3 \u09b9&#039;\u09b2\u09c7 \u0986\u09ae\u09bf \u0986\u09aa\u09cb\u09a8\u09be\u0995 \u0986\u09ae\u09be\u09f0 \u09b8\u09cd\u09a5\u09be\u09a8\u09c0\u09af\u09bc \u099f\u09cd\u09af\u09c1\u09f0 \u0997\u09be\u0987\u09a1\u09f0 \u09ac\u09be\u09ac\u09c7 \u09aa\u09bf\u0995\u0986\u09aa\u09f0 \u09ac\u09cd\u09af\u09f1\u09b8\u09cd\u09a5\u09be \u0995\u09f0\u09bf\u09ac\u09b2\u09c8 \u09b8\u09ae\u09cd\u09aa\u09c2\u09f0\u09cd\u09a3 \u09af\u09cb\u0997\u09be\u09af\u09cb\u0997\u09f0 \u09a4\u09a5\u09cd\u09af (\u09ab\u09cb\u09a8 \u09a8\u09ae\u09cd\u09ac\u09f0, \u0987\u09ae\u09c7\u0987\u09b2 \u09a0\u09bf\u0995\u09a8\u09be \u0986\u09a6\u09bf) \u09aa\u09cd\u09f0\u09c7\u09f0\u09a3 \u0995\u09f0\u09bf\u09ae\u0964<\/p>\n<h3><em>\u0985\u09a4\u09bf\u09f0\u09bf\u0995\u09cd\u09a4 \u09a4\u09a5\u09cd\u09af\u09f0 \u09a8\u09bf\u09b6\u09cd\u099a\u09af\u09bc\u09a4\u09be<\/em><\/h3>\n<ul>\n<li>\u099f\u09bf\u0995\u099f\u09ac\u09cb\u09f0 \u098f\u0987 \u09ad\u09cd\u09f0\u09ae\u09a3\u09f0 \u09ac\u09be\u09ac\u09c7 \u09a7\u09a8 \u09a6\u09bf\u09af\u09bc\u09be\u09f0 \u09aa\u09bf\u099b\u09a4 \u09aa\u09cb\u09f1\u09be \u09f0\u099a\u09bf\u09a6\u0964 \u0986\u09aa\u09c1\u09a8\u09bf \u0986\u09aa\u09cb\u09a8\u09be\u09f0 \u09ab\u09cb\u09a8\u09a4 \u09aa\u09c7\u09ae\u09c7\u09a3\u09cd\u099f \u09a6\u09c7\u0996\u09c1\u09f1\u09be\u09ac \u09aa\u09be\u09f0\u09c7\u0964<\/li>\n<li>\u09f0\u09bf\u099c\u09be\u09f0\u09cd\u09ad\u099a\u09a8 \u09aa\u09cd\u09f0\u0995\u09cd\u09f0\u09bf\u09af\u09bc\u09be\u09f0 \u09aa\u09bf\u099b\u09a4 \u098f\u0987 \u09ae\u09bf\u099f\u09bf\u0982 \u09aa\u0987\u09a3\u09cd\u099f \u09b2\u09be\u09ad \u0995\u09f0\u09be \u09b9\u2019\u09ac\u0964<\/li>\n<li>\u09b6\u09bf\u09b6\u09c1\u09f0 \u09b2\u0997\u09a4 \u098f\u099c\u09a8 \u09aa\u09cd\u09f0\u09be\u09aa\u09cd\u09a4\u09ac\u09af\u09bc\u09b8\u09cd\u0995 \u09b2\u09cb\u0995 \u09a5\u09be\u0995\u09bf\u09ac \u09b2\u09be\u0997\u09bf\u09ac\u0964<\/li>\n<li>\u09b9\u09c1\u0987\u09b2 \u099a\u09c7\u09af\u09bc\u09be\u09f0\u09a4 \u09ac\u09cd\u09af\u09f1\u09b9\u09be\u09f0\u09af\u09cb\u0997\u09cd\u09af \u09a8\u09b9\u09af\u09bc<\/li>\n<li>\u0995\u09c7\u0981\u099a\u09c1\u09f1\u09be\u0995 \u09ac\u09c7\u09ac\u09c0 \u099a\u09bf\u099f\u09a4 \u09ac\u09be \u09aa\u09cd\u09f0\u09be\u09aa\u09cd\u09a4\u09ac\u09af\u09bc\u09b8\u09cd\u0995\u09f0 \u09b2\u0997\u09a4 \u09ac\u09b9\u09bf\u09ac \u09b2\u09be\u0997\u09c7<\/li>\n<li>\u09aa\u09bf\u09a0\u09bf\u09f0 \u09b8\u09ae\u09b8\u09cd\u09af\u09be \u09a5\u0995\u09be \u09ad\u09cd\u09f0\u09ae\u09a3\u0995\u09be\u09f0\u09c0\u09f0 \u09ac\u09be\u09ac\u09c7 \u09ac\u09be\u099e\u09cd\u099b\u09a8\u09c0\u09af\u09bc \u09a8\u09b9\u09af\u09bc\u0964<\/li>\n<li>\u0997\u09f0\u09cd\u09ad\u09f1\u09a4\u09c0 \u09ae\u09b9\u09bf\u09b2\u09be\u09f0 \u09ac\u09be\u09ac\u09c7 \u09ac\u09be\u099e\u09cd\u099b\u09a8\u09c0\u09af\u09bc \u09a8\u09b9\u09af\u09bc\u0964<\/li>\n<li>\u0995\u09cb\u09a8\u09cb \u09b9\u09c3\u09a6\u09af\u09a8\u09cd\u09a4\u09cd\u09f0\u09f0 \u09b8\u09ae\u09b8\u09cd\u09af\u09be \u09ac\u09be \u0985\u09a8\u09cd\u09af\u09be\u09a8\u09cd\u09af \u0997\u09c1\u09f0\u09c1\u09a4\u09f0 \u099a\u09bf\u0995\u09bf\u09ce\u09b8\u09be\u099c\u09a8\u09bf\u09a4 \u0985\u09f1\u09b8\u09cd\u09a5\u09be \u09a8\u09be\u0987\u0964<\/li>\n<li>\u09ac\u09c7\u099b\u09bf\u09ad\u09be\u0997 \u09ad\u09cd\u09f0\u09ae\u09a3\u0995\u09be\u09f0\u09c0\u09af\u09bc\u09c7 \u0985\u0982\u09b6\u0997\u09cd\u09f0\u09b9\u09a3 \u0995\u09f0\u09bf\u09ac \u09aa\u09be\u09f0\u09c7\u0964<\/li>\n<\/ul>\n<h3><em>\u09ac\u09be\u09a4\u09bf\u09b2\u09f0 \u09a8\u09c0\u09a4\u09bf<\/em><\/h3>\n<p>\u09b8\u09ae\u09cd\u09aa\u09c2\u09f0\u09cd\u09a3 \u09a7\u09a8 \u0998\u09c2\u09f0\u09be\u0987 \u09aa\u09cb\u09f1\u09be\u09f0 \u09ac\u09be\u09ac\u09c7 \u0985\u09ad\u09bf\u099c\u09cd\u099e\u09a4\u09be \u0986\u09f0\u09ae\u09cd\u09ad \u09b9\u09cb\u09f1\u09be\u09f0 \u09a4\u09be\u09f0\u09bf\u0996\u09f0 \u0995\u09ae\u09c7\u0993 \u09e8\u09ea \u0998\u09a3\u09cd\u099f\u09be \u0986\u0997\u09a4\u09c7 \u09ac\u09be\u09a4\u09bf\u09b2 \u0995\u09f0\u0995\u0964<\/p>\n<h3><em>\u0986\u09ae\u09be\u09f0 \u09b8\u09c8\u09a4\u09c7 \u09af\u09cb\u0997\u09be\u09af\u09cb\u0997 \u0995\u09f0\u0995?<\/em><\/h3>\n<p>\u09ac\u09c1\u0995\u09bf\u0982 \u098f\u09a1\u09ad\u09c7\u099e\u09cd\u099a\u09be\u09f0<br \/>\n\u09b8\u09cd\u09a5\u09be\u09a8\u09c0\u09af\u09bc \u0986\u09f0\u09c1 \u09f0\u09be\u09b7\u09cd\u099f\u09cd\u09f0\u09c0\u09af\u09bc \u099f\u09cd\u09af\u09c1\u09f0 \u0997\u09be\u0987\u09a1 \u0986\u09f0\u09c1 \u0985\u09a4\u09bf\u09a5\u09bf \u09b8\u09c7\u09f1\u09be<\/p>\n<p>\u09f0\u09bf\u099c\u09be\u09f0\u09cd\u09ad\u099a\u09a8: \u09a1\u09ae \u09f0\u09c7\u09aa\u099b\u09a4 \u09ad\u09cd\u09f0\u09ae\u09a3 \u0986\u09f0\u09c1 \u09ad\u09cd\u09f0\u09ae\u09a3\u0964<\/p>\n<p>\ud83d\udcde \u09a6\u09c2\u09f0\u09ad\u09be\u09b7\/\u09f1\u09be\u099f\u099b\u098f\u09aa +\u09e7-\u09ee\u09e6\u09ef-\u09ed\u09e8\u09e6-\u09ec\u09e6\u09e9\u09eb\u0964<\/p>\n<p>\ud83d\udce9 info@bookingadventures.com.do \u0995\u09f0\u0995<\/p>\n<p>\u0986\u09ae\u09bf Whatsapp: +18097206035 \u09a6\u09cd\u09ac\u09be\u09f0\u09be \u09a8\u09ae\u09a8\u09c0\u09af\u09bc \u0995\u09a8\u09ab\u09bf\u0997\u09be\u09f0\u09c7\u099a\u09a8\u09f0 \u09b8\u09c8\u09a4\u09c7 \u09ac\u09cd\u09af\u0995\u09cd\u09a4\u09bf\u0997\u09a4 \u09ad\u09cd\u09f0\u09ae\u09a3\u09f0 \u0986\u09af\u09bc\u09cb\u099c\u09a8 \u0995\u09f0\u09cb\u0981\u0964<\/p>\n\n\t\t<\/div>\n\t<\/div>\n<\/div><\/div><\/div><\/div>","protected":false},"excerpt":{"rendered":"<p>\u09b8\u09cd\u09a5\u09be\u09a8\u09c0\u09af\u09bc \u0997\u09be\u0987\u09a1\u09f0 \u09b8\u09c8\u09a4\u09c7 Sabana de la Mar \u09ac\u09be Ca\u00f1o Hondo \u09b9\u09cb\u099f\u09c7\u09b2\u09f0 \u09aa\u09f0\u09be Los Haitises \u09f0\u09be\u09b7\u09cd\u099f\u09cd\u09f0\u09c0\u09af\u09bc \u0989\u09a6\u09cd\u09af\u09be\u09a8 \u09ad\u09cd\u09f0\u09ae\u09a3 \u0995\u09f0\u09bf\u09ac\u09b2\u09c8 \u09b8\u09f0\u09cd\u09ac\u09a8\u09bf\u09ae\u09cd\u09a8 \u09ae\u09c2\u09b2\u09cd\u09af\u0964 \u09ad\u09cd\u09f0\u09ae\u09a3 \u0986\u09f0\u09ae\u09cd\u09ad \u09b9\u09af\u09bc \u09b2\u099b \u09b9\u09be\u0987\u099f\u09bf\u099b \u09f0\u09be\u09b7\u09cd\u099f\u09cd\u09f0\u09c0\u09af\u09bc \u0989\u09a6\u09cd\u09af\u09be\u09a8\u09f0 \u09ae\u09c2\u09b2 \u09ac\u09a8\u09cd\u09a6\u09f0\u09f0 \u09aa\u09f0\u09be\u0964 \u098f\u0987 \u09ad\u09cd\u09f0\u09ae\u09a3 \u0986\u09f0\u09ae\u09cd\u09ad \u09b9\u09af\u09bc \u09aa\u09c1\u09f1\u09be \u09e7\u09e6 \u09ac\u099c\u09be\u09f0 \u09aa\u09f0\u09be \u09b8\u09cd\u09a5\u09be\u09a8\u09c0\u09af\u09bc \u099f\u09cd\u09af\u09c1\u09f0 \u0997\u09be\u0987\u09a1\u09f0 \u09b8\u09c8\u09a4\u09c7 \u09af\u09bf\u09af\u09bc\u09c7 \u09ad\u09af\u09bc\u0982\u0995\u09f0 \u09f0\u09be\u09b7\u09cd\u099f\u09cd\u09f0\u09c0\u09af\u09bc \u0989\u09a6\u09cd\u09af\u09be\u09a8\u0996\u09a8\u09f0 \u09ac\u09bf\u09b7\u09af\u09bc\u09c7 \u09ae\u09c2\u09b2 \u0995\u09be\u09b9\u09bf\u09a8\u09c0 \u099c\u09be\u09a8\u09c7\u0964<\/p>\n<p>\u09a4\u09be\u09f0 \u09aa\u09bf\u099b\u09a4 \u0986\u09ae\u09bf \u09b2\u099b \u09b9\u09be\u0987\u099f\u09bf\u099b \u09f0\u09be\u09b7\u09cd\u099f\u09cd\u09f0\u09c0\u09af\u09bc \u0989\u09a6\u09cd\u09af\u09be\u09a8\u09f0 \u09ae\u09c2\u09b2 \u09ac\u09a8\u09cd\u09a6\u09f0\u09f0 \u09aa\u09f0\u09be \u0986\u09f0\u09ae\u09cd\u09ad \u0995\u09f0\u09cb\u0981, \u09af\u09be\u0995 Ca\u00f1o Hondo (Deep Creek) \u09ac\u09c1\u09b2\u09bf \u0995\u09cb\u09f1\u09be \u09b9\u09af\u09bc, \u09b2\u09be\u0987\u09ab \u099c\u09c7\u0995\u09c7\u099f \u09a5\u0995\u09be BOAT \u098f\u0996\u09a8\u09a4\u0964 \u0986\u09ae\u09bf \u09f0\u0999\u09be \u09ae\u09c7\u0982\u0997\u09cd\u09f0\u09cb\u09ad \u0985\u09f0\u09a3\u09cd\u09af\u0996\u09a8 \u0989\u09aa\u09ad\u09cb\u0997 \u0995\u09f0\u09bf\u09ae \u09af\u09c7\u09a4\u09bf\u09af\u09bc\u09be\u09b2\u09c8\u0995\u09c7 \u0986\u09ae\u09bf \u09b8\u09be\u09ae\u09be\u09a8\u09be \u0989\u09aa\u09b8\u09be\u0997\u09f0\u09f0 \u09b8\u09f0\u09c1 \u0989\u09aa\u09b8\u09be\u0997\u09f0 \u099b\u09be\u09a8 \u09b2\u09f0\u09c7\u099e\u09cd\u099c\u09cb \u09ac\u09c7\u2019 \u09a8\u09be\u09aa\u09be\u0993\u0981\u0964 \u0986\u09f0\u09c1 \u0987\u09af\u09bc\u09be\u09a4 \u0986\u09ae\u09bf \u09af\u09be\u0993\u0981! \u09aa\u09cd\u09f0\u09a5\u09ae\u09c7 \u09a6\u09c7\u0996\u09be \u09aa\u09be\u09ac \u09ae\u09cb\u0997\u09cb\u099f\u09c7\u099b \u09a8\u09be\u09ae\u09f0 \u098f\u099f\u09be \u09ac\u09bf\u09b6\u09be\u09b2 \u099a\u09c2\u09a3\u09b6\u09bf\u09b2\u09f0 \u09aa\u09be\u09b9\u09be\u09f0\u09c0\u09af\u09bc\u09be \u09a6\u09cd\u09ac\u09c0\u09aa\u09f0 \u09b8\u0982\u0997\u09cd\u09f0\u09b9\u0964 \u0987\u09b9\u0981\u09a4\u09f0 \u0989\u09aa\u09f0\u09bf\u0993 \u09ed\u09e6\u09e6\u09f0\u09cb \u0985\u09a7\u09bf\u0995 \u09aa\u09cd\u09f0\u099c\u09be\u09a4\u09bf\u09f0 \u0989\u09a6\u09cd\u09ad\u09bf\u09a6 \u0986\u09f0\u09c1 \u09ac\u09b9\u09c1\u09a4\u09cb \u099c\u09b2\u09be\u09b6\u09af\u09bc \u099a\u09f0\u09be\u0987 \u0987\u09ab\u09be\u09b2\u09c7 \u09b8\u09bf\u09ab\u09be\u09b2\u09c7 \u0989\u09f0\u09bf \u09a5\u09be\u0995\u09c7\u0964 \u09aa\u09bf\u099b\u09b2\u09c8 \u09ed\u09eb\u09e6 \u09ac\u099b\u09f0 \u0986\u0997\u09f0 \u0986\u09ae\u09be\u09f0 \u0996\u09bf\u09b2\u099e\u09cd\u099c\u09c0\u09af\u09bc\u09be \u099c\u09a8\u0997\u09cb\u09b7\u09cd\u09a0\u09c0\u09f0 \u099a\u09bf\u09a4\u09cd\u09f0\u09f0 \u09b8\u09c8\u09a4\u09c7 \u0997\u09c1\u09b9\u09be\u09b8\u09ae\u09c2\u09b9 \u09ad\u09cd\u09f0\u09ae\u09a3 \u0995\u09f0\u09be\u0964<\/p>\n<p><strong>\u0985\u09a8\u09c1\u0997\u09cd\u09f0\u09b9 \u0995\u09f0\u09bf \u09ad\u09cd\u09f0\u09ae\u09a3\u09f0 \u09a4\u09be\u09f0\u09bf\u0996 \u09a8\u09bf\u09f0\u09cd\u09ac\u09be\u099a\u09a8 \u0995\u09f0\u0995\u00a0<\/strong><\/p>","protected":false},"featured_media":81,"template":"","meta":[],"product_brand":[],"product_cat":[119,120,98,121,99,122,443,123,124],"product_tag":[125,126,127,128,129,130,131,132,133,134,114],"class_list":{"0":"post-554","1":"product","2":"type-product","3":"status-publish","4":"has-post-thumbnail","6":"product_cat-caves","7":"product_cat-fees-entrace","8":"product_cat-local-tour-guides","9":"product_cat-mangroves","10":"product_cat-swimming-natural-springs","11":"product_cat-tours-and-excursions","12":"product_cat-tours-y-excursiones-es","13":"product_cat-tours-excursions-los-haitises-national-park","14":"product_cat-tours-excursions-samana-bay-dominican-republic","15":"product_tag-boat-tour","16":"product_tag-cano-hondo","17":"product_tag-cano-hondo-hotel","18":"product_tag-cano-hondo-tours","19":"product_tag-eco-tours","20":"product_tag-excursion","21":"product_tag-locals-guides","22":"product_tag-los-haitises","23":"product_tag-los-haitises-national-park","24":"product_tag-los-haitises-national-park-tour","25":"product_tag-sabana-de-la-mar","27":"first","28":"instock","29":"sale","30":"sold-individually","31":"shipping-taxable","32":"product-type-external"},"_links":{"self":[{"href":"https:\/\/haitises.com\/as\/wp-json\/wp\/v2\/product\/554","targetHints":{"allow":["GET"]}}],"collection":[{"href":"https:\/\/haitises.com\/as\/wp-json\/wp\/v2\/product"}],"about":[{"href":"https:\/\/haitises.com\/as\/wp-json\/wp\/v2\/types\/product"}],"wp:featuredmedia":[{"embeddable":true,"href":"https:\/\/haitises.com\/as\/wp-json\/wp\/v2\/media\/81"}],"wp:attachment":[{"href":"https:\/\/haitises.com\/as\/wp-json\/wp\/v2\/media?parent=554"}],"wp:term":[{"taxonomy":"product_brand","embeddable":true,"href":"https:\/\/haitises.com\/as\/wp-json\/wp\/v2\/product_brand?post=554"},{"taxonomy":"product_cat","embeddable":true,"href":"https:\/\/haitises.com\/as\/wp-json\/wp\/v2\/product_cat?post=554"},{"taxonomy":"product_tag","embeddable":true,"href":"https:\/\/haitises.com\/as\/wp-json\/wp\/v2\/product_tag?post=554"}],"curies":[{"name":"wp","href":"https:\/\/api.w.org\/{rel}","templated":true}]}}