{"id":11306,"date":"2021-08-15T20:08:36","date_gmt":"2021-08-15T20:08:36","guid":{"rendered":"http:\/\/haitises.com\/?post_type=product&#038;p=11306"},"modified":"2024-04-09T18:32:32","modified_gmt":"2024-04-09T18:32:32","slug":"kayaking-in-los-haitises-with-tour-guide-from-cano-hondo-2-hours-2","status":"publish","type":"product","link":"https:\/\/haitises.com\/as\/\u09ac\u09cd\u09af\u0995\u09cd\u09a4\u09bf\u0997\u09a4\/kayaking-in-los-haitises-with-tour-guide-from-cano-hondo-2-hours-2\/","title":{"rendered":"Ca\u00f1o Hondo \u09a5\u09c7\u0995\u09c7 \u09ad\u09cd\u09b0\u09ae\u09a3 \u0997\u09be\u0987\u09a1 \u09b8\u0999\u09cd\u0997\u09c7 \u09b2\u09b8 Haitises \u09ae\u09a7\u09cd\u09af\u09c7 Kayaking 2 \u0998\u09a8\u09cd\u099f\u09be"},"content":{"rendered":"<div class=\"vc_row wpb_row vc_row-fluid\" ><div class=\"wpb_column vc_column_container vc_col-sm-12\"><div class=\"vc_column-inner\"><div class=\"wpb_wrapper\">[mkdf_section_title title_tag=\u00bb\u00bb disable_break_words=\u00bbno\u00bb subtitle_tag=\u00bb\u00bb title=\u00bbKayaking in Los Haitises National Park with Tour guide from Ca\u00f1o Hondo 2 hours\u00bb subtitle=\u00bbKayaks &amp; Local Guide\u00bb]<\/div><\/div><\/div><\/div><div class=\"vc_row wpb_row vc_row-fluid\" ><div class=\"wpb_column vc_column_container vc_col-sm-12\"><div class=\"vc_column-inner\"><div class=\"wpb_wrapper\"><div class=\"vc_empty_space\"   style=\"height: 32px\"><span class=\"vc_empty_space_inner\"><\/span><\/div><\/div><\/div><\/div><\/div><div class=\"vc_row wpb_row vc_row-fluid\" ><div class=\"wpb_column vc_column_container vc_col-sm-12\"><div class=\"vc_column-inner\"><div class=\"wpb_wrapper\">\n\t<div class=\"wpb_text_column wpb_content_element\" >\n\t\t<div class=\"wpb_wrapper\">\n\t\t\t<h4><b><i>\u0985\u09ad\u09be\u09f0\u09ad\u09bf\u0989 <\/i><\/b><\/h4>\n<p>Kayaking Mangroves in Los Haitises National Park with a local tour guide 2 Hours. Visiting Mangroves in Cano Hondo River plus an Overview of the San Lorenzo Bay in Los Haitises National park, Sabana de la mar Cano Hondo area. In Case you will like longer: <a href=\"https:\/\/www.ticketswhales.com\/Tours-Excursions\/kayaking\/kayaking-in-los-haitises-with-tour-guide-from-cano-hondo-4-hours\/\" target=\"_blank\" rel=\"noopener\"><strong>Kayaking 4 Hours in Los Haitises.<\/strong><\/a><\/p>\n<ul>\n<li style=\"font-weight: 400;\"><span style=\"font-weight: 400;\">\u0997\u09be\u0987\u09a1\u0996\u09a8\u09c7 \u09a8\u09bf\u09f0\u09cd\u09a6\u09c7\u09b6\u09a8\u09be \u0986\u09f0\u09c1 \u09a4\u09a4\u09cd\u09ac\u09be\u09f1\u09a7\u09be\u09a8 \u09aa\u09cd\u09f0\u09a6\u09be\u09a8 \u0995\u09f0\u09c7<\/span><\/li>\n<li>\u0995\u09af\u09bc\u09be\u0995 \u0986\u09f0\u09c1 \u09aa\u09c7\u09a1\u09c7\u09b2 \u0989\u09aa\u09b2\u09ac\u09cd\u09a7 \u09a6\u09c1\u099c\u09a8\u09f0 \u09ac\u09be\u09ac\u09c7 \u09a1\u09be\u09ac\u09b2 \u0986\u09f0\u09c1 \u09ae\u09be\u09a4\u09cd\u09f0 \u098f\u099c\u09a8 \u09ac\u09cd\u09af\u0995\u09cd\u09a4\u09bf\u09f0 \u09ac\u09be\u09ac\u09c7 \u099a\u09bf\u0982\u0997\u09b2\u0964<\/li>\n<\/ul>\n<p>&nbsp;<\/p>\n<h4><b>\u0985\u09a8\u09cd\u09a4\u09f0\u09cd\u09ad\u09c1\u0995\u09cd\u09a4\u09bf \u0986\u09f0\u09c1 \u09ac\u09f0\u09cd\u099c\u09a8<\/b><\/h4>\n<p>&nbsp;<\/p>\n<p><b>\u0985\u09a8\u09cd\u09a4\u09f0\u09cd\u09ad\u09c1\u0995\u09cd\u09a4\u09bf<\/b><\/p>\n<p>&nbsp;<\/p>\n<ol>\n<li style=\"font-weight: 400;\">\u0995\u09af\u09bc\u09be\u0995\u09bf\u0982 \u09ad\u09cd\u09f0\u09ae\u09a3<\/li>\n<li style=\"font-weight: 400;\"><span style=\"font-weight: 400;\">\u09b8\u0995\u09b2\u09cb \u0995\u09f0, \u09ae\u09be\u099a\u09c1\u09b2 \u0986\u09f0\u09c1 \u09b9\u09c7\u09a3\u09cd\u09a1\u09b2\u09bf\u0982 \u099a\u09be\u09f0\u09cd\u099c<\/span><\/li>\n<li style=\"font-weight: 400;\"><span style=\"font-weight: 400;\">\u09b8\u09cd\u09a5\u09be\u09a8\u09c0\u09af\u09bc \u0995\u09f0<\/span><\/li>\n<li style=\"font-weight: 400;\"><span style=\"font-weight: 400;\">\u09b8\u09cd\u09a5\u09be\u09a8\u09c0\u09af\u09bc \u0997\u09be\u0987\u09a1<\/span><\/li>\n<\/ol>\n<p><b> \u09ac\u09be\u09a6 \u09a6\u09bf\u09af\u09bc\u09be<\/b><\/p>\n<ol>\n<li style=\"font-weight: 400;\"><span style=\"font-weight: 400;\">\u0997\u09cd\u09f0\u09c7\u099a\u09c1\u0987\u099f\u09bf<\/span><\/li>\n<li style=\"font-weight: 400;\"><span style=\"font-weight: 400;\">\u09b8\u09cd\u09a5\u09be\u09a8\u09be\u09a8\u09cd\u09a4\u09f0<\/span><\/li>\n<li>\u09a6\u09c1\u09aa\u09f0\u09c0\u09af\u09bc\u09be\u09f0 \u0986\u09b9\u09be\u09f0 \u0985\u09a8\u09cd\u09a4\u09f0\u09cd\u09ad\u09c1\u0995\u09cd\u09a4 \u0995\u09f0\u09be \u09b9\u09cb\u09f1\u09be \u09a8\u09be\u0987<\/li>\n<li>Caves are not included<\/li>\n<li style=\"font-weight: 400;\"><span style=\"font-weight: 400;\">\u09ae\u09a6\u09cd\u09af\u09aa\u09be\u09a8 \u0995\u09f0\u09be \u09aa\u09be\u09a8\u09c0\u09af\u09bc<\/span><\/li>\n<\/ol>\n<p>&nbsp;<\/p>\n<h4><em><strong>\u09aa\u09cd\u09f0\u09b8\u09cd\u09a5\u09be\u09a8 \u0986\u09f0\u09c1 \u0989\u09ad\u09a4\u09bf \u0985\u09b9\u09be<\/strong><\/em><\/h4>\n<p><span style=\"font-weight: 400;\">\u09f0\u09bf\u099c\u09be\u09f0\u09cd\u09ad\u09c7\u099a\u09a8 \u09aa\u09cd\u09f0\u0995\u09cd\u09f0\u09bf\u09af\u09bc\u09be\u09f0 \u09aa\u09bf\u099b\u09a4 \u09af\u09be\u09a4\u09cd\u09f0\u09c0\u099c\u09a8\u09c7 \u09ae\u09bf\u099f\u09bf\u0982 \u09aa\u0987\u09a3\u09cd\u099f \u09aa\u09be\u09ac\u0964 \u0986\u09ae\u09be\u09f0 \u09ae\u09bf\u099f\u09bf\u0982 \u09aa\u0987\u09a3\u09cd\u099f\u09a4 \u09ad\u09cd\u09f0\u09ae\u09a3 \u0986\u09f0\u09ae\u09cd\u09ad \u0986\u09f0\u09c1 \u09b6\u09c7\u09b7 \u09b9\u09af\u09bc\u0964<\/span><\/p>\n<p>&nbsp;<\/p>\n<h4><b><i>\u0995\u09bf \u0986\u09b6\u09be \u0995\u09f0\u09bf\u09ac \u09aa\u09be\u09f0\u09bf?<\/i><\/b><\/h4>\n<p>&nbsp;<\/p>\n<p><em><strong>\u099f\u09bf\u0995\u099f \u09b2\u0993\u0995<\/strong><\/em> for visiting 2 hours by Kayaking the Ca\u00f1o Hondo River Forest ( Mangroves) with the local\u00a0tour guides.<\/p>\n<p>\u09af\u09c7\u09a4\u09bf\u09af\u09bc\u09be \u0986\u09ae\u09bf \u0986\u09aa\u09cb\u09a8\u09be\u09f0 \u09b8\u09c1\u09f0\u0995\u09cd\u09b7\u09be\u09f0 \u09ac\u09be\u09ac\u09c7 \u09aa\u09cd\u09f0\u09af\u09bc\u09cb\u099c\u09a8\u09c0\u09af\u09bc \u09b8\u0995\u09b2\u09cb \u09a7\u09f0\u09a3\u09f0 \u09b8\u0981\u099c\u09c1\u09b2\u09bf (\u09b2\u09be\u0987\u09ab\u099c\u09c7\u0995\u09c7\u099f, \u0987\u09a4\u09cd\u09af\u09be\u09a6\u09bf) \u09aa\u09be\u0993\u0981 \u09a4\u09c7\u09a4\u09bf\u09af\u09bc\u09be \u0995\u09be\u09f0\u09cd\u09af\u09cd\u09af Ca\u00f1o Hondo \u09ac\u09a8\u09cd\u09a6\u09f0 \u09a8\u09a6\u09c0\u09f0 \u09aa\u09f0\u09be Kayaking \u0986\u09f0\u09ae\u09cd\u09ad \u09b9\u09af\u09bc\u0964<\/p>\n<p><span style=\"font-weight: 400;\">The tour, organized by \u00abBooking Adventures\u00bb starts at the meeting point set with the Tour Guide. <\/span>Taking kayaks and going through mangrove swamps, past ancient pirate caves, and into protected forests in this picturesque reserve starting from Cano Hondo Hotels area or from Sabana de la Mar,<\/p>\n<div class=\"body-description secondary\">\n<p>\u09ac\u09c1\u0995\u09bf\u0982 \u098f\u09a1\u09ad\u09c7\u099e\u09cd\u099a\u09be\u09f0\u09f0 \u09b8\u09c8\u09a4\u09c7 \u0986\u09b9\u0995 \u0986\u09f0\u09c1 \u0995\u09bf\u099b\u09c1\u09ae\u09be\u09a8 \u099a\u09f0\u09be\u0987\u09f0\u09c7 \u09ad\u09f0\u09be \u09ae\u09c7\u0982\u0997\u09cd\u09f0\u09cb\u09ad, \u09f0\u09b8\u09be\u09b2 \u0997\u099b-\u0997\u099b\u09a8\u09bf\u09f0 \u09f0\u09cb\u09b2\u09bf\u0982 \u09b9\u09bf\u09b2\u099b \u0986\u09f0\u09c1 \u0997\u09c1\u09b9\u09be \u09aa\u09f0\u09c0\u0995\u09cd\u09b7\u09be \u0995\u09f0\u09bf\u09ac\u09b2\u09c8 \u0986\u09f0\u09ae\u09cd\u09ad \u0995\u09f0\u0995 <em><strong>\u09b2\u099b \u09b9\u09be\u0987\u099f\u09bf\u099b \u09f0\u09be\u09b7\u09cd\u099f\u09cd\u09f0\u09c0\u09af\u09bc \u0989\u09a6\u09cd\u09af\u09be\u09a8<\/strong><\/em>. Taking a Kayaks Excursion from Cano Hondo river, Sabana de la Mar. Through the mangroves and Land at the open San Lorenzo Bay, from where you can photograph the rugged forest landscape. Look to the water to spot <em><strong>\u09ae\u09be\u09a8\u099f\u09bf\u099b<\/strong><\/em>, \u0995\u09cd\u09f0\u09c1\u09b7\u09cd\u099f\u09c7\u099a\u09bf\u09af\u09bc\u09be\u09a8, \u0986\u09f0\u09c1 <em><strong>\u09a1\u09b2\u09ab\u09bf\u09a8\u0964<\/strong><\/em><\/p>\n<p>In case you will like this trip Longer we have a second option: <a href=\"https:\/\/www.ticketswhales.com\/Tours-Excursions\/kayaking\/kayaking-in-los-haitises-with-tour-guide-from-cano-hondo-4-hours\/\" target=\"_blank\" rel=\"noopener\"><em><strong>Kayaking in Los Haitises 4 Hours<\/strong><\/em><\/a><\/p>\n<p>\u099f\u09cd\u09af\u09c1\u09f0\u09f0 \u0985\u09a8\u09cd\u09a4 \u09aa\u09f0\u09c7 \u09b2\u099b \u09b9\u09be\u0987\u099f\u09bf\u099b \u09f0\u09be\u09b7\u09cd\u099f\u09cd\u09f0\u09c0\u09af\u09bc \u0989\u09a6\u09cd\u09af\u09be\u09a8\u09f0 \u0986\u09f0\u09ae\u09cd\u09ad\u09a3\u09bf\u09f0 \u09b8\u09cd\u09a5\u09be\u09a8\u09a4\u0964 \u0986\u09ae\u09bf \u098f\u0987 \u09ad\u09cd\u09f0\u09ae\u09a3\u09f0 \u09aa\u09f0\u09be\u09ae\u09f0\u09cd\u09b6 \u09a6\u09bf\u0993\u0981 \u09aa\u09c1\u09f1\u09be \u09ec:\u09e6\u09e6 \u09ac\u099c\u09be\u09a4 Case \u09a4 \u0986\u09aa\u09c1\u09a8\u09bf \u099a\u09be\u09ac \u09ac\u09bf\u099a\u09be\u09f0\u09bf\u09ac <em><strong>\u09ae\u09be\u09a8\u099f\u09bf\u099b<\/strong><\/em>, \u0995\u09cd\u09f0\u09c1\u09b7\u09cd\u099f\u09c7\u099a\u09bf\u09af\u09bc\u09be\u09a8, \u0986\u09f0\u09c1 <em><strong>\u09a1\u09b2\u09ab\u09bf\u09a8\u0964<\/strong><\/em><\/p>\n<\/div>\n<p><em><strong>\u09aa\u09c1\u09f1\u09be \u09ec:\u09e6\u09e6 \u09ac\u099c\u09be\u09a4<\/strong><\/em> \u09b8\u09cb\u09a8\u0995\u09be\u09b2\u09c7 \u0997\u09a4\u09bf\u0995\u09c7 \u09f0\u09be\u09b7\u09cd\u099f\u09cd\u09f0\u09c0\u09af\u09bc \u0989\u09a6\u09cd\u09af\u09be\u09a8 \u09b2\u099b \u09b9\u09be\u0987\u099f\u09bf\u099b\u09a4 \u098f\u09a4\u09bf\u09af\u09bc\u09be\u0993 \u09a8\u09be\u0993 \u09a8\u09be\u0987\u0964<\/p>\n<h4><em><strong>\u0995\u09bf \u0986\u09a8\u09bf\u09ac \u09b2\u09be\u0997\u09c7?<\/strong><\/em><\/h4>\n<ul>\n<li style=\"font-weight: 400;\"><span style=\"font-weight: 400;\">\u0995\u09c7\u09ae\u09c7\u09f0\u09be<\/span><\/li>\n<li style=\"font-weight: 400;\"><span style=\"font-weight: 400;\">\u09ac\u09bf\u0995\u09c3\u09a4\u0995\u09be\u09f0\u09c0 \u0995\u09b2\u09bf<\/span><\/li>\n<li style=\"font-weight: 400;\"><span style=\"font-weight: 400;\">\u099b\u09be\u09a8\u0995\u09cd\u09f0\u09bf\u09ae<\/span><\/li>\n<li style=\"font-weight: 400;\"><span style=\"font-weight: 400;\">\u099f\u09c1\u09aa\u09bf<\/span><\/li>\n<li style=\"font-weight: 400;\"><span style=\"font-weight: 400;\">\u0986\u09f0\u09be\u09ae\u09a6\u09be\u09af\u09bc\u0995 \u09aa\u09c7\u09a3\u09cd\u099f<\/span><\/li>\n<li style=\"font-weight: 400;\"><span style=\"font-weight: 400;\">\u099a\u09c7\u09a3\u09cd\u09a1\u09c7\u09b2\u00a0<\/span><\/li>\n<li style=\"font-weight: 400;\"><span style=\"font-weight: 400;\">\u09b8\u09be\u0981\u09a4\u09cb\u09f0\u09f0 \u09aa\u09cb\u099b\u09be\u0995<\/span><\/li>\n<\/ul>\n<p>&nbsp;<\/p>\n<h4><b><i>\u09b9\u09cb\u099f\u09c7\u09b2 \u09aa\u09bf\u0995\u0986\u09aa <\/i><\/b><\/h4>\n<p><span style=\"font-weight: 400;\">\u098f\u0987 \u09ad\u09cd\u09f0\u09ae\u09a3\u09f0 \u09ac\u09be\u09ac\u09c7 \u09b9\u09cb\u099f\u09c7\u09b2 \u09aa\u09bf\u0995-\u0986\u09aa\u09f0 \u09ac\u09cd\u09af\u09f1\u09b8\u09cd\u09a5\u09be \u0995\u09f0\u09be \u09b9\u09cb\u09f1\u09be \u09a8\u09be\u0987\u0964 <\/span><\/p>\n<p>&nbsp;<\/p>\n<p><b>\u099f\u09cb\u0995\u09be:<\/b><span style=\"font-weight: 400;\"> \u09af\u09a6\u09bf \u0986\u09aa\u09c1\u09a8\u09bf \u09ad\u09cd\u09f0\u09ae\u09a3\/\u09ad\u09cd\u09f0\u09ae\u09a3\u09f0 \u09aa\u09cd\u09f0\u09b8\u09cd\u09a5\u09be\u09a8\u09f0 \u09b8\u09ae\u09af\u09bc\u09f0 \u09e8\u09ea \u0998\u09a3\u09cd\u099f\u09be\u09f0 \u09ad\u09bf\u09a4\u09f0\u09a4 \u09ac\u09c1\u0995\u09bf\u0982 \u0995\u09f0\u09c7, \u09a4\u09c7\u09a8\u09cd\u09a4\u09c7 \u0986\u09ae\u09bf \u0985\u09a4\u09bf\u09f0\u09bf\u0995\u09cd\u09a4 \u099a\u09be\u09f0\u09cd\u099c\u09f0 \u09b8\u09c8\u09a4\u09c7 \u09b9\u09cb\u099f\u09c7\u09b2\u09a4 \u09aa\u09bf\u0995-\u0986\u09aa\u09f0 \u09ac\u09cd\u09af\u09f1\u09b8\u09cd\u09a5\u09be \u0995\u09f0\u09bf\u09ac \u09aa\u09be\u09f0\u09cb\u0964 \u0986\u09aa\u09cb\u09a8\u09be\u09f0 \u0995\u09cd\u09f0\u09af\u09bc \u09b8\u09ae\u09cd\u09aa\u09c2\u09f0\u09cd\u09a3 \u09b9&#039;\u09b2\u09c7 \u0986\u09ae\u09bf \u0986\u09aa\u09cb\u09a8\u09be\u0995 \u0986\u09ae\u09be\u09f0 \u09b8\u09cd\u09a5\u09be\u09a8\u09c0\u09af\u09bc \u099f\u09cd\u09af\u09c1\u09f0 \u0997\u09be\u0987\u09a1\u09f0 \u09ac\u09be\u09ac\u09c7 \u09aa\u09bf\u0995-\u0986\u09aa\u09f0 \u09ac\u09cd\u09af\u09f1\u09b8\u09cd\u09a5\u09be \u0986\u09af\u09bc\u09cb\u099c\u09a8 \u0995\u09f0\u09bf\u09ac\u09b2\u09c8 \u09b8\u09ae\u09cd\u09aa\u09c2\u09f0\u09cd\u09a3 \u09af\u09cb\u0997\u09be\u09af\u09cb\u0997\u09f0 \u09a4\u09a5\u09cd\u09af (\u09ab\u09cb\u09a8 \u09a8\u09ae\u09cd\u09ac\u09f0, \u0987\u09ae\u09c7\u0987\u09b2 \u09a0\u09bf\u0995\u09a8\u09be \u0986\u09a6\u09bf) \u09aa\u09cd\u09f0\u09c7\u09f0\u09a3 \u0995\u09f0\u09bf\u09ae\u0964<\/span><\/p>\n<h4><b><i>\u0985\u09a4\u09bf\u09f0\u09bf\u0995\u09cd\u09a4 \u09a4\u09a5\u09cd\u09af \u09a8\u09bf\u09b6\u09cd\u099a\u09bf\u09a4\u0995\u09f0\u09a3 <\/i><\/b><\/h4>\n<ol>\n<li>Tickets are the Receipt after paying this Tour. You can show the payment on your phone.<\/li>\n<li style=\"font-weight: 400;\"><span style=\"font-weight: 400;\">\u09ae\u09bf\u099f\u09bf\u0982 \u09aa\u0987\u09a3\u09cd\u099f \u09f0\u09bf\u099c\u09be\u09f0\u09cd\u09ad\u099a\u09a8 \u09aa\u09cd\u09f0\u0995\u09cd\u09f0\u09bf\u09af\u09bc\u09be\u09f0 \u09aa\u09bf\u099b\u09a4 \u09b2\u09be\u09ad \u0995\u09f0\u09be \u09b9\u2019\u09ac\u0964<\/span><\/li>\n<li style=\"font-weight: 400;\"><span style=\"font-weight: 400;\">\u09b6\u09bf\u09b6\u09c1\u09f0 \u09b2\u0997\u09a4 \u098f\u099c\u09a8 \u09aa\u09cd\u09f0\u09be\u09aa\u09cd\u09a4\u09ac\u09af\u09bc\u09b8\u09cd\u0995 \u09b2\u09cb\u0995 \u09a5\u09be\u0995\u09bf\u09ac \u09b2\u09be\u0997\u09bf\u09ac\u0964<\/span><\/li>\n<li style=\"font-weight: 400;\"><span style=\"font-weight: 400;\"> \u09b9\u09c1\u0987\u09b2 \u099a\u09c7\u09af\u09bc\u09be\u09f0\u09a4 \u09ac\u09cd\u09af\u09f1\u09b9\u09be\u09f0\u09af\u09cb\u0997\u09cd\u09af \u09a8\u09b9\u09af\u09bc <\/span><\/li>\n<li style=\"font-weight: 400;\"><span style=\"font-weight: 400;\">\u0995\u09c7\u0981\u099a\u09c1\u09f1\u09be\u0987 \u0995\u09cb\u09b2\u09be\u09a4 \u09ac\u09b9\u09bf\u09ac \u09b2\u09be\u0997\u09bf\u09ac <\/span><\/li>\n<li style=\"font-weight: 400;\"><span style=\"font-weight: 400;\">\u09aa\u09bf\u09a0\u09bf\u09f0 \u09b8\u09ae\u09b8\u09cd\u09af\u09be \u09a5\u0995\u09be \u09ad\u09cd\u09f0\u09ae\u09a3\u0995\u09be\u09f0\u09c0\u09f0 \u09ac\u09be\u09ac\u09c7 \u09ac\u09be\u099e\u09cd\u099b\u09a8\u09c0\u09af\u09bc \u09a8\u09b9\u09af\u09bc<\/span><\/li>\n<li style=\"font-weight: 400;\"><span style=\"font-weight: 400;\">\u0997\u09f0\u09cd\u09ad\u09f1\u09a4\u09c0 \u09ad\u09cd\u09f0\u09ae\u09a3\u0995\u09be\u09f0\u09c0\u09f0 \u09ac\u09be\u09ac\u09c7 \u09ac\u09be\u099e\u09cd\u099b\u09a8\u09c0\u09af\u09bc \u09a8\u09b9\u09af\u09bc <\/span><\/li>\n<li style=\"font-weight: 400;\"><span style=\"font-weight: 400;\"> \u0995\u09cb\u09a8\u09cb \u09b9\u09c3\u09a6\u09af\u09a8\u09cd\u09a4\u09cd\u09f0\u09f0 \u09b8\u09ae\u09b8\u09cd\u09af\u09be \u09ac\u09be \u0985\u09a8\u09cd\u09af\u09be\u09a8\u09cd\u09af \u0997\u09c1\u09f0\u09c1\u09a4\u09f0 \u099a\u09bf\u0995\u09bf\u09ce\u09b8\u09be\u099c\u09a8\u09bf\u09a4 \u0985\u09f1\u09b8\u09cd\u09a5\u09be \u09a8\u09be\u0987 <\/span><\/li>\n<li style=\"font-weight: 400;\"><span style=\"font-weight: 400;\">\u09ac\u09c7\u099b\u09bf\u09ad\u09be\u0997 \u09ad\u09cd\u09f0\u09ae\u09a3\u0995\u09be\u09f0\u09c0\u09af\u09bc\u09c7 \u0985\u0982\u09b6\u0997\u09cd\u09f0\u09b9\u09a3 \u0995\u09f0\u09bf\u09ac \u09aa\u09be\u09f0\u09c7<\/span><\/li>\n<\/ol>\n<h4><b><i>\u09ac\u09be\u09a4\u09bf\u09b2\u09f0 \u09a8\u09c0\u09a4\u09bf<\/i><\/b><\/h4>\n<p><span style=\"font-weight: 400;\">\u09b8\u09ae\u09cd\u09aa\u09c2\u09f0\u09cd\u09a3 \u09a7\u09a8 \u0998\u09c2\u09f0\u09be\u0987 \u09aa\u09cb\u09f1\u09be\u09f0 \u09ac\u09be\u09ac\u09c7 \u0985\u09ad\u09bf\u099c\u09cd\u099e\u09a4\u09be \u0986\u09f0\u09ae\u09cd\u09ad \u09b9\u09cb\u09f1\u09be\u09f0 \u09a4\u09be\u09f0\u09bf\u0996\u09f0 \u0995\u09ae\u09c7\u0993 \u09e8\u09ea \u0998\u09a3\u09cd\u099f\u09be \u0986\u0997\u09a4\u09c7 \u09ac\u09be\u09a4\u09bf\u09b2 \u0995\u09f0\u0995\u0964<\/span><\/p>\n\n\t\t<\/div>\n\t<\/div>\n<\/div><\/div><\/div><\/div><div class=\"vc_row wpb_row vc_row-fluid\" ><div class=\"wpb_column vc_column_container vc_col-sm-12\"><div class=\"vc_column-inner\"><div class=\"wpb_wrapper\"><div class=\"vc_empty_space\"   style=\"height: 32px\"><span class=\"vc_empty_space_inner\"><\/span><\/div>\n\t<div class=\"wpb_text_column wpb_content_element\" >\n\t\t<div class=\"wpb_wrapper\">\n\t\t\t<h4>\u0986\u09ae\u09be\u09f0 \u09b8\u09c8\u09a4\u09c7 \u09af\u09cb\u0997\u09be\u09af\u09cb\u0997 \u0995\u09f0\u0995?<\/h4>\n<h5><em><strong>\u09ac\u09c1\u0995\u09bf\u0982 \u098f\u09a1\u09ad\u09c7\u099e\u09cd\u099a\u09be\u09f0<\/strong><\/em><\/h5>\n<p><em><strong>\u09b8\u09cd\u09a5\u09be\u09a8\u09c0\u09af\u09bc \u09b2\u09cb\u0995<\/strong> \u0986\u09f0\u09c1 <strong>\u09a8\u09c7\u099a\u09a8\u09c7\u09b2\u099b<\/strong> \u099f\u09cd\u09af\u09c1\u09f0 \u0997\u09be\u0987\u09a1 \u0986\u09f0\u09c1 \u0985\u09a4\u09bf\u09a5\u09bf \u09b8\u09c7\u09f1\u09be<\/em><\/p>\n<p><span class=\"text-turquoise\">\u09f0\u09bf\u099c\u09be\u09f0\u09cd\u09ad\u099a\u09a8:<\/span> \u09a1\u09ae \u09f0\u09c7\u09aa.<\/p>\n<p><img decoding=\"async\" class=\"emoji\" draggable=\"false\" src=\"https:\/\/s.w.org\/images\/core\/emoji\/11.2.0\/svg\/1f4de.svg\" alt=\"\ud83d\udcde\" title=\"\"> \u09a6\u09c2\u09f0\u09ad\u09be\u09b7\/\u09f1\u09be\u099f\u099b\u098f\u09aa\u00a0 <a href=\"tel:+1-809-720-6035\">+1-809-720-6035<\/a>.<\/p>\n<p><img decoding=\"async\" class=\"emoji\" draggable=\"false\" src=\"https:\/\/s.w.org\/images\/core\/emoji\/11.2.0\/svg\/1f4e9.svg\" alt=\"\ud83d\udce9\" title=\"\"> <a href=\"mailto:info@bookingadventures.com.do\">info@bookingadventures.com.do<\/a><\/p>\n<p><strong>\u0986\u09ae\u09bf Whatsapp \u09a6\u09cd\u09ac\u09be\u09f0\u09be \u09ac\u09cd\u09af\u0995\u09cd\u09a4\u09bf\u0997\u09a4 \u09ad\u09cd\u09f0\u09ae\u09a3 \u09a8\u09ae\u09a8\u09c0\u09af\u09bc \u099a\u09c7\u099f\u09bf\u0982: <a href=\"tel:+18097206035\">+18097206035.<\/a><\/strong><\/p>\n\n\t\t<\/div>\n\t<\/div>\n<div class=\"vc_empty_space\"   style=\"height: 32px\"><span class=\"vc_empty_space_inner\"><\/span><\/div><\/div><\/div><\/div><\/div>","protected":false},"excerpt":{"rendered":"<p>Excursion to Los Haitises National Park starting from Sabana de la Mar or Ca\u00f1o Hondo Hotels. Kayaking Mangroves in Los Haitises National Park with a local tour guide. Visiting Mangroves in Ca\u00f1o Hondo River plus an Overview of the San Lorenzo Bay in Los Haitises National park, Sabana de la Mar Ca\u00f1o Hondo area. If you are interested in visit also the caves please book 4 Hours Kayaking <a href=\"https:\/\/www.ticketswhales.com\/Tours-Excursions\/kayaking\/kayaking-in-los-haitises-with-tour-guide-from-cano-hondo-4-hours\/\">trip here.<\/a><\/p>\n<ul>\n<li style=\"font-weight: 400;\"><span style=\"font-weight: 400;\">\u0997\u09be\u0987\u09a1\u0996\u09a8\u09c7 \u09a8\u09bf\u09f0\u09cd\u09a6\u09c7\u09b6\u09a8\u09be \u0986\u09f0\u09c1 \u09a4\u09a4\u09cd\u09ac\u09be\u09f1\u09a7\u09be\u09a8 \u09aa\u09cd\u09f0\u09a6\u09be\u09a8 \u0995\u09f0\u09c7<\/span><\/li>\n<li>\u0995\u09af\u09bc\u09be\u0995 \u0986\u09f0\u09c1 \u09aa\u09c7\u09a1\u09c7\u09b2 \u0989\u09aa\u09b2\u09ac\u09cd\u09a7 \u09a6\u09c1\u099c\u09a8\u09f0 \u09ac\u09be\u09ac\u09c7 \u09a1\u09be\u09ac\u09b2 \u0986\u09f0\u09c1 \u09ae\u09be\u09a4\u09cd\u09f0 \u098f\u099c\u09a8 \u09ac\u09cd\u09af\u0995\u09cd\u09a4\u09bf\u09f0 \u09ac\u09be\u09ac\u09c7 \u099a\u09bf\u0982\u0997\u09b2\u0964<\/li>\n<\/ul>\n<p>&nbsp;<\/p>\n<p>Set this tour with a Hiking Trail and learn about the history of Los Haitises National Park with Locals.<\/p>\n<p>&nbsp;<\/p>\n<p><strong>\u0985\u09a8\u09c1\u0997\u09cd\u09f0\u09b9 \u0995\u09f0\u09bf The Tour \u09f0 \u09ac\u09be\u09ac\u09c7 \u09a4\u09be\u09f0\u09bf\u0996 \u09a8\u09bf\u09f0\u09cd\u09ac\u09be\u099a\u09a8 \u0995\u09f0\u0995\u00a0<\/strong><\/p>","protected":false},"featured_media":113,"template":"","meta":[],"product_brand":[],"product_cat":[119,96,144,98,121,99,122,123,124],"product_tag":[126,127,149,145,150,151,152,153,132,133,114,148,143],"class_list":{"0":"post-11306","1":"product","2":"type-product","3":"status-publish","4":"has-post-thumbnail","6":"product_cat-caves","7":"product_cat-hiking","8":"product_cat-kayaking","9":"product_cat-local-tour-guides","10":"product_cat-mangroves","11":"product_cat-swimming-natural-springs","12":"product_cat-tours-and-excursions","13":"product_cat-tours-excursions-los-haitises-national-park","14":"product_cat-tours-excursions-samana-bay-dominican-republic","15":"product_tag-cano-hondo","16":"product_tag-cano-hondo-hotel","17":"product_tag-cano-hondo-river","18":"product_tag-day-tour-cano-hondo","19":"product_tag-kayak-dominican-republic","20":"product_tag-kayak-los-haitises","21":"product_tag-kayak-tour","22":"product_tag-kayaking","23":"product_tag-los-haitises","24":"product_tag-los-haitises-national-park","25":"product_tag-sabana-de-la-mar","26":"product_tag-samana-excursions","27":"product_tag-samana-tours","29":"first","30":"instock","31":"sale","32":"sold-individually","33":"shipping-taxable","34":"product-type-external"},"_links":{"self":[{"href":"https:\/\/haitises.com\/as\/wp-json\/wp\/v2\/product\/11306","targetHints":{"allow":["GET"]}}],"collection":[{"href":"https:\/\/haitises.com\/as\/wp-json\/wp\/v2\/product"}],"about":[{"href":"https:\/\/haitises.com\/as\/wp-json\/wp\/v2\/types\/product"}],"wp:featuredmedia":[{"embeddable":true,"href":"https:\/\/haitises.com\/as\/wp-json\/wp\/v2\/media\/113"}],"wp:attachment":[{"href":"https:\/\/haitises.com\/as\/wp-json\/wp\/v2\/media?parent=11306"}],"wp:term":[{"taxonomy":"product_brand","embeddable":true,"href":"https:\/\/haitises.com\/as\/wp-json\/wp\/v2\/product_brand?post=11306"},{"taxonomy":"product_cat","embeddable":true,"href":"https:\/\/haitises.com\/as\/wp-json\/wp\/v2\/product_cat?post=11306"},{"taxonomy":"product_tag","embeddable":true,"href":"https:\/\/haitises.com\/as\/wp-json\/wp\/v2\/product_tag?post=11306"}],"curies":[{"name":"wp","href":"https:\/\/api.w.org\/{rel}","templated":true}]}}