{"id":597,"date":"2020-07-03T18:18:34","date_gmt":"2020-07-03T18:18:34","guid":{"rendered":"http:\/\/haitises.com\/?post_type=product&#038;p=597"},"modified":"2024-04-16T18:07:59","modified_gmt":"2024-04-16T18:07:59","slug":"excursion-de-medio-dia-de-observacion-de-ballenas","status":"publish","type":"product","link":"https:\/\/haitises.com\/ar\/\u062e\u0627\u0635\/excursion-de-medio-dia-de-observacion-de-ballenas\/","title":{"rendered":"Excursi\u00f3n de medio d\u00eda de Observaci\u00f3n de Ballenas"},"content":{"rendered":"<div class=\"vc_row wpb_row vc_row-fluid\" ><div class=\"wpb_column vc_column_container vc_col-sm-12\"><div class=\"vc_column-inner\"><div class=\"wpb_wrapper\">[mkdf_section_title subtitle_tag=\u00bb\u00bb subtitle=\u00bbMa\u00f1ana o tarde\u00bb]<\/div><\/div><\/div><\/div><div class=\"vc_row wpb_row vc_row-fluid\" ><div class=\"wpb_column vc_column_container vc_col-sm-12\"><div class=\"vc_column-inner\"><div class=\"wpb_wrapper\">\n\t<div class=\"wpb_text_column wpb_content_element\" >\n\t\t<div class=\"wpb_wrapper\">\n\t\t\t<h2>Excursi\u00f3n de Avistamiento de ballenas de medio d\u00eda Saman\u00e1 en catamar\u00e1n<\/h2>\n<h3>\u0648\u0635\u0641<\/h3>\n<p>Despu\u00e9s de abordar la embarcaci\u00f3n para visitar a las ballenas en su propio h\u00e1bitat. Nuestros capitanes est\u00e1n entrenados para asegurarse de que vean ballenas.<\/p>\n<p>De 9:00 a.m. a 12: 00 a mediod\u00eda o privado m\u00ednimo 4 personas de 1:00 p.m. a 3:30 p.m. Observatorio o avistamiento de ballenas y despu\u00e9s de este viaje de observaci\u00f3n de ballenas, volvemos al puerto principal de Saman\u00e1.<\/p>\n<p><strong>\u0645\u0644\u062d\u0648\u0638\u0629<\/strong>: Este tour no es privado. Si desea establecer un recorrido privado, cont\u00e1ctenos.<\/p>\n<ul>\n<li>\u0645\u0634\u0627\u0647\u062f\u0629 \u0627\u0644\u062d\u064a\u062a\u0627\u0646<\/li>\n<li>\u0646\u0642\u0644 \u0642\u0627\u0631\u0628 \u0643\u0627\u062a\u0627\u0645\u0627\u0631\u0627\u0646<\/li>\n<li>\u064a\u0642\u062f\u0645 \u0627\u0644\u0643\u0627\u0628\u062a\u0646 \u0627\u0644\u062a\u0639\u0644\u064a\u0645\u0627\u062a \u0648\u0627\u0644\u0625\u0634\u0631\u0627\u0641.<\/li>\n<li>\u0645\u0631\u0634\u062f \u0633\u064a\u0627\u062d\u064a<\/li>\n<\/ul>\n<h3><em>\u0627\u0644\u0627\u062f\u0631\u0627\u062c \u0648\u0627\u0644\u0627\u0633\u062a\u062b\u0646\u0627\u0621\u0627\u062a<\/em><\/h3>\n<h4>\u0627\u0644\u0627\u062f\u0631\u0627\u062c<\/h4>\n<ol>\n<li>\u0645\u0631\u0634\u062f \u0633\u064a\u0627\u062d\u064a<\/li>\n<li>\u0631\u062d\u0644\u0629 \u0628\u0627\u0644\u0642\u0627\u0631\u0628 \u0623\u0648 \u0627\u0644\u0642\u0627\u0631\u0628<\/li>\n<li>\u062c\u0645\u064a\u0639 \u0627\u0644\u0636\u0631\u0627\u0626\u0628 \u0648\u0627\u0644\u0631\u0633\u0648\u0645 \u0648\u0631\u0633\u0648\u0645 \u0627\u0644\u0645\u0646\u0627\u0648\u0644\u0629<\/li>\n<li>\u0627\u0644\u0636\u0631\u0627\u0626\u0628 \u0627\u0644\u0645\u062d\u0644\u064a\u0629<\/li>\n<li>\u0645\u0634\u0631\u0648\u0628\u0627\u062a<\/li>\n<li>\u0623\u0642\u0631\u0627\u0635 \u062f\u0631\u0627\u0645\u0627\u0645\u064a\u0646 (\u0627\u062e\u062a\u064a\u0627\u0631\u064a)<\/li>\n<li>\u0631\u0633\u0648\u0645 \u062f\u062e\u0648\u0644 \u0627\u0644\u062d\u0631\u0645. (\u0625\u0633\u0648\u0631\u0629)<\/li>\n<\/ol>\n<h4>\u0627\u0644\u0627\u0633\u062a\u062b\u0646\u0627\u0621\u0627\u062a<\/h4>\n<ol>\n<li>\u0646\u0635\u0627\u0626\u062d<\/li>\n<li>\u0633\u064a\u0627\u0631\u0629 \u0646\u0642\u0644<\/li>\n<li>\u0627\u0644\u0645\u0634\u0631\u0648\u0628\u0627\u062a \u0627\u0644\u0643\u062d\u0648\u0644\u064a\u0629<\/li>\n<\/ol>\n<h3>\u0627\u0644\u0645\u063a\u0627\u062f\u0631\u0629 \u0648\u0627\u0644\u0639\u0648\u062f\u0629<\/h3>\n<p>\u0633\u064a\u062d\u0635\u0644 \u0627\u0644\u0645\u0633\u0627\u0641\u0631 \u0639\u0644\u0649 \u0646\u0642\u0637\u0629 \u0627\u0644\u062a\u0642\u0627\u0621 \u0628\u0639\u062f \u0639\u0645\u0644\u064a\u0629 \u0627\u0644\u062d\u062c\u0632. \u062a\u0628\u062f\u0623 \u0627\u0644\u062c\u0648\u0644\u0627\u062a \u0648\u062a\u0646\u062a\u0647\u064a \u0641\u064a \u0646\u0642\u0627\u0637 \u0627\u0644\u0627\u0644\u062a\u0642\u0627\u0621 \u0644\u062f\u064a\u0646\u0627.<\/p>\n<p>Avistamiento de ballenas de medio d\u00eda Saman\u00e1 en catamar\u00e1n.<\/p>\n<h3><em>\u0645\u0627\u0630\u0627 \u062a\u062a\u0648\u0642\u0639\u061f<\/em><\/h3>\n<p>Obtenga sus boletos para un viaje de medio d\u00eda de avistamiento de ballenas en la bah\u00eda de Saman\u00e1.<\/p>\n<p>El viaje de avistamiento de ballenas de medio d\u00eda, organizado por \u00abBooking Adventures\u00bb comienza en el punto de encuentro establecido con el gu\u00eda tur\u00edstico. El almuerzo en la playa no est\u00e1 incluido en este tour.<\/p>\n<p><strong>\u062c\u062f\u0648\u0644:<\/strong><\/p>\n<p>8:45 \u0635\u0628\u0627\u062d\u064b\u0627 \u2013 12:30 \u0638\u0647\u0631\u064b\u0627<\/p>\n<p>1: 00 Pm &#8211; 3: 30 PM. (Normalmente puede ser un viaje privado m\u00ednimo 4 personas o cont\u00e1ctenos).<\/p>\n<p>\u064a\u0645\u0643\u0646 \u0623\u0646 \u064a\u062a\u063a\u064a\u0631 \u0627\u0644\u0637\u0642\u0633 \u0627\u0639\u062a\u0645\u0627\u062f\u064b\u0627 \u0639\u0644\u0649 \u0639\u062f\u062f \u0627\u0644\u062d\u064a\u062a\u0627\u0646 \u0627\u0644\u062a\u064a \u0646\u0631\u0627\u0647\u0627.<\/p>\n<h3><em>\u0645\u0627\u0630\u0627 \u064a\u062c\u0628 \u0623\u0646 \u062a\u062d\u0636\u0631\u061f<\/em><\/h3>\n<ul>\n<li>\u0622\u0644\u0629 \u062a\u0635\u0648\u064a\u0631<\/li>\n<li>\u0627\u0644\u0645\u0648\u0627\u062f \u0627\u0644\u0637\u0627\u0631\u062f\u0629<\/li>\n<li>\u0643\u0631\u064a\u0645 \u0648\u0627\u0642\u064a \u0645\u0646 \u0627\u0644\u0634\u0645\u0633<\/li>\n<li>\u0642\u0628\u0639\u0629<\/li>\n<li>\u0627\u0644\u0633\u0631\u0627\u0648\u064a\u0644 \u0627\u0644\u0645\u0631\u064a\u062d\u0629<\/li>\n<li>\u0645\u0644\u0627\u0628\u0633 \u0627\u0644\u0633\u0628\u0627\u062d\u0629<\/li>\n<li>Efectivo para souvenirs<\/li>\n<\/ul>\n<h3><em>\u0628\u064a\u0643 \u0627\u0628 \u0627\u0644\u0641\u0646\u062f\u0642<\/em><\/h3>\n<p>\u0644\u0627 \u064a\u062a\u0645 \u062a\u0642\u062f\u064a\u0645 \u062e\u062f\u0645\u0629 \u0627\u0644\u0627\u0633\u062a\u0642\u0628\u0627\u0644 \u0641\u064a \u0627\u0644\u0641\u0646\u062f\u0642 \u0644\u0647\u0630\u0647 \u0627\u0644\u062c\u0648\u0644\u0629.<\/p>\n<p><strong>\u0645\u0644\u062d\u0648\u0638\u0629:<\/strong> \u0625\u0630\u0627 \u0642\u0645\u062a \u0628\u0627\u0644\u062d\u062c\u0632 \u062e\u0644\u0627\u0644 24 \u0633\u0627\u0639\u0629 \u0645\u0646 \u0648\u0642\u062a \u0645\u063a\u0627\u062f\u0631\u0629 \u0627\u0644\u062c\u0648\u0644\u0629\/\u0627\u0644\u0631\u062d\u0644\u0629\u060c \u0641\u064a\u0645\u0643\u0646\u0646\u0627 \u062a\u0631\u062a\u064a\u0628 \u062e\u062f\u0645\u0629 \u0627\u0644\u0627\u0633\u062a\u0642\u0628\u0627\u0644 \u0641\u064a \u0627\u0644\u0641\u0646\u062f\u0642 \u0645\u0642\u0627\u0628\u0644 \u0631\u0633\u0648\u0645 \u0625\u0636\u0627\u0641\u064a\u0629. \u0628\u0645\u062c\u0631\u062f \u0627\u0643\u062a\u0645\u0627\u0644 \u0639\u0645\u0644\u064a\u0629 \u0627\u0644\u0634\u0631\u0627\u0621\u060c \u0633\u0646\u0631\u0633\u0644 \u0644\u0643 \u0645\u0639\u0644\u0648\u0645\u0627\u062a \u0627\u0644\u0627\u062a\u0635\u0627\u0644 \u0627\u0644\u0643\u0627\u0645\u0644\u0629 (\u0631\u0642\u0645 \u0627\u0644\u0647\u0627\u062a\u0641 \u0648\u0639\u0646\u0648\u0627\u0646 \u0627\u0644\u0628\u0631\u064a\u062f \u0627\u0644\u0625\u0644\u0643\u062a\u0631\u0648\u0646\u064a \u0648\u0645\u0627 \u0625\u0644\u0649 \u0630\u0644\u0643) \u0644\u0645\u0631\u0634\u062f\u0646\u0627 \u0627\u0644\u0633\u064a\u0627\u062d\u064a \u0627\u0644\u0645\u062d\u0644\u064a \u0644\u062a\u0631\u062a\u064a\u0628 \u062a\u0631\u062a\u064a\u0628\u0627\u062a \u0627\u0644\u0627\u0633\u062a\u0644\u0627\u0645.<\/p>\n<h3><em>\u062a\u0623\u0643\u064a\u062f \u0627\u0644\u0645\u0639\u0644\u0648\u0645\u0627\u062a \u0627\u0644\u0625\u0636\u0627\u0641\u064a\u0629<\/em><\/h3>\n<ul>\n<li>\u0627\u0644\u062a\u0630\u0627\u0643\u0631 \u0647\u064a \u0627\u0644\u0625\u064a\u0635\u0627\u0644 \u0628\u0639\u062f \u062f\u0641\u0639 \u062b\u0645\u0646 \u0647\u0630\u0647 \u0627\u0644\u062c\u0648\u0644\u0629. \u064a\u0645\u0643\u0646\u0643 \u0625\u0638\u0647\u0627\u0631 \u0627\u0644\u062f\u0641\u0639 \u0639\u0644\u0649 \u0647\u0627\u062a\u0641\u0643.<\/li>\n<li>\u0633\u064a\u062a\u0645 \u0627\u0633\u062a\u0644\u0627\u0645 \u0646\u0642\u0637\u0629 \u0627\u0644\u0627\u0644\u062a\u0642\u0627\u0621 \u0628\u0639\u062f \u0639\u0645\u0644\u064a\u0629 \u0627\u0644\u062d\u062c\u0632.<\/li>\n<li>\u064a\u062c\u0628 \u0623\u0646 \u064a\u0635\u0627\u062d\u0628 \u0627\u0644\u0623\u0637\u0641\u0627\u0644 \u0645\u0646 \u0642\u0628\u0644 \u0627\u0644\u0643\u0628\u0627\u0631.<\/li>\n<li>Accesible a silla de ruedas<\/li>\n<li>Los infantes deben sentarse en un asiento para beb\u00e9s o con un\u00a0 adulto<\/li>\n<li>\u064a\u0645\u0643\u0646 \u0644\u0645\u0639\u0638\u0645 \u0627\u0644\u0645\u0633\u0627\u0641\u0631\u064a\u0646 \u0627\u0644\u0645\u0634\u0627\u0631\u0643\u0629.<\/li>\n<\/ul>\n<h3><em>\u0633\u064a\u0627\u0633\u0629 \u0627\u0644\u0625\u0644\u063a\u0627\u0621<\/em><\/h3>\n<p>\u0644\u0627\u0633\u062a\u0631\u062f\u0627\u062f \u0643\u0627\u0645\u0644 \u0627\u0644\u0645\u0628\u0644\u063a\u060c \u0642\u0645 \u0628\u0627\u0644\u0625\u0644\u063a\u0627\u0621 \u0642\u0628\u0644 24 \u0633\u0627\u0639\u0629 \u0639\u0644\u0649 \u0627\u0644\u0623\u0642\u0644 \u0645\u0646 \u062a\u0627\u0631\u064a\u062e \u0628\u062f\u0621 \u0627\u0644\u062a\u062c\u0631\u0628\u0629.<\/p>\n<h3><em>\u0627\u062a\u0635\u0644 \u0628\u0646\u0627<\/em><br \/>\n\u062c\u0648\u0644\u0629 \u062d\u0648\u062a \u0633\u0627\u0645\u0627\u0646\u0627<\/h3>\n<p><em>\u0627\u0644\u0645\u0631\u0634\u062f\u064a\u0646 \u0627\u0644\u0633\u064a\u0627\u062d\u064a\u064a\u0646 \u0627\u0644\u0645\u062d\u0644\u064a\u064a\u0646 \u0648\u0627\u0644\u0648\u0637\u0646\u064a\u064a\u0646 \u0648\u062e\u062f\u0645\u0627\u062a \u0627\u0644\u0636\u064a\u0648\u0641<\/em><\/p>\n<p>\u0627\u0644\u062d\u062c\u0648\u0632\u0627\u062a: \u0627\u0644\u062c\u0648\u0644\u0627\u062a \u0648\u0627\u0644\u0631\u062d\u0644\u0627\u062a \u0641\u064a \u062f\u0648\u0645.<\/p>\n<p>\u0647\u0627\u062a\u0641\/\u0648\u0627\u062a\u0633\u0627\u0628 +1-809-720-6035.<\/p>\n<p>info@bookingadventures.com.do<\/p>\n<p>\u0646\u0642\u0648\u0645 \u0628\u062c\u0648\u0644\u0627\u062a \u062e\u0627\u0635\u0629 \u0628\u062a\u0643\u0648\u064a\u0646 \u0645\u0631\u0646 \u0639\u0628\u0631 Whatsapp: +18097206035.<\/p>\n\n\t\t<\/div>\n\t<\/div>\n<\/div><\/div><\/div><\/div>","protected":false},"excerpt":{"rendered":"<p>Avistamiento de ballenas de medio d\u00eda Bah\u00eda de Saman\u00e1, Rep\u00fablica Dominicana. Excursi\u00f3n de observaci\u00f3n de ballenas desde el puerto de Saman\u00e1 en un c\u00f3modo catamar\u00e1n. Reserve para la ma\u00f1ana o para la tarde excursiones para avistar ballenas. Reserve ahora esta excursi\u00f3n en la bah\u00eda de Saman\u00e1 para una buena experiencia de viaje de observaci\u00f3n de ballenas.<\/p>\n<p><em><strong>\u0627\u0644\u0631\u062c\u0627\u0621 \u062a\u062d\u062f\u064a\u062f \u062a\u0627\u0631\u064a\u062e \u0627\u0644\u0631\u062d\u0644\u0629:<\/strong><\/em><\/p>","protected":false},"featured_media":427,"template":"","meta":[],"product_brand":[],"product_cat":[335,443,124,232],"product_tag":[336,201,271,234,235,236,337,338,238],"class_list":{"0":"post-597","1":"product","2":"type-product","3":"status-publish","4":"has-post-thumbnail","6":"product_cat-half-day-whale-watching-samana-in-catamaran","7":"product_cat-tours-y-excursiones-es","8":"product_cat-tours-excursions-samana-bay-dominican-republic","9":"product_cat-whale-watching-samana","10":"product_tag-half-day-whale-watching-samana-in-catamaran-morning-or-afternoon","11":"product_tag-private-tours-samana","12":"product_tag-samana-whale-watching","13":"product_tag-whale-samana","14":"product_tag-whale-tours","15":"product_tag-whale-watching-dominican-republic","16":"product_tag-whale-watching-las-galeras","17":"product_tag-whale-watching-las-terrenas","18":"product_tag-whale-watching-samana","20":"first","21":"instock","22":"sale","23":"sold-individually","24":"shipping-taxable","25":"product-type-external"},"_links":{"self":[{"href":"https:\/\/haitises.com\/ar\/wp-json\/wp\/v2\/product\/597","targetHints":{"allow":["GET"]}}],"collection":[{"href":"https:\/\/haitises.com\/ar\/wp-json\/wp\/v2\/product"}],"about":[{"href":"https:\/\/haitises.com\/ar\/wp-json\/wp\/v2\/types\/product"}],"wp:featuredmedia":[{"embeddable":true,"href":"https:\/\/haitises.com\/ar\/wp-json\/wp\/v2\/media\/427"}],"wp:attachment":[{"href":"https:\/\/haitises.com\/ar\/wp-json\/wp\/v2\/media?parent=597"}],"wp:term":[{"taxonomy":"product_brand","embeddable":true,"href":"https:\/\/haitises.com\/ar\/wp-json\/wp\/v2\/product_brand?post=597"},{"taxonomy":"product_cat","embeddable":true,"href":"https:\/\/haitises.com\/ar\/wp-json\/wp\/v2\/product_cat?post=597"},{"taxonomy":"product_tag","embeddable":true,"href":"https:\/\/haitises.com\/ar\/wp-json\/wp\/v2\/product_tag?post=597"}],"curies":[{"name":"wp","href":"https:\/\/api.w.org\/{rel}","templated":true}]}}