{"id":556,"date":"2020-06-22T22:09:47","date_gmt":"2020-06-22T22:09:47","guid":{"rendered":"http:\/\/haitises.com\/?post_type=product&#038;p=556"},"modified":"2024-04-17T19:11:29","modified_gmt":"2024-04-17T19:11:29","slug":"excursion-a-los-haitises-desde-las-terrenas-medio-dia","status":"publish","type":"product","link":"https:\/\/haitises.com\/ar\/\u062e\u0627\u0635\/excursion-a-los-haitises-desde-las-terrenas-medio-dia\/","title":{"rendered":"\u0631\u062d\u0644\u0629 \u0625\u0644\u0649 \u0644\u0648\u0633 \u0647\u0627\u064a\u062a\u064a\u0633\u064a\u0633 \u0645\u0646 \u0644\u0627\u0633 \u062a\u064a\u0631\u064a\u0646\u0627\u0633 \u2013 \u0646\u0635\u0641 \u064a\u0648\u0645"},"content":{"rendered":"<div class=\"vc_row wpb_row vc_row-fluid\" ><div class=\"wpb_column vc_column_container vc_col-sm-12\"><div class=\"vc_column-inner\"><div class=\"wpb_wrapper\">[mkdf_section_title subtitle_tag=\u00bb\u00bb subtitle=\u00bbTransporte y almuerzo incluidos\u00bb]<\/div><\/div><\/div><\/div><div class=\"vc_row wpb_row vc_row-fluid\" ><div class=\"wpb_column vc_column_container vc_col-sm-12\"><div class=\"vc_column-inner\"><div class=\"wpb_wrapper\">\n\t<div class=\"wpb_text_column wpb_content_element\" >\n\t\t<div class=\"wpb_wrapper\">\n\t\t\t<h2>\u062c\u0648\u0644\u0629 \u0625\u0644\u0649 \u0645\u0646\u062a\u0632\u0647 \u0644\u0648\u0633 \u0647\u0627\u064a\u062a\u064a\u0633\u064a\u0633 \u0627\u0644\u0648\u0637\u0646\u064a \u0645\u0646 \u0644\u0627\u0633 \u062a\u064a\u0631\u064a\u0646\u0627\u0633 \u062f\u064a \u0633\u0627\u0645\u0627\u0646\u0627. \u0631\u062d\u0644\u0629 \u0644\u0646\u0635\u0641 \u064a\u0648\u0645.<\/h2>\n<h5>\u062c\u0648\u0644\u0629 \u0625\u0644\u0649 \u0645\u0646\u062a\u0632\u0647 \u0644\u0648\u0633 \u0647\u0627\u064a\u062a\u064a\u0633\u064a\u0633 \u0627\u0644\u0648\u0637\u0646\u064a \u0645\u0646 \u0644\u0627\u0633 \u062a\u064a\u0631\u064a\u0646\u0627\u0633 \u062f\u064a \u0633\u0627\u0645\u0627\u0646\u0627. \u0631\u062d\u0644\u0629 \u0644\u0646\u0635\u0641 \u064a\u0648\u0645.<\/h5>\n<h3>\u0648\u0635\u0641<\/h3>\n<p>\u062c\u0648\u0644\u0629 \u0625\u0644\u0649 \u0645\u0646\u062a\u0632\u0647 \u0644\u0648\u0633 \u0647\u0627\u064a\u062a\u064a\u0633\u064a\u0633 \u0627\u0644\u0648\u0637\u0646\u064a \u0645\u0646 \u0644\u0627\u0633 \u062a\u064a\u0631\u064a\u0646\u0627\u0633 \u062f\u064a \u0633\u0627\u0645\u0627\u0646\u0627. \u0631\u062d\u0644\u0629 \u0644\u0646\u0635\u0641 \u064a\u0648\u0645. \u0645\u0646 \u0641\u0646\u062f\u0642\u0643 \u0641\u064a \u0644\u0627\u0633 \u062a\u064a\u0631\u064a\u0646\u0627\u0633 \u0641\u064a \u0633\u0627\u0645\u0627\u0646\u0627. \u0633\u0646\u0642\u0648\u062f \u0627\u0644\u0633\u064a\u0627\u0631\u0629 \u0625\u0644\u0649 \u0645\u062c\u062a\u0645\u0639 \u0633\u0627\u0646\u0634\u064a\u0632\u060c \u062d\u064a\u062b \u0633\u0646\u0623\u062e\u0630 \u0627\u0644\u0642\u0627\u0631\u0628 \u0639\u0628\u0631 \u062e\u0644\u064a\u062c \u0633\u0627\u0645\u0627\u0646\u0627. \u0632\u064a\u0627\u0631\u0629 \u0631\u064a\u0648 \u0646\u0627\u0631\u0627\u0646\u062c\u0648\u060c \u0645\u0631\u0648\u0631\u064b\u0627 \u0628\u0645\u062c\u062a\u0645\u0639 \u0627\u0644\u0635\u064a\u062f \u0641\u064a \u0645\u0646\u062a\u0632\u0647 \u0644\u0648\u0633 \u0647\u0627\u064a\u062a\u064a\u0633\u064a\u0633 \u0627\u0644\u0648\u0637\u0646\u064a\u060c \u06483 \u0643\u0647\u0648\u0641\u060c \u0648\u0643\u0647\u0641 \u0628\u0648\u0643\u0627 \u062a\u064a\u0628\u0648\u0631\u0648\u0646\u060c \u0648\u062c\u0632\u064a\u0631\u0629 \u0628\u064a\u0631\u062f\u064a\u0646\u062c \u0643\u064a\u060c \u0648\u0623\u0634\u062c\u0627\u0631 \u0627\u0644\u0645\u0627\u0646\u063a\u0631\u0648\u0641 \u0641\u064a \u062e\u0644\u064a\u062c \u0633\u0627\u0645\u0627\u0646\u0627.<\/p>\n<p>\u0628\u0639\u062f \u0647\u0630\u0647 \u0627\u0644\u062a\u062c\u0631\u0628\u0629\u060c \u0633\u062a\u0639\u0648\u062f \u0625\u0644\u0649 \u0645\u062c\u062a\u0645\u0639 \u0644\u0627\u0633 \u062a\u064a\u0631\u064a\u0646\u0627\u0633 \u062d\u064a\u062b \u0633\u0646\u0642\u0644\u0643.<\/p>\n<ul>\n<li>\u0627\u0644\u0636\u0631\u0627\u0626\u0628 \u0627\u0644\u0645\u062f\u0631\u062c\u0629<\/li>\n<li>\u063a\u062f\u0627\u0621<\/li>\n<li>\u0627\u0644\u0645\u0642\u0628\u0644\u0627\u062a<\/li>\n<li>\u0645\u0631\u0634\u062f \u0633\u064a\u0627\u062d\u064a \u0645\u062d\u0644\u064a \u0628\u0627\u0644\u0644\u063a\u0629 \u0627\u0644\u0625\u0646\u062c\u0644\u064a\u0632\u064a\u0629 \u0623\u0648 \u0627\u0644\u0641\u0631\u0646\u0633\u064a\u0629<\/li>\n<li>\u064a\u0646\u0642\u0644<\/li>\n<li>\u0631\u062d\u0644\u0629 \u0628\u0627\u0644\u0642\u0627\u0631\u0628<\/li>\n<\/ul>\n<h3>\u0627\u0644\u0627\u062f\u0631\u0627\u062c \u0648\u0627\u0644\u0627\u0633\u062a\u062b\u0646\u0627\u0621\u0627\u062a<\/h3>\n<h4>\u0627\u0644\u0627\u062f\u0631\u0627\u062c<\/h4>\n<ol>\n<li>\u062c\u0648\u0644\u0629 \u0644\u0648\u0633 \u0647\u0627\u064a\u062a\u064a\u0633\u064a\u0633 + \u0627\u0644\u0643\u0647\u0648\u0641 \u0648\u0627\u0644\u0635\u0648\u0631 \u0627\u0644\u062a\u0648\u0636\u064a\u062d\u064a\u0629<\/li>\n<li>\u063a\u062f\u0627\u0621<\/li>\n<li>\u062c\u0645\u064a\u0639 \u0627\u0644\u0636\u0631\u0627\u0626\u0628 \u0648\u0627\u0644\u0631\u0633\u0648\u0645 \u0648\u0631\u0633\u0648\u0645 \u0627\u0644\u0645\u0646\u0627\u0648\u0644\u0629.<\/li>\n<li>\u0627\u0644\u0636\u0631\u0627\u0626\u0628 \u0627\u0644\u0645\u062d\u0644\u064a\u0629<\/li>\n<li>\u0645\u0634\u0631\u0648\u0628\u0627\u062a<\/li>\n<li>\u0627\u0644\u0645\u0642\u0628\u0644\u0627\u062a<\/li>\n<li>\u062c\u0645\u064a\u0639 \u0627\u0644\u0623\u0646\u0634\u0637\u0629<\/li>\n<li>\u062f\u0644\u064a\u0644 \u0645\u062d\u0644\u064a<\/li>\n<\/ol>\n<h4>\u0627\u0644\u0627\u0633\u062a\u062b\u0646\u0627\u0621\u0627\u062a<\/h4>\n<ol>\n<li>\u0646\u0635\u0627\u0626\u062d<\/li>\n<li>\u0627\u0644\u0645\u0634\u0631\u0648\u0628\u0627\u062a \u0627\u0644\u0643\u062d\u0648\u0644\u064a\u0629<\/li>\n<\/ol>\n<h3><em>\u0627\u0644\u0645\u063a\u0627\u062f\u0631\u0629 \u0648\u0627\u0644\u0639\u0648\u062f\u0629<\/em><\/h3>\n<p>\u0633\u064a\u062d\u0635\u0644 \u0627\u0644\u0645\u0633\u0627\u0641\u0631 \u0639\u0644\u0649 \u0646\u0642\u0637\u0629 \u0627\u0644\u062a\u0642\u0627\u0621 \u0628\u0639\u062f \u0639\u0645\u0644\u064a\u0629 \u0627\u0644\u062d\u062c\u0632. \u062a\u0628\u062f\u0623 \u0627\u0644\u062c\u0648\u0644\u0627\u062a \u0648\u062a\u0646\u062a\u0647\u064a \u0639\u0646\u062f \u0646\u0642\u0627\u0637 \u0627\u0644\u0627\u0644\u062a\u0642\u0627\u0621 \u0627\u0644\u062e\u0627\u0635\u0629 \u0628\u0647\u0645.<\/p>\n<h5>\u062d\u062f\u064a\u0642\u0629 \u0644\u0648\u0633 \u0647\u0627\u064a\u062a\u064a\u0633\u064a\u0633 \u0627\u0644\u0648\u0637\u0646\u064a\u0629 \u0645\u0646 \u0644\u0627\u0633 \u062a\u064a\u0631\u064a\u0646\u0627\u0633<\/h5>\n<h3><em>\u0645\u0627\u0630\u0627 \u062a\u062a\u0648\u0642\u0639\u061f<\/em><\/h3>\n<p>\u0627\u062d\u0635\u0644 \u0639\u0644\u0649 \u0627\u0644\u062a\u0630\u0627\u0643\u0631 \u0627\u0644\u062e\u0627\u0635\u0629 \u0628\u0643 \u0644\u0632\u064a\u0627\u0631\u0629 \u0645\u0646\u062a\u0632\u0647 \u0644\u0648\u0633 \u0647\u0627\u064a\u062a\u064a\u0633\u064a\u0633 \u0627\u0644\u0648\u0637\u0646\u064a \u0645\u0646 \u0644\u0627\u0633 \u062a\u064a\u0631\u064a\u0646\u0627\u0633 \u062f\u064a \u0633\u0627\u0645\u0627\u0646\u0627. \u0631\u062d\u0644\u0629 \u0644\u0646\u0635\u0641 \u064a\u0648\u0645. \u0627\u0644\u0627\u0646\u0637\u0644\u0627\u0642 \u0645\u0646 \u0644\u0627\u0633 \u062a\u064a\u0631\u064a\u0646\u0627\u0633\u060c \u0633\u0627\u0645\u0627\u0646\u0627 \u0645\u0639 \u0627\u0644\u0646\u0642\u0644 \u0625\u0644\u0649 \u0627\u0644\u0645\u064a\u0646\u0627\u0621 \u0644\u0644\u0635\u0639\u0648\u062f \u0639\u0644\u0649 \u0645\u062a\u0646 \u0642\u0627\u0631\u0628 \u0645\u0639 \u0645\u0631\u0634\u062f \u0633\u064a\u0627\u062d\u064a \u0645\u062d\u0644\u064a\u060c \u0646\u0645\u0631 \u0628\u062e\u0644\u064a\u062c \u0633\u0627\u0645\u0627\u0646\u0627 \u0625\u0644\u0649 \u0644\u0648\u0633 \u0647\u0627\u064a\u062a\u064a\u0633\u064a\u0633\u060c \u0628\u062c\u0648\u0627\u0631 \u0633\u0627\u0628\u0627\u0646\u0627 \u062f\u064a \u0644\u0627 \u0645\u0627\u0631 \u0644\u0632\u064a\u0627\u0631\u0629 \u0648\u0627\u062d\u062f\u0629 \u0645\u0646 \u0623\u062c\u0645\u0644 \u0627\u0644\u0645\u062a\u0646\u0632\u0647\u0627\u062a \u0627\u0644\u0648\u0637\u0646\u064a\u0629 \u0641\u064a \u062c\u0645\u0647\u0648\u0631\u064a\u0629 \u0627\u0644\u062f\u0648\u0645\u064a\u0646\u064a\u0643\u0627\u0646 . \u062d\u062f\u064a\u0642\u0629 \u0644\u0648\u0633 \u0647\u0627\u064a\u062a\u064a\u0633\u064a\u0633 \u0627\u0644\u0648\u0637\u0646\u064a\u0629.<\/p>\n<p>El recorrido, organizado por \u00abBooking Adventures\u00bb, comienza en el punto de encuentro establecido con el gu\u00eda tur\u00edstico. Ven con Booking Adventures y comienza a observar algunos manglares llenos de p\u00e1jaros, colinas onduladas de exuberante vegetaci\u00f3n y cuevas del Parque Nacional Los Haitises. Visitando la isla con p\u00e1jaros alrededor. En la temporada de anidaci\u00f3n, incluso podemos ver los polluelos de Pelecanos en los nidos. Entrar m\u00e1s en las Islas Rocosas y visitar las cuevas con pictograf\u00edas y petroglifos de los pueblos ind\u00edgenas.<\/p>\n<p>\u0645\u0646 \u062e\u0644\u0627\u0644 \u0623\u0634\u062c\u0627\u0631 \u0627\u0644\u0645\u0627\u0646\u063a\u0631\u0648\u0641 \u0648\u0627\u0644\u0623\u0631\u0636 \u0641\u064a \u062e\u0644\u064a\u062c \u0633\u0627\u0646 \u0644\u0648\u0631\u064a\u0646\u0632\u0648 \u0627\u0644\u0645\u0641\u062a\u0648\u062d\u060c \u0633\u0627\u0628\u0627\u0646\u0627 \u062f\u064a \u0644\u0627 \u0645\u0627\u0631\u060c \u062d\u064a\u062b \u064a\u0645\u0643\u0646\u0643 \u062a\u0635\u0648\u064a\u0631 \u0627\u0644\u0645\u0646\u0627\u0638\u0631 \u0627\u0644\u0637\u0628\u064a\u0639\u064a\u0629 \u0644\u0644\u063a\u0627\u0628\u0627\u062a \u0627\u0644\u0648\u0639\u0631\u0629. \u0627\u0646\u0638\u0631 \u0625\u0644\u0649 \u0627\u0644\u0645\u0627\u0621 \u0644\u0631\u0624\u064a\u0629 \u062e\u0631\u0627\u0641 \u0627\u0644\u0628\u062d\u0631 \u0648\u0627\u0644\u0642\u0634\u0631\u064a\u0627\u062a \u0648\u0627\u0644\u062f\u0644\u0627\u0641\u064a\u0646.<\/p>\n<p>El nombre del parque nacional proviene de sus habitantes originales, los indios ta\u00ednos. En su idioma, \u00abHaitises\u00bb se traduce en tierras altas o colinas, una referencia a las empinadas formaciones geol\u00f3gicas de la costa con calizas. Avent\u00farate en el parque para explorar cuevas como la Cueva San Gabriel, la Cueva de la Arena y la Cueva de la L\u00ednea.<\/p>\n<p>\u062a\u0645 \u0627\u0633\u062a\u062e\u062f\u0627\u0645 \u0647\u0630\u0647 \u0627\u0644\u0643\u0647\u0648\u0641 \u0627\u0644\u0645\u0648\u062c\u0648\u062f\u0629 \u0641\u064a \u0627\u0644\u0645\u062d\u0645\u064a\u0629 \u0643\u0645\u0623\u0648\u0649 \u0645\u0646 \u0642\u0628\u0644 \u0647\u0646\u0648\u062f \u0627\u0644\u062a\u0627\u064a\u0646\u0648\u060c \u0648\u0628\u0639\u062f \u0630\u0644\u0643 \u0644\u0625\u062e\u0641\u0627\u0621 \u0627\u0644\u0642\u0631\u0627\u0635\u0646\u0629. \u0627\u0628\u062d\u062b \u0639\u0646 \u0631\u0633\u0648\u0645\u0627\u062a \u0647\u0646\u0648\u062f \u062a\u0632\u064a\u0646 \u0628\u0639\u0636 \u0627\u0644\u062c\u062f\u0631\u0627\u0646. \u0628\u0639\u062f \u0632\u064a\u0627\u0631\u0629 \u062d\u062f\u064a\u0642\u0629 \u0644\u0648\u0633 \u0647\u0627\u064a\u062a\u064a\u0633\u064a\u0633 \u0627\u0644\u0648\u0637\u0646\u064a\u0629\u060c \u0633\u0646\u0639\u0648\u062f \u0625\u0644\u0649 \u0633\u0627\u0646\u0634\u064a\u0632\u060c \u0633\u0627\u0645\u0627\u0646\u0627.<\/p>\n<p>\u0645\u0631\u0648\u0631 \u062e\u0644\u064a\u062c \u0633\u0627\u0645\u0627\u0646\u0627 30 \u062f\u0642\u064a\u0642\u0629. \u0633\u064a\u0643\u0648\u0646 \u0644\u062f\u064a\u0646\u0627 \u063a\u062f\u0627\u0621 \u0646\u0645\u0648\u0630\u062c\u064a. \u0625\u0630\u0627 \u0643\u0646\u062a \u0646\u0628\u0627\u062a\u064a\u064b\u0627\u060c \u0641\u0644\u0627 \u062a\u0642\u0644\u0642\u060c \u0644\u062f\u064a\u0646\u0627 \u0637\u0639\u0627\u0645 \u0644\u0643 \u0623\u064a\u0636\u064b\u0627!<\/p>\n<p>\u0628\u0639\u062f \u0627\u0644\u063a\u062f\u0627\u0621\u060c \u0646\u0639\u0648\u062f \u0625\u0644\u0649 \u0644\u0627\u0633 \u062a\u064a\u0631\u064a\u0646\u0627\u0633!<\/p>\n<p>\u0641\u064a \u062d\u0627\u0644 \u0643\u0646\u062a \u062a\u0631\u063a\u0628 \u0641\u064a \u0647\u0630\u0647 \u0627\u0644\u0631\u062d\u0644\u0629 \u0644\u0641\u062a\u0631\u0629 \u0623\u0637\u0648\u0644 \u0623\u0648 \u0623\u0642\u0635\u0631\u060c \u0644\u062f\u064a\u0646\u0627 \u0647\u0630\u0647 \u0627\u0644\u062e\u064a\u0627\u0631\u0627\u062a:<\/p>\n<p>\u0641\u0642\u0637 \u0644\u0648\u0633 \u0647\u0627\u064a\u062a\u064a\u0633\u064a\u0633 \u0645\u0646 \u0645\u064a\u0646\u0627\u0621 \u0633\u0627\u0645\u0627\u0646\u0627.<br \/>\n\u0644\u0648\u0633 \u0647\u0627\u064a\u062a\u064a\u0633\u064a\u0633 + \u0643\u0627\u0646\u064a\u0648 \u0647\u0648\u0646\u062f\u0648 \u0645\u0646 \u0645\u064a\u0646\u0627\u0621 \u0633\u0627\u0645\u0627\u0646\u0627.<\/p>\n<h3><em>\u0645\u0627\u0630\u0627 \u064a\u062c\u0628 \u0623\u0646 \u062a\u062d\u0636\u0631\u061f<\/em><\/h3>\n<ul>\n<li>\u0622\u0644\u0629 \u062a\u0635\u0648\u064a\u0631<\/li>\n<li>\u0627\u0644\u0645\u0648\u0627\u062f \u0627\u0644\u0637\u0627\u0631\u062f\u0629<\/li>\n<li>\u0643\u0631\u064a\u0645 \u0648\u0627\u0642\u064a \u0645\u0646 \u0627\u0644\u0634\u0645\u0633<\/li>\n<li>\u0642\u0628\u0639\u0629<\/li>\n<li>\u0627\u0644\u0633\u0631\u0627\u0648\u064a\u0644 \u0627\u0644\u0645\u0631\u064a\u062d\u0629<\/li>\n<li>\u0623\u062d\u0630\u064a\u0629 \u0627\u0644\u0645\u0634\u064a \u0644\u0645\u0633\u0627\u0641\u0627\u062a \u0637\u0648\u064a\u0644\u0629 \u0641\u064a \u0627\u0644\u063a\u0627\u0628\u0627\u062a<\/li>\n<li>\u0627\u0644\u0635\u0646\u0627\u062f\u0644 \u0625\u0644\u0649 \u0645\u0646\u0627\u0637\u0642 \u0627\u0644\u0631\u0628\u064a\u0639.<\/li>\n<li>\u0645\u0644\u0627\u0628\u0633 \u0627\u0644\u0633\u0628\u0627\u062d\u0629<\/li>\n<\/ul>\n<h3><em>\u0628\u064a\u0643 \u0627\u0628 \u0627\u0644\u0641\u0646\u062f\u0642<\/em><\/h3>\n<p>\u0644\u0627 \u064a\u062a\u0645 \u062a\u0642\u062f\u064a\u0645 \u062e\u062f\u0645\u0629 \u0627\u0644\u0627\u0633\u062a\u0642\u0628\u0627\u0644 \u0641\u064a \u0627\u0644\u0641\u0646\u062f\u0642 \u0644\u0647\u0630\u0647 \u0627\u0644\u062c\u0648\u0644\u0629.<\/p>\n<p><strong>\u0645\u0644\u062d\u0648\u0638\u0629:<\/strong> \u0625\u0630\u0627 \u0642\u0645\u062a \u0628\u0627\u0644\u062d\u062c\u0632 \u062e\u0644\u0627\u0644 24 \u0633\u0627\u0639\u0629 \u0645\u0646 \u0648\u0642\u062a \u0645\u063a\u0627\u062f\u0631\u0629 \u0627\u0644\u062c\u0648\u0644\u0629\/\u0627\u0644\u0631\u062d\u0644\u0629\u060c \u0641\u064a\u0645\u0643\u0646\u0646\u0627 \u062a\u0631\u062a\u064a\u0628 \u062e\u062f\u0645\u0629 \u0627\u0644\u0627\u0633\u062a\u0642\u0628\u0627\u0644 \u0641\u064a \u0627\u0644\u0641\u0646\u062f\u0642 \u0645\u0642\u0627\u0628\u0644 \u0631\u0633\u0648\u0645 \u0625\u0636\u0627\u0641\u064a\u0629. \u0628\u0645\u062c\u0631\u062f \u0627\u0643\u062a\u0645\u0627\u0644 \u0639\u0645\u0644\u064a\u0629 \u0627\u0644\u0634\u0631\u0627\u0621\u060c \u0633\u0646\u0631\u0633\u0644 \u0644\u0643 \u0645\u0639\u0644\u0648\u0645\u0627\u062a \u0627\u0644\u0627\u062a\u0635\u0627\u0644 \u0627\u0644\u0643\u0627\u0645\u0644\u0629 (\u0631\u0642\u0645 \u0627\u0644\u0647\u0627\u062a\u0641 \u0648\u0639\u0646\u0648\u0627\u0646 \u0627\u0644\u0628\u0631\u064a\u062f \u0627\u0644\u0625\u0644\u0643\u062a\u0631\u0648\u0646\u064a \u0648\u0645\u0627 \u0625\u0644\u0649 \u0630\u0644\u0643) \u0644\u0645\u0631\u0634\u062f\u0646\u0627 \u0627\u0644\u0633\u064a\u0627\u062d\u064a \u0627\u0644\u0645\u062d\u0644\u064a \u0644\u062a\u0631\u062a\u064a\u0628 \u062a\u0631\u062a\u064a\u0628\u0627\u062a \u0627\u0644\u0627\u0633\u062a\u0644\u0627\u0645.<\/p>\n<h3><em>\u062a\u0623\u0643\u064a\u062f \u0627\u0644\u0645\u0639\u0644\u0648\u0645\u0627\u062a \u0627\u0644\u0625\u0636\u0627\u0641\u064a\u0629<\/em><\/h3>\n<ul>\n<li>\u0627\u0644\u062a\u0630\u0627\u0643\u0631 \u0647\u064a \u0627\u0644\u0625\u064a\u0635\u0627\u0644 \u0628\u0639\u062f \u062f\u0641\u0639 \u062b\u0645\u0646 \u0647\u0630\u0647 \u0627\u0644\u062c\u0648\u0644\u0629. \u064a\u0645\u0643\u0646\u0643 \u0625\u0638\u0647\u0627\u0631 \u0627\u0644\u062f\u0641\u0639 \u0639\u0644\u0649 \u0647\u0627\u062a\u0641\u0643.<\/li>\n<li>\u0633\u064a\u062a\u0645 \u0627\u0633\u062a\u0644\u0627\u0645 \u0646\u0642\u0637\u0629 \u0627\u0644\u0627\u0644\u062a\u0642\u0627\u0621 \u0628\u0639\u062f \u0639\u0645\u0644\u064a\u0629 \u0627\u0644\u062d\u062c\u0632.<\/li>\n<li>\u064a\u062c\u0628 \u0623\u0646 \u064a\u0635\u0627\u062d\u0628 \u0627\u0644\u0623\u0637\u0641\u0627\u0644 \u0645\u0646 \u0642\u0628\u0644 \u0627\u0644\u0643\u0628\u0627\u0631.<\/li>\n<li>\u0644\u0627 \u064a\u0645\u0643\u0646 \u0627\u0644\u0648\u0635\u0648\u0644 \u0625\u0644\u064a\u0647 \u0628\u0648\u0627\u0633\u0637\u0629 \u0627\u0644\u0643\u0631\u0627\u0633\u064a \u0627\u0644\u0645\u062a\u062d\u0631\u0643\u0629<\/li>\n<li>\u064a\u062c\u0628 \u0623\u0646 \u064a\u062c\u0644\u0633 \u0627\u0644\u0623\u0637\u0641\u0627\u0644 \u0627\u0644\u0631\u0636\u0639 \u0641\u064a \u0645\u0642\u0639\u062f \u0627\u0644\u0637\u0641\u0644 \u0623\u0648 \u0645\u0639 \u0634\u062e\u0635 \u0628\u0627\u0644\u063a<\/li>\n<li>\u0644\u0627 \u064a\u0646\u0635\u062d \u0628\u0647 \u0644\u0644\u0645\u0633\u0627\u0641\u0631\u064a\u0646 \u0627\u0644\u0630\u064a\u0646 \u064a\u0639\u0627\u0646\u0648\u0646 \u0645\u0646 \u0645\u0634\u0627\u0643\u0644 \u0641\u064a \u0627\u0644\u0638\u0647\u0631.<\/li>\n<li>\u0644\u0627 \u064a\u0646\u0635\u062d \u0628\u0647 \u0644\u0644\u0646\u0633\u0627\u0621 \u0627\u0644\u062d\u0648\u0627\u0645\u0644.\u0644\u0627 \u064a\u0648\u062c\u062f \u0645\u0634\u0627\u0643\u0644 \u0641\u064a \u0627\u0644\u0642\u0644\u0628 \u0623\u0648 \u062d\u0627\u0644\u0627\u062a \u0637\u0628\u064a\u0629 \u062e\u0637\u064a\u0631\u0629 \u0623\u062e\u0631\u0649.<\/li>\n<li>\u064a\u0645\u0643\u0646 \u0644\u0645\u0639\u0638\u0645 \u0627\u0644\u0645\u0633\u0627\u0641\u0631\u064a\u0646 \u0627\u0644\u0645\u0634\u0627\u0631\u0643\u0629.<\/li>\n<\/ul>\n<h3><em>\u0633\u064a\u0627\u0633\u0629 \u0627\u0644\u0625\u0644\u063a\u0627\u0621<\/em><\/h3>\n<p>\u0644\u0627\u0633\u062a\u0631\u062f\u0627\u062f \u0643\u0627\u0645\u0644 \u0627\u0644\u0645\u0628\u0644\u063a\u060c \u0642\u0645 \u0628\u0627\u0644\u0625\u0644\u063a\u0627\u0621 \u0642\u0628\u0644 24 \u0633\u0627\u0639\u0629 \u0639\u0644\u0649 \u0627\u0644\u0623\u0642\u0644 \u0645\u0646 \u062a\u0627\u0631\u064a\u062e \u0628\u062f\u0621 \u0627\u0644\u062a\u062c\u0631\u0628\u0629. \u0633\u064a\u062a\u0645 \u0641\u0642\u062f\u0627\u0646 \u0627\u0644\u0623\u0645\u0648\u0627\u0644 \u0625\u0630\u0627 \u062a\u0645 \u0625\u0644\u063a\u0627\u0621 \u0627\u0644\u062d\u062c\u0632 \u0641\u064a \u0646\u0641\u0633 \u064a\u0648\u0645 \u0627\u0644\u0633\u0641\u0631.<\/p>\n\n\t\t<\/div>\n\t<\/div>\n<\/div><\/div><\/div><\/div><div class=\"vc_row wpb_row vc_row-fluid\" ><div class=\"wpb_column vc_column_container vc_col-sm-12\"><div class=\"vc_column-inner\"><div class=\"wpb_wrapper\">\n\t<div class=\"wpb_video_widget wpb_content_element vc_clearfix   vc_video-aspect-ratio-169 vc_video-el-width-100 vc_video-align-left\" >\n\t\t<div class=\"wpb_wrapper\">\n\t\t\t\n\t\t\t<div class=\"wpb_video_wrapper\"><iframe loading=\"lazy\" title=\"\u0645\u0646\u062a\u0632\u0647 \u0644\u0648\u0633 \u0647\u0627\u064a\u062a\u064a\u0633\u064a\u0633 \u0627\u0644\u0648\u0637\u0646\u064a\u060c \u0627\u0644\u062c\u0648\u0644\u0627\u062a \u0648\u0627\u0644\u0631\u062d\u0644\u0627\u062a \u0645\u0646 \u0633\u0627\u0645\u0627\u0646\u0627 \u0623\u0648 \u0633\u0627\u0628\u0627\u0646\u0627 \u062f\u064a \u0644\u0627 \u0645\u0627\u0631. \u0627\u062d\u062c\u0632 \u0647\u0646\u0627:\" src=\"https:\/\/player.vimeo.com\/video\/346508015?dnt=1&amp;app_id=122963\" width=\"1100\" height=\"619\" frameborder=\"0\" allow=\"autoplay; fullscreen\" allowfullscreen><\/iframe><\/div>\n\t\t<\/div>\n\t<\/div>\n<\/div><\/div><\/div><\/div><div class=\"vc_row wpb_row vc_row-fluid\" ><div class=\"wpb_column vc_column_container vc_col-sm-12\"><div class=\"vc_column-inner\"><div class=\"wpb_wrapper\"><div class=\"vc_empty_space\"   style=\"height: 32px\"><span class=\"vc_empty_space_inner\"><\/span><\/div>\n\t<div class=\"wpb_text_column wpb_content_element\" >\n\t\t<div class=\"wpb_wrapper\">\n\t\t\t<h5>\u0627\u062a\u0635\u0644 \u0628\u0646\u0627\u061f<br \/>\n\u062d\u062c\u0648\u0632\u0627\u062a \u0627\u0644\u0645\u063a\u0627\u0645\u0631\u0629<\/h5>\n<p><em>\u0627\u0644\u0645\u0631\u0634\u062f\u064a\u0646 \u0627\u0644\u0633\u064a\u0627\u062d\u064a\u064a\u0646 \u0627\u0644\u0645\u062d\u0644\u064a\u064a\u0646 \u0648\u0627\u0644\u0648\u0637\u0646\u064a\u064a\u0646 \u0648\u062e\u062f\u0645\u0627\u062a \u0627\u0644\u0636\u064a\u0648\u0641<\/em><\/p>\n<p>\u0627\u0644\u062d\u062c\u0648\u0632\u0627\u062a: \u0627\u0644\u062c\u0648\u0644\u0627\u062a \u0648\u0627\u0644\u0631\u062d\u0644\u0627\u062a \u0641\u064a \u062f\u0648\u0645.<\/p>\n<p>\u0647\u0627\u062a\u0641\/\u0648\u0627\u062a\u0633\u0627\u0628 +1-809-720-6035.<\/p>\n<p>info@bookingadventures.com.do<\/p>\n<p>\u0646\u0642\u0648\u0645 \u0628\u062c\u0648\u0644\u0627\u062a \u062e\u0627\u0635\u0629 \u0628\u062a\u0643\u0648\u064a\u0646 \u0645\u0631\u0646 \u0639\u0628\u0631 Whatsapp: +18097206035.<\/p>\n<h4><strong style=\"color: #595959; font-size: 15px;\"><a href=\"tel:+18097206035\">+18097206035.<\/a><\/strong><\/h4>\n\n\t\t<\/div>\n\t<\/div>\n<div class=\"vc_empty_space\"   style=\"height: 32px\"><span class=\"vc_empty_space_inner\"><\/span><\/div><\/div><\/div><\/div><\/div>","protected":false},"excerpt":{"rendered":"<p>\u062a\u0634\u0645\u0644 \u0647\u0630\u0647 \u0627\u0644\u0631\u062d\u0644\u0629 \u0645\u0646 \u0644\u0627\u0633 \u062a\u064a\u0631\u064a\u0646\u0627\u0633 \u0625\u0644\u0649 \u0645\u0646\u062a\u0632\u0647 \u0644\u0648\u0633 \u0647\u0627\u064a\u062a\u064a\u0633\u064a\u0633 \u0627\u0644\u0648\u0637\u0646\u064a \u0627\u0644\u063a\u062f\u0627\u0621 \u0648\u0627\u0644\u0646\u0642\u0644 \u0644\u0632\u064a\u0627\u0631\u0629 \u0627\u0644\u0643\u0647\u0648\u0641 \u0627\u0644\u062b\u0644\u0627\u062b\u0629 \u0627\u0644\u0631\u0626\u064a\u0633\u064a\u0629 \u0648\u0627\u0633\u062a\u0643\u0634\u0627\u0641 \u063a\u0627\u0628\u0627\u062a \u0627\u0644\u0645\u0627\u0646\u063a\u0631\u0648\u0641 \u0627\u0644\u0645\u062e\u062a\u0644\u0641\u0629 \u0648\u0628\u0627\u0644\u0637\u0628\u0639 \u0645\u0631\u0627\u0642\u0628\u0629 \u0635\u064a\u062f \u0627\u0644\u0637\u064a\u0648\u0631.<\/p>\n<p>\u0631\u062d\u0644\u0629 \u0628\u064a\u0626\u064a\u0629 \u0625\u0644\u0649 \u0645\u0646\u062a\u0632\u0647 \u0644\u0648\u0633 \u0647\u0627\u064a\u062a\u064a\u0633\u064a\u0633 \u0627\u0644\u0648\u0637\u0646\u064a \u0645\u0639 \u0645\u0631\u0634\u062f \u0645\u062d\u0644\u064a. \u0632\u064a\u0627\u0631\u0629 \u0627\u0644\u0645\u0641\u0627\u062a\u064a\u062d \u0641\u064a \u0645\u0646\u062a\u0632\u0647 \u0644\u0648\u0633 \u0647\u0627\u064a\u062a\u064a\u0633\u064a\u0633 \u0627\u0644\u0648\u0637\u0646\u064a \u0648\u0623\u0634\u062c\u0627\u0631 \u0627\u0644\u0645\u0627\u0646\u063a\u0631\u0648\u0641 \u0648\u0627\u0644\u0646\u0628\u0627\u062a\u0627\u062a \u0648\u0645\u0634\u0627\u0647\u062f\u0629 \u0627\u0644\u0637\u064a\u0648\u0631 \u0648\u0627\u0644\u0643\u0647\u0648\u0641 \u0648\u0627\u0644\u0635\u0648\u0631 \u0627\u0644\u062a\u0648\u0636\u064a\u062d\u064a\u0629 \u0648\u0627\u0644\u0645\u0646\u0627\u0637\u0642 \u0627\u0644\u062a\u0627\u0631\u064a\u062e\u064a\u0629 \u0641\u064a \u0633\u0627\u0628\u0627\u0646\u0627 \u062f\u064a \u0644\u0627 \u0645\u0627\u0631 \u0641\u064a \u0645\u0646\u062a\u0632\u0647 \u0644\u0648\u0633 \u0647\u0627\u064a\u062a\u064a\u0633\u064a\u0633 \u0627\u0644\u0648\u0637\u0646\u064a.<\/p>","protected":false},"featured_media":252,"template":"","meta":[],"product_brand":[],"product_cat":[122,443,124],"product_tag":[206,225,132,133,146,226],"class_list":{"0":"post-556","1":"product","2":"type-product","3":"status-publish","4":"has-post-thumbnail","6":"product_cat-tours-and-excursions","7":"product_cat-tours-y-excursiones-es","8":"product_cat-tours-excursions-samana-bay-dominican-republic","9":"product_tag-caves-los-haitises","10":"product_tag-las-terrenas","11":"product_tag-los-haitises","12":"product_tag-los-haitises-national-park","13":"product_tag-mangroves-los-haitises","14":"product_tag-transportation-los-haitises","16":"first","17":"instock","18":"sale","19":"sold-individually","20":"shipping-taxable","21":"product-type-external"},"_links":{"self":[{"href":"https:\/\/haitises.com\/ar\/wp-json\/wp\/v2\/product\/556","targetHints":{"allow":["GET"]}}],"collection":[{"href":"https:\/\/haitises.com\/ar\/wp-json\/wp\/v2\/product"}],"about":[{"href":"https:\/\/haitises.com\/ar\/wp-json\/wp\/v2\/types\/product"}],"wp:featuredmedia":[{"embeddable":true,"href":"https:\/\/haitises.com\/ar\/wp-json\/wp\/v2\/media\/252"}],"wp:attachment":[{"href":"https:\/\/haitises.com\/ar\/wp-json\/wp\/v2\/media?parent=556"}],"wp:term":[{"taxonomy":"product_brand","embeddable":true,"href":"https:\/\/haitises.com\/ar\/wp-json\/wp\/v2\/product_brand?post=556"},{"taxonomy":"product_cat","embeddable":true,"href":"https:\/\/haitises.com\/ar\/wp-json\/wp\/v2\/product_cat?post=556"},{"taxonomy":"product_tag","embeddable":true,"href":"https:\/\/haitises.com\/ar\/wp-json\/wp\/v2\/product_tag?post=556"}],"curies":[{"name":"wp","href":"https:\/\/api.w.org\/{rel}","templated":true}]}}