{"id":551,"date":"2020-06-19T20:10:32","date_gmt":"2020-06-19T20:10:32","guid":{"rendered":"http:\/\/haitises.com\/?post_type=product&#038;p=551"},"modified":"2023-10-14T21:50:12","modified_gmt":"2023-10-14T21:50:12","slug":"\u0631\u062d\u0644\u0629-\u0625\u0644\u0649-\u0644\u0648\u0633-\u0647\u0627\u064a\u062a\u064a\u0633\u064a\u0633-\u0648\u0643\u0627\u0646\u0648-\u0647\u0648\u0646\u062f\u0648-\u0645\u0646-\u0633\u0627","status":"publish","type":"product","link":"https:\/\/haitises.com\/ar\/\u062e\u0627\u0635\/\u0631\u062d\u0644\u0629-\u0625\u0644\u0649-\u0644\u0648\u0633-\u0647\u0627\u064a\u062a\u064a\u0633\u064a\u0633-\u0648\u0643\u0627\u0646\u0648-\u0647\u0648\u0646\u062f\u0648-\u0645\u0646-\u0633\u0627\/","title":{"rendered":"\u0631\u062d\u0644\u0629 \u0625\u0644\u0649 \u0644\u0648\u0633 \u0647\u0627\u064a\u062a\u064a\u0633\u064a\u0633 \u0648\u0643\u0627\u0646\u064a\u0648 \u0647\u0648\u0646\u062f\u0648 \u0645\u0646 \u0633\u0627\u0645\u0627\u0646\u0627"},"content":{"rendered":"<div class=\"vc_row wpb_row vc_row-fluid\" ><div class=\"wpb_column vc_column_container vc_col-sm-12\"><div class=\"vc_column-inner\"><div class=\"wpb_wrapper\">[mkdf_section_title subtitle_tag=\u00bb\u00bb subtitle=\u00bbAlmuerzo y Nataci\u00f3n en Piscinas Naturales\u00bb]<\/div><\/div><\/div><\/div><div class=\"vc_row wpb_row vc_row-fluid\" ><div class=\"wpb_column vc_column_container vc_col-sm-12\"><div class=\"vc_column-inner\"><div class=\"wpb_wrapper\">\n\t<div class=\"wpb_text_column wpb_content_element\" >\n\t\t<div class=\"wpb_wrapper\">\n\t\t\t<h2>\u0645\u0646\u062a\u0632\u0647 \u0644\u0648\u0633 \u0647\u0627\u064a\u062a\u064a\u0633\u064a\u0633 \u0627\u0644\u0648\u0637\u0646\u064a + \u0627\u0644\u063a\u062f\u0627\u0621 \u0641\u064a \u0643\u0627\u0646\u0648 \u0647\u0648\u0646\u062f\u0648 \u0645\u0646 \u0645\u064a\u0646\u0627\u0621 \u0633\u0627\u0645\u0627\u0646\u0627.<\/h2>\n<h3><em>\u0648\u0635\u0641<\/em><\/h3>\n<p>\u062d\u062f\u064a\u0642\u0629 \u0644\u0648\u0633 \u0647\u0627\u064a\u062a\u064a\u0633\u064a\u0633 \u0627\u0644\u0648\u0637\u0646\u064a\u0629 \u062a\u0628\u062f\u0623 \u0645\u0646 \u0645\u064a\u0646\u0627\u0621 \u0633\u0627\u0645\u0627\u0646\u0627 \u0628\u0627\u0644\u0625\u0636\u0627\u0641\u0629 \u0625\u0644\u0649 \u0648\u062c\u0628\u0629 \u063a\u062f\u0627\u0621 \u0631\u0627\u0626\u0639\u0629 \u0648\u0627\u0644\u0633\u0628\u0627\u062d\u0629 \u0641\u064a \u0627\u0644\u064a\u0646\u0627\u0628\u064a\u0639 \u0627\u0644\u0637\u0628\u064a\u0639\u064a\u0629 \u0641\u064a \u0643\u0627\u0646\u064a\u0648 \u0647\u0648\u0646\u062f\u0648 \u0625\u0643\u0648\u0644\u0648\u062f\u062c. \u062a\u0639\u0627\u0644\u0648\u0627 \u0645\u0639\u0646\u0627 \u0644\u0632\u064a\u0627\u0631\u0629 \u0623\u062c\u0645\u0644 \u062d\u062f\u064a\u0642\u0629 \u0648\u0637\u0646\u064a\u0629 \u0641\u064a \u062c\u0645\u0647\u0648\u0631\u064a\u0629 \u0627\u0644\u062f\u0648\u0645\u064a\u0646\u064a\u0643\u0627\u0646 \u0648\u0632\u064a\u0627\u0631\u0629 \u0623\u0634\u062c\u0627\u0631 \u0627\u0644\u0645\u0627\u0646\u063a\u0631\u0648\u0641 \u0648\u0627\u0644\u0643\u0647\u0648\u0641 \u0648\u062e\u0644\u064a\u062c \u0633\u0627\u0646 \u0644\u0648\u0631\u064a\u0646\u0632\u0648 \u0648\u0643\u0630\u0644\u0643 \u0639\u0628\u0648\u0631 \u062e\u0644\u064a\u062c \u0633\u0627\u0645\u0627\u0646\u0627 \u0627\u0644\u062c\u0645\u064a\u0644. \u0628\u0639\u062f \u062a\u0646\u0627\u0648\u0644 \u0627\u0644\u063a\u062f\u0627\u0621 \u0641\u064a \u0643\u0627\u0646\u064a\u0648 \u0647\u0648\u0646\u062f\u0648\u060c \u0633\u062a\u062a\u0627\u062d \u0644\u0643 \u0627\u0644\u0641\u0631\u0635\u0629 \u0644\u0644\u0633\u0628\u0627\u062d\u0629 \u0641\u064a \u062d\u0645\u0627\u0645\u0627\u062a \u0627\u0644\u0633\u0628\u0627\u062d\u0629 \u0627\u0644\u0637\u0628\u064a\u0639\u064a\u0629 \u0644\u0628\u0636\u0639 \u0633\u0627\u0639\u0627\u062a \u062b\u0645 \u0627\u0644\u0639\u0648\u062f\u0629 \u0625\u0644\u0649 \u0645\u064a\u0646\u0627\u0621 \u0633\u0627\u0645\u0627\u0646\u0627.<\/p>\n<p>\u0628\u0639\u062f \u0647\u0630\u0647 \u0627\u0644\u062a\u062c\u0631\u0628\u0629\u060c \u0633\u062a\u0639\u0648\u062f \u0625\u0644\u0649 \u0645\u064a\u0646\u0627\u0621 \u0633\u0627\u0645\u0627\u0646\u0627.<\/p>\n<ul>\n<li>\u0627\u0644\u0636\u0631\u0627\u0626\u0628 \u0627\u0644\u0645\u062f\u0631\u062c\u0629<\/li>\n<li>\u064a\u0648\u0641\u0631 \u0627\u0644\u062f\u0644\u064a\u0644 \u0627\u0644\u062a\u0639\u0644\u064a\u0645\u0627\u062a \u0648\u0627\u0644\u0625\u0634\u0631\u0627\u0641.<\/li>\n<\/ul>\n<h3>\u0627\u0644\u0627\u062f\u0631\u0627\u062c \u0648\u0627\u0644\u0627\u0633\u062a\u062b\u0646\u0627\u0621\u0627\u062a<\/h3>\n<h4>\u0627\u0644\u0627\u062f\u0631\u0627\u062c<\/h4>\n<ol>\n<li>\u062c\u0648\u0644\u0629 \u0644\u0648\u0633 \u0647\u0627\u064a\u062a\u064a\u0633\u064a\u0633 + \u0627\u0644\u0643\u0647\u0648\u0641 \u0648\u0627\u0644\u0635\u0648\u0631 \u0627\u0644\u062a\u0648\u0636\u064a\u062d\u064a\u0629<\/li>\n<li>\u0627\u0644\u063a\u062f\u0627\u0621 \u0641\u064a \u0643\u0627\u0646\u064a\u0648 \u0647\u0648\u0646\u062f\u0648<\/li>\n<li>\u0627\u0644\u0633\u0628\u0627\u062d\u0629 \u0641\u064a \u062d\u0645\u0627\u0645\u0627\u062a \u0627\u0644\u0633\u0628\u0627\u062d\u0629 \u0627\u0644\u0637\u0628\u064a\u0639\u064a\u0629<\/li>\n<li>\u062c\u0645\u064a\u0639 \u0627\u0644\u0636\u0631\u0627\u0626\u0628 \u0648\u0627\u0644\u0631\u0633\u0648\u0645 \u0648\u0631\u0633\u0648\u0645 \u0627\u0644\u0645\u0646\u0627\u0648\u0644\u0629.<\/li>\n<li>\u0627\u0644\u0636\u0631\u0627\u0626\u0628 \u0627\u0644\u0645\u062d\u0644\u064a\u0629<\/li>\n<li>\u0645\u0634\u0631\u0648\u0628\u0627\u062a<\/li>\n<li>\u062c\u0645\u064a\u0639 \u0627\u0644\u0623\u0646\u0634\u0637\u0629<\/li>\n<li>\u062f\u0644\u064a\u0644 \u0645\u062d\u0644\u064a<\/li>\n<\/ol>\n<h4>\u0627\u0644\u0627\u0633\u062a\u062b\u0646\u0627\u0621\u0627\u062a<\/h4>\n<ol>\n<li>\u0646\u0635\u0627\u0626\u062d<\/li>\n<li>\u062a\u062d\u0648\u064a\u0644<\/li>\n<li>\u0627\u0644\u0645\u0634\u0631\u0648\u0628\u0627\u062a \u0627\u0644\u0643\u062d\u0648\u0644\u064a\u0629<\/li>\n<\/ol>\n<h3><em>\u0627\u0644\u0645\u063a\u0627\u062f\u0631\u0629 \u0648\u0627\u0644\u0639\u0648\u062f\u0629<\/em><\/h3>\n<p>\u0633\u064a\u062d\u0635\u0644 \u0627\u0644\u0645\u0633\u0627\u0641\u0631 \u0639\u0644\u0649 \u0646\u0642\u0637\u0629 \u0627\u0644\u062a\u0642\u0627\u0621 \u0628\u0639\u062f \u0639\u0645\u0644\u064a\u0629 \u0627\u0644\u062d\u062c\u0632. \u062a\u0628\u062f\u0623 \u0627\u0644\u062c\u0648\u0644\u0627\u062a \u0648\u062a\u0646\u062a\u0647\u064a \u0641\u064a \u0646\u0642\u0627\u0637 \u0627\u0644\u0627\u0644\u062a\u0642\u0627\u0621 \u0644\u062f\u064a\u0646\u0627.<\/p>\n<h3><em>\u0645\u0627\u0630\u0627 \u062a\u062a\u0648\u0642\u0639\u061f<\/em><\/h3>\n<p>\u0627\u062d\u0635\u0644 \u0639\u0644\u0649 \u062a\u0630\u0643\u0631\u062a\u0643 \u0644\u0632\u064a\u0627\u0631\u0629 \u0645\u0646\u062a\u0632\u0647 \u0644\u0648\u0633 \u0647\u0627\u064a\u062a\u064a\u0633\u064a\u0633 \u0627\u0644\u0648\u0637\u0646\u064a \u0645\u0639 \u0648\u062c\u0628\u0629 \u063a\u062f\u0627\u0621 \u0631\u0627\u0626\u0639\u0629 \u0641\u064a \u0643\u0627\u0646\u064a\u0648 \u0647\u0648\u0646\u062f\u0648 \u0648\u0627\u0644\u0633\u0628\u0627\u062d\u0629 \u0641\u064a \u062d\u0645\u0627\u0645\u0627\u062a \u0627\u0644\u0633\u0628\u0627\u062d\u0629 \u0627\u0644\u0637\u0628\u064a\u0639\u064a\u0629.<\/p>\n<p>\u0627\u0644\u0627\u0646\u0637\u0644\u0627\u0642 \u0645\u0646 \u0645\u064a\u0646\u0627\u0621 \u0633\u0627\u0645\u0627\u0646\u0627 \u0639\u0644\u0649 \u0645\u062a\u0646 \u0642\u0627\u0631\u0628 \u0623\u0648 \u0637\u0648\u0641 \u0645\u0639 \u0645\u0631\u0634\u062f \u0633\u064a\u0627\u062d\u064a \u0645\u062d\u0644\u064a\u060c \u0646\u0645\u0631 \u0628\u062e\u0644\u064a\u062c \u0633\u0627\u0645\u0627\u0646\u0627 \u0628\u062c\u0648\u0627\u0631 \u0633\u0627\u0628\u0627\u0646\u0627 \u062f\u064a \u0644\u0627 \u0645\u0627\u0631 \u0644\u0632\u064a\u0627\u0631\u0629 \u0623\u062d\u062f \u0623\u062c\u0645\u0644 \u0627\u0644\u0645\u062a\u0646\u0632\u0647\u0627\u062a \u0627\u0644\u0648\u0637\u0646\u064a\u0629 \u0641\u064a \u062c\u0645\u0647\u0648\u0631\u064a\u0629 \u0627\u0644\u062f\u0648\u0645\u064a\u0646\u064a\u0643\u0627\u0646.<\/p>\n<h5>\u062d\u062f\u064a\u0642\u0629 \u0644\u0648\u0633 \u0647\u0627\u064a\u062a\u064a\u0633\u064a\u0633 \u0627\u0644\u0648\u0637\u0646\u064a\u0629.<\/h5>\n<p>\u0632\u064a\u0627\u0631\u0629 \u0627\u0644\u062c\u0632\u064a\u0631\u0629 \u0645\u0639 \u0627\u0644\u0637\u064a\u0648\u0631 \u062d\u0648\u0644\u0647\u0627. \u0641\u064a \u0645\u0648\u0633\u0645 \u0627\u0644\u062a\u0639\u0634\u064a\u0634\u060c \u064a\u0645\u0643\u0646\u0646\u0627 \u062d\u062a\u0649 \u0631\u0624\u064a\u0629 \u0641\u0631\u0627\u062e \u0627\u0644\u0628\u062c\u0639 \u0641\u064a \u0627\u0644\u0623\u0639\u0634\u0627\u0634. \u062a\u0639\u0645\u0642 \u0641\u064a \u0627\u0644\u062c\u0632\u0631 \u0627\u0644\u0635\u062e\u0631\u064a\u0629 \u0648\u0642\u0645 \u0628\u0632\u064a\u0627\u0631\u0629 \u0627\u0644\u0643\u0647\u0648\u0641 \u0627\u0644\u062a\u064a \u062a\u062d\u062a\u0648\u064a \u0639\u0644\u0649 \u0627\u0644\u0635\u0648\u0631 \u0627\u0644\u062a\u0648\u0636\u064a\u062d\u064a\u0629 \u0648\u0627\u0644\u0646\u0642\u0648\u0634 \u0627\u0644\u0635\u062e\u0631\u064a\u0629 \u0644\u0644\u0633\u0643\u0627\u0646 \u0627\u0644\u0623\u0635\u0644\u064a\u064a\u0646.<\/p>\n<p>El recorrido, organizado por \u00abBooking Adventures\u00bb, comienza en el punto de encuentro establecido con el gu\u00eda tur\u00edstico. Ven con Booking Adventures y comienza a observar algunos manglares llenos de aves, colinas onduladas de exuberante vegetaci\u00f3n y cuevas del Parque Nacional Los Haitises.<\/p>\n<p>El nombre del parque nacional proviene de sus habitantes originales, los indios ta\u00ednos. En su idioma, \u00abHaitises\u00bb se traduce a tierras altas o colinas, una referencia a las empinadas formaciones geol\u00f3gicas de la costa con calizas. Avent\u00farate en el parque para explorar cuevas como la Cueva de la Arena y la Cueva de la L\u00ednea.<\/p>\n<p>\u062a\u0645 \u0627\u0633\u062a\u062e\u062f\u0627\u0645 \u0627\u0644\u0643\u0647\u0648\u0641 \u0627\u0644\u0645\u0648\u062c\u0648\u062f\u0629 \u0641\u064a \u0627\u0644\u0645\u062d\u0645\u064a\u0629 \u0643\u0645\u0623\u0648\u0649 \u0645\u0646 \u0642\u0628\u0644 \u0647\u0646\u0648\u062f \u0627\u0644\u062a\u0627\u064a\u0646\u0648\u060c \u0648\u0628\u0639\u062f \u0630\u0644\u0643 \u0645\u0646 \u0642\u0628\u0644 \u0627\u0644\u0642\u0631\u0627\u0635\u0646\u0629 \u0627\u0644\u0645\u062e\u062a\u0628\u0626\u064a\u0646. \u0627\u0628\u062d\u062b \u0639\u0646 \u0631\u0633\u0648\u0645\u0627\u062a \u0647\u0646\u0648\u062f \u062a\u0632\u064a\u0646 \u0628\u0639\u0636 \u0627\u0644\u062c\u062f\u0631\u0627\u0646.<\/p>\n<p>\u0628\u0639\u062f \u0632\u064a\u0627\u0631\u0629 \u062d\u062f\u064a\u0642\u0629 \u0644\u0648\u0633 \u0647\u0627\u064a\u062a\u064a\u0633\u064a\u0633 \u0627\u0644\u0648\u0637\u0646\u064a\u0629 \u0633\u0646\u0630\u0647\u0628 \u0625\u0644\u0649 \u0643\u0627\u0646\u0648 \u0647\u0648\u0646\u062f\u0648. \u0641\u064a Cano Hondo \u0633\u062a\u062a\u0639\u0631\u0641 \u0639\u0644\u0649 \u0647\u0630\u0627 \u0627\u0644\u062a\u0627\u0631\u064a\u062e \u0627\u0644\u0628\u064a\u0626\u064a \u0648\u0633\u062a\u062a\u0646\u0627\u0648\u0644 \u0627\u0644\u063a\u062f\u0627\u0621 \u0645\u0639 \u0627\u0644\u0637\u0639\u0627\u0645 \u0627\u0644\u0646\u0645\u0648\u0630\u062c\u064a \u0644\u0645\u062c\u062a\u0645\u0639 Sabana de la mar.<\/p>\n<p>\u0633\u064a\u0643\u0648\u0646 \u0627\u0644\u063a\u062f\u0627\u0621 \u0644\u0630\u064a\u0630\u064b\u0627 \u0644\u0643\u0646\u0646\u0627 \u0644\u0645 \u0646\u0646\u062a\u0647\u064a \u0628\u0639\u062f. \u0628\u0639\u062f \u0627\u0644\u063a\u062f\u0627\u0621\u060c \u0633\u0646\u0633\u0628\u062d \u0641\u064a \u062d\u0645\u0627\u0645\u0627\u062a \u0627\u0644\u0633\u0628\u0627\u062d\u0629 \u0627\u0644\u0637\u0628\u064a\u0639\u064a\u0629 \u0645\u0646 \u0646\u0647\u0631 \u062c\u064a\u0628\u0627\u0644\u064a\u0633\u060c \u0648\u0647\u0648 \u0646\u0647\u0631 \u0625\u0644\u0649 \u0646\u0647\u0631 \u0643\u0627\u0646\u064a\u0648 \u0647\u0648\u0646\u062f\u0648. \u0627\u0644\u0628\u0642\u0627\u0621 \u0641\u064a \u0643\u0627\u0646\u064a\u0648 \u0647\u0648\u0646\u062f\u0648 \u062d\u062a\u0649 \u0627\u0644\u0633\u0627\u0639\u0629 4:00 \u0645\u0633\u0627\u0621\u064b \u0648\u0627\u0644\u0639\u0648\u062f\u0629 \u0625\u0644\u0649 \u0645\u064a\u0646\u0627\u0621 \u0633\u0627\u0645\u0627\u0646\u0627\u060c \u0633\u0646\u0645\u0631 \u0639\u0628\u0631 \u0623\u0634\u062c\u0627\u0631 \u0627\u0644\u0645\u0627\u0646\u063a\u0631\u0648\u0641 \u0645\u0631\u0629 \u0623\u062e\u0631\u0649 \u0648\u0646\u0635\u0644 \u0625\u0644\u0649 \u062e\u0644\u064a\u062c \u0633\u0627\u0646 \u0644\u0648\u0631\u064a\u0646\u0632\u0648 \u0627\u0644\u0645\u0641\u062a\u0648\u062d\u060c \u062d\u064a\u062b \u064a\u0645\u0643\u0646\u0643 \u062a\u0635\u0648\u064a\u0631 \u0627\u0644\u0645\u0646\u0627\u0638\u0631 \u0627\u0644\u0637\u0628\u064a\u0639\u064a\u0629 \u0644\u0644\u063a\u0627\u0628\u0627\u062a \u0627\u0644\u0648\u0639\u0631\u0629. \u0627\u0646\u0638\u0631 \u0625\u0644\u0649 \u0627\u0644\u0645\u0627\u0621 \u0644\u0631\u0624\u064a\u0629 \u062e\u0631\u0627\u0641 \u0627\u0644\u0628\u062d\u0631 \u0648\u0627\u0644\u0642\u0634\u0631\u064a\u0627\u062a \u0648\u0627\u0644\u062f\u0644\u0627\u0641\u064a\u0646.<\/p>\n<p>\u062d\u062a\u0649 \u0627\u0644\u0644\u062d\u0638\u0629 \u0633\u062a\u0633\u062a\u0642\u0631 \u0645\u0639 \u0627\u0644\u0645\u0631\u0634\u062f \u0627\u0644\u0633\u064a\u0627\u062d\u064a \u0648\u0628\u0639\u062f \u0630\u0644\u0643 \u0627\u0630\u0647\u0628 \u0625\u0644\u0649 \u0645\u064a\u0646\u0627\u0621 \u0643\u0627\u0646\u0648 \u0647\u0648\u0646\u062f\u0648 \u0648\u0627\u0633\u062a\u0642\u0644 \u0627\u0644\u0642\u0627\u0631\u0628 \u0625\u0644\u0649 \u0645\u064a\u0646\u0627\u0621 \u0633\u0627\u0645\u0627\u0646\u0627 \u0645\u0631\u0648\u0631\u0627\u064b \u0628\u062e\u0644\u064a\u062c \u0633\u0627\u0645\u0627\u0646\u0627 \u0644\u0645\u062f\u0629 30 \u062f\u0642\u064a\u0642\u0629.<\/p>\n<p>\u0641\u064a \u062d\u0627\u0644 \u0623\u0639\u062c\u0628\u062a\u0643 \u0647\u0630\u0647 \u0627\u0644\u0631\u062d\u0644\u0629 \u0623\u0643\u062b\u0631\u060c \u0644\u062f\u064a\u0646\u0627 \u0647\u0630\u0647 \u0627\u0644\u062e\u064a\u0627\u0631\u0627\u062a:<\/p>\n<p>\u0644\u0648\u0633 \u0647\u0627\u064a\u062a\u064a\u0633\u064a\u0633 + \u0643\u0627\u064a\u0648 \u0644\u064a\u0641\u0627\u0646\u062a\u0627\u062f\u0648 \u0645\u0646 \u0645\u064a\u0646\u0627\u0621 \u0633\u0627\u0645\u0627\u0646\u0627.<\/p>\n<h3><em>\u0645\u0627\u0630\u0627 \u064a\u062c\u0628 \u0623\u0646 \u062a\u062d\u0636\u0631\u061f<\/em><\/h3>\n<ul>\n<li>\u0622\u0644\u0629 \u062a\u0635\u0648\u064a\u0631<\/li>\n<li>\u0627\u0644\u0645\u0648\u0627\u062f \u0627\u0644\u0637\u0627\u0631\u062f\u0629<\/li>\n<li>\u0643\u0631\u064a\u0645 \u0648\u0627\u0642\u064a \u0645\u0646 \u0627\u0644\u0634\u0645\u0633<\/li>\n<li>\u0642\u0628\u0639\u0629<\/li>\n<li>\u0627\u0644\u0633\u0631\u0627\u0648\u064a\u0644 \u0627\u0644\u0645\u0631\u064a\u062d\u0629<\/li>\n<li>\u0623\u062d\u0630\u064a\u0629 \u0627\u0644\u0645\u0634\u064a \u0644\u0645\u0633\u0627\u0641\u0627\u062a \u0637\u0648\u064a\u0644\u0629 \u0641\u064a \u0627\u0644\u063a\u0627\u0628\u0627\u062a<\/li>\n<li>\u0627\u0644\u0635\u0646\u0627\u062f\u0644 \u0625\u0644\u0649 \u0645\u0646\u0627\u0637\u0642 \u0627\u0644\u0631\u0628\u064a\u0639.<\/li>\n<li>\u0645\u0644\u0627\u0628\u0633 \u0627\u0644\u0633\u0628\u0627\u062d\u0629<\/li>\n<\/ul>\n<h3><em>\u0628\u064a\u0643 \u0627\u0628 \u0627\u0644\u0641\u0646\u062f\u0642<\/em><\/h3>\n<p>\u0644\u0627 \u064a\u062a\u0645 \u062a\u0642\u062f\u064a\u0645 \u062e\u062f\u0645\u0629 \u0627\u0644\u0627\u0633\u062a\u0642\u0628\u0627\u0644 \u0641\u064a \u0627\u0644\u0641\u0646\u062f\u0642 \u0644\u0647\u0630\u0647 \u0627\u0644\u062c\u0648\u0644\u0629.<\/p>\n<p><strong>\u0645\u0644\u062d\u0648\u0638\u0629:<\/strong> \u0625\u0630\u0627 \u0642\u0645\u062a \u0628\u0627\u0644\u062d\u062c\u0632 \u062e\u0644\u0627\u0644 24 \u0633\u0627\u0639\u0629 \u0645\u0646 \u0648\u0642\u062a \u0645\u063a\u0627\u062f\u0631\u0629 \u0627\u0644\u062c\u0648\u0644\u0629\/\u0627\u0644\u0631\u062d\u0644\u0629\u060c \u0641\u064a\u0645\u0643\u0646\u0646\u0627 \u062a\u0631\u062a\u064a\u0628 \u062e\u062f\u0645\u0629 \u0627\u0644\u0627\u0633\u062a\u0642\u0628\u0627\u0644 \u0641\u064a \u0627\u0644\u0641\u0646\u062f\u0642 \u0645\u0642\u0627\u0628\u0644 \u0631\u0633\u0648\u0645 \u0625\u0636\u0627\u0641\u064a\u0629. \u0628\u0645\u062c\u0631\u062f \u0627\u0643\u062a\u0645\u0627\u0644 \u0639\u0645\u0644\u064a\u0629 \u0627\u0644\u0634\u0631\u0627\u0621\u060c \u0633\u0646\u0631\u0633\u0644 \u0644\u0643 \u0645\u0639\u0644\u0648\u0645\u0627\u062a \u0627\u0644\u0627\u062a\u0635\u0627\u0644 \u0627\u0644\u0643\u0627\u0645\u0644\u0629 (\u0631\u0642\u0645 \u0627\u0644\u0647\u0627\u062a\u0641 \u0648\u0639\u0646\u0648\u0627\u0646 \u0627\u0644\u0628\u0631\u064a\u062f \u0627\u0644\u0625\u0644\u0643\u062a\u0631\u0648\u0646\u064a \u0648\u0645\u0627 \u0625\u0644\u0649 \u0630\u0644\u0643) \u0644\u0645\u0631\u0634\u062f\u0646\u0627 \u0627\u0644\u0633\u064a\u0627\u062d\u064a \u0627\u0644\u0645\u062d\u0644\u064a \u0644\u062a\u0631\u062a\u064a\u0628 \u062a\u0631\u062a\u064a\u0628\u0627\u062a \u0627\u0644\u0627\u0633\u062a\u0644\u0627\u0645.<\/p>\n<h3>\u062a\u0623\u0643\u064a\u062f \u0627\u0644\u0645\u0639\u0644\u0648\u0645\u0627\u062a \u0627\u0644\u0625\u0636\u0627\u0641\u064a\u0629<\/h3>\n<ol>\n<li>\u0627\u0644\u062a\u0630\u0627\u0643\u0631 \u0647\u064a \u0627\u0644\u0625\u064a\u0635\u0627\u0644 \u0628\u0639\u062f \u062f\u0641\u0639 \u062b\u0645\u0646 \u0647\u0630\u0647 \u0627\u0644\u062c\u0648\u0644\u0629. \u064a\u0645\u0643\u0646\u0643 \u0625\u0638\u0647\u0627\u0631 \u0627\u0644\u062f\u0641\u0639 \u0639\u0644\u0649 \u0647\u0627\u062a\u0641\u0643.<\/li>\n<li>\u0633\u064a\u062a\u0645 \u0627\u0633\u062a\u0644\u0627\u0645 \u0646\u0642\u0637\u0629 \u0627\u0644\u0627\u0644\u062a\u0642\u0627\u0621 \u0628\u0639\u062f \u0639\u0645\u0644\u064a\u0629 \u0627\u0644\u062d\u062c\u0632.<\/li>\n<li>\u064a\u062c\u0628 \u0623\u0646 \u064a\u0635\u0627\u062d\u0628 \u0627\u0644\u0623\u0637\u0641\u0627\u0644 \u0645\u0646 \u0642\u0628\u0644 \u0627\u0644\u0643\u0628\u0627\u0631.<\/li>\n<li>\u0644\u0627 \u064a\u0645\u0643\u0646 \u0627\u0644\u0648\u0635\u0648\u0644 \u0625\u0644\u064a\u0647 \u0628\u0648\u0627\u0633\u0637\u0629 \u0627\u0644\u0643\u0631\u0627\u0633\u064a \u0627\u0644\u0645\u062a\u062d\u0631\u0643\u0629<\/li>\n<li>\u064a\u062c\u0628 \u0623\u0646 \u064a\u062c\u0644\u0633 \u0627\u0644\u0623\u0637\u0641\u0627\u0644 \u0641\u064a \u0645\u0642\u0627\u0639\u062f \u0627\u0644\u0623\u0637\u0641\u0627\u0644 \u0627\u0644\u0631\u0636\u0639 \u0623\u0648 \u0645\u0639 \u0634\u062e\u0635 \u0628\u0627\u0644\u063a<\/li>\n<li>\u0644\u0627 \u064a\u0646\u0635\u062d \u0628\u0647 \u0644\u0644\u0645\u0633\u0627\u0641\u0631\u064a\u0646 \u0627\u0644\u0630\u064a\u0646 \u064a\u0639\u0627\u0646\u0648\u0646 \u0645\u0646 \u0645\u0634\u0627\u0643\u0644 \u0641\u064a \u0627\u0644\u0638\u0647\u0631.<\/li>\n<li>\u0644\u0627 \u064a\u0646\u0635\u062d \u0628\u0647 \u0644\u0644\u0646\u0633\u0627\u0621 \u0627\u0644\u062d\u0648\u0627\u0645\u0644.<\/li>\n<li>\u0644\u0627 \u062a\u0648\u062c\u062f \u0645\u0634\u0627\u0643\u0644 \u0641\u064a \u0627\u0644\u0642\u0644\u0628 \u0623\u0648 \u063a\u064a\u0631\u0647\u0627 \u0645\u0646 \u0627\u0644\u062d\u0627\u0644\u0627\u062a \u0627\u0644\u0637\u0628\u064a\u0629 \u0627\u0644\u062e\u0637\u064a\u0631\u0629.<\/li>\n<li>\u064a\u0645\u0643\u0646 \u0644\u0645\u0639\u0638\u0645 \u0627\u0644\u0645\u0633\u0627\u0641\u0631\u064a\u0646 \u0627\u0644\u0645\u0634\u0627\u0631\u0643\u0629.<\/li>\n<\/ol>\n<h3><em>\u0633\u064a\u0627\u0633\u0629 \u0627\u0644\u0625\u0644\u063a\u0627\u0621<\/em><\/h3>\n<p>\u0644\u0627\u0633\u062a\u0631\u062f\u0627\u062f \u0643\u0627\u0645\u0644 \u0627\u0644\u0645\u0628\u0644\u063a\u060c \u0642\u0645 \u0628\u0627\u0644\u0625\u0644\u063a\u0627\u0621 \u0642\u0628\u0644 24 \u0633\u0627\u0639\u0629 \u0639\u0644\u0649 \u0627\u0644\u0623\u0642\u0644 \u0645\u0646 \u062a\u0627\u0631\u064a\u062e \u0628\u062f\u0621 \u0627\u0644\u062a\u062c\u0631\u0628\u0629.<\/p>\n\n\t\t<\/div>\n\t<\/div>\n<\/div><\/div><\/div><\/div><div class=\"vc_row wpb_row vc_row-fluid\" ><div class=\"wpb_column vc_column_container vc_col-sm-12\"><div class=\"vc_column-inner\"><div class=\"wpb_wrapper\"><div class=\"vc_empty_space\"   style=\"height: 32px\"><span class=\"vc_empty_space_inner\"><\/span><\/div>\n\t<div class=\"wpb_video_widget wpb_content_element vc_clearfix   vc_video-aspect-ratio-169 vc_video-el-width-100 vc_video-align-left\" >\n\t\t<div class=\"wpb_wrapper\">\n\t\t\t\n\t\t\t<div class=\"wpb_video_wrapper\"><iframe loading=\"lazy\" title=\"\u0645\u0646\u062a\u0632\u0647 \u0644\u0648\u0633 \u0647\u0627\u064a\u062a\u064a\u0633\u064a\u0633 \u0627\u0644\u0648\u0637\u0646\u064a\u060c \u0627\u0644\u062c\u0648\u0644\u0627\u062a \u0648\u0627\u0644\u0631\u062d\u0644\u0627\u062a \u0645\u0646 \u0633\u0627\u0645\u0627\u0646\u0627 \u0623\u0648 \u0633\u0627\u0628\u0627\u0646\u0627 \u062f\u064a \u0644\u0627 \u0645\u0627\u0631. \u0627\u062d\u062c\u0632 \u0647\u0646\u0627:\" src=\"https:\/\/player.vimeo.com\/video\/346508015?dnt=1&amp;app_id=122963\" width=\"1100\" height=\"619\" frameborder=\"0\" allow=\"autoplay; fullscreen\" allowfullscreen><\/iframe><\/div>\n\t\t<\/div>\n\t<\/div>\n<\/div><\/div><\/div><\/div><div class=\"vc_row wpb_row vc_row-fluid\" ><div class=\"wpb_column vc_column_container vc_col-sm-12\"><div class=\"vc_column-inner\"><div class=\"wpb_wrapper\"><div class=\"vc_empty_space\"   style=\"height: 32px\"><span class=\"vc_empty_space_inner\"><\/span><\/div>\n\t<div class=\"wpb_text_column wpb_content_element\" >\n\t\t<div class=\"wpb_wrapper\">\n\t\t\t<h4>\u0627\u062a\u0635\u0644 \u0628\u0646\u0627\u061f<\/h4>\n<h5>\u062d\u062c\u0648\u0632\u0627\u062a \u0627\u0644\u0645\u063a\u0627\u0645\u0631\u0629<\/h5>\n<p><em>\u0627\u0644\u0645\u0631\u0634\u062f\u064a\u0646 \u0627\u0644\u0633\u064a\u0627\u062d\u064a\u064a\u0646<\/em> <em><strong>\u0645\u062d\u0644\u064a<\/strong><\/em> \u0648 <strong><em>\u0648\u0637\u0646\u064a<\/em><\/strong> &amp;<em>\u00a0\u062e\u062f\u0645\u0627\u062a \u0627\u0644\u0636\u064a\u0648\u0641<\/em><\/p>\n<p>\u0627\u0644\u062d\u062c\u0648\u0632\u0627\u062a: \u0627\u0644\u062c\u0648\u0644\u0627\u062a \u0648\u0627\u0644\u0631\u062d\u0644\u0627\u062a \u0641\u064a Dom.<\/p>\n<p>\u0647\u0627\u062a\u0641\/\u0648\u0627\u062a\u0633\u0627\u0628 +1-809-720-6035.<\/p>\n<p>info@bookingadventures.com.do<\/p>\n<p>\u0646\u062d\u0646 \u062c\u0648\u0644\u0627\u062a \u062e\u0627\u0635\u0629 \u0628\u062a\u0643\u0648\u064a\u0646 \u0645\u0631\u0646 \u0639\u0628\u0631 Whatsapp: +18097206035.<\/p>\n\n\t\t<\/div>\n\t<\/div>\n<div class=\"vc_empty_space\"   style=\"height: 32px\"><span class=\"vc_empty_space_inner\"><\/span><\/div><\/div><\/div><\/div><\/div>","protected":false},"excerpt":{"rendered":"<p><strong>\u0627\u0644\u0631\u062c\u0627\u0621 \u062a\u062d\u062f\u064a\u062f \u062a\u0627\u0631\u064a\u062e \u0627\u0644\u062c\u0648\u0644\u0629\u00a0<\/strong><\/p>","protected":false},"featured_media":104,"template":"","meta":[],"product_brand":[],"product_cat":[119,96,144,98,135,121,99,122,443,123,124],"product_tag":[126,127,128,145,132,133,146,147,148,143],"class_list":{"0":"post-551","1":"product","2":"type-product","3":"status-publish","4":"has-post-thumbnail","6":"product_cat-caves","7":"product_cat-hiking","8":"product_cat-kayaking","9":"product_cat-local-tour-guides","10":"product_cat-lunch","11":"product_cat-mangroves","12":"product_cat-swimming-natural-springs","13":"product_cat-tours-and-excursions","14":"product_cat-tours-y-excursiones-es","15":"product_cat-tours-excursions-los-haitises-national-park","16":"product_cat-tours-excursions-samana-bay-dominican-republic","17":"product_tag-cano-hondo","18":"product_tag-cano-hondo-hotel","19":"product_tag-cano-hondo-tours","20":"product_tag-day-tour-cano-hondo","21":"product_tag-los-haitises","22":"product_tag-los-haitises-national-park","23":"product_tag-mangroves-los-haitises","24":"product_tag-samana-bay","25":"product_tag-samana-excursions","26":"product_tag-samana-tours","28":"first","29":"instock","30":"sale","31":"sold-individually","32":"shipping-taxable","33":"product-type-external"},"_links":{"self":[{"href":"https:\/\/haitises.com\/ar\/wp-json\/wp\/v2\/product\/551","targetHints":{"allow":["GET"]}}],"collection":[{"href":"https:\/\/haitises.com\/ar\/wp-json\/wp\/v2\/product"}],"about":[{"href":"https:\/\/haitises.com\/ar\/wp-json\/wp\/v2\/types\/product"}],"wp:featuredmedia":[{"embeddable":true,"href":"https:\/\/haitises.com\/ar\/wp-json\/wp\/v2\/media\/104"}],"wp:attachment":[{"href":"https:\/\/haitises.com\/ar\/wp-json\/wp\/v2\/media?parent=551"}],"wp:term":[{"taxonomy":"product_brand","embeddable":true,"href":"https:\/\/haitises.com\/ar\/wp-json\/wp\/v2\/product_brand?post=551"},{"taxonomy":"product_cat","embeddable":true,"href":"https:\/\/haitises.com\/ar\/wp-json\/wp\/v2\/product_cat?post=551"},{"taxonomy":"product_tag","embeddable":true,"href":"https:\/\/haitises.com\/ar\/wp-json\/wp\/v2\/product_tag?post=551"}],"curies":[{"name":"wp","href":"https:\/\/api.w.org\/{rel}","templated":true}]}}