{"id":10907,"date":"2020-07-18T16:58:56","date_gmt":"2020-07-18T16:58:56","guid":{"rendered":"http:\/\/haitises.com\/?post_type=product&#038;p=10907"},"modified":"2024-04-15T23:54:32","modified_gmt":"2024-04-15T23:54:32","slug":"\u0631\u062d\u0644\u0629-\u0644\u0645\u0634\u0627\u0647\u062f\u0629-\u0627\u0644\u062d\u064a\u062a\u0627\u0646-\u0648\u0646\u0635\u0641-\u0627\u0644\u0642\u0645\u0631","status":"publish","type":"product","link":"https:\/\/haitises.com\/ar\/\u062e\u0627\u0635\/\u0631\u062d\u0644\u0629-\u0644\u0645\u0634\u0627\u0647\u062f\u0629-\u0627\u0644\u062d\u064a\u062a\u0627\u0646-\u0648\u0646\u0635\u0641-\u0627\u0644\u0642\u0645\u0631\/","title":{"rendered":"\u0645\u0634\u0627\u0647\u062f\u0629 \u0627\u0644\u062d\u064a\u062a\u0627\u0646 \u0648\u0631\u062d\u0644\u0629 \u0627\u0644\u0647\u0644\u0627\u0644\u060c \u0645\u064a\u0634\u064a\u0632"},"content":{"rendered":"<div class=\"vc_row wpb_row vc_row-fluid\" ><div class=\"wpb_column vc_column_container vc_col-sm-12\"><div class=\"vc_column-inner\"><div class=\"wpb_wrapper\">[mkdf_section_title title_tag=\u00bb\u00bb disable_break_words=\u00bbno\u00bb subtitle_tag=\u00bb\u00bb title=\u00bbObservaci\u00f3n de Ballenas en Miches &#8211; Experiencia de medio d\u00eda\u00bb subtitle=\u00bbMedia Luna (Half-Moon) incluido.\u00bb]<\/div><\/div><\/div><\/div><div class=\"vc_row wpb_row vc_row-fluid\" ><div class=\"wpb_column vc_column_container vc_col-sm-12\"><div class=\"vc_column-inner\"><div class=\"wpb_wrapper\">\n\t<div class=\"wpb_text_column wpb_content_element\" >\n\t\t<div class=\"wpb_wrapper\">\n\t\t\t<div class=\"vc_row wpb_row vc_row-fluid\">\n<div class=\"wpb_column vc_column_container vc_col-sm-12\">\n<div class=\"vc_column-inner\">\n<div class=\"wpb_wrapper\">\n<div class=\"wpb_text_column wpb_content_element\">\n<div class=\"wpb_wrapper\">\n<div class=\"vc_row wpb_row vc_row-fluid\">\n<div class=\"wpb_column vc_column_container vc_col-sm-12\">\n<div class=\"vc_column-inner\">\n<div class=\"wpb_wrapper\">\n<div class=\"wpb_text_column wpb_content_element\">\n<div class=\"wpb_wrapper\"><\/div>\n<\/div>\n<\/div>\n<\/div>\n<\/div>\n<\/div>\n<\/div>\n<\/div>\n<\/div>\n<\/div>\n<\/div>\n<\/div>\n<div class=\"vc_row wpb_row vc_row-fluid\">\n<div class=\"wpb_column vc_column_container vc_col-sm-12\">\n<div class=\"vc_column-inner\">\n<div class=\"wpb_wrapper\">\n<div class=\"wpb_text_column wpb_content_element\">\n<div class=\"wpb_wrapper\">\n<h3>\u0648\u0635\u0641<\/h3>\n<p>\u0627\u0644\u0635\u0639\u0648\u062f \u0625\u0644\u0649 \u0642\u0627\u0631\u0628\u0646\u0627 \u0644\u0632\u064a\u0627\u0631\u0629 \u0627\u0644\u062d\u064a\u062a\u0627\u0646 \u0627\u0644\u062d\u062f\u0628\u0627\u0621 \u0641\u064a \u0628\u064a\u0626\u062a\u0647\u0627 \u0627\u0644\u062e\u0627\u0635\u0629. \u062a\u062a\u0636\u0645\u0646 \u0647\u0630\u0647 \u0627\u0644\u062a\u062c\u0631\u0628\u0629 \u0645\u0633\u0628\u062d\u064b\u0627 \u0637\u0628\u064a\u0639\u064a\u064b\u0627 \u0644\u0646\u062c\u0648\u0645 \u0627\u0644\u0628\u062d\u0631 \u0648\u0627\u0644\u0623\u0633\u0645\u0627\u0643. \u064a\u064f\u0633\u0645\u062d \u0628\u0627\u0644\u063a\u0637\u0633 \u0641\u064a \u0627\u0644\u0645\u0633\u0627\u0628\u062d \u0627\u0644\u0637\u0628\u064a\u0639\u064a\u0629. <strong>\u0645\u0644\u062d\u0648\u0638\u0629:<\/strong> \u0639\u062f\u0645 \u0627\u0644\u0633\u0628\u0627\u062d\u0629 \u0645\u0639 \u0627\u0644\u062d\u064a\u062a\u0627\u0646. \u064a\u062a\u0645 \u062a\u062f\u0631\u064a\u0628 \u0627\u0644\u0642\u0628\u0627\u0637\u0646\u0629 \u0644\u062f\u064a\u0646\u0627 \u0644\u0644\u062a\u0623\u0643\u062f \u0645\u0646 \u0631\u0624\u064a\u0629 \u0627\u0644\u062d\u064a\u062a\u0627\u0646.<\/p>\n<p>\u0645\u0646 \u0627\u0644\u0633\u0627\u0639\u0629 9:00 \u0635\u0628\u0627\u062d\u064b\u0627 \u062d\u062a\u0649 1:00 \u0638\u0647\u0631\u064b\u0627 \u0645\u0631\u0635\u062f \u0645\u0634\u0627\u0647\u062f\u0629 \u0627\u0644\u062d\u064a\u062a\u0627\u0646 \u0648\u0628\u0639\u062f \u0631\u062d\u0644\u0629 \u0645\u0634\u0627\u0647\u062f\u0629 \u0627\u0644\u062d\u064a\u062a\u0627\u0646 \u0646\u0639\u0648\u062f \u0625\u0644\u0649 \u0645\u064a\u0646\u0627\u0621 \u0645\u064a\u0634\u064a\u0632.<\/p>\n<p><strong>\u0645\u0644\u062d\u0648\u0638\u0629:<\/strong> \u0647\u0630\u0647 \u0627\u0644\u062c\u0648\u0644\u0629 \u0644\u064a\u0633\u062a \u062e\u0627\u0635\u0629. \u0625\u0630\u0627 \u0643\u0646\u062a \u062a\u0631\u063a\u0628 \u0641\u064a \u062a\u0646\u0638\u064a\u0645 \u062c\u0648\u0644\u0629 \u062e\u0627\u0635\u0629\u060c \u064a\u0631\u062c\u0649 \u0627\u0644\u0627\u062a\u0635\u0627\u0644 \u0628\u0646\u0627.<\/p>\n<ul>\n<li>\u0645\u0634\u0627\u0647\u062f\u0629 \u0627\u0644\u062d\u064a\u062a\u0627\u0646<\/li>\n<li>\u062a\u062c\u0645\u0639 \u0637\u0628\u064a\u0639\u064a \u0644\u0645\u0631\u0627\u0642\u0628\u0629 \u0646\u062c\u0645 \u0627\u0644\u0628\u062d\u0631<\/li>\n<li>\u0646\u0642\u0644 \u0642\u0627\u0631\u0628 \u0643\u0627\u062a\u0627\u0645\u0627\u0631\u0627\u0646<\/li>\n<li>\u064a\u0642\u062f\u0645 \u0627\u0644\u0643\u0627\u0628\u062a\u0646 \u0627\u0644\u062a\u0639\u0644\u064a\u0645\u0627\u062a \u0648\u0627\u0644\u0625\u0634\u0631\u0627\u0641.<\/li>\n<li>\u0645\u0631\u0634\u062f \u0633\u064a\u0627\u062d\u064a<\/li>\n<\/ul>\n<h3>\u0627\u0644\u0627\u062f\u0631\u0627\u062c \u0648\u0627\u0644\u0627\u0633\u062a\u062b\u0646\u0627\u0621\u0627\u062a<\/h3>\n<h4>\u0627\u0644\u0627\u062f\u0631\u0627\u062c<\/h4>\n<ol>\n<li>\u0645\u0631\u0634\u062f \u0633\u064a\u0627\u062d\u064a<\/li>\n<li>\u0631\u062d\u0644\u0629 \u0628\u0627\u0644\u0642\u0627\u0631\u0628 \u0623\u0648 \u0627\u0644\u0642\u0627\u0631\u0628<\/li>\n<li>\u062c\u0645\u064a\u0639 \u0627\u0644\u0636\u0631\u0627\u0626\u0628 \u0648\u0627\u0644\u0631\u0633\u0648\u0645 \u0648\u0631\u0633\u0648\u0645 \u0627\u0644\u0645\u0646\u0627\u0648\u0644\u0629<\/li>\n<li>\u0627\u0644\u0636\u0631\u0627\u0626\u0628 \u0627\u0644\u0645\u062d\u0644\u064a\u0629<\/li>\n<li>\u0645\u0634\u0631\u0648\u0628\u0627\u062a<\/li>\n<li>\u0623\u0642\u0631\u0627\u0635 \u062f\u0631\u0627\u0645\u0627\u0645\u064a\u0646 (\u0627\u062e\u062a\u064a\u0627\u0631\u064a)<\/li>\n<li>\u0631\u0633\u0648\u0645 \u062f\u062e\u0648\u0644 \u0627\u0644\u062d\u0631\u0645. (\u0625\u0633\u0648\u0631\u0629)<\/li>\n<\/ol>\n<h4>\u0627\u0644\u0627\u0633\u062a\u062b\u0646\u0627\u0621\u0627\u062a<\/h4>\n<ol>\n<li>\u0646\u0635\u0627\u0626\u062d<\/li>\n<li>\u0646\u0642\u0644 \u0627\u0644\u0633\u064a\u0627\u0631\u0627\u062a<\/li>\n<li>\u0627\u0644\u0645\u0634\u0631\u0648\u0628\u0627\u062a \u0627\u0644\u0643\u062d\u0648\u0644\u064a\u0629<\/li>\n<\/ol>\n<h3><em>\u0627\u0644\u0645\u063a\u0627\u062f\u0631\u0629 \u0648\u0627\u0644\u0639\u0648\u062f\u0629<\/em><\/h3>\n<p>\u0633\u064a\u062d\u0635\u0644 \u0627\u0644\u0645\u0633\u0627\u0641\u0631 \u0639\u0644\u0649 \u0646\u0642\u0637\u0629 \u0627\u0644\u062a\u0642\u0627\u0621 \u0628\u0639\u062f \u0639\u0645\u0644\u064a\u0629 \u0627\u0644\u062d\u062c\u0632. \u062a\u0628\u062f\u0623 \u0627\u0644\u062c\u0648\u0644\u0627\u062a \u0648\u062a\u0646\u062a\u0647\u064a \u0641\u064a \u0646\u0642\u0627\u0637 \u0627\u0644\u0627\u0644\u062a\u0642\u0627\u0621 \u0644\u062f\u064a\u0646\u0627.<\/p>\n<p>\u0645\u0634\u0627\u0647\u062f\u0629 \u0627\u0644\u062d\u064a\u062a\u0627\u0646 \u0645\u064a\u062a\u0634\u064a\u0633 \u2013 \u0646\u0635\u0641 \u0627\u0644\u0642\u0645\u0631.<\/p>\n<h3><em>\u0645\u0627\u0630\u0627 \u062a\u062a\u0648\u0642\u0639\u061f<\/em><\/h3>\n<p>\u0627\u062d\u0635\u0644 \u0639\u0644\u0649 \u0627\u0644\u062a\u0630\u0627\u0643\u0631 \u0627\u0644\u062e\u0627\u0635\u0629 \u0628\u0643 \u0644\u062c\u0648\u0644\u0629 \u0645\u0634\u0627\u0647\u062f\u0629 \u0627\u0644\u062d\u064a\u062a\u0627\u0646 \u0641\u064a \u062e\u0644\u064a\u062c \u0633\u0627\u0645\u0627\u0646\u0627 \u0644\u0645\u062f\u0629 \u0646\u0635\u0641 \u064a\u0648\u0645 \u0645\u0646 \u0645\u064a\u062a\u0634\u064a\u0632.<\/p>\n<p>El viaje de avistamiento de ballenas de medio d\u00eda, organizado por \u00abBooking Adventures\u00bb comienza en el punto de encuentro establecido con el gu\u00eda tur\u00edstico. Este viaje visita Media Luna (Half-Moon). El almuerzo en la playa no est\u00e1 incluido en este tour.<\/p>\n<h5>\u0645\u0627 \u0647\u0648 \u0646\u0635\u0641 \u0627\u0644\u0642\u0645\u0631\u061f<\/h5>\n<p>\u0648\u0647\u0648 \u0627\u0644\u0645\u0643\u0627\u0646 \u0627\u0644\u0630\u064a \u064a\u0639\u062a\u0645\u062f \u0641\u064a\u0647 \u0645\u0646\u0633\u0648\u0628 \u0627\u0644\u0645\u064a\u0627\u0647 \u0639\u0644\u0649 \u0623\u0641\u0642 \u0627\u0644\u0645\u062f \u0648\u0627\u0644\u062c\u0632\u0631 \u0623\u0648 \u0627\u0644\u062a\u064a\u0627\u0631\u0627\u062a \u0627\u0644\u0628\u062d\u0631\u064a\u0629\u060c \u0627\u0644\u062a\u064a \u0639\u0646\u062f\u0645\u0627 \u062a\u0631\u062a\u0641\u0639 \u062a\u0635\u0628\u062d \u0623\u0639\u0645\u0642 \u0648\u0639\u0646\u062f\u0645\u0627 \u062a\u0643\u0648\u0646 \u0645\u0646\u062e\u0641\u0636\u0629 \u064a\u0642\u0644 \u062a\u062f\u0641\u0642 \u0627\u0644\u0628\u0631\u0643\u0629. \u0643\u0648\u0646\u0647 \u0645\u062e\u0641\u064a\u064b\u0627 \u0648\u064a\u0645\u0643\u0646 \u0627\u0644\u0648\u0635\u0648\u0644 \u0625\u0644\u064a\u0647 \u0639\u0646 \u0637\u0631\u064a\u0642 \u0627\u0644\u0628\u062d\u0631\u060c \u064a\u062c\u0639\u0644\u0647 \u0645\u0643\u0627\u0646\u064b\u0627 \u0633\u0627\u062d\u0631\u064b\u0627 \u0648\u0639\u0630\u0631\u0627\u0621\u064b \u0644\u0645\u0646 \u064a\u0632\u0648\u0631\u0647 \u062f\u0648\u0646 \u0631\u063a\u0628\u0629 \u0641\u064a \u0627\u0644\u0645\u063a\u0627\u062f\u0631\u0629. \u0644\u0627 \u062a\u0648\u062c\u062f \u0623\u0634\u062c\u0627\u0631 \u0647\u0646\u0627 \u0644\u062d\u0645\u0627\u064a\u062a\u0643 \u0645\u0646 \u0627\u0644\u0634\u0645\u0633\u060c \u0644\u0643\u0646 \u0627\u0644\u0645\u0627\u0621 \u0628\u0627\u0631\u062f \u062d\u064a\u062b \u062a\u0647\u0628 \u0627\u0644\u0631\u064a\u0627\u062d \u0639\u0644\u0649 \u0627\u0644\u0645\u0646\u0637\u0642\u0629.<\/p>\n<p>\u0648\u064a\u0645\u0643\u0646 \u062a\u0644\u062e\u064a\u0635\u0647\u0627 \u0628\u0623\u0646\u0647\u0627 \u0628\u062d\u064a\u0631\u0629 \u0637\u0628\u064a\u0639\u064a\u0629 \u0641\u064a \u0627\u0644\u0645\u062d\u064a\u0637 \u0627\u0644\u0623\u0637\u0644\u0633\u064a\u060c \u0648\u064a\u0631\u062c\u0639 \u0627\u0633\u0645\u0647\u0627 \u0625\u0644\u0649 \u0623\u0646\u0647\u0627 \u0639\u0646\u062f \u0627\u0644\u0646\u0638\u0631 \u0625\u0644\u064a\u0647\u0627 \u0645\u0646 \u0627\u0644\u0623\u0639\u0644\u0649 \u062a\u0634\u0628\u0647 \u0627\u0644\u0647\u0644\u0627\u0644. \u0648\u064a\u0637\u0644\u0642 \u0639\u0644\u064a\u0647\u0627 \u0627\u0644\u0633\u0643\u0627\u0646 \u0627\u0644\u0645\u062d\u0644\u064a\u0648\u0646 \u0623\u064a\u0636\u064b\u0627 \u0627\u0633\u0645 \u0643\u0627\u064a\u0648 \u062f\u064a \u0644\u0627 \u0645\u064a\u062f\u064a\u0627 \u0644\u0648\u0646\u0627\u060c \u0648\u0627\u0644\u062a\u064a \u062a\u062a\u0643\u0648\u0646 \u0645\u0646 \u0627\u0644\u0634\u0639\u0627\u0628 \u0627\u0644\u0645\u0631\u062c\u0627\u0646\u064a\u0629 \u0648\u0627\u0644\u0631\u0645\u0627\u0644 \u0627\u0644\u0628\u064a\u0636\u0627\u0621\u060c \u0645\u0639 \u0631\u0634 \u0627\u0644\u0645\u064a\u0627\u0647 \u0627\u0644\u0643\u0631\u064a\u0633\u062a\u0627\u0644\u064a\u0629 \u0641\u064a \u0643\u0644 \u0645\u0643\u0627\u0646 \u0644\u0643\u0633\u0631 \u0627\u0644\u0623\u0645\u0648\u0627\u062c \u0627\u0644\u0637\u0628\u064a\u0639\u064a\u0629\u060c \u0645\u0645\u0627 \u064a\u0647\u062f\u0626 \u0645\u064a\u0627\u0647\u0647\u0627. \u0648\u0639\u0646\u062f\u0645\u0627 \u064a\u0643\u0648\u0646 \u0627\u0644\u0645\u062f \u0645\u0633\u062a\u0642\u0631\u0627 \u0641\u0625\u0646 \u0639\u0645\u0642\u0647 \u0644\u0627 \u064a\u062a\u062c\u0627\u0648\u0632 \u062b\u0644\u0627\u062b\u0629 \u0623\u0642\u062f\u0627\u0645\u060c \u0645\u0645\u0627 \u064a\u062c\u0639\u0644 \u0627\u0644\u0623\u0637\u0641\u0627\u0644 \u0648\u0627\u0644\u0643\u0628\u0627\u0631 \u0639\u0644\u0649 \u062d\u062f \u0633\u0648\u0627\u0621 \u064a\u0633\u062a\u0645\u062a\u0639\u0648\u0646 \u0628\u0647\u0630\u0647 \u0627\u0644\u0628\u0642\u0639\u0629 \u0627\u0644\u0633\u0645\u0627\u0648\u064a\u0629 \u0630\u0627\u062a \u0627\u0644\u0645\u064a\u0627\u0647 \u0627\u0644\u0645\u0627\u0644\u062d\u0629.<\/p>\n<p><strong>\u062c\u062f\u0648\u0644:<\/strong><\/p>\n<p>8:45 \u0635\u0628\u0627\u062d\u064b\u0627 \u2013 12:30 \u0638\u0647\u0631\u064b\u0627<\/p>\n<p>\u064a\u0645\u0643\u0646 \u0623\u0646 \u064a\u062a\u063a\u064a\u0631 \u0627\u0644\u0637\u0642\u0633 \u0627\u0639\u062a\u0645\u0627\u062f\u064b\u0627 \u0639\u0644\u0649 \u0639\u062f\u062f \u0627\u0644\u062d\u064a\u062a\u0627\u0646 \u0627\u0644\u062a\u064a \u0646\u0631\u0627\u0647\u0627.<\/p>\n<h3><em>\u0645\u0627\u0630\u0627 \u064a\u062c\u0628 \u0623\u0646 \u062a\u062d\u0636\u0631\u061f<\/em><\/h3>\n<ul>\n<li>\u0622\u0644\u0629 \u062a\u0635\u0648\u064a\u0631<\/li>\n<li>\u0627\u0644\u0645\u0648\u0627\u062f \u0627\u0644\u0637\u0627\u0631\u062f\u0629<\/li>\n<li>\u0643\u0631\u064a\u0645 \u0648\u0627\u0642\u064a \u0645\u0646 \u0627\u0644\u0634\u0645\u0633<\/li>\n<li>\u0642\u0628\u0639\u0629<\/li>\n<li>\u0627\u0644\u0633\u0631\u0627\u0648\u064a\u0644 \u0627\u0644\u0645\u0631\u064a\u062d\u0629<\/li>\n<li>\u0645\u0644\u0627\u0628\u0633 \u0627\u0644\u0633\u0628\u0627\u062d\u0629<\/li>\n<li>\u0627\u0644\u0646\u0642\u062f\u064a\u0629 \u0644\u0644\u0647\u062f\u0627\u064a\u0627 \u0627\u0644\u062a\u0630\u0643\u0627\u0631\u064a\u0629<\/li>\n<\/ul>\n<h3><em>\u0628\u064a\u0643 \u0627\u0628 \u0627\u0644\u0641\u0646\u062f\u0642<\/em><\/h3>\n<p>\u0644\u0627 \u064a\u062a\u0645 \u062a\u0642\u062f\u064a\u0645 \u062e\u062f\u0645\u0629 \u0627\u0644\u0627\u0633\u062a\u0642\u0628\u0627\u0644 \u0641\u064a \u0627\u0644\u0641\u0646\u062f\u0642 \u0644\u0647\u0630\u0647 \u0627\u0644\u062c\u0648\u0644\u0629. \u064a\u0645\u0643\u0646\u0646\u0627 \u062a\u0643\u0648\u064a\u0646\u0647 \u0645\u0646 \u062e\u0644\u0627\u0644 Whatsapp.<\/p>\n<p><strong>\u0645\u0644\u062d\u0648\u0638\u0629:<\/strong> \u0625\u0630\u0627 \u0642\u0645\u062a \u0628\u0627\u0644\u062d\u062c\u0632 \u062e\u0644\u0627\u0644 24 \u0633\u0627\u0639\u0629 \u0645\u0646 \u0648\u0642\u062a \u0645\u063a\u0627\u062f\u0631\u0629 \u0627\u0644\u062c\u0648\u0644\u0629\/\u0627\u0644\u0631\u062d\u0644\u0629\u060c \u0641\u064a\u0645\u0643\u0646\u0646\u0627 \u062a\u0631\u062a\u064a\u0628 \u062e\u062f\u0645\u0629 \u0627\u0644\u0627\u0633\u062a\u0642\u0628\u0627\u0644 \u0641\u064a \u0627\u0644\u0641\u0646\u062f\u0642 \u0645\u0642\u0627\u0628\u0644 \u0631\u0633\u0648\u0645 \u0625\u0636\u0627\u0641\u064a\u0629. \u0628\u0645\u062c\u0631\u062f \u0627\u0643\u062a\u0645\u0627\u0644 \u0639\u0645\u0644\u064a\u0629 \u0627\u0644\u0634\u0631\u0627\u0621\u060c \u0633\u0646\u0631\u0633\u0644 \u0644\u0643 \u0645\u0639\u0644\u0648\u0645\u0627\u062a \u0627\u0644\u0627\u062a\u0635\u0627\u0644 \u0627\u0644\u0643\u0627\u0645\u0644\u0629 (\u0631\u0642\u0645 \u0627\u0644\u0647\u0627\u062a\u0641 \u0648\u0639\u0646\u0648\u0627\u0646 \u0627\u0644\u0628\u0631\u064a\u062f \u0627\u0644\u0625\u0644\u0643\u062a\u0631\u0648\u0646\u064a \u0648\u0645\u0627 \u0625\u0644\u0649 \u0630\u0644\u0643) \u0644\u0645\u0631\u0634\u062f\u0646\u0627 \u0627\u0644\u0633\u064a\u0627\u062d\u064a \u0627\u0644\u0645\u062d\u0644\u064a \u0644\u062a\u0631\u062a\u064a\u0628 \u062a\u0631\u062a\u064a\u0628\u0627\u062a \u0627\u0644\u0627\u0633\u062a\u0644\u0627\u0645.<\/p>\n<h3><em>\u062a\u0623\u0643\u064a\u062f \u0627\u0644\u0645\u0639\u0644\u0648\u0645\u0627\u062a \u0627\u0644\u0625\u0636\u0627\u0641\u064a\u0629<\/em><\/h3>\n<ol>\n<li>\u0627\u0644\u062a\u0630\u0627\u0643\u0631 \u0647\u064a \u0627\u0644\u0625\u064a\u0635\u0627\u0644 \u0628\u0639\u062f \u062f\u0641\u0639 \u062b\u0645\u0646 \u0647\u0630\u0647 \u0627\u0644\u062c\u0648\u0644\u0629. \u064a\u0645\u0643\u0646\u0643 \u0625\u0638\u0647\u0627\u0631 \u0627\u0644\u062f\u0641\u0639 \u0639\u0644\u0649 \u0647\u0627\u062a\u0641\u0643.<\/li>\n<li>\u0633\u064a\u062a\u0645 \u0627\u0633\u062a\u0644\u0627\u0645 \u0646\u0642\u0637\u0629 \u0627\u0644\u0627\u0644\u062a\u0642\u0627\u0621 \u0628\u0639\u062f \u0639\u0645\u0644\u064a\u0629 \u0627\u0644\u062d\u062c\u0632.<\/li>\n<li>\u064a\u062c\u0628 \u0623\u0646 \u064a\u0635\u0627\u062d\u0628 \u0627\u0644\u0623\u0637\u0641\u0627\u0644 \u0645\u0646 \u0642\u0628\u0644 \u0627\u0644\u0643\u0628\u0627\u0631.<\/li>\n<li>\u062a\u0633\u0647\u064a\u0644\u0627\u062a \u0644\u062f\u062e\u0648\u0644 \u0627\u0644\u0645\u0639\u0627\u0642\u064a\u0646<\/li>\n<li>\u064a\u062c\u0628 \u0623\u0646 \u064a\u062c\u0644\u0633 \u0627\u0644\u0623\u0637\u0641\u0627\u0644 \u0641\u064a \u0627\u0644\u062d\u0636\u0646<\/li>\n<li>\u064a\u0645\u0643\u0646 \u0644\u0645\u0639\u0638\u0645 \u0627\u0644\u0645\u0633\u0627\u0641\u0631\u064a\u0646 \u0627\u0644\u0645\u0634\u0627\u0631\u0643\u0629.<\/li>\n<\/ol>\n<h3><em>\u0633\u064a\u0627\u0633\u0629 \u0627\u0644\u0625\u0644\u063a\u0627\u0621<\/em><\/h3>\n<p>\u0644\u0627\u0633\u062a\u0631\u062f\u0627\u062f \u0643\u0627\u0645\u0644 \u0627\u0644\u0645\u0628\u0644\u063a\u060c \u0642\u0645 \u0628\u0627\u0644\u0625\u0644\u063a\u0627\u0621 \u0642\u0628\u0644 24 \u0633\u0627\u0639\u0629 \u0639\u0644\u0649 \u0627\u0644\u0623\u0642\u0644 \u0645\u0646 \u062a\u0627\u0631\u064a\u062e \u0628\u062f\u0621 \u0627\u0644\u062a\u062c\u0631\u0628\u0629.<\/p>\n<h4>\u0627\u062a\u0635\u0644 \u0628\u0646\u0627<br \/>\n\u062c\u0648\u0644\u0629 \u062d\u0648\u062a \u0633\u0627\u0645\u0627\u0646\u0627<\/h4>\n<p><em>\u0627\u0644\u0645\u0631\u0634\u062f\u064a\u0646 \u0627\u0644\u0633\u064a\u0627\u062d\u064a\u064a\u0646 \u0627\u0644\u0645\u062d\u0644\u064a\u064a\u0646 \u0648\u0627\u0644\u0648\u0637\u0646\u064a\u064a\u0646 \u0648\u062e\u062f\u0645\u0627\u062a \u0627\u0644\u0636\u064a\u0648\u0641<\/em><\/p>\n<p>\u0627\u0644\u062d\u062c\u0648\u0632\u0627\u062a: \u0627\u0644\u062c\u0648\u0644\u0627\u062a \u0648\u0627\u0644\u0631\u062d\u0644\u0627\u062a \u0641\u064a Dom.<\/p>\n<p>\u0647\u0627\u062a\u0641\/\u0648\u0627\u062a\u0633\u0627\u0628 +1-809-720-6035.<\/p>\n<p>info@bookingadventures.com.do<\/p>\n<p>\u0646\u062d\u0646 \u0646\u062a\u062d\u0644\u0649 \u0628\u0627\u0644\u0645\u0631\u0648\u0646\u0629 \u0641\u064a \u0625\u0639\u062f\u0627\u062f \u062c\u0648\u0644\u0627\u062a \u062e\u0627\u0635\u0629 \u0639\u0646 \u0637\u0631\u064a\u0642 <strong>\u0648\u0627\u062a\u0633\u0627\u0628: <a href=\"tel:+18097206035\">+18097206035.<\/a><\/strong><\/p>\n<\/div>\n<\/div>\n<\/div>\n<\/div>\n<\/div>\n<\/div>\n\n\t\t<\/div>\n\t<\/div>\n<\/div><\/div><\/div><\/div>","protected":false},"excerpt":{"rendered":"<p>\u0645\u0634\u0627\u0647\u062f\u0629 \u0627\u0644\u062d\u064a\u062a\u0627\u0646 \u0644\u0645\u062f\u0629 \u0646\u0635\u0641 \u064a\u0648\u0645 \u0641\u064a \u062e\u0644\u064a\u062c \u0633\u0627\u0645\u0627\u0646\u0627\u060c \u062c\u0645\u0647\u0648\u0631\u064a\u0629 \u0627\u0644\u062f\u0648\u0645\u064a\u0646\u064a\u0643\u0627\u0646. \u0645\u0634\u0627\u0647\u062f\u0629 \u0627\u0644\u062d\u064a\u062a\u0627\u0646 \u0645\u0646 \u0645\u064a\u0646\u0627\u0621 \u0645\u064a\u0634\u064a\u0632 \u0639\u0644\u0649 \u0645\u062a\u0646 \u0637\u0648\u0641 \u0623\u0648 \u0642\u0627\u0631\u0628 \u0645\u0631\u064a\u062d. \u0627\u062d\u062c\u0632 \u0641\u064a \u0627\u0644\u0635\u0628\u0627\u062d \u0628\u0639\u062f \u0627\u0644\u0625\u0641\u0637\u0627\u0631 \u0644\u0632\u064a\u0627\u0631\u0629 \u0645\u064a\u062f\u064a\u0627 \u0644\u0648\u0646\u0627 (\u0646\u0635\u0641 \u0627\u0644\u0642\u0645\u0631) \u0648\u0645\u0634\u0627\u0647\u062f\u0629 \u0627\u0644\u062d\u064a\u062a\u0627\u0646. \u0627\u062d\u062c\u0632 \u0647\u0630\u0647 \u0627\u0644\u0631\u062d\u0644\u0629 \u0627\u0644\u0627\u0633\u062a\u0643\u0634\u0627\u0641\u064a\u0629 \u0641\u064a \u062e\u0644\u064a\u062c \u0633\u0627\u0645\u0627\u0646\u0627 \u0627\u0644\u0622\u0646 \u0644\u0644\u0627\u0633\u062a\u0645\u062a\u0627\u0639 \u0628\u062a\u062c\u0631\u0628\u0629 \u0633\u0641\u0631 \u062c\u064a\u062f\u0629 \u0644\u0645\u0634\u0627\u0647\u062f\u0629 \u0627\u0644\u062d\u064a\u062a\u0627\u0646 \u0648\u0646\u062c\u0645 \u0627\u0644\u0628\u062d\u0631.<\/p>\n<p><strong>\u0627\u0644\u0631\u062c\u0627\u0621 \u062a\u062d\u062f\u064a\u062f \u062a\u0627\u0631\u064a\u062e \u0627\u0644\u0631\u062d\u0644\u0629:<\/strong><\/p>","protected":false},"featured_media":440,"template":"","meta":[],"product_brand":[],"product_cat":[344,443,124,232],"product_tag":[345,346,113,269,201,147,271,234,235,236,337,338,238],"class_list":{"0":"post-10907","1":"product","2":"type-product","3":"status-publish","4":"has-post-thumbnail","6":"product_cat-miches-whale-watching-and-media-luna","7":"product_cat-tours-y-excursiones-es","8":"product_cat-tours-excursions-samana-bay-dominican-republic","9":"product_cat-whale-watching-samana","10":"product_tag-half-day-whale-watching-miches","11":"product_tag-media-luna-miches","12":"product_tag-miches","13":"product_tag-miches-whale-watching","14":"product_tag-private-tours-samana","15":"product_tag-samana-bay","16":"product_tag-samana-whale-watching","17":"product_tag-whale-samana","18":"product_tag-whale-tours","19":"product_tag-whale-watching-dominican-republic","20":"product_tag-whale-watching-las-galeras","21":"product_tag-whale-watching-las-terrenas","22":"product_tag-whale-watching-samana","24":"first","25":"instock","26":"sale","27":"sold-individually","28":"shipping-taxable","29":"product-type-external"},"_links":{"self":[{"href":"https:\/\/haitises.com\/ar\/wp-json\/wp\/v2\/product\/10907","targetHints":{"allow":["GET"]}}],"collection":[{"href":"https:\/\/haitises.com\/ar\/wp-json\/wp\/v2\/product"}],"about":[{"href":"https:\/\/haitises.com\/ar\/wp-json\/wp\/v2\/types\/product"}],"wp:featuredmedia":[{"embeddable":true,"href":"https:\/\/haitises.com\/ar\/wp-json\/wp\/v2\/media\/440"}],"wp:attachment":[{"href":"https:\/\/haitises.com\/ar\/wp-json\/wp\/v2\/media?parent=10907"}],"wp:term":[{"taxonomy":"product_brand","embeddable":true,"href":"https:\/\/haitises.com\/ar\/wp-json\/wp\/v2\/product_brand?post=10907"},{"taxonomy":"product_cat","embeddable":true,"href":"https:\/\/haitises.com\/ar\/wp-json\/wp\/v2\/product_cat?post=10907"},{"taxonomy":"product_tag","embeddable":true,"href":"https:\/\/haitises.com\/ar\/wp-json\/wp\/v2\/product_tag?post=10907"}],"curies":[{"name":"wp","href":"https:\/\/api.w.org\/{rel}","templated":true}]}}