{"id":608,"date":"2020-07-12T21:05:28","date_gmt":"2020-07-12T21:05:28","guid":{"rendered":"http:\/\/haitises.com\/?post_type=product&#038;p=608"},"modified":"2024-04-16T03:21:46","modified_gmt":"2024-04-16T03:21:46","slug":"tour-privado-ballenas-y-cayo-levantado-desde-el-puerto-de-samana","status":"publish","type":"product","link":"https:\/\/haitises.com\/am\/\u12e8\u130d\u120d\/tour-privado-ballenas-y-cayo-levantado-desde-el-puerto-de-samana\/","title":{"rendered":"Tour privado Ballenas y Cayo Levantado desde el puerto de Saman\u00e1"},"content":{"rendered":"<div class=\"vc_row wpb_row vc_row-fluid\" ><div class=\"wpb_column vc_column_container vc_col-sm-12\"><div class=\"vc_column-inner\"><div class=\"wpb_wrapper\"><div class=\"vc_empty_space\"   style=\"height: 32px\"><span class=\"vc_empty_space_inner\"><\/span><\/div>[mkdf_section_title title_tag=\u00bb\u00bb disable_break_words=\u00bbno\u00bb subtitle_tag=\u00bb\u00bb title=\u00bbSamana Cayo Levantado + Excursi\u00f3n de Ballenas\u00bb subtitle=\u00bbTour en bote desde el puerto de Saman\u00e1\u00bb]<div class=\"vc_message_box vc_message_box-standard vc_message_box-rounded vc_color-info\" ><div class=\"vc_message_box-icon\"><i class=\"fas fa-info-circle\"><\/i><\/div><p>Este es un tour privado m\u00ednimo 4 personas. Para reservar el mismo viaje en grupos de catamar\u00e1n, haga clic aqu\u00ed.<br \/>\nSi son menos de 4 personas y le gustar\u00eda privado, cont\u00e1ctenos.<\/p>\n<\/div><div class=\"vc_empty_space\"   style=\"height: 32px\"><span class=\"vc_empty_space_inner\"><\/span><\/div><\/div><\/div><\/div><\/div><div class=\"vc_row wpb_row vc_row-fluid\" ><div class=\"wpb_column vc_column_container vc_col-sm-12\"><div class=\"vc_column-inner\"><div class=\"wpb_wrapper\">\n\t<div class=\"wpb_text_column wpb_content_element\" >\n\t\t<div class=\"wpb_wrapper\">\n\t\t\t<h3>\u1218\u130d\u1208\u132b<\/h3>\n<p>Evite grandes grupos de turistas y haga su observaci\u00f3n de ballenas en la bah\u00eda de Saman\u00e1 desde el puerto de Saman\u00e1 en un bote privado. Este viaje comienza a las 9:00 a.m. y termina a las 5:00 p.m. Pero debido a que ser\u00e1 un viaje privado, puede establecer el tiempo para comenzar y terminar. Reuni\u00f3n antes en nuestra oficina al lado del restaurante Royal. Despu\u00e9s de abortar nuestro barco para visitar a las ballenas en su propio h\u00e1bitat. Nuestros capitanes est\u00e1n entrenados para asegurarse de que veas ballenas.<\/p>\n<p>Desde las 9:00 am hasta las 12: 00-mediod\u00eda Observatorio de avistamiento de ballenas y despu\u00e9s de este viaje visitaremos la isla Bacardi \/ Cayo Levantado. En la isla de Bacardi, se proporcionar\u00e1 un almuerzo buffet de estilo t\u00edpico dominicano (arroz, frijoles, pescado, ensaladas &#8230;). Cuando termina el almuerzo, se le permite nadar hasta las 4:30 p.m. El recorrido finalizar\u00e1 a las 5:00 pm en el mismo puerto desde donde comenzar\u00e1.<\/p>\n<p><strong>\u121b\u1235\u1273\u12c8\u123b:<\/strong> Este tour es privado. (Solo usted y su familia o amigos a bordo con el capit\u00e1n y el gu\u00eda tur\u00edstico).<\/p>\n<ul>\n<li>Avistamiento de ballenas<\/li>\n<li>Entradas al Observatorio<\/li>\n<li>Incluye almuerzo buffet en la playa.<\/li>\n<li>Transporte de barco<\/li>\n<li>El Capit\u00e1n proporciona instrucci\u00f3n y supervisi\u00f3n.<\/li>\n<li>Gu\u00eda tur\u00edstico<\/li>\n<\/ul>\n<h3>\u121b\u12ab\u1270\u1275 \u12a5\u1293 \u121b\u130d\u1208\u120d<\/h3>\n<h4>\u121b\u12ab\u1270\u1275<\/h4>\n<ol>\n<li>Almuerzo buffet en la playa.<\/li>\n<li>Gu\u00eda tur\u00edstico<\/li>\n<li>Catamar\u00e1n o paseo en barco<\/li>\n<li>\u1201\u1209\u121d \u130d\u1265\u122e\u127d\u1363 \u12ad\u134d\u12eb\u12ce\u127d \u12a5\u1293 \u12e8\u12a0\u12eb\u12eb\u12dd \u12ad\u134d\u12eb\u12ce\u127d<\/li>\n<li>\u12e8\u12a0\u12ab\u1263\u1262 \u130d\u1265\u122e\u127d<\/li>\n<li>\u1218\u1320\u1326\u127d<\/li>\n<\/ol>\n<h4>\u12e8\u121b\u12ed\u12ab\u1270\u1271<\/h4>\n<ol>\n<li>\u1320\u1243\u121a \u121d\u12ad\u122e\u127d<\/li>\n<li>\u1218\u12aa\u1293 \u121b\u1235\u1270\u120b\u1208\u134d<\/li>\n<li>\u12e8\u12a0\u120d\u12ae\u120d \u1218\u1320\u1326\u127d<\/li>\n<\/ol>\n<h3><em>\u1218\u1290\u1233\u1275 \u12a5\u1293 \u1218\u1218\u1208\u1235<\/em><\/h3>\n<p>El viajero obtendr\u00e1 un punto de encuentro despu\u00e9s del proceso de reserva. Los tours comienzan y finalizan en nuestros puntos de encuentro.<\/p>\n<h3><em>\u121d\u1295 \u12ed\u1320\u1260\u1243\u120d?<\/em><\/h3>\n<p>Obtenga sus boletos para un d\u00eda de visita privada de avistamiento de ballenas en la bah\u00eda de Saman\u00e1, adem\u00e1s de un maravilloso almuerzo y tiempo de playa en la isla de Bacardi.<\/p>\n<p>El Daypass para la observaci\u00f3n de ballenas, organizado por \u00abBooking Adventures\u00bb comienza en el punto de encuentro establecido con el gu\u00eda tur\u00edstico. Almuerza en la playa y puedes quedarte todo el tiempo que quieras nadando. Si eres vegano, tambi\u00e9n podemos prepararte algo de comida.<\/p>\n<p><strong>Horario:<\/strong><\/p>\n<p>8:45 AM &#8211; 5:00 PM<\/p>\n<h3><em>\u121d\u1295 \u12ed\u12d8\u12cd \u12ed\u121d\u1321?<\/em><\/h3>\n<ul>\n<li>\u12ab\u121c\u122b<\/li>\n<li>\u12a0\u1235\u1338\u12eb\u134a\u12ce\u127d<\/li>\n<li>\u12e8\u1340\u1210\u12ed \u1218\u12a8\u120b\u12a8\u12eb<\/li>\n<li>\u12ae\u134d\u12eb<\/li>\n<li>\u121d\u1279 \u1231\u122a\u12ce\u127d<\/li>\n<li>Sandalias a la playa<\/li>\n<li>\u12e8\u1218\u12cb\u129b \u120d\u1265\u1235<\/li>\n<li>Efectivo para souvenirs<\/li>\n<\/ul>\n<h3><em>\u1206\u1274\u120d \u121b\u1295\u1233\u1275<\/em><\/h3>\n<p>\u1206\u1274\u120d \u1208\u1218\u12cd\u1230\u12f5 \u1208\u12da\u1205 \u1309\u1265\u129d\u1275 \u12a0\u12ed\u1230\u1325\u121d\u1362<\/p>\n<p><strong>\u121b\u1235\u1273\u12c8\u123b:<\/strong> \u12a8\u1309\u1265\u129d\u1271\/\u12e8\u123d\u122d\u123d\u122d \u1218\u1290\u123b \u130a\u12dc \u126024 \u1230\u12a0\u1273\u1275 \u12cd\u1235\u1325 \u1266\u1273 \u12ab\u1235\u12eb\u12d9\u1363\u1206\u1274\u120d \u1208\u1218\u12cd\u1230\u12f5 \u1270\u1328\u121b\u122a \u12ad\u134d\u12eb\u12ce\u127d\u1295 \u120d\u1293\u12d8\u130b\u1305 \u12a5\u1295\u127d\u120b\u1208\u1295\u1362 \u130d\u12e2\u12ce \u12a5\u1295\u12f0\u1270\u1320\u1293\u1240\u1240\u1363 \u1208\u12a0\u12ab\u1263\u1262\u12eb\u127d\u1295 \u12a0\u1235\u130e\u1265\u129a\u12ce\u127d \u12e8\u1218\u1230\u1265\u1230\u1262\u12eb \u12dd\u130d\u1305\u1276\u127d\u1295 \u1208\u121b\u12d8\u130b\u1300\u1275 \u12e8\u1270\u121f\u120b \u12e8\u1218\u1308\u129b \u12a0\u12f5\u122b\u123b (\u1235\u120d\u12ad \u1241\u1325\u122d\u1363 \u12a2\u121c\u12ed\u120d \u12a0\u12f5\u122b\u123b\u1363 \u12c8\u12d8\u1270) \u12a5\u1295\u120d\u12ad\u120d\u12ce\u1273\u1208\u1295\u1362<\/p>\n<h3><em>\u12e8\u1270\u1328\u121b\u122a \u1218\u1228\u1303 \u121b\u1228\u130b\u1308\u132b<\/em><\/h3>\n<ul>\n<li>\u1275\u12ac\u1276\u1279 \u1208\u12da\u1205 \u1309\u1265\u129d\u1275 \u12a8\u12a8\u1348\u1209 \u1260\u128b\u120b \u12f0\u1228\u1230\u129d \u1293\u1278\u12cd\u1362 \u12ad\u134d\u12eb\u12cd\u1295 \u1260\u1235\u120d\u12ad\u12ce \u120b\u12ed \u121b\u1233\u12e8\u1275 \u12ed\u127d\u120b\u1209\u1362<\/li>\n<li>\u12e8\u1235\u1265\u1230\u1263 \u1290\u1325\u1261 \u12a8\u1266\u1273 \u121b\u1235\u12eb\u12e3 \u1202\u12f0\u1271 \u1260\u128b\u120b \u12ed\u1240\u1260\u120b\u120d.<\/li>\n<li>\u120d\u1306\u127d \u12a8\u1275\u120d\u1245 \u1230\u12cd \u130b\u122d \u1218\u12eb\u12eb\u12dd \u12a0\u1208\u1263\u1278\u12cd.<\/li>\n<li>Accesible a silla de ruedas<\/li>\n<li>Los infantes deben sentarse en el regazo<\/li>\n<li>\u12a0\u1265\u12db\u129e\u1279 \u1270\u1313\u12e6\u127d \u1218\u1233\u1270\u134d \u12ed\u127d\u120b\u1209\u1362<\/li>\n<\/ul>\n<h3><em>\u12e8\u1235\u1228\u12db \u1218\u1218\u122a\u12eb<\/em><\/h3>\n<p>\u1208\u1219\u1209 \u1270\u1218\u120b\u123d \u1308\u1295\u12d8\u1265\u1363 \u120d\u121d\u12f5 \u12a8\u1218\u1300\u1218\u1229 \u1240\u1295 \u1260\u134a\u1275 \u1262\u12eb\u1295\u1235 24 \u1230\u12d3\u1273\u1275 \u12ed\u1230\u122d\u12d9\u1362<\/p>\n<h3>!Cont\u00e1ctenos!<br \/>\nTOUR BALLENAS SAMANA<\/h3>\n<p>\u12e8\u1309\u1265\u129d\u1275 \u1218\u1218\u122a\u12eb\u12ce\u127d\u00a0<strong>Locales<\/strong> \u12a5\u1293 <strong>\u1265\u1214\u122b\u12ca<\/strong> y servicios para hu\u00e9spedes<\/p>\n<p>\u12e8\u1270\u12eb\u12d9 \u1266\u1273\u12ce\u127d\u1361 \u1309\u1265\u129d\u1276\u127d \u12a5\u1293 \u123d\u122d\u123d\u122e\u127d \u1260\u12f6\u121d. \u1270\u12c8\u12ab\u12ed.<\/p>\n<p>\u1235\u120d\u12ad\/\u12cb\u1275\u1235\u12a0\u1355 +1-809-720-6035\u1362<\/p>\n<p>info@bookingadventures.com.do<\/p>\n<p>Hacemos tours privados de configuraci\u00f3n flexible por Whatsapp: +18097206035.<\/p>\n\n\t\t<\/div>\n\t<\/div>\n<\/div><\/div><\/div><\/div>","protected":false},"excerpt":{"rendered":"<p>Excursi\u00f3n privada de avistamiento de ballenas en la bah\u00eda de Saman\u00e1, Rep\u00fablica Dominicana, con gu\u00edas locales. No dudes en programar tu hora de llegada o terminar la excursi\u00f3n. El almuerzo y el horario son establecidos por usted mismo. Reserve ahora esta excursi\u00f3n en la bah\u00eda de Saman\u00e1 para una buena experiencia de viaje de observaci\u00f3n de ballenas.<\/p>\n<p>Nota: Este tour es un Tour privado con un pago m\u00ednimo. Para unirse a un grupo de observaci\u00f3n de ballenas con el mismo precio en Catamar\u00e1n, HAGA CLIC AQU\u00cd.<\/p>\n<p><strong>Por favor, seleccione la fecha de la excursi\u00f3n:<\/strong><\/p>","protected":false},"featured_media":259,"template":"","meta":[],"product_brand":[],"product_cat":[443,124,232],"product_tag":[137,162,201,143,277,271,278,234,279,280,236],"class_list":{"0":"post-608","1":"product","2":"type-product","3":"status-publish","4":"has-post-thumbnail","6":"product_cat-tours-y-excursiones-es","7":"product_cat-tours-excursions-samana-bay-dominican-republic","8":"product_cat-whale-watching-samana","9":"product_tag-bacardi-island","10":"product_tag-cayo-levantado-day-pass","11":"product_tag-private-tours-samana","12":"product_tag-samana-tours","13":"product_tag-samana-whale","14":"product_tag-samana-whale-watching","15":"product_tag-samana-whale-watching-excursions","16":"product_tag-whale-samana","17":"product_tag-whale-watching","18":"product_tag-whale-watching-2020","19":"product_tag-whale-watching-dominican-republic","21":"first","22":"instock","23":"sale","24":"sold-individually","25":"shipping-taxable","26":"product-type-external"},"_links":{"self":[{"href":"https:\/\/haitises.com\/am\/wp-json\/wp\/v2\/product\/608","targetHints":{"allow":["GET"]}}],"collection":[{"href":"https:\/\/haitises.com\/am\/wp-json\/wp\/v2\/product"}],"about":[{"href":"https:\/\/haitises.com\/am\/wp-json\/wp\/v2\/types\/product"}],"wp:featuredmedia":[{"embeddable":true,"href":"https:\/\/haitises.com\/am\/wp-json\/wp\/v2\/media\/259"}],"wp:attachment":[{"href":"https:\/\/haitises.com\/am\/wp-json\/wp\/v2\/media?parent=608"}],"wp:term":[{"taxonomy":"product_brand","embeddable":true,"href":"https:\/\/haitises.com\/am\/wp-json\/wp\/v2\/product_brand?post=608"},{"taxonomy":"product_cat","embeddable":true,"href":"https:\/\/haitises.com\/am\/wp-json\/wp\/v2\/product_cat?post=608"},{"taxonomy":"product_tag","embeddable":true,"href":"https:\/\/haitises.com\/am\/wp-json\/wp\/v2\/product_tag?post=608"}],"curies":[{"name":"wp","href":"https:\/\/api.w.org\/{rel}","templated":true}]}}