{"id":609,"date":"2020-07-12T21:58:33","date_gmt":"2020-07-12T21:58:33","guid":{"rendered":"http:\/\/haitises.com\/?post_type=product&#038;p=609"},"modified":"2024-04-16T03:11:10","modified_gmt":"2024-04-16T03:11:10","slug":"samana-walvisse-cayo-raisedo-bacardi-eiland-el-limon-waterval-uitstappie-vanaf-punta-cana-hotelle","status":"publish","type":"product","link":"https:\/\/haitises.com\/af\/privaat\/samana-walvisse-cayo-raisedo-bacardi-eiland-el-limon-waterval-uitstappie-vanaf-punta-cana-hotelle\/","title":{"rendered":"Saman\u00e1-walvistoer + Cayo Levantado (Bacardi-eiland) + El Lim\u00f3n-waterval vanaf Punta Cana-hotelle"},"content":{"rendered":"<div class=\"vc_row wpb_row vc_row-fluid\" ><div class=\"wpb_column vc_column_container vc_col-sm-12\"><div class=\"vc_column-inner\"><div class=\"wpb_wrapper\">[mkdf_section_title title_tag=\u00bb\u00bb disable_break_words=\u00bbno\u00bb subtitle_tag=\u00bb\u00bb title=\u00bbObservaci\u00f3n de Ballenas 2021 de Punta Cana a La Bah\u00eda de Saman\u00e1\u00bb subtitle=\u00bbCayo Levantado (Bacardi Island) + Cascada El Lim\u00f3n desde los hoteles de Punta Cana.\u00bb]<\/div><\/div><\/div><\/div><div class=\"vc_row wpb_row vc_row-fluid\" ><div class=\"wpb_column vc_column_container vc_col-sm-12\"><div class=\"vc_column-inner\"><div class=\"wpb_wrapper\">\n\t<div class=\"wpb_text_column wpb_content_element\" >\n\t\t<div class=\"wpb_wrapper\">\n\t\t\t<div class=\"vc_row wpb_row vc_row-fluid\">\n<div class=\"wpb_column vc_column_container vc_col-sm-12\">\n<div class=\"vc_column-inner\">\n<div class=\"wpb_wrapper\">\n<div class=\"wpb_text_column wpb_content_element\">\n<div class=\"wpb_wrapper\">\n<div class=\"vc_row wpb_row vc_row-fluid\">\n<div class=\"wpb_column vc_column_container vc_col-sm-12\">\n<div class=\"vc_column-inner\">\n<div class=\"wpb_wrapper\">\n<div class=\"wpb_text_column wpb_content_element\">\n<div class=\"wpb_wrapper\"><\/div>\n<\/div>\n<\/div>\n<\/div>\n<\/div>\n<\/div>\n<\/div>\n<\/div>\n<\/div>\n<\/div>\n<\/div>\n<\/div>\n<div class=\"vc_row wpb_row vc_row-fluid\">\n<div class=\"wpb_column vc_column_container vc_col-sm-12\">\n<div class=\"vc_column-inner\">\n<div class=\"wpb_wrapper\">\n<div class=\"wpb_text_column wpb_content_element\">\n<div class=\"wpb_wrapper\">\n<h3>Beskrywing<\/h3>\n<p>Walviskyk Punta Cana, walviskyk in Saman\u00e1baai en besoek Cayo Levantado plus El Lim\u00f3n Falls Safari tydens hierdie voldag-uitstappie vanaf Punta Cana-hotelle. Reis na Saman\u00e1baai aan boord van &#039;n gemaklike lugversorgde bus. Kondisionering, klim dan op &#039;n katamaran of boot in Miches. Vaar in oop waters om te soek na peule boggelrugwalvisse wat besoek afl\u00ea om hul kalwers in die omgewing te broei en geboorte te gee. Leer oor die gedrag en biologie van hierdie seesoogdiere uit jou kundige natuurkundige gids. Gaan voort na Cayo Levantado\/Bacardi-eiland, vir middagete op die strand en &#039;n duik in die blou water na hierdie safari-uitstappie na die Lim\u00f3n-watervalle met perde wat deur die klapperwoud ry voordat jy terugkeer na Punta Cana.<\/p>\n<p><strong>Let wel:<\/strong> Hierdie toer is nie privaat nie. Hierdie toer het &#039;n stop by die Lim\u00f3n-waterval ingesluit. Om dieselfde reis te bespreek en nie na die watervalle te gaan nie, KLIK HIER.<\/p>\n<ul>\n<li>Walvis kyk<\/li>\n<li>Bacardi-eiland \/ Cayo Levantado<\/li>\n<li>Toegangskaartjies tot die Observatory<\/li>\n<li>Samana Safari<\/li>\n<li>El Limon Watervalle Perdry<\/li>\n<li>Sluit buffet middagete op die strand in.<\/li>\n<li>Maritieme vervoer (skip)<\/li>\n<li>Die Kaptein verskaf onderrig en toesig.<\/li>\n<li>Toergids<\/li>\n<\/ul>\n<p>&nbsp;<\/p>\n<h3><em>Insluitings en uitsluitings<\/em><\/h3>\n<h4>Insluitings<\/h4>\n<ol>\n<li>Buffet middagete op die strand.<\/li>\n<li>Oordrag vanaf hotelle<\/li>\n<li>Toergids<\/li>\n<li>Katamaran of bootrit<\/li>\n<li>Alle belastings, fooie en hanteringskoste<\/li>\n<li>Plaaslike belasting<\/li>\n<li>Drankies<\/li>\n<\/ol>\n<h4>Uitsluitings<\/h4>\n<ol>\n<li>Wenke<\/li>\n<\/ol>\n<h3>Vertrek en terugkeer<\/h3>\n<p>Hotelbakkie word vir hierdie toer aangebied. Skryf eenvoudig die naam van die hotel vir afhaal in die notas. Ons tel op by alle hotelle in Punta Cana.<\/p>\n<h3>Saman\u00e1-walviskyk + Cayo Levantado (Bacardi-eiland) + Lim\u00f3n-watervalle vanaf Punta Cana-hotelle.<\/h3>\n<h3><em>Wat om te verwag?<\/em><\/h3>\n<p>Kom nader aan die sagte reuse van die Dominikaanse Republiek se see tydens hierdie 12-uur boggelrugwalviskyk-uitstappie in S\u00e1manabaai. Spandeer &#039;n onvergeetlike dag deur na sommige van die duisende walvisse te kyk wat elke jaar na die eiland kom om in sy warm tropiese water te paar, te voed en te speel. Terwyl jy hierdie pragtige wesens waarneem, sal jy &#039;n unieke insig van jou kundige walviskykgids geniet. Sluit die dag af met &#039;n ingesluit middagete en strandtyd op die pragtige eiland Cayo Levantado. Re-en-reis hotelvervoer is ook ingesluit.<\/p>\n<p>Vanaf 9:00 vm. tot 12:00-middag Walviskyksterrewag en na hierdie reis sal ons Bacardi-eiland \/ Cayo Levantado besoek. Op Bacardi-eiland sal &#039;n tipiese Dominikaanse styl buffet middagete voorsien word (rys, boontjies, vis, slaaie ...). Wanneer jy middagete klaarmaak, mag jy swem en voorberei om na El Lim\u00f3n-watervalle te gaan tot 16:30 Die toer eindig om 17:00 by dieselfde hawe vanwaar jy aan boord van ons katamaran en jou pendelbus sal begin. na die hotelle in Punta Cana.<\/p>\n<p><strong>Skedule:<\/strong><\/p>\n<ul>\n<li>6:00 \u2013 7:00 Ophaal van kli\u00ebnte by die verskillende hotelle.<\/li>\n<li>07:00 Vertrek na Las Canitas in Sabana de la Mar<\/li>\n<li>08:15 Aankoms by die privaat beskuldigdebank<\/li>\n<li>08:15 \u2013 8:40 Ontbyttyd (toebroodjies, muffins, tee, koffie, sappe)<\/li>\n<li>8:45 Aan boord om ons reis na die boggelrugwalvis-reservaat in Saman\u00e1 te begin<\/li>\n<li>11:00 Soek vir die walvisse vir &#039;n tydperk van 45 minute. Dit is die tyd wat deur regeringsre\u00ebls gevolg word.<\/li>\n<li>11:45 Gaan na Cayo Levantado in Saman\u00e1baai<\/li>\n<li>12:30 Aankoms by Cayo Levantado<\/li>\n<li>13:00 Middagete tyd (buffet middagete, tipies Dominikaanse) *<\/li>\n<li>13:45 \u2013 15:30 Vrye tyd in Cayo Levantado<\/li>\n<li>15:00 \u2013 15:45 Weer aan boord na Miches<\/li>\n<li>17:00 Aankoms in Miches en vertrek na die hotelle in Punta Cana<\/li>\n<li>19:30 \u2013 20:00 Aankoms by hotelle in Punta Cana<\/li>\n<\/ul>\n<p>* Middagete-spyskaart (tipies Dominikaanse)<br \/>\nRys, geroosterde hoender of geroosterde vis, slaai, groente, vars vrugte.<\/p>\n<p>*Kli\u00ebnte wat kies om die stop by die El Lim\u00f3n-waterval by te voeg n\u00e1 walviskyk, sal na die waterval beweeg en minder tyd h\u00ea om in Cayo Levantado deur te bring.<\/p>\n<p>Hierdie toer het &#039;n stop by die Lim\u00f3n-waterval ingesluit. Om dieselfde reis te bespreek en nie na die watervalle te gaan nie, KLIK HIER.<\/p>\n<h3><em>Wat moet jy saambring?<\/em><\/h3>\n<ul>\n<li>Kamera<\/li>\n<li>Afweermiddels<\/li>\n<li>sonskerm<\/li>\n<li>Hoed<\/li>\n<li>Gemaklike broek<\/li>\n<li>Sandale na die strand<\/li>\n<li>Swembroek<\/li>\n<li>Kontant vir aandenkings en wenke<\/li>\n<\/ul>\n<h3><em>Hotel bakkie<\/em><\/h3>\n<p>Hotelbakkie word vir hierdie toer aangebied. Skryf eenvoudig die naam van die hotel vir afhaal in die notas. Ons tel op by alle hotelle in Punta Cana.<\/p>\n<p><strong>Let wel:<\/strong> As jy binne 24 uur van die toer\/uitstappie se vertrektyd bespreek, kan ons hotel optel re\u00ebl. Sodra jou aankoop voltooi is, sal ons vir jou volledige kontakinligting (foonnommer, e-posadres, ens.) stuur vir ons plaaslike toergids om afhaalre\u00eblings te re\u00ebl.<\/p>\n<h3><em>Bevestiging van bykomende inligting<\/em><\/h3>\n<ul>\n<li>Die kaartjies is die kwitansie na betaling vir hierdie toer. Jy kan die betaling op jou foon wys.<\/li>\n<li>Die ontmoetingspunt sal na die besprekingsproses ontvang word.<\/li>\n<li>Kinders moet deur &#039;n volwassene vergesel word.<\/li>\n<li>Rolstoel toeganklik<\/li>\n<li>Babas moet op die skoot sit<\/li>\n<li>Die meeste reisigers kan deelneem.<\/li>\n<\/ul>\n<h3><em>Kansellasie beleid<\/em><\/h3>\n<p>Vir &#039;n volle terugbetaling, kanselleer ten minste 24 uur voor die ervaring se begindatum.<\/p>\n<h4>Kontak Ons!<br \/>\nSAMANA WALVISTOER<\/h4>\n<p>Toergidse <strong>plaaslike<\/strong> en <strong>nasionale<\/strong> en gastedienste<\/p>\n<p>Besprekings: Toere en uitstappies in Dom. Rep.<\/p>\n<p>Tel\/Whatsapp +1-809-720-6035.<\/p>\n<p>info@bookingadventures.com.do<\/p>\n<p><em>Ons doen &#039;n buigsame opstelling vir privaat toere<\/em>\u00a0<strong>WhatsApp:\u00a0<a href=\"tel:+18097206035\">+18097206035.<\/a><\/strong><\/p>\n<\/div>\n<\/div>\n<\/div>\n<\/div>\n<\/div>\n<\/div>\n\n\t\t<\/div>\n\t<\/div>\n<\/div><\/div><\/div><\/div>","protected":false},"excerpt":{"rendered":"<p>Vanaf die Punta Cana-hotelle sal ons die pragtige landskappe van die Oostelike Cordillera geniet terwyl ons noord van Punta Cana ry voordat ons die klein vissersdorpie Miches, aan die suidelike kus van Saman\u00e1baai, bereik. Daar kan jy &#039;n vinnige ontbyt geniet voordat jy op die boot na Saman\u00e1 klim. Ons sal diep in die baai vaar om walvisse te kyk. Eers sal ons by Cayo Levantado aankom, ook bekend as Bacardi-eiland as gevolg van sy noue ooreenkoms met die strande wat Bacardi-rum eens vir sy bekende advertensies gebruik het. Cayo Levantado is &#039;n tropiese oase: &#039;n klein eiland in die middel van die see met turkoois water en wit sand. Hierna &#039;n Safari in die gemeenskap van Saman\u00e1 na die watervalle. By die watervalle maak Lim\u00f3n gereed vir perdry of stap. Dit is &#039;n unieke volledige avontuur.<\/p>\n<p>Hierdie toer het &#039;n stop by die Lim\u00f3n-waterval ingesluit. Om dieselfde reis te bespreek en nie na die watervalle te gaan nie, KLIK HIER.<\/p>\n<p><strong>Kies asseblief die datum van die uitstappie:<\/strong><\/p>","protected":false},"featured_media":427,"template":"","meta":[],"product_brand":[],"product_cat":[120,443,232],"product_tag":[390,137,162,364,260,283,345,420,201,141,391,228,147,392,357,271,421,393,234,280,394,236,395],"class_list":{"0":"post-609","1":"product","2":"type-product","3":"status-publish","4":"has-post-thumbnail","6":"product_cat-fees-entrace","7":"product_cat-tours-y-excursiones-es","8":"product_cat-whale-watching-samana","9":"product_tag-390","10":"product_tag-bacardi-island","11":"product_tag-cayo-levantado-day-pass","12":"product_tag-cheap-punta-cana-excursions","13":"product_tag-day-trip-punta-cana","14":"product_tag-el-limon-waterfall-and-bacardi-island-tour-from-punta-cana","15":"product_tag-half-day-whale-watching-miches","16":"product_tag-limon-from-punta-cana","17":"product_tag-private-tours-samana","18":"product_tag-punta-cana","19":"product_tag-punta-cana-activities","20":"product_tag-punta-cana-tours","21":"product_tag-samana-bay","22":"product_tag-samana-day-trip","23":"product_tag-samana-day-trip-from-punta-cana","24":"product_tag-samana-whale-watching","25":"product_tag-waterfalls-punta-cana","26":"product_tag-whale-punta-cana","27":"product_tag-whale-samana","28":"product_tag-whale-watching-2020","29":"product_tag-whale-watching-2020-in-punta-cana-to-samana-bay-cayo-levantado-bacardi-island-from-hotels","30":"product_tag-whale-watching-dominican-republic","31":"product_tag-whale-watching-punta-cana","33":"first","34":"instock","35":"sale","36":"sold-individually","37":"shipping-taxable","38":"product-type-external"},"_links":{"self":[{"href":"https:\/\/haitises.com\/af\/wp-json\/wp\/v2\/product\/609","targetHints":{"allow":["GET"]}}],"collection":[{"href":"https:\/\/haitises.com\/af\/wp-json\/wp\/v2\/product"}],"about":[{"href":"https:\/\/haitises.com\/af\/wp-json\/wp\/v2\/types\/product"}],"wp:featuredmedia":[{"embeddable":true,"href":"https:\/\/haitises.com\/af\/wp-json\/wp\/v2\/media\/427"}],"wp:attachment":[{"href":"https:\/\/haitises.com\/af\/wp-json\/wp\/v2\/media?parent=609"}],"wp:term":[{"taxonomy":"product_brand","embeddable":true,"href":"https:\/\/haitises.com\/af\/wp-json\/wp\/v2\/product_brand?post=609"},{"taxonomy":"product_cat","embeddable":true,"href":"https:\/\/haitises.com\/af\/wp-json\/wp\/v2\/product_cat?post=609"},{"taxonomy":"product_tag","embeddable":true,"href":"https:\/\/haitises.com\/af\/wp-json\/wp\/v2\/product_tag?post=609"}],"curies":[{"name":"wp","href":"https:\/\/api.w.org\/{rel}","templated":true}]}}