{"id":567,"date":"2020-06-27T19:12:20","date_gmt":"2020-06-27T19:12:20","guid":{"rendered":"http:\/\/haitises.com\/?post_type=product&#038;p=567"},"modified":"2024-04-16T21:43:21","modified_gmt":"2024-04-16T21:43:21","slug":"excursion-cascada-el-limon-y-cayo-levantado-desde-punta-cana","status":"publish","type":"product","link":"https:\/\/haitises.com\/af\/privaat\/excursion-cascada-el-limon-y-cayo-levantado-desde-punta-cana\/","title":{"rendered":"El Lim\u00f3n-waterval en Cayo Levantado-uitstappie vanaf Punta Cana"},"content":{"rendered":"<div class=\"vc_row wpb_row vc_row-fluid\" ><div class=\"wpb_column vc_column_container vc_col-sm-12\"><div class=\"vc_column-inner\"><div class=\"wpb_wrapper\">[mkdf_section_title subtitle_tag=\u00bb\u00bb subtitle=\u00bb(Recogida en Punta Cana)\u00bb]<\/div><\/div><\/div><\/div><div class=\"vc_row wpb_row vc_row-fluid\" ><div class=\"wpb_column vc_column_container vc_col-sm-12\"><div class=\"vc_column-inner\"><div class=\"wpb_wrapper\">\n\t<div class=\"wpb_text_column wpb_content_element\" >\n\t\t<div class=\"wpb_wrapper\">\n\t\t\t<h2>El Lim\u00f3n-waterval en Cayo Levantado van Punta Cana-hotelle<\/h2>\n<h3>Beskrywing<\/h3>\n<p>As jy in Punta Cana of B\u00e1varo is, soek &#039;n daguitstappie wat minder as normaal betaal. Bespreek hierdie reis met &#039;n bakkie vanaf jou hotel in Punta Cana. Die bus sal jou na Sabana de la Mar neem, waar ons &#039;n katamaran sal neem om by Saman\u00e1baai verby te gaan. Besoek die gemeenskap van Saman\u00e1 op Safari om die gemeenskap van El Lim\u00f3n te bereik, perdry of stap na die watervalle nadat jy die baai van Saman\u00e1 oorgesteek het en etenstyd op Bacardi-eiland. Hierdie reis begin om 06:00 en eindig om 18:30<\/p>\n<p>Na hierdie ervaring, sal jy terugkeer na jou hotel.<\/p>\n<ul>\n<li>Belasting ingesluit<\/li>\n<li>Middagete op die strand ingesluit.<\/li>\n<li>Oordrag ingesluit<\/li>\n<li>Die gids verskaf onderrig en toesig.<\/li>\n<\/ul>\n<h3>Insluitings en uitsluitings<\/h3>\n<h4>Insluitings<\/h4>\n<ol>\n<li>Hotel bakkie.<\/li>\n<li>Samanabaai<\/li>\n<li>Cayo Levantado, strand en middagete<\/li>\n<li>Safari na El Lim\u00f3n<\/li>\n<li>Perdry of stap na watervalle<\/li>\n<li>Dominikaanse cocktails<\/li>\n<li>Alle belastings, fooie en hanteringskoste<\/li>\n<li>Plaaslike belasting<\/li>\n<li>Drankies<\/li>\n<li>Al die aktiwiteite<\/li>\n<li>Plaaslike gids<\/li>\n<\/ol>\n<h4>Uitsluitings<\/h4>\n<ol>\n<li>Wenke<\/li>\n<li>Alkoholiese drankies na skemerkelkies<\/li>\n<\/ol>\n<h3><em>Vertrek en terugkeer<\/em><\/h3>\n<p>Die reisiger sal &#039;n ontmoetingspunt kry na die besprekingsproses. Toere begin en eindig by ons ontmoetingspunte.<\/p>\n<h3><em>Wat om te verwag?<\/em><\/h3>\n<p>Kry jou kaartjies om die watervalle te perd te besoek of te stap, Saman\u00e1 Safari, swem in die natuurlike fonteine, na die watervalle-middagete op Bacardi-eiland en strandtyd.<\/p>\n<p>Vanaf Punta Cana per bus ry ons na die hawe van Saman\u00e1baai. By die hawe klim ons op &#039;n boot of katamaran saam met &#039;n plaaslike toergids, ons gaan verby die baai van Saman\u00e1 na die gemeenskap van Saman\u00e1. Neem &#039;n safari saam met &#039;n plaaslike toergids om oor die geskiedenis van Saman\u00e1 te praat totdat jy die gemeenskap van El Lim\u00f3n bereik. In die gemeenskap van El Lim\u00f3n begin ons stap of perdry deur die El Lim\u00f3n-woud tot by die El Lim\u00f3n-watervalle. Waar ons kan swem as ons aankom! Nadat u teruggekeer het na Safari om na die hawe van Saman\u00e1 te gaan. Jy sal die eiland Cayo Levantado besoek vir middagete op die strand en swem op een van die mooiste eilande in die Dominikaanse Republiek.<\/p>\n<p>As jy van hierdie reis langer of korter hou, kontak ons asseblief...<\/p>\n<h3><em>Wat moet jy saambring?<\/em><\/h3>\n<ul>\n<li>Kamera<\/li>\n<li>Afweermiddels<\/li>\n<li>Sonskerm<\/li>\n<li>Hoed<\/li>\n<li>Gemaklike broek<\/li>\n<li>Bos stapskoene<\/li>\n<li>Sandale na lentegebiede.<\/li>\n<li>Swembroek<\/li>\n<\/ul>\n<h3><em>Hotel bakkie<\/em><\/h3>\n<p>Reisiger-bakkie aangebied!<\/p>\n<p>Ons tel op by alle hotelle in Punta Cana. Afhaalplek is die hotelvoorportaal.<br \/>\nAs jy in &#039;n woonstel in die area bly, sal ons jou by die woonstel of die naaste oord-ingang kom haal. Ons stel afhaal in deur ons op Whatsapp te kontak.<\/p>\n<p><strong>Let wel:<\/strong> As jy binne 24 uur van die toer\/uitstappie se vertrektyd bespreek, kan ons hotel optel re\u00ebl. Sodra jou aankoop voltooi is, sal ons vir jou volledige kontakinligting (foonnommer, e-posadres, ens.) stuur vir ons plaaslike toergids om afhaalre\u00eblings te re\u00ebl.<\/p>\n<h3><em>Bevestiging van bykomende inligting<\/em><\/h3>\n<ul>\n<li>Die kaartjies is die kwitansie na betaling vir hierdie toer. Jy kan die betaling op jou foon wys.<\/li>\n<li>Die ontmoetingspunt sal na die besprekingsproses ontvang word.<\/li>\n<li>Kinders moet deur &#039;n volwassene vergesel word.<\/li>\n<li>Nie rolstoeltoeganklik nie<\/li>\n<li>Babas moet in &#039;n babastoeltjie of saam met &#039;n volwassene sit<\/li>\n<li>Nie aanbeveel vir reisigers met rugprobleme nie.<\/li>\n<li>Nie aanbeveel vir swanger vroue nie.<\/li>\n<li>Geen hartprobleme of ander ernstige mediese toestande nie.<\/li>\n<li>Die meeste reisigers kan deelneem.<\/li>\n<\/ul>\n<h3><em>Kansellasie beleid<\/em><\/h3>\n<p>Vir &#039;n volle terugbetaling, kanselleer ten minste 24 uur voor die ervaring se begindatum.<\/p>\n<h3><em>Kontak Ons?<\/em><\/h3>\n<p>Avontuurbesprekings<br \/>\nPlaaslike en nasionale toergidse en gastedienste<\/p>\n<p>Besprekings: Toere en uitstappies in Dom Reps.<\/p>\n<p>\ud83d\udcde Tel\/Whatsapp +1-809-720-6035.<\/p>\n<p>\ud83d\udce9 info@bookingadventures.com.do<\/p>\n<p>Ons doen privaat toere met buigsaamheid deur Whatsapp: +18097206035.<\/p>\n\n\t\t<\/div>\n\t<\/div>\n<\/div><\/div><\/div><\/div>","protected":false},"excerpt":{"rendered":"<p>As jy in Punta Cana of B\u00e1varo is, soek &#039;n daguitstappie wat minder as normaal betaal. Bespreek hierdie reis met &#039;n bakkie vanaf jou hotel in Punta Cana. Die bus sal jou na Sabana de la Mar neem, waar ons &#039;n katamaran sal neem om by Saman\u00e1baai verby te gaan. Besoek die gemeenskap van Saman\u00e1 op Safari om die gemeenskap van El Lim\u00f3n te bereik, perdry of stap na die watervalle nadat jy die baai van Saman\u00e1 oorgesteek het en etenstyd op Bacardi-eiland. Hierdie reis begin om 06:00 en eindig om 18:30<\/p>\n<p><strong>Kies asseblief die datum vir die toer:<\/strong><\/p>","protected":false},"featured_media":320,"template":"","meta":[],"product_brand":[],"product_cat":[96,97,136,264,122,443,123,124],"product_tag":[137,138,281,139,282,283,140,284,141,114,285,142,143],"class_list":{"0":"post-567","1":"product","2":"type-product","3":"status-publish","4":"has-post-thumbnail","6":"product_cat-hiking","7":"product_cat-horse-riding-to-waterfalls","8":"product_cat-safari-samana","9":"product_cat-salto-el-limon-and-bacardi-island","10":"product_cat-tours-and-excursions","11":"product_cat-tours-y-excursiones-es","12":"product_cat-tours-excursions-los-haitises-national-park","13":"product_cat-tours-excursions-samana-bay-dominican-republic","14":"product_tag-bacardi-island","15":"product_tag-beach-time","16":"product_tag-cascada-el-limon-salto-el-limon-samana-republica-dominicana","17":"product_tag-cayo-levantado","18":"product_tag-el-limon-waterfall-bacardi-island-from-punta-cana","19":"product_tag-el-limon-waterfall-and-bacardi-island-tour-from-punta-cana","20":"product_tag-el-limon-waterfalls","21":"product_tag-guided-adventures","22":"product_tag-punta-cana","23":"product_tag-sabana-de-la-mar","24":"product_tag-salto-de-limon-punta-cana","25":"product_tag-samana","26":"product_tag-samana-tours","28":"first","29":"instock","30":"sale","31":"sold-individually","32":"shipping-taxable","33":"product-type-external"},"_links":{"self":[{"href":"https:\/\/haitises.com\/af\/wp-json\/wp\/v2\/product\/567","targetHints":{"allow":["GET"]}}],"collection":[{"href":"https:\/\/haitises.com\/af\/wp-json\/wp\/v2\/product"}],"about":[{"href":"https:\/\/haitises.com\/af\/wp-json\/wp\/v2\/types\/product"}],"wp:featuredmedia":[{"embeddable":true,"href":"https:\/\/haitises.com\/af\/wp-json\/wp\/v2\/media\/320"}],"wp:attachment":[{"href":"https:\/\/haitises.com\/af\/wp-json\/wp\/v2\/media?parent=567"}],"wp:term":[{"taxonomy":"product_brand","embeddable":true,"href":"https:\/\/haitises.com\/af\/wp-json\/wp\/v2\/product_brand?post=567"},{"taxonomy":"product_cat","embeddable":true,"href":"https:\/\/haitises.com\/af\/wp-json\/wp\/v2\/product_cat?post=567"},{"taxonomy":"product_tag","embeddable":true,"href":"https:\/\/haitises.com\/af\/wp-json\/wp\/v2\/product_tag?post=567"}],"curies":[{"name":"wp","href":"https:\/\/api.w.org\/{rel}","templated":true}]}}