{"id":560,"date":"2020-06-24T11:16:49","date_gmt":"2020-06-24T11:16:49","guid":{"rendered":"http:\/\/haitises.com\/?post_type=product&#038;p=560"},"modified":"2024-03-17T14:02:25","modified_gmt":"2024-03-17T14:02:25","slug":"excursion-de-observacion-de-aves-en-el-parque-nacional-los-haitises","status":"publish","type":"product","link":"https:\/\/haitises.com\/af\/privaat\/excursion-de-observacion-de-aves-en-el-parque-nacional-los-haitises\/","title":{"rendered":"Vo\u00eblkyk-uitstappie in Los Haitises Nasionale Park"},"content":{"rendered":"<div class=\"vc_row wpb_row vc_row-fluid\" ><div class=\"wpb_column vc_column_container vc_col-sm-12\"><div class=\"vc_column-inner\"><div class=\"wpb_wrapper\">[mkdf_section_title subtitle_tag=\u00bb\u00bb subtitle=\u00bbRidgway&#8217;s Hawk Tour &#8211; El Gavil\u00e1n de La Hispaniola en Los Haitises\u00bb]<\/div><\/div><\/div><\/div><div class=\"vc_row wpb_row vc_row-fluid\" ><div class=\"wpb_column vc_column_container vc_col-sm-12\"><div class=\"vc_column-inner\"><div class=\"wpb_wrapper\">\n\t<div class=\"wpb_text_column wpb_content_element\" >\n\t\t<div class=\"wpb_wrapper\">\n\t\t\t<h2>Vo\u00eblkyk in Los Haitises Nasionale Park<\/h2>\n<h3>Beskrywing<\/h3>\n<p>Los Haitises Nasionale Park is &#039;n gewilde bestemming vir natuurliefhebbers en vo\u00eblkykers, aangesien dit van uiterste belang is vir biodiversiteit en fauna rykdom, beide in terme van endemisme en spesies. Tropiese oerwoud met indrukwekkende landskappe en een van die grootste en belangrikste natuurreservate in die Dominikaanse Republiek. Los Haitises is die tuiste van &#039;n wye verskeidenheid inheemse, endemiese en trekvo\u00ebls, waarvan sommige redelik skaars en bedreig is. Die meeste mense gaan per boot uit om die park en sy grotte, eilande en wild te verken.<\/p>\n<p>Ons bewaar 110 spesies vo\u00ebls wat jy in Los Haitises Nasionale Park kan vind. Stap deur hierdie magiese woud op soek na papegaaie, klowe, valke, tanangers, kolibries en nog baie meer. Dit bied &#039;n interessante storie oor al hierdie vo\u00ebls wat jy op die re\u00ebnwoudroete kan sien. Ons ken die habitatte van mossies, Asgesiguile en ander endemiese spesies. Hierdie toer fokus op die natuur en is meer gekonsentreer op wildinligting.<\/p>\n<p>Dit is gewoonlik &#039;n privaat toer vir &#039;n werklik ho\u00eb-gehalte ervaring.<\/p>\n<h3>Insluitings en uitsluitings<\/h3>\n<h4>Insluitings<\/h4>\n<ol>\n<li>3 ure se vo\u00eblloop op parkroetes<\/li>\n<li>Alle belastings, fooie en hanteringskoste<\/li>\n<li>Plaaslike belasting<\/li>\n<li>Omgewingsbeamptes Engelse\/Spaanse toergidse<\/li>\n<\/ol>\n<h4>Uitsluitings<\/h4>\n<ol>\n<li>Wenke<\/li>\n<li>Vervoer<\/li>\n<li>Drink<\/li>\n<\/ol>\n<h3><em>Vertrek en terugkeer<\/em><\/h3>\n<p>El recorrido, organizado por \u00abBooking Adventures\u00bb, comienza en el punto de encuentro establecido con el gu\u00eda tur\u00edstico. El viajero obtendr\u00e1 un punto de encuentro despu\u00e9s del proceso de reserva. Los tours comienzan y terminan en nuestros puntos de encuentro.<\/p>\n<h3><em>Wat om te verwag?<\/em><\/h3>\n<p>Kry jou kaartjie vir vo\u00eblkyk in Los Haitises Nasionale Park.<\/p>\n<p>Hierdie uitstappie begin vanaf die ontmoetingspunt wat langs die bospaadjies stap tot by die nesgebiede. Na 30 minute se stap en die Gavilanes waarneem, het ons die opsie om verder te stap en na papegaaie, bekke en ander endemiese spesies in Los Haitises Nasionale Park te soek.<\/p>\n<p>Los Haitises Nasionale Park het net twee vo\u00eblkykroetes in Sabana de la Mar. Op pad na Los Hiatises Nasionale Park stop ons by &#039;n paar plekke om nog vo\u00ebls te sien.<\/p>\n<p>Om in die baai van San Lorenzo te wees. Ons gaan twee grotte besoek, die sogenaamde Sandly Cave in Spaans Cueva de la Arena; In hierdie grot kan ons die rotstekeninge van die Taino-gemeenskappe sien wat in hierdie gebied gebly het. en die grotte as &#039;n tempel te gebruik.<\/p>\n<p>Daarna gaan ons na die Linea-grot, hierdie een met 2 243 oorspronklike prente en ons toergids verduidelik die argeologiese inligting oor daardie prente.<\/p>\n<p>Met die boot weer na El Cayo de los P\u00e1jaros (Vo\u00ebl-eiland) waar ons die meeste van die vo\u00ebls van die vleilande rondom Los Haitises Nasionale Park kan sien. Net omdat al die vo\u00ebls nie in die water is nie.<\/p>\n<p>Nadat 4 en &#039;n half uur oor vo\u00ebls in Los Haitises Nasionale Park geleer het, eindig hierdie uitstappie op dieselfde plek wat dit begin het.<\/p>\n<p><strong>Let wel<\/strong>: Hierdie toere is saam met toergidse van Amptelike Ekolo\u00eb. Bespreek vooraf want daar is nie baie spesialiste in die park nie.<\/p>\n<h3>Wat moet jy saambring?<\/h3>\n<ul>\n<li>Kamera<\/li>\n<li>Verkyker<\/li>\n<li>Afweermiddels<\/li>\n<li>sonskerm<\/li>\n<li>Hoed<\/li>\n<li>Gemaklike broek<\/li>\n<li>Bos stapskoene<\/li>\n<li>Sandale na lentegebiede.<\/li>\n<li>Swembroek<\/li>\n<\/ul>\n<h3><em>Hotel bakkie<\/em><\/h3>\n<p>Hotelbakkie word nie vir hierdie toer aangebied nie.<\/p>\n<p><strong>Let wel<\/strong>: As jy binne 24 uur van die toer\/uitstappie se vertrektyd bespreek, kan ons hotelophaal re\u00ebl met bykomende koste. Sodra jou aankoop voltooi is, sal ons vir jou volledige kontakinligting (foonnommer, e-posadres, ens.) stuur vir ons plaaslike toergids om afhaalre\u00eblings te re\u00ebl.<\/p>\n<h3><em>Bevestiging van bykomende inligting<\/em><\/h3>\n<ol>\n<li>Die kaartjies is die kwitansie na betaling vir hierdie toer. Jy kan die betaling op jou foon wys.<\/li>\n<li>Die ontmoetingspunt sal na die besprekingsproses ontvang word.<\/li>\n<li>Kinders moet deur &#039;n volwassene vergesel word.<\/li>\n<li>Nie rolstoeltoeganklik nie<\/li>\n<li>Babas moet in &#039;n babastoeltjie of saam met &#039;n volwassene sit<\/li>\n<li>Nie aanbeveel vir reisigers met rugprobleme nie.<\/li>\n<li>Nie aanbeveel vir swanger vroue nie.<\/li>\n<li>Geen hartprobleme of ander ernstige mediese toestande nie.<\/li>\n<li>Die meeste reisigers kan deelneem.<\/li>\n<\/ol>\n<p>Hierdie toer word vir &#039;n minimum van 2 mense en &#039;n maksimum van 15 mense aangebied. In die geval van minder mense, kontak ons asseblief.<\/p>\n<h3><em>Kansellasie beleid<\/em><\/h3>\n<p>Vir &#039;n volle terugbetaling, kanselleer ten minste 24 uur voor die ervaring se begindatum.<\/p>\n<h3>Kontak Ons?<\/h3>\n<p>Bespreking Avonture<br \/>\nPlaaslike en nasionale toergidse en gastedienste<\/p>\n<p>Besprekings: Toere en uitstappies in Dom Reps.<\/p>\n<p>\ud83d\udcde Tel\/Whatsapp +1-809-720-6035.<\/p>\n<p>\ud83d\udce9 info@bookingadventures.com.do<\/p>\n<p>Ons organiseer privaat toere met buigsaamheid deur Whatsapp: +18097206035.<\/p>\n\n\t\t<\/div>\n\t<\/div>\n<\/div><\/div><\/div><\/div>","protected":false},"excerpt":{"rendered":"<p>Die reis na Los Haitises Nasionale Park met &#039;n plaaslike toergids fokus op vo\u00eblkyk + Grotte. Besoek die sleutels in Los Haitises Nasionale Park, mangroves, plantegroei, vo\u00eblkyk, grotte, prente en die historiese gebiede van Sabana de la Mar in Los Haitises Nasionale Park.<\/p>\n<p><strong>Kies asseblief die datum vir die toer<\/strong><\/p>","protected":false},"featured_media":177,"template":"","meta":[],"product_brand":[],"product_cat":[119,120,96,98,121,122,443,123,124],"product_tag":[176,177,178,179,180,181,182,183,184,185,186,132,187,133,188,189,190,191,192,114,142,147,193],"class_list":{"0":"post-560","1":"product","2":"type-product","3":"status-publish","4":"has-post-thumbnail","6":"product_cat-caves","7":"product_cat-fees-entrace","8":"product_cat-hiking","9":"product_cat-local-tour-guides","10":"product_cat-mangroves","11":"product_cat-tours-and-excursions","12":"product_cat-tours-y-excursiones-es","13":"product_cat-tours-excursions-los-haitises-national-park","14":"product_cat-tours-excursions-samana-bay-dominican-republic","15":"product_tag-biding-sabana-de-la-mar","16":"product_tag-birding","17":"product_tag-birding-dominican-republic","18":"product_tag-birding-in-los-haitises","19":"product_tag-birdwatching","20":"product_tag-birdwatching-dominicana","21":"product_tag-birdwtaching","22":"product_tag-boat-tour-birding","23":"product_tag-carretera-cano-hondo","24":"product_tag-eco-lodge-paraiso-cano-hondo","25":"product_tag-hire-a-guide-in-los-haitises","26":"product_tag-los-haitises","27":"product_tag-los-haitises-birding","28":"product_tag-los-haitises-national-park","29":"product_tag-los-haitises-national-park-birding-tour-from-punta-cana","30":"product_tag-los-haitises-national-park-cano-hondo","31":"product_tag-los-haitises-samana","32":"product_tag-nature","33":"product_tag-ridgways-hawk","34":"product_tag-sabana-de-la-mar","35":"product_tag-samana","36":"product_tag-samana-bay","37":"product_tag-wildlife","39":"first","40":"instock","41":"sale","42":"sold-individually","43":"shipping-taxable","44":"product-type-external"},"_links":{"self":[{"href":"https:\/\/haitises.com\/af\/wp-json\/wp\/v2\/product\/560","targetHints":{"allow":["GET"]}}],"collection":[{"href":"https:\/\/haitises.com\/af\/wp-json\/wp\/v2\/product"}],"about":[{"href":"https:\/\/haitises.com\/af\/wp-json\/wp\/v2\/types\/product"}],"wp:featuredmedia":[{"embeddable":true,"href":"https:\/\/haitises.com\/af\/wp-json\/wp\/v2\/media\/177"}],"wp:attachment":[{"href":"https:\/\/haitises.com\/af\/wp-json\/wp\/v2\/media?parent=560"}],"wp:term":[{"taxonomy":"product_brand","embeddable":true,"href":"https:\/\/haitises.com\/af\/wp-json\/wp\/v2\/product_brand?post=560"},{"taxonomy":"product_cat","embeddable":true,"href":"https:\/\/haitises.com\/af\/wp-json\/wp\/v2\/product_cat?post=560"},{"taxonomy":"product_tag","embeddable":true,"href":"https:\/\/haitises.com\/af\/wp-json\/wp\/v2\/product_tag?post=560"}],"curies":[{"name":"wp","href":"https:\/\/api.w.org\/{rel}","templated":true}]}}