{"id":11703,"date":"2023-10-04T07:40:35","date_gmt":"2023-10-04T07:40:35","guid":{"rendered":"http:\/\/haitises.com\/?post_type=product&#038;p=11703"},"modified":"2024-03-28T15:42:36","modified_gmt":"2024-03-28T15:42:36","slug":"excursion-whale-watching-samana-bay-cano-hondo-los-haitises-from-samana-port-3","status":"publish","type":"product","link":"https:\/\/haitises.com\/af\/privaat\/excursion-whale-watching-samana-bay-cano-hondo-los-haitises-from-samana-port-3\/","title":{"rendered":"Uitstappie Walviskyk Saman\u00e1baai + Ca\u00f1o Hondo + Los Haitises vanaf Saman\u00e1 hawe"},"content":{"rendered":"<div class=\"vc_row wpb_row vc_row-fluid\" ><\/div><div class=\"wpb_column vc_column_container vc_col-sm-12\"><div class=\"vc_column-inner\"><div class=\"wpb_wrapper\"><\/div><\/div><\/div>[mkdf_section_title title_tag=\u00bb\u00bb disable_break_words=\u00bbno\u00bb subtitle_tag=\u00bb\u00bb subtitle=\u00bbTours &amp; Excursions\u00bb title=\u00bbExcursion Whale Watching Samana bay + Cano Hondo + Los Haitises from Samana port\u00bb]\n\t<div class=\"wpb_text_column wpb_content_element\" >\n\t\t<div class=\"wpb_wrapper\">\n\t\t\t<div class=\"vc_row wpb_row vc_row-fluid\">\n<div class=\"wpb_column vc_column_container vc_col-sm-12\">\n<div class=\"vc_column-inner\">\n<div class=\"wpb_wrapper\">\n<div class=\"wpb_text_column wpb_content_element\">\n<div class=\"wpb_wrapper\">\n<h3><\/h3>\n<p>Whale watching in Saman\u00e1 starts from Saman\u00e1 port after Whale watching we will across the bay to visit Ca\u00f1o Hondo Natural pools plus Lunch and Full trip in Los Haitises National Park.<\/p>\n<p>This Trip will start at 9:00 Am and Finish at 5:00 Pm. Meeting before in Our Office. After aborting our Private Boat to visit Whales in their own habitat. From 9:00 Am until 11:00 am Whale observatory and After this Whale watching trip we will visit Ca\u00f1o Hondo for Lunch plus swimming in natural pools and finishing with a full trip to Los Haitises National Park. This excursion will end at the same port from where will start at 5:00 pm.<\/p>\n<p><strong>Note: This is a Private excursion.\u00a0<\/strong><\/p>\n<ul>\n<li>Whale Watching trip<\/li>\n<li>Los haitises national park Tour<\/li>\n<li>Ca\u00f1o Hondo, Lunch and Pools<\/li>\n<li>Entrance fees to Observatory<\/li>\n<li>Boat Transfer<\/li>\n<li>The Captain provides instruction and Supervision<\/li>\n<li>Toergids<\/li>\n<\/ul>\n<p>&nbsp;<\/p>\n<h4><b>Insluitings &amp; Uitsluitings<\/b><\/h4>\n<p>&nbsp;<\/p>\n<p><b>Insluitings<\/b><\/p>\n<ol>\n<li>Buffet lunch at Ca\u00f1o Hondo<\/li>\n<li>Natural Pools<\/li>\n<li>Whale watching Saman\u00e1 bay<\/li>\n<li>Los Haitises National Park, Caves, Mangroves and San Lorenzo Bay<\/li>\n<li>Toergids<\/li>\n<li>Catamaran or Boat Trip<\/li>\n<li>Alle belastings, fooie en hanteringskoste<\/li>\n<li>Plaaslike belasting<\/li>\n<li>Drank<\/li>\n<\/ol>\n<p><b>Uitsluitings<\/b><\/p>\n<ol>\n<li>Gratifikasies<\/li>\n<li>Oordrag motor<\/li>\n<li>Alkoholiese drankies<\/li>\n<\/ol>\n<p>&nbsp;<\/p>\n<h4><em><strong>Vertrek en Terugkeer<\/strong><\/em><\/h4>\n<p>Die reisiger sal &#039;n ontmoetingspunt kry na die besprekingsproses. Toere begin en eindig by ons ontmoetingspunte.<\/p>\n<p>&nbsp;<\/p>\n<h4><b><i>Wat om te verwag?<\/i><\/b><\/h4>\n<p>&nbsp;<\/p>\n<p><em><strong>Kry jou kaartjies<\/strong><\/em> for a day Whale Watching tour in Samana bay plus a wonderful lunch and beach time and visiting Los Haitises National Park.<\/p>\n<p>The Daypass for whale watching, organized by \u201cBooking Adventures\u201d starts at the meeting point set with the Tour Guide. Lunch at the beach and you can stay as long as you want swimming around. If you are Vegan we also can set some food for you.<\/p>\n<p><strong>Rooster:<\/strong><\/p>\n<p>8:45 AM \u2013 5:00 PM<\/p>\n<p>&nbsp;<\/p>\n<h4><em><strong>Wat moet jy saambring?<\/strong><\/em><\/h4>\n<ul>\n<li>kamera<\/li>\n<li>Afstotende knoppe<\/li>\n<li>sonroom<\/li>\n<li>Hoed<\/li>\n<li>Gemaklike broek<\/li>\n<li>Sandale na die strand<\/li>\n<li>Swemdrag<\/li>\n<li>Kontant vir aandenkings<\/li>\n<\/ul>\n<p>&nbsp;<\/p>\n<h4><b><i>Hotel Optel<\/i><\/b><\/h4>\n<p>Hoteloptel word nie vir hierdie toer aangebied nie.<\/p>\n<p>&nbsp;<\/p>\n<p><b>Let wel:<\/b>\u00a0Indien jy binne 24 uur na die toer\/uitstappie se vertrektyd bespreek word, kan ons hotel optel re\u00ebl met ekstra kostes. Sodra jou aankoop voltooi is, sal ons vir jou volledige kontakinligting (foonnommer, e-posadres, ens.) stuur vir ons plaaslike toergids om afhaalre\u00eblings te re\u00ebl.<\/p>\n<h4><b><i>Bevestiging van addisionele inligting<\/i><\/b><\/h4>\n<ol>\n<li>Kaartjies is die kwitansie na betaling van hierdie toer. Jy kan die betaling op jou foon wys.<\/li>\n<li>Ontmoetingspunt sal na die besprekingsproses ontvang word.<\/li>\n<li>Kinders moet deur &#039;n volwassene vergesel word.<\/li>\n<li>rolstoel toeganklik<\/li>\n<li>Babas moet op skoot sit<\/li>\n<li>Die meeste reisigers kan deelneem<\/li>\n<\/ol>\n<h4><b><i>Kansellasie beleid<\/i><\/b><\/h4>\n<p>Vir &#039;n volle terugbetaling, lees asseblief ons Kansellasiebeleide\u00a0<a href=\"https:\/\/www.ticketswhales.com\/online-booking\/\" target=\"_blank\" rel=\"noopener\" data-saferedirecturl=\"https:\/\/www.google.com\/url?q=https:\/\/www.ticketswhales.com\/online-booking\/&amp;source=gmail&amp;ust=1672449202351000&amp;usg=AOvVaw1yAeVAPktmaVCqDujgUn90\">Klik hier<\/a>. Fondse sal verlore gaan as die bespreking op dieselfde dag van die reis gekanselleer word.<\/p>\n<\/div>\n<\/div>\n<\/div>\n<\/div>\n<\/div>\n<\/div>\n<div class=\"vc_row wpb_row vc_row-fluid\">\n<div class=\"wpb_column vc_column_container vc_col-sm-12\">\n<div class=\"vc_column-inner\">\n<div class=\"wpb_wrapper\">\n<div class=\"wpb_text_column wpb_content_element\">\n<div class=\"wpb_wrapper\">\n<h4>Kontak Ons?<\/h4>\n<h5><b><i>TOUR WHALES SAMANA<\/i><\/b><\/h5>\n<p><em><strong>Plaaslike mense<\/strong>\u00a0en\u00a0<strong>Onderdane<\/strong>\u00a0Toergidse &amp; Gastedienste<\/em><\/p>\n<p><span class=\"text-turquoise\">Besprekings:<\/span>\u00a0Toere en uitstappies in Dom. Rep.<\/p>\n<p><img decoding=\"async\" class=\"emoji\" draggable=\"false\" src=\"https:\/\/s.w.org\/images\/core\/emoji\/11.2.0\/svg\/1f4de.svg\" alt=\"\ud83d\udcde\" title=\"\">\u00a0Tel\/Whatsapp\u00a0\u00a0<a href=\"tel:+1-809-720-6035\">+1-809-720-6035<\/a>.<\/p>\n<p><img decoding=\"async\" class=\"emoji\" draggable=\"false\" src=\"https:\/\/s.w.org\/images\/core\/emoji\/11.2.0\/svg\/1f4e9.svg\" alt=\"\ud83d\udce9\" title=\"\">\u00a0<a href=\"mailto:info@bookingadventures.com.do\">info@bookingadventures.com.do<\/a><\/p>\n<p><strong>Ons is &#039;n buigsame instelling vir privaat toere deur Whatsapp:\u00a0<a href=\"tel:+18097206035\">+18097206035.<\/a><\/strong><\/p>\n<\/div>\n<\/div>\n<\/div>\n<\/div>\n<\/div>\n<\/div>\n\n\t\t<\/div>\n\t<\/div>\n[mkdf_section_title title_tag=\u00bb\u00bb disable_break_words=\u00bbno\u00bb subtitle_tag=\u00bb\u00bb subtitle=\u00bbPrivate Tours &amp; Excursions\u00bb title=\u00bbPrivate Excursion Whale Watching Samana Bay + Cano Hondo + Los Haitises from Samana port\u00bb]\n\t<div class=\"wpb_text_column wpb_content_element\" >\n\t\t<div class=\"wpb_wrapper\">\n\t\t\t<p>I am text block. Click edit button to change this text. Lorem ipsum dolor sit amet, consectetur adipiscing elit. Ut elit tellus, luctus nec ullamcorper mattis, pulvinar dapibus leo.<\/p>\n\n\t\t<\/div>\n\t<\/div>","protected":false},"excerpt":{"rendered":"<p><span style=\"vertical-align: inherit;\"><span style=\"vertical-align: inherit;\">Esta es una excursi\u00f3n privada al observatorio de avistamiento de ballenas despu\u00e9s del almuerzo en el albergue ecol\u00f3gico Ca\u00f1o Hondo y el Parque Nacional Los Haitises. <\/span><span style=\"vertical-align: inherit;\">Nadie m\u00e1s ofrece esta incre\u00edble experiencia en un viaje de un solo d\u00eda con gu\u00edas profesionales ecologistas en el avistamiento de ballenas. <\/span><span style=\"vertical-align: inherit;\">Si desea ponerse en contacto con nosotros para recibir asesoramiento, env\u00ede un correo electr\u00f3nico, Whatsapp o Llamadas disponibles. <\/span><span style=\"vertical-align: inherit;\">Por favor reserve sus boletos con tiempo.<\/span><\/span><\/p>\n<p>&nbsp;<\/p>\n<p><em><strong><span style=\"vertical-align: inherit;\"><span style=\"vertical-align: inherit;\">Seleccione la fecha de la excursi\u00f3n:<\/span><\/span><\/strong><\/em><\/p>","protected":false},"featured_media":10983,"template":"","meta":[],"product_brand":[],"product_cat":[571,566,501,502,503,572,505,493,494,495,496,497,485,498,499,232,500],"product_tag":[137,126,139,132,142,488,489,393,490,234,236,506,491],"class_list":{"0":"post-11703","1":"product","2":"type-product","3":"status-publish","4":"has-post-thumbnail","6":"product_cat-1-samana","7":"product_cat-boat-trip-los-haitises","8":"product_cat-cano-hondo","9":"product_cat-cano-hondo-2021","10":"product_cat-los-haitises-national-park","11":"product_cat-natural-pools-los-haitises","12":"product_cat-tour-excursion","13":"product_cat-tours-excursions","14":"product_cat-tours-excursions-whale-watching-samana-bay-dominican-republic","15":"product_cat-whale-miches","16":"product_cat-whale-sabana-de-la-mar","17":"product_cat-whale-samana","18":"product_cat-whale-watching","19":"product_cat-whale-watching-puerto-plata","20":"product_cat-whale-watching-punta-cana","21":"product_cat-whale-watching-samana","22":"product_cat-whale-watching-samana-bay","23":"product_tag-bacardi-island","24":"product_tag-cano-hondo","25":"product_tag-cayo-levantado","26":"product_tag-los-haitises","27":"product_tag-samana","28":"product_tag-samana-tour","29":"product_tag-whale","30":"product_tag-whale-punta-cana","31":"product_tag-whale-sabana-de-la-mar","32":"product_tag-whale-samana","33":"product_tag-whale-watching-dominican-republic","34":"product_tag-whales-in-samana","35":"product_tag-whales-trips","37":"first","38":"instock","39":"sale","40":"shipping-taxable","41":"product-type-external"},"_links":{"self":[{"href":"https:\/\/haitises.com\/af\/wp-json\/wp\/v2\/product\/11703","targetHints":{"allow":["GET"]}}],"collection":[{"href":"https:\/\/haitises.com\/af\/wp-json\/wp\/v2\/product"}],"about":[{"href":"https:\/\/haitises.com\/af\/wp-json\/wp\/v2\/types\/product"}],"wp:featuredmedia":[{"embeddable":true,"href":"https:\/\/haitises.com\/af\/wp-json\/wp\/v2\/media\/10983"}],"wp:attachment":[{"href":"https:\/\/haitises.com\/af\/wp-json\/wp\/v2\/media?parent=11703"}],"wp:term":[{"taxonomy":"product_brand","embeddable":true,"href":"https:\/\/haitises.com\/af\/wp-json\/wp\/v2\/product_brand?post=11703"},{"taxonomy":"product_cat","embeddable":true,"href":"https:\/\/haitises.com\/af\/wp-json\/wp\/v2\/product_cat?post=11703"},{"taxonomy":"product_tag","embeddable":true,"href":"https:\/\/haitises.com\/af\/wp-json\/wp\/v2\/product_tag?post=11703"}],"curies":[{"name":"wp","href":"https:\/\/api.w.org\/{rel}","templated":true}]}}