{"id":11692,"date":"2023-10-04T07:40:34","date_gmt":"2023-10-04T07:40:34","guid":{"rendered":"http:\/\/haitises.com\/?post_type=product&#038;p=11692"},"modified":"2024-03-28T17:11:08","modified_gmt":"2024-03-28T17:11:08","slug":"cayo-levantado-kayaking-snorkeling","status":"publish","type":"product","link":"https:\/\/haitises.com\/af\/privaat\/cayo-levantado-kayaking-snorkeling\/","title":{"rendered":"Cayo Levantado &amp; Kajak + Snorkel"},"content":{"rendered":"<div class=\"vc_row wpb_row vc_row-fluid\" ><div class=\"wpb_column vc_column_container vc_col-sm-12\"><div class=\"vc_column-inner\"><div class=\"wpb_wrapper\"><div class=\"vc_empty_space\"   style=\"height: 32px\"><span class=\"vc_empty_space_inner\"><\/span><\/div>[mkdf_section_title title_tag=\u00bb\u00bb disable_break_words=\u00bbno\u00bb subtitle_tag=\u00bb\u00bb title=\u00bbPrivate Kayaking &amp; Snorkeling with Lunch on Cayo Levantado Island\u00bb subtitle=\u00bbFrom Saman\u00e1 port Private Tour\u00bb]<div class=\"vc_empty_space\"   style=\"height: 32px\"><span class=\"vc_empty_space_inner\"><\/span><\/div><\/div><\/div><\/div><\/div><div class=\"vc_row wpb_row vc_row-fluid\" ><\/div><div class=\"wpb_column vc_column_container vc_col-sm-12\"><div class=\"vc_column-inner\"><div class=\"wpb_wrapper\"><\/div><\/div><\/div>\n\t<div class=\"wpb_text_column wpb_content_element\" >\n\t\t<div class=\"wpb_wrapper\">\n\t\t\t\n\t\t<\/div>\n\t<\/div>\n<div class=\"vc_row wpb_row vc_row-fluid\">\n<div class=\"wpb_column vc_column_container vc_col-sm-12\">\n<div class=\"vc_column-inner\">\n<div class=\"wpb_wrapper\">\n<div class=\"wpb_text_column wpb_content_element\">\n<div class=\"wpb_wrapper\">\n<div class=\"vc_row wpb_row vc_row-fluid\">\n<div class=\"wpb_column vc_column_container vc_col-sm-12\">\n<div class=\"vc_column-inner\">\n<div class=\"wpb_wrapper\">\n<div class=\"wpb_text_column wpb_content_element\">\n<div class=\"wpb_wrapper\">\n<h4><b><i>Oorsig<img decoding=\"async\" class=\"emoji\" draggable=\"false\" src=\"https:\/\/s.w.org\/images\/core\/emoji\/12.0.0-1\/svg\/1f433.svg\" alt=\"\ud83d\udc33\" title=\"\"><\/i><\/b><\/h4>\n<p><strong>Vermy groot groepe toeriste<\/strong> en maak jou Privaat Kajak- en Snorkeltoer in Saman\u00e1baai vanaf Saman\u00e1-hawe.<\/p>\n<p>Bewonder 40 minute onge\u00ebwenaarde panoramiese uitsigte oor die Samanabaai vanaf die see in kajak en gaan snorkel in die kristalwater langs &#039;n nabygele\u00eb strand van die beroemde Cayo Levantado\/Bacardi-eiland. Waar ons ons bene kan rek en ons snorkelstelle kan dra, is daar &#039;n ander w\u00eareld om te verken!<br \/>\nNadat ons gesnorkel het, gaan ons &#039;n tipiese Dominikaanse middagete neem wat op die strand voorsien word en die mooiste eiland in die Dominikaanse Republiek ontdek. Die tuiste van &#039;n pragtige luukse hotel, wit sandstrande, welige re\u00ebnwoud en ongelooflike bekwame kunstenaars wat hul handgemaakte skilderye en ander produkte aanbied.<\/p>\n<p>Wat kan jy op die eiland doen?<br \/>\nSwem, loop rond, speel vlugbal, neem foto&#039;s, snorkel, geniet die strand of ontspan net in die skadu en drink &#039;n verfrissende drankie (Pi\u00f1a Colada, Coco Loco, Cuba Libre ens.) Daar is baie opsies hoe om die eiland te geniet vir almal!<\/p>\n<p>Op pad terug na Samana verander ons van perspektief en ons aandag word vasgevang deur besonderhede wat ons nog nie voorheen opgemerk het nie, en geniet elke enkele meter ongeveer 40 min.<\/p>\n<p>Ons is die enigste een wat hierdie toer in die hele Dominikaanse Republiek aanbied! Hierdie unieke ervaring is &#039;n natuur- en seeliefhebber se droom wat waar geword het.<\/p>\n<p><strong>Let wel:<\/strong> Hierdie toer is privaat. (Net jy en familie of vriende en toergids).<\/p>\n<p>&nbsp;<\/p>\n<h4><b>Insluitings &amp; Uitsluitings<\/b><\/h4>\n<p>&nbsp;<\/p>\n<p><b>Insluitings<\/b><\/p>\n<p>&nbsp;<\/p>\n<ol>\n<li>Buffet middagete op die strand<\/li>\n<li>Toergids<\/li>\n<li>Kajaks, roei<\/li>\n<li>Reddingsbaadjie<\/li>\n<li>Snorkelstel<\/li>\n<li>Alle belastings, fooie en hanteringskoste<\/li>\n<li>Plaaslike belasting<\/li>\n<li>Drank (bottel water per persoon)<\/li>\n<\/ol>\n<p><b>Uitsluitings<\/b><\/p>\n<ol>\n<li>Gratifikasies<\/li>\n<li>Oordrag motor<\/li>\n<li>Alkoholiese drankies<\/li>\n<\/ol>\n<p>&nbsp;<\/p>\n<h4><em><strong>Vertrek en Terugkeer<\/strong><\/em><\/h4>\n<p>Hierdie reis begin om 08:00 en eindig omstreeks 16:00. Maar omdat dit &#039;n privaat reis sal wees, kan jy die tyd vir begin en voltooi bepaal.<\/p>\n<p>Die reisiger sal &#039;n ontmoetingspunt kry na die besprekingsproses. Toere begin en eindig by ons ontmoetingspunte.<\/p>\n<p>&nbsp;<\/p>\n<h4><b><i>Wat om te verwag?<\/i><\/b><\/h4>\n<p>&nbsp;<\/p>\n<p><em><strong>Kry jou kaartjies<\/strong><\/em> vir Kajak &amp; Snorkel in Samanabaai. 40 min van onge\u00ebwenaarde panoramiese uitsigte oor die Samanabaai vanaf die see in kajak en snorkel in die kristalwater langs &#039;n nabygele\u00eb strand van die beroemde Cayo Levantado\/Bacardi. Tipiese Dominikaanse middagete op die strand voorsien. In die walviskykseisoen is daar moontlikheid om die boggelrugwalvisse te sien.<\/p>\n<p>Die Kajak- en Snorkeltoer, georganiseer deur &quot;Booking Adventures&quot;, begin by die ontmoetingspunt wat saam met die Toergids vasgestel is. Middagete by die strand en jy kan bly so lank as wat jy wil rondswem. As jy Vegan is, kan ons ook vir jou kos maak.<\/p>\n<p><strong>Rooster:<\/strong><\/p>\n<p>8:00 \u2013 16:00<\/p>\n<p>&nbsp;<\/p>\n<h4><em><strong>Wat moet jy saambring?<\/strong><\/em><\/h4>\n<ul>\n<li>kamera<\/li>\n<li>handdoek<\/li>\n<li>sonbeskerming<\/li>\n<li>Hoed<\/li>\n<li>Gemaklike broek en skoene<\/li>\n<li>Sandale na die strand<\/li>\n<li>Swemdrag<\/li>\n<li>Kontant vir aandenkings<\/li>\n<\/ul>\n<p>&nbsp;<\/p>\n<h4><b><i>Hotel Optel<\/i><\/b><\/h4>\n<p>Hoteloptel word nie vir hierdie toer aangebied nie.<\/p>\n<p>&nbsp;<\/p>\n<p><b>Let wel:<\/b>\u00a0Indien jy binne 24 uur na die toer\/uitstappie se vertrektyd bespreek word, kan ons hotel optel re\u00ebl met ekstra kostes. Sodra jou aankoop voltooi is, sal ons vir jou volledige kontakinligting (foonnommer, e-posadres, ens.) stuur vir ons plaaslike toergids om afhaalre\u00eblings te re\u00ebl.<\/p>\n<h4><b><i>Bevestiging van addisionele inligting<\/i><\/b><\/h4>\n<ol>\n<li><span style=\"vertical-align: inherit;\"><span style=\"vertical-align: inherit;\">Los boletos son el Recibo despu\u00e9s de pagar este Tour. <\/span><span style=\"vertical-align: inherit;\">Puede mostrar el pago en su tel\u00e9fono.<\/span><\/span><\/li>\n<li><span style=\"vertical-align: inherit;\"><span style=\"vertical-align: inherit;\">Die ontmoetingspunt sal na die besprekingsproses ontvang word.<\/span><\/span><\/li>\n<li><span style=\"vertical-align: inherit;\"><span style=\"vertical-align: inherit;\">Kinders moet deur &#039;n volwassene vergesel word.<\/span><\/span><\/li>\n<li><span style=\"vertical-align: inherit;\"><span style=\"vertical-align: inherit;\">silla de ruedas accesible<\/span><\/span><\/li>\n<li><span style=\"vertical-align: inherit;\"><span style=\"vertical-align: inherit;\">Los beb\u00e9s deben sentarse en el regazo<\/span><\/span><\/li>\n<li><span style=\"vertical-align: inherit;\"><span style=\"vertical-align: inherit;\">La mayor\u00eda de los viajeros pueden participar<\/span><\/span><\/li>\n<\/ol>\n<h4><b><i><span style=\"vertical-align: inherit;\"><span style=\"vertical-align: inherit;\">Kansellasie beleid<\/span><\/span><\/i><\/b><\/h4>\n<p><span style=\"vertical-align: inherit;\"><span style=\"vertical-align: inherit;\">Vir &#039;n volle terugbetaling, kanselleer ten minste 24 uur voor die ervaring se begindatum.<\/span><\/span><\/p>\n<\/div>\n<\/div>\n<\/div>\n<\/div>\n<\/div>\n<\/div>\n<\/div>\n<\/div>\n<\/div>\n<\/div>\n<\/div>\n<\/div>\n<div class=\"vc_row wpb_row vc_row-fluid\">\n<div class=\"wpb_column vc_column_container vc_col-sm-12\">\n<div class=\"vc_column-inner\">\n<div class=\"wpb_wrapper\">\n<div class=\"vc_empty_space\"><\/div>\n<div class=\"wpb_text_column wpb_content_element\">\n<div class=\"wpb_wrapper\">\n<h4><span style=\"vertical-align: inherit;\"><span style=\"vertical-align: inherit;\">Kontak Ons?<\/span><\/span><\/h4>\n<h5><b><i><span style=\"vertical-align: inherit;\"><span style=\"vertical-align: inherit;\">Avontuurbesprekings<\/span><\/span><\/i><\/b><\/h5>\n<p><em><span style=\"vertical-align: inherit;\"><span style=\"vertical-align: inherit;\">\u00a0Gu\u00edas tur\u00edsticos y servicios para hu\u00e9spedes <\/span><strong><span style=\"vertical-align: inherit;\">plaaslik<\/span><\/strong><span style=\"vertical-align: inherit;\"> \u00a0en\u00a0 <\/span><\/span><strong><span style=\"vertical-align: inherit;\"><span style=\"vertical-align: inherit;\">nasionale<\/span><\/span><\/strong><\/em><\/p>\n<p><span class=\"text-turquoise\"><span style=\"vertical-align: inherit;\"><span style=\"vertical-align: inherit;\">Reservas:<\/span><\/span><\/span><span style=\"vertical-align: inherit;\"><span style=\"vertical-align: inherit;\"> \u00a0Tours y Excursiones en Dom. <\/span><span style=\"vertical-align: inherit;\">Reps.<\/span><\/span><\/p>\n<p><img decoding=\"async\" class=\"emoji\" draggable=\"false\" src=\"https:\/\/s.w.org\/images\/core\/emoji\/11.2.0\/svg\/1f4de.svg\" alt=\"\ud83d\udcde\" title=\"\"><span style=\"vertical-align: inherit;\"><span style=\"vertical-align: inherit;\">\u00a0Tel\/Whatsapp\u00a0\u00a0 <\/span><\/span><a href=\"tel:+1-809-720-6035\"><span style=\"vertical-align: inherit;\"><span style=\"vertical-align: inherit;\">+ 1-809-720-6035<\/span><\/span><\/a><span style=\"vertical-align: inherit;\"><span style=\"vertical-align: inherit;\"> .<\/span><\/span><\/p>\n<p><img decoding=\"async\" class=\"emoji\" draggable=\"false\" src=\"https:\/\/s.w.org\/images\/core\/emoji\/11.2.0\/svg\/1f4e9.svg\" alt=\"\ud83d\udce9\" title=\"\">\u00a0<a href=\"mailto:info@bookingadventures.com.do\"><span style=\"vertical-align: inherit;\"><span style=\"vertical-align: inherit;\">info@bookingadventures.com.do<\/span><\/span><\/a><\/p>\n<p><strong><span style=\"vertical-align: inherit;\"><span style=\"vertical-align: inherit;\">Somos tours privados de configuraci\u00f3n flexible por Whatsapp:\u00a0 <\/span><\/span><a href=\"tel:+18097206035\"><span style=\"vertical-align: inherit;\"><span style=\"vertical-align: inherit;\">+18097206035.<\/span><\/span><\/a><\/strong><\/p>\n<\/div>\n<\/div>\n<\/div>\n<\/div>\n<\/div>\n<\/div>\n<p><span style=\"vertical-align: inherit;\"><span style=\"vertical-align: inherit;\">[\/ vc_column_text] [\/ vc_column] [\/ vc_row]<\/span><\/span><\/p>","protected":false},"excerpt":{"rendered":"<p><span style=\"vertical-align: inherit;\"><span style=\"vertical-align: inherit;\">Tour privado de kayak y esn\u00f3rquel en la bah\u00eda de Saman\u00e1, Rep\u00fablica Dominicana con gu\u00edas tur\u00edsticos locales. <\/span><span style=\"vertical-align: inherit;\">No dude en configurar la hora de inicio que m\u00e1s le convenga. <\/span><span style=\"vertical-align: inherit;\">Reserve ahora esta Excursi\u00f3n en la Bah\u00eda de Saman\u00e1 para vivir la verdadera Aventura Caribe\u00f1a.<\/span><\/span><\/p>\n<p><span style=\"vertical-align: inherit;\"><span style=\"vertical-align: inherit;\">Nota: \u00a1Este tour es privado!<\/span><\/span><\/p>\n<p>&nbsp;<\/p>\n<p><em><strong><span style=\"vertical-align: inherit;\"><span style=\"vertical-align: inherit;\">Seleccione la fecha de la excursi\u00f3n:<\/span><\/span><\/strong><\/em><\/p>","protected":false},"featured_media":11712,"template":"","meta":[],"product_brand":[],"product_cat":[565,571,124],"product_tag":[137,162,197,201,143,271,354,234],"class_list":{"0":"post-11692","1":"product","2":"type-product","3":"status-publish","4":"has-post-thumbnail","6":"product_cat-1-sabana-de-la-mar","7":"product_cat-1-samana","8":"product_cat-tours-excursions-samana-bay-dominican-republic","9":"product_tag-bacardi-island","10":"product_tag-cayo-levantado-day-pass","11":"product_tag-kayaking-dominican-republic","12":"product_tag-private-tours-samana","13":"product_tag-samana-tours","14":"product_tag-samana-whale-watching","15":"product_tag-snorkeling","16":"product_tag-whale-samana","18":"first","19":"instock","20":"sale","21":"sold-individually","22":"shipping-taxable","23":"product-type-external"},"_links":{"self":[{"href":"https:\/\/haitises.com\/af\/wp-json\/wp\/v2\/product\/11692","targetHints":{"allow":["GET"]}}],"collection":[{"href":"https:\/\/haitises.com\/af\/wp-json\/wp\/v2\/product"}],"about":[{"href":"https:\/\/haitises.com\/af\/wp-json\/wp\/v2\/types\/product"}],"wp:featuredmedia":[{"embeddable":true,"href":"https:\/\/haitises.com\/af\/wp-json\/wp\/v2\/media\/11712"}],"wp:attachment":[{"href":"https:\/\/haitises.com\/af\/wp-json\/wp\/v2\/media?parent=11692"}],"wp:term":[{"taxonomy":"product_brand","embeddable":true,"href":"https:\/\/haitises.com\/af\/wp-json\/wp\/v2\/product_brand?post=11692"},{"taxonomy":"product_cat","embeddable":true,"href":"https:\/\/haitises.com\/af\/wp-json\/wp\/v2\/product_cat?post=11692"},{"taxonomy":"product_tag","embeddable":true,"href":"https:\/\/haitises.com\/af\/wp-json\/wp\/v2\/product_tag?post=11692"}],"curies":[{"name":"wp","href":"https:\/\/api.w.org\/{rel}","templated":true}]}}