{"id":11632,"date":"2023-10-04T07:39:46","date_gmt":"2023-10-04T07:39:46","guid":{"rendered":"http:\/\/haitises.com\/?post_type=product&#038;p=11632"},"modified":"2024-04-01T19:33:46","modified_gmt":"2024-04-01T19:33:46","slug":"los-haitises-national-park-tour-from-samana-port-3","status":"publish","type":"product","link":"https:\/\/haitises.com\/af\/privaat\/los-haitises-national-park-tour-from-samana-port-3\/","title":{"rendered":"Los Haitises Nasionale Park Toer vanaf Saman\u00e1 Port"},"content":{"rendered":"<div class=\"vc_row wpb_row vc_row-fluid\" ><div class=\"wpb_column vc_column_container vc_col-sm-12\"><div class=\"vc_column-inner\"><div class=\"wpb_wrapper\">[mkdf_section_title title_tag=\u00bb\u00bb disable_break_words=\u00bbno\u00bb subtitle_tag=\u00bb\u00bb title=\u00bbLos Haitises National Park Boat Tour\u00bb subtitle=\u00bbJust Los Haitises National Park\u00bb]<\/div><\/div><\/div><\/div><div class=\"vc_row wpb_row vc_row-fluid\" ><div class=\"wpb_column vc_column_container vc_col-sm-12\"><div class=\"vc_column-inner\"><div class=\"wpb_wrapper\"><div class=\"vc_btn3-container vc_btn3-inline\" ><button class=\"vc_general vc_btn3 vc_btn3-size-md vc_btn3-shape-rounded vc_btn3-style-modern vc_btn3-color-green\">BESPREEK NOU<\/button><\/div>\n\t<div class=\"wpb_text_column wpb_content_element\" >\n\t\t<div class=\"wpb_wrapper\">\n\t\t\t<h4><b><i>Oorsig <\/i><\/b><\/h4>\n<p>Visit just Los Haitises National park starting from Saman\u00e1 Port.\u00a0 Come with us and visit the most beautiful national park of the Dominican Republic, Visiting Mangroves, Caves and San Lorenzo Bay plus crossing the gorgeous Saman\u00e1 bay. Then Back to Saman\u00e1 port.<\/p>\n<p>After this experience, you will get Back to Saman\u00e1 port.<\/p>\n<ul>\n<li style=\"font-weight: 400;\">Fooie ingesluit<\/li>\n<li style=\"font-weight: 400;\"><span style=\"font-weight: 400;\">Die gids verskaf onderrig en toesig<\/span><\/li>\n<\/ul>\n<p>&nbsp;<\/p>\n<h4><b>Insluitings &amp; Uitsluitings<\/b><\/h4>\n<p>&nbsp;<\/p>\n<p><b>Insluitings<\/b><\/p>\n<p>&nbsp;<\/p>\n<ol>\n<li style=\"font-weight: 400;\">Los Haitises-toer + grotte en piktogramme<\/li>\n<li style=\"font-weight: 400;\"><span style=\"font-weight: 400;\">Alle belastings, fooie en hanteringskoste<\/span><\/li>\n<li style=\"font-weight: 400;\"><span style=\"font-weight: 400;\">Plaaslike belasting<\/span><\/li>\n<li style=\"font-weight: 400;\"><span style=\"font-weight: 400;\">Drank<\/span><\/li>\n<li style=\"font-weight: 400;\"><span style=\"font-weight: 400;\">Alle aktiwiteite<\/span><\/li>\n<li style=\"font-weight: 400;\"><span style=\"font-weight: 400;\">Plaaslike gids<\/span><\/li>\n<\/ol>\n<p><b> Uitsluitings<\/b><\/p>\n<ol>\n<li style=\"font-weight: 400;\"><span style=\"font-weight: 400;\">Gratifikasies<\/span><\/li>\n<li style=\"font-weight: 400;\"><span style=\"font-weight: 400;\">Oordrag<\/span><\/li>\n<li style=\"font-weight: 400;\"><span style=\"font-weight: 400;\">Alkoholiese drankies<\/span><\/li>\n<li>Lunch Not Included, For lunch include picking one of these trips:\u00a0 <a href=\"https:\/\/www.ticketswhales.com\/tour\/los-haitises-national-park-tour-from-samana-port\/\" target=\"_blank\" rel=\"noopener\">Los Haitises + Cayo Levantado<\/a> from Saman\u00e1 Port or<a href=\"https:\/\/www.ticketswhales.com\/tour\/los-haitises-national-park-lunch-at-cano-hondo-from-samana-port\/\" target=\"_blank\" rel=\"noopener\"><em><strong> Los Haitises + Cano Hondo from Samana Port.<\/strong><\/em><\/a><\/li>\n<\/ol>\n<p>&nbsp;<\/p>\n<h4><em><strong>Vertrek en Terugkeer<\/strong><\/em><\/h4>\n<p><span style=\"font-weight: 400;\">Die reisiger sal &#039;n ontmoetingspunt kry na die besprekingsproses. Toere begin en eindig by ons ontmoetingspunte.<\/span><\/p>\n<p>&nbsp;<\/p>\n<h4><b><i>Wat om te verwag?<\/i><\/b><\/h4>\n<p>&nbsp;<\/p>\n<p><em><strong>Kry jou kaartjies<\/strong><\/em> for visiting Los Haitises National Park with a wonderful lunch at Ca\u00f1o Hondo and Swimming at the Natural Springs.<\/p>\n<p>Starting from Saman\u00e1 port onboard of a Boat or Catamaran with a Local tour guide we pass Saman\u00e1 bay to Sabana de la Mar side to Visit one of the most beautiful national parks of the Dominican Republic. <em><strong>The Haitises National Park<\/strong><\/em>.<\/p>\n<p>Visiting Island with birds around. In the nesting season, we can even see the Pelicans chicks on the nests. Getting more inside of the rocky Island and visiting the Caves with pictographs and petrographs from the indigenous people.<\/p>\n<p>The tour, organized by \u00abBooking Adventures\u00bb starts at the meeting point set with the Tour Guide. Come with Booking Adventures and start checking some bird-filled mangroves, rolling hills of lush vegetation and caves of <em><strong>Los Haitises Nasionale Park<\/strong><\/em>.<\/p>\n<p>Through the mangroves and Land at the open San Lorenzo Bay, from where you can photograph the rugged forest landscape. Look to the water to spot <em><strong>Manatees<\/strong><\/em>, skaaldiere, en <em><strong>Dolfyne.<\/strong><\/em><\/p>\n<div class=\"body-description secondary\">\n<p>The national park\u2019s name comes from its original inhabitants, the Taino Indians. In their language \u201cHaitises\u201d translates to highlands or Hills, a reference to the coastline\u2019s steep geological formations with Limestones. Aventure deeper into the park to explore caves such as the <em><strong>Cueva de la Arena<\/strong><\/em> en <strong><em>Lyn Grot.<\/em><\/strong> Caves in the reserve were used as shelter by the Taino Indians and, later, by hiding pirates. Look for drawings by Indians that decorate some of the walls. After visiting Los Haitises National Park we will go back to Saman\u00e1 port passing Saman\u00e1 bay 30 min.<\/p>\n<\/div>\n<p>In Case you will like this trip longer we have these options:<\/p>\n<ol>\n<li><a href=\"https:\/\/www.ticketswhales.com\/tour\/los-haitises-national-park-tour-from-samana-port\/\" target=\"_blank\" rel=\"noopener\">Los Haitises + Cayo Levantado from Samana Port.<\/a><\/li>\n<li><a href=\"https:\/\/www.ticketswhales.com\/tour\/los-haitises-national-park-lunch-at-cano-hondo-from-samana-port\/\" target=\"_blank\" rel=\"noopener\">Los Haitises + Cano Hondo from Samana Port.<\/a><\/li>\n<\/ol>\n<p>&nbsp;<\/p>\n<h4><em><strong>Wat moet jy saambring?<\/strong><\/em><\/h4>\n<ul>\n<li style=\"font-weight: 400;\"><span style=\"font-weight: 400;\">kamera<\/span><\/li>\n<li style=\"font-weight: 400;\"><span style=\"font-weight: 400;\">Afstotende knoppe<\/span><\/li>\n<li style=\"font-weight: 400;\"><span style=\"font-weight: 400;\">sonroom<\/span><\/li>\n<li style=\"font-weight: 400;\"><span style=\"font-weight: 400;\">Hoed<\/span><\/li>\n<li style=\"font-weight: 400;\"><span style=\"font-weight: 400;\">Gemaklike broek<\/span><\/li>\n<li style=\"font-weight: 400;\"><span style=\"font-weight: 400;\">Stapskoene vir bos<\/span><\/li>\n<li style=\"font-weight: 400;\"><span style=\"font-weight: 400;\">Sandale na die Spring gebiede.<\/span><\/li>\n<li style=\"font-weight: 400;\"><span style=\"font-weight: 400;\">Swemdrag<\/span><\/li>\n<\/ul>\n<p>&nbsp;<\/p>\n<h4><b><i>Hotel Optel <\/i><\/b><\/h4>\n<p><span style=\"font-weight: 400;\">Hoteloptel word nie vir hierdie toer aangebied nie. <\/span><\/p>\n<p>&nbsp;<\/p>\n<p><b>Let wel:<\/b><span style=\"font-weight: 400;\"> Indien jy binne 24 uur na die toer\/uitstappie se vertrektyd bespreek word, kan ons hotel optel re\u00ebl met ekstra kostes. Sodra jou aankoop voltooi is, sal ons vir jou volledige kontakinligting (foonnommer, e-posadres, ens.) stuur vir ons plaaslike toergids om afhaalre\u00eblings te re\u00ebl.<\/span><\/p>\n<h4><b><i>Bevestiging van addisionele inligting <\/i><\/b><\/h4>\n<ol>\n<li>Kaartjies is die kwitansie na betaling van hierdie toer. Jy kan die betaling op jou foon wys.<\/li>\n<li style=\"font-weight: 400;\"><span style=\"font-weight: 400;\">Ontmoetingspunt sal na die besprekingsproses ontvang word.<\/span><\/li>\n<li style=\"font-weight: 400;\"><span style=\"font-weight: 400;\">Kinders moet deur &#039;n volwassene vergesel word.<\/span><\/li>\n<li style=\"font-weight: 400;\"><span style=\"font-weight: 400;\"> Nie rolstoeltoeganklik nie <\/span><\/li>\n<li style=\"font-weight: 400;\"><span style=\"font-weight: 400;\">Babas moet op skoot sit <\/span><\/li>\n<li style=\"font-weight: 400;\"><span style=\"font-weight: 400;\">Nie aanbeveel vir reisigers met rugprobleme nie<\/span><\/li>\n<li style=\"font-weight: 400;\"><span style=\"font-weight: 400;\">Nie aanbeveel vir swanger reisigers nie <\/span><\/li>\n<li style=\"font-weight: 400;\"><span style=\"font-weight: 400;\"> Geen hartprobleme of ander ernstige mediese toestande nie <\/span><\/li>\n<li style=\"font-weight: 400;\"><span style=\"font-weight: 400;\">Die meeste reisigers kan deelneem<\/span><\/li>\n<\/ol>\n<h4><b><i>Kansellasie beleid<\/i><\/b><\/h4>\n<p>Vir &#039;n volle terugbetaling, lees asseblief ons Kansellasiebeleide\u00a0<a href=\"https:\/\/www.ticketswhales.com\/online-booking\/\" target=\"_blank\" rel=\"noopener\" data-saferedirecturl=\"https:\/\/www.google.com\/url?q=https:\/\/www.ticketswhales.com\/online-booking\/&amp;source=gmail&amp;ust=1672529771100000&amp;usg=AOvVaw2NIGJBZ0qjB5RhPUl5Obc7\">Klik hier<\/a>. Fondse sal verlore gaan as die bespreking op dieselfde dag van die reis gekanselleer word.<\/p>\n\n\t\t<\/div>\n\t<\/div>\n<\/div><\/div><\/div><\/div><div class=\"vc_row wpb_row vc_row-fluid\" ><\/div><div class=\"wpb_column vc_column_container vc_col-sm-12\"><div class=\"vc_column-inner\"><div class=\"wpb_wrapper\"><\/div><\/div><\/div><div class=\"vc_empty_space\"   style=\"height: 32px\"><span class=\"vc_empty_space_inner\"><\/span><\/div><div class=\"vc_empty_space\"   style=\"height: 32px\"><span class=\"vc_empty_space_inner\"><\/span><\/div><div class=\"vc_row wpb_row vc_row-fluid\" ><div class=\"wpb_column vc_column_container vc_col-sm-12\"><div class=\"vc_column-inner\"><div class=\"wpb_wrapper\"><div class=\"vc_btn3-container vc_btn3-inline\" ><button class=\"vc_general vc_btn3 vc_btn3-size-md vc_btn3-shape-rounded vc_btn3-style-modern vc_btn3-color-green\">BESPREEK NOU<\/button><\/div><\/div><\/div><\/div><\/div>","protected":false},"excerpt":{"rendered":"<p><span style=\"vertical-align: inherit;\"><span style=\"vertical-align: inherit;\">Viaje ecol\u00f3gico al Parque Nacional Los Haitises con un gu\u00eda tur\u00edstico local. <\/span><span style=\"vertical-align: inherit;\">Besoek die sleutels in Los Haitises Nasionale Park, Mangroves, Plantegroei, Vo\u00eblkyk, Grotte, Piktogramme en die historiese gebiede van Sabana de la Mar in Los Haitises Nasionale Park.<\/span><\/span><\/p>\n<p>&nbsp;<\/p>\n<p><em><strong><span style=\"vertical-align: inherit;\"><span style=\"vertical-align: inherit;\">Kies die datum vir die toer\u00a0<\/span><\/span><\/strong><\/em><\/p>","protected":false},"featured_media":11651,"template":"","meta":[],"product_brand":[],"product_cat":[571,566,119,120,98,121],"product_tag":[132,133,142,147,148,143],"class_list":{"0":"post-11632","1":"product","2":"type-product","3":"status-publish","4":"has-post-thumbnail","6":"product_cat-1-samana","7":"product_cat-boat-trip-los-haitises","8":"product_cat-caves","9":"product_cat-fees-entrace","10":"product_cat-local-tour-guides","11":"product_cat-mangroves","12":"product_tag-los-haitises","13":"product_tag-los-haitises-national-park","14":"product_tag-samana","15":"product_tag-samana-bay","16":"product_tag-samana-excursions","17":"product_tag-samana-tours","19":"first","20":"instock","21":"sale","22":"sold-individually","23":"shipping-taxable","24":"product-type-external"},"_links":{"self":[{"href":"https:\/\/haitises.com\/af\/wp-json\/wp\/v2\/product\/11632","targetHints":{"allow":["GET"]}}],"collection":[{"href":"https:\/\/haitises.com\/af\/wp-json\/wp\/v2\/product"}],"about":[{"href":"https:\/\/haitises.com\/af\/wp-json\/wp\/v2\/types\/product"}],"wp:featuredmedia":[{"embeddable":true,"href":"https:\/\/haitises.com\/af\/wp-json\/wp\/v2\/media\/11651"}],"wp:attachment":[{"href":"https:\/\/haitises.com\/af\/wp-json\/wp\/v2\/media?parent=11632"}],"wp:term":[{"taxonomy":"product_brand","embeddable":true,"href":"https:\/\/haitises.com\/af\/wp-json\/wp\/v2\/product_brand?post=11632"},{"taxonomy":"product_cat","embeddable":true,"href":"https:\/\/haitises.com\/af\/wp-json\/wp\/v2\/product_cat?post=11632"},{"taxonomy":"product_tag","embeddable":true,"href":"https:\/\/haitises.com\/af\/wp-json\/wp\/v2\/product_tag?post=11632"}],"curies":[{"name":"wp","href":"https:\/\/api.w.org\/{rel}","templated":true}]}}