{"id":11379,"date":"2021-08-15T20:09:02","date_gmt":"2021-08-15T20:09:02","guid":{"rendered":"http:\/\/haitises.com\/?post_type=product&#038;p=11379"},"modified":"2024-04-02T20:28:44","modified_gmt":"2024-04-02T20:28:44","slug":"excursion-whale-watching-samana-bay-cano-hondo-los-haitises-from-samana-port-2","status":"publish","type":"product","link":"https:\/\/haitises.com\/af\/privaat\/excursion-whale-watching-samana-bay-cano-hondo-los-haitises-from-samana-port-2\/","title":{"rendered":"Uitstappie Walviskyk Samanabaai + Cano Hondo + Los Haitises vanaf Samana-hawe"},"content":{"rendered":"<div class=\"vc_row wpb_row vc_row-fluid\" ><div class=\"wpb_column vc_column_container vc_col-sm-12\"><div class=\"vc_column-inner\"><div class=\"wpb_wrapper\">[mkdf_section_title title_tag=\u00bb\u00bb disable_break_words=\u00bbno\u00bb subtitle_tag=\u00bb\u00bb subtitle=\u00bbTours &amp; Excursions\u00bb title=\u00bbExcursion Whale Watching Samana bay + Cano Hondo + Los Haitises from Samana port\u00bb]\n\t<div class=\"wpb_text_column wpb_content_element\" >\n\t\t<div class=\"wpb_wrapper\">\n\t\t\t<div class=\"vc_row wpb_row vc_row-fluid\">\n<div class=\"wpb_column vc_column_container vc_col-sm-12\">\n<div class=\"vc_column-inner\">\n<div class=\"wpb_wrapper\">\n<div class=\"wpb_text_column wpb_content_element\">\n<div class=\"wpb_wrapper\">\n<h3><\/h3>\n<p>Whale watching in Saman\u00e1 starts from Saman\u00e1 port after Whale watching we will across the bay to visit Ca\u00f1o Hondo Natural pools plus Lunch and Full trip in Los Haitises National Park.<\/p>\n<p>This Trip will start at 9:00 Am and Finish at 5:00 Pm. Meeting before in Our Office. After aborting our Private Boat to visit Whales in their own habitat. From 9:00 Am until 11:00 am Whale observatory and After this Whale watching trip we will visit Ca\u00f1o Hondo for Lunch plus swimming in natural pools and finishing with a full trip to Los Haitises National Park. This excursion will end at the same port from where will start at 5:00 pm.<\/p>\n<p><strong>Note: This is a Private excursion.\u00a0<\/strong><\/p>\n<ul>\n<li>Whale Watching trip<\/li>\n<li>Los haitises national park Tour<\/li>\n<li>Ca\u00f1o Hondo, Lunch and Pools<\/li>\n<li>Entrance fees to Observatory<\/li>\n<li>Boat Transfer<\/li>\n<li>The Captain provides instruction and Supervision<\/li>\n<li>Toergids<\/li>\n<\/ul>\n<p>&nbsp;<\/p>\n<h4><b>Insluitings &amp; Uitsluitings<\/b><\/h4>\n<p>&nbsp;<\/p>\n<p><b>Insluitings<\/b><\/p>\n<ol>\n<li>Buffet lunch at Ca\u00f1o Hondo<\/li>\n<li>Natural Pools<\/li>\n<li>Whale watching Saman\u00e1 bay<\/li>\n<li>Los Haitises National Park, Caves, Mangroves and San Lorenzo Bay<\/li>\n<li>Toergids<\/li>\n<li>Catamaran or Boat Trip<\/li>\n<li>Alle belastings, fooie en hanteringskoste<\/li>\n<li>Plaaslike belasting<\/li>\n<li>Drank<\/li>\n<\/ol>\n<p><b>Uitsluitings<\/b><\/p>\n<ol>\n<li>Gratifikasies<\/li>\n<li>Oordrag motor<\/li>\n<li>Alkoholiese drankies<\/li>\n<\/ol>\n<p>&nbsp;<\/p>\n<h4><em><strong>Vertrek en Terugkeer<\/strong><\/em><\/h4>\n<p>Die reisiger sal &#039;n ontmoetingspunt kry na die besprekingsproses. Toere begin en eindig by ons ontmoetingspunte.<\/p>\n<p>&nbsp;<\/p>\n<h4><b><i>Wat om te verwag?<\/i><\/b><\/h4>\n<p>&nbsp;<\/p>\n<p><em><strong>Kry jou kaartjies<\/strong><\/em> for a day Whale Watching tour in Samana bay plus a wonderful lunch and beach time and visiting Los Haitises National Park.<\/p>\n<p>The Daypass for whale watching, organized by \u201cBooking Adventures\u201d starts at the meeting point set with the Tour Guide. Lunch at the beach and you can stay as long as you want swimming around. If you are Vegan we also can set some food for you.<\/p>\n<p><strong>Rooster:<\/strong><\/p>\n<p>8:45 AM \u2013 5:00 PM<\/p>\n<p>&nbsp;<\/p>\n<h4><em><strong>Wat moet jy saambring?<\/strong><\/em><\/h4>\n<ul>\n<li>kamera<\/li>\n<li>Afstotende knoppe<\/li>\n<li>sonroom<\/li>\n<li>Hoed<\/li>\n<li>Gemaklike broek<\/li>\n<li>Sandale na die strand<\/li>\n<li>Swemdrag<\/li>\n<li>Kontant vir aandenkings<\/li>\n<\/ul>\n<p>&nbsp;<\/p>\n<h4><b><i>Hotel Optel<\/i><\/b><\/h4>\n<p>Hoteloptel word nie vir hierdie toer aangebied nie.<\/p>\n<p>&nbsp;<\/p>\n<p><b>Let wel:<\/b>\u00a0Indien jy binne 24 uur na die toer\/uitstappie se vertrektyd bespreek word, kan ons hotel optel re\u00ebl met ekstra kostes. Sodra jou aankoop voltooi is, sal ons vir jou volledige kontakinligting (foonnommer, e-posadres, ens.) stuur vir ons plaaslike toergids om afhaalre\u00eblings te re\u00ebl.<\/p>\n<h4><b><i>Bevestiging van addisionele inligting<\/i><\/b><\/h4>\n<ol>\n<li>Kaartjies is die kwitansie na betaling van hierdie toer. Jy kan die betaling op jou foon wys.<\/li>\n<li>Ontmoetingspunt sal na die besprekingsproses ontvang word.<\/li>\n<li>Kinders moet deur &#039;n volwassene vergesel word.<\/li>\n<li>rolstoel toeganklik<\/li>\n<li>Babas moet op skoot sit<\/li>\n<li>Die meeste reisigers kan deelneem<\/li>\n<\/ol>\n<h4><b><i>Kansellasie beleid<\/i><\/b><\/h4>\n<p>Vir &#039;n volle terugbetaling, kanselleer ten minste 24 uur voor die begindatum van die ervaring.<\/p>\n<\/div>\n<\/div>\n<\/div>\n<\/div>\n<\/div>\n<\/div>\n<div class=\"vc_row wpb_row vc_row-fluid\">\n<div class=\"wpb_column vc_column_container vc_col-sm-12\">\n<div class=\"vc_column-inner\">\n<div class=\"wpb_wrapper\">\n<div class=\"wpb_text_column wpb_content_element\">\n<div class=\"wpb_wrapper\">\n<h4>Kontak Ons?<\/h4>\n<h5><b><i>TOUR WHALES SAMANA<\/i><\/b><\/h5>\n<p><em><strong>Plaaslike mense<\/strong>\u00a0en\u00a0<strong>Onderdane<\/strong>\u00a0Toergidse &amp; Gastedienste<\/em><\/p>\n<p><span class=\"text-turquoise\">Besprekings:<\/span>\u00a0Toere en uitstappies in Dom. Rep.<\/p>\n<p><img decoding=\"async\" class=\"emoji\" draggable=\"false\" src=\"https:\/\/s.w.org\/images\/core\/emoji\/11.2.0\/svg\/1f4de.svg\" alt=\"\ud83d\udcde\" title=\"\">\u00a0Tel\/Whatsapp\u00a0\u00a0<a href=\"tel:+1-809-720-6035\">+1-809-720-6035<\/a>.<\/p>\n<p><img decoding=\"async\" class=\"emoji\" draggable=\"false\" src=\"https:\/\/s.w.org\/images\/core\/emoji\/11.2.0\/svg\/1f4e9.svg\" alt=\"\ud83d\udce9\" title=\"\">\u00a0<a href=\"mailto:info@bookingadventures.com.do\">info@bookingadventures.com.do<\/a><\/p>\n<p><strong>Ons is &#039;n buigsame instelling vir privaat toere deur Whatsapp:\u00a0<a href=\"tel:+18097206035\">+18097206035.<\/a><\/strong><\/p>\n<\/div>\n<\/div>\n<\/div>\n<\/div>\n<\/div>\n<\/div>\n\n\t\t<\/div>\n\t<\/div>\n[mkdf_section_title title_tag=\u00bb\u00bb disable_break_words=\u00bbno\u00bb subtitle_tag=\u00bb\u00bb subtitle=\u00bbPrivate Tours &amp; Excursions\u00bb title=\u00bbPrivate Excursion Whale Watching Samana Bay + Cano Hondo + Los Haitises from Samana port\u00bb]\n\t<div class=\"wpb_text_column wpb_content_element\" >\n\t\t<div class=\"wpb_wrapper\">\n\t\t\t<h3><strong>Private Tour Pricing from Samana:<\/strong><\/h3>\n<p><strong><em>2 Customers Private Tour: USD $200 per person<\/em><\/strong><strong><em><br \/>\n<\/em><\/strong><\/p>\n<p><strong><em>3\u00a0 Customers Private Tour: USD $160 per person<\/em><\/strong><\/p>\n<p><strong><em>4\u00a0 Customers Private Tour: USD $140 per person<\/em><\/strong><\/p>\n<p><strong><em>5 Customers Private Tour: USD $130 per person<\/em><\/strong><\/p>\n<p><strong><em>6 Customers Private Tour: USD $99 per person<\/em><\/strong><\/p>\n<p><strong><em>7\u00a0 Customers Private Tour: USD $80 per person<\/em><\/strong><\/p>\n<p><strong><em>8 Customers Private Tour: USD $75 per person<\/em><\/strong><\/p>\n<p><strong><em>9 or more Customers Private tour: <a href=\"https:\/\/www.ticketswhales.com\/contact-us\/\" target=\"_blank\" rel=\"noopener\">Contact us<\/a><\/em><\/strong><\/p>\n\n\t\t<\/div>\n\t<\/div>\n<\/div><\/div><\/div><\/div>","protected":false},"excerpt":{"rendered":"<p>This is a private excursion to the whale watching observatory after Lunch in Ca\u00f1o Hondo ecolodge and Los Haitises National Park. Nobody else offers this amazing experience in just one day trip With professionals ecologist tour Guides in Whale watching. If you will like to contact us for advice just email, Whatsapp or Calling is available.\u00a0 Please book your tickets with time.<\/p>\n<p>&nbsp;<\/p>\n<p><em><strong>Kies asseblief die datum vir die uitstappie:<\/strong><\/em><\/p>","protected":false},"featured_media":11212,"template":"","meta":[],"product_brand":[],"product_cat":[501,502,503,504,505,493,494,495,496,497,485,498,499,232,500],"product_tag":[137,126,139,132,142,488,489,393,490,234,236,506,491],"class_list":{"0":"post-11379","1":"product","2":"type-product","3":"status-publish","4":"has-post-thumbnail","6":"product_cat-cano-hondo","7":"product_cat-cano-hondo-2021","8":"product_cat-los-haitises-national-park","9":"product_cat-samana-tours","10":"product_cat-tour-excursion","11":"product_cat-tours-excursions","12":"product_cat-tours-excursions-whale-watching-samana-bay-dominican-republic","13":"product_cat-whale-miches","14":"product_cat-whale-sabana-de-la-mar","15":"product_cat-whale-samana","16":"product_cat-whale-watching","17":"product_cat-whale-watching-puerto-plata","18":"product_cat-whale-watching-punta-cana","19":"product_cat-whale-watching-samana","20":"product_cat-whale-watching-samana-bay","21":"product_tag-bacardi-island","22":"product_tag-cano-hondo","23":"product_tag-cayo-levantado","24":"product_tag-los-haitises","25":"product_tag-samana","26":"product_tag-samana-tour","27":"product_tag-whale","28":"product_tag-whale-punta-cana","29":"product_tag-whale-sabana-de-la-mar","30":"product_tag-whale-samana","31":"product_tag-whale-watching-dominican-republic","32":"product_tag-whales-in-samana","33":"product_tag-whales-trips","35":"first","36":"instock","37":"sale","38":"featured","39":"shipping-taxable","40":"product-type-external"},"_links":{"self":[{"href":"https:\/\/haitises.com\/af\/wp-json\/wp\/v2\/product\/11379","targetHints":{"allow":["GET"]}}],"collection":[{"href":"https:\/\/haitises.com\/af\/wp-json\/wp\/v2\/product"}],"about":[{"href":"https:\/\/haitises.com\/af\/wp-json\/wp\/v2\/types\/product"}],"wp:featuredmedia":[{"embeddable":true,"href":"https:\/\/haitises.com\/af\/wp-json\/wp\/v2\/media\/11212"}],"wp:attachment":[{"href":"https:\/\/haitises.com\/af\/wp-json\/wp\/v2\/media?parent=11379"}],"wp:term":[{"taxonomy":"product_brand","embeddable":true,"href":"https:\/\/haitises.com\/af\/wp-json\/wp\/v2\/product_brand?post=11379"},{"taxonomy":"product_cat","embeddable":true,"href":"https:\/\/haitises.com\/af\/wp-json\/wp\/v2\/product_cat?post=11379"},{"taxonomy":"product_tag","embeddable":true,"href":"https:\/\/haitises.com\/af\/wp-json\/wp\/v2\/product_tag?post=11379"}],"curies":[{"name":"wp","href":"https:\/\/api.w.org\/{rel}","templated":true}]}}