{"id":10903,"date":"2020-07-16T19:22:46","date_gmt":"2020-07-16T19:22:46","guid":{"rendered":"http:\/\/haitises.com\/?post_type=product&#038;p=10903"},"modified":"2020-10-19T19:32:19","modified_gmt":"2020-10-19T19:32:19","slug":"excursion-gavilan-de-la-hispaniola-observacion-de-aves-en-el-parque-nacional-los-haitises","status":"publish","type":"product","link":"https:\/\/haitises.com\/af\/privaat\/excursion-gavilan-de-la-hispaniola-observacion-de-aves-en-el-parque-nacional-los-haitises\/","title":{"rendered":"Gavil\u00e1n de la Hispaniola-uitstappie \u2013 Vo\u00eblkyk in Los Haitises Nasionale Park"},"content":{"rendered":"<div class=\"vc_row wpb_row vc_row-fluid\" ><div class=\"wpb_column vc_column_container vc_col-sm-12\"><div class=\"vc_column-inner\"><div class=\"wpb_wrapper\">[mkdf_section_title title_tag=\u00bb\u00bb disable_break_words=\u00bbno\u00bb subtitle_tag=\u00bb\u00bb title=\u00bbTour de El Gavil\u00e1n\u00bb subtitle=\u00bbObservaci\u00f3n de aves en Los Haitises\u00bb]<\/div><\/div><\/div><\/div><div class=\"vc_row wpb_row vc_row-fluid\" ><div class=\"wpb_column vc_column_container vc_col-sm-12\"><div class=\"vc_column-inner\"><div class=\"wpb_wrapper\">\n\t<div class=\"wpb_text_column wpb_content_element\" >\n\t\t<div class=\"wpb_wrapper\">\n\t\t\t<p>Beskrywing<\/p>\n<p>El halc\u00f3n de La Hispaniola es una especie de rapaces diurnas en peligro cr\u00edtico de extinci\u00f3n end\u00e9mica de la isla de La Espa\u00f1ola. Hace cien a\u00f1os, el halc\u00f3n se encontr\u00f3 en toda la Espa\u00f1ola, pero hoy la \u00fanica poblaci\u00f3n reproductora restante de aproximadamente 300 individuos se encuentra en el Parque Nacional Los Haitises en la Rep\u00fablica Dominicana.<\/p>\n<p>El Parque Nacional Los Haitises es un destino popular para los amantes de la naturaleza y los observadores de aves, ya que es de suma importancia para la biodiversidad y la riqueza de la fauna, tanto en t\u00e9rminos de endemismo como de especies. Mientras que la mayor\u00eda de las personas salen en bote para explorar el parque y sus cuevas, islas y vida salvaje.<\/p>\n<p>Estamos conservando el Gavil\u00e1n de La Hispaniola en el Parque Nacional Los Haitises, donde puedes ver el h\u00e1bitat y la interesante historia de Los Gavilanes en los Bosques H\u00famedos. Conocemos los h\u00e1bitats de manchas para los b\u00fahos de La Hispaniola y Cara Ceniza. Adem\u00e1s, puede ver otras especies end\u00e9micas alrededor del parque. Este Tour se enfoca en la naturaleza y est\u00e1 m\u00e1s concentrado en la informaci\u00f3n sobre la vida silvestre. Por lo general es un privado.<\/p>\n<h3>Insluitings en uitsluitings<\/h3>\n<h4>Insluitings<\/h4>\n<ol>\n<li>Tour de Observaci\u00f3n de Aves + Cuevas y Pictograf\u00edas<\/li>\n<li>Alle belastings, fooie en hanteringskoste<\/li>\n<li>Plaaslike belasting<\/li>\n<li>Gu\u00edas ecologistas oficiales<\/li>\n<\/ol>\n<h4>Uitsluitings<\/h4>\n<ol>\n<li>Wenke<\/li>\n<li>Vervoer<\/li>\n<li>Drink<\/li>\n<\/ol>\n<h3><em>Vertrek en terugkeer<\/em><\/h3>\n<p>El recorrido, organizado por \u00abBooking Adventures\u00bb comienza en el punto de encuentro establecido con el gu\u00eda tur\u00edstico. El viajero obtendr\u00e1 un punto de encuentro despu\u00e9s del proceso de reserva. Los tours comienzan y terminan en nuestros puntos de encuentro.<\/p>\n<h3><em>Wat om te verwag?<\/em><\/h3>\n<p>Obtenga su boleto para conservar el Tour de El Gavil\u00e1n en el Parque Nacional Los Haitises.<\/p>\n<p>Esta excursi\u00f3n comienza desde el punto de encuentro haciendo senderismo por los senderos de hasta las \u00e1reas de anidaci\u00f3n. Despu\u00e9s de 30 minutos de caminata y observando a los Halcones o Gavilanes, tenemos la opci\u00f3n de continuar caminando y buscar loros, carpinteros y otras especies end\u00e9micas en el Parque Nacional Los Haitises.<\/p>\n<p>Los Haitises Nasionale Park het net twee vo\u00eblkykroetes in Sabana de la Mar. Op pad na Los Hiatises Nasionale Park stop ons by &#039;n paar plekke om nog vo\u00ebls te sien.<\/p>\n<p>En la bah\u00eda de San Lorenzo visitaremos dos cuevas, la llamada Sandly Cave en espa\u00f1ol Cueva de la Arena; En esta cueva, podemos ver los petroglifos de las comunidades ta\u00ednas que se quedaron en esta \u00e1rea. y usando las cuevas como templo.<\/p>\n<p>Despu\u00e9s de eso, nos dirigimos a la Cueva de Linea, esta con 2,243 pictograf\u00edas originales y nuestro gu\u00eda tur\u00edstico le explicar\u00e1 la informaci\u00f3n arqueol\u00f3gica sobre esas pictograf\u00edas.<\/p>\n<p>Tomando el bote nuevamente hacia la isla P\u00e1jaros (Cayo de los P\u00e1jaros) donde podemos ver la mayor\u00eda de las aves de los humedales alrededor del Parque Nacional Los Haitises. Solo porque todas las aves no est\u00e1n en el agua.<\/p>\n<p>Despu\u00e9s de 4.5 horas aprendiendo sobre las aves en el Parque Nacional Los Haitises, esta excursi\u00f3n termina en el mismo lugar que comenz\u00f3.<\/p>\n<p><strong>Let wel:<\/strong> Estos recorridos son con gu\u00edas tur\u00edsticos de Ecologistas Oficiales. Reserve con tiempo porque en el parque no hay tantos especialistas.<\/p>\n<h3><em>Wat moet jy saambring?<\/em><\/h3>\n<ul>\n<li>Kamera<\/li>\n<li>Verkyker<\/li>\n<li>Afweermiddels<\/li>\n<li>sonskerm<\/li>\n<li>Hoed<\/li>\n<li>Gemaklike broek<\/li>\n<li>Bos stapskoene<\/li>\n<li>Sandale na lentegebiede.<\/li>\n<li>Swembroek<\/li>\n<\/ul>\n<h3><em>Hotel bakkie<\/em><\/h3>\n<p>Hotelbakkie word nie vir hierdie toer aangebied nie.<\/p>\n<p><strong>Let wel<\/strong>: As jy binne 24 uur van die toer\/uitstappie se vertrektyd bespreek, kan ons hotelophaal re\u00ebl met bykomende koste. Sodra jou aankoop voltooi is, sal ons vir jou volledige kontakinligting (foonnommer, e-posadres, ens.) stuur vir ons plaaslike toergids om afhaalre\u00eblings te re\u00ebl.<\/p>\n<h3><em>Bevestiging van bykomende inligting<\/em><\/h3>\n<ol>\n<li>Die kaartjies is die kwitansie na betaling vir hierdie toer. Jy kan die betaling op jou foon wys.<\/li>\n<li>Die ontmoetingspunt sal na die besprekingsproses ontvang word.<\/li>\n<li>Kinders moet deur &#039;n volwassene vergesel word.<\/li>\n<li>Nie rolstoeltoeganklik nie<\/li>\n<li>Babas moet op die skoot sit<\/li>\n<li>Nie aanbeveel vir reisigers met rugprobleme nie.<\/li>\n<li>Nie aanbeveel vir swanger vroue nie.<\/li>\n<li>Geen hartprobleme of ander ernstige mediese toestande nie.<\/li>\n<li>Die meeste reisigers kan deelneem.<\/li>\n<\/ol>\n<p>Hierdie toer word vir &#039;n minimum van 2 mense en &#039;n maksimum van 15 mense aangebied. In die geval van minder mense, kontak ons asseblief.<\/p>\n<h3><em>Kansellasie beleid<\/em><\/h3>\n<p>Vir &#039;n volle terugbetaling, kanselleer ten minste 24 uur voor die ervaring se begindatum.<\/p>\n\n\t\t<\/div>\n\t<\/div>\n<\/div><\/div><\/div><\/div><div class=\"vc_row wpb_row vc_row-fluid\" ><div class=\"wpb_column vc_column_container vc_col-sm-12\"><div class=\"vc_column-inner\"><div class=\"wpb_wrapper\"><div class=\"vc_empty_space\"   style=\"height: 32px\"><span class=\"vc_empty_space_inner\"><\/span><\/div>\n\t<div class=\"wpb_text_column wpb_content_element\" >\n\t\t<div class=\"wpb_wrapper\">\n\t\t\t<h4>Kontak ons<\/h4>\n<h5>Reserva de Aventuras<\/h5>\n<p><em>Gu\u00edas tur\u00edsticos Locales y nacionales y servicios para hu\u00e9spedes<\/em><\/p>\n<p>Besprekings: Toere en uitstappies in Dom. Rep.<\/p>\n<p>Tel\/Whatsapp +1-809-720-6035.<\/p>\n<p>info@bookingadventures.com.do<\/p>\n<p>Somos flexibles Configurando tours privados por<strong>\u00a0WhatsApp: <a href=\"tel:+18097206035\">+18097206035.<\/a><\/strong><\/p>\n\n\t\t<\/div>\n\t<\/div>\n<div class=\"vc_empty_space\"   style=\"height: 32px\"><span class=\"vc_empty_space_inner\"><\/span><\/div><\/div><\/div><\/div><\/div>","protected":false},"excerpt":{"rendered":"<p>Viaje ecol\u00f3gico al Parque Nacional Los Haitises con un gu\u00eda local. Visitando los Gavilanes en el Parque Nacional Los Haitises, y las \u00e1reas hist\u00f3ricas de Sabana de la Mar en el Parque Nacional Los Haitises.<\/p>\n<p><em><strong>Kies asseblief die datum vir die toer:<\/strong><\/em><\/p>","protected":false},"featured_media":223,"template":"","meta":[],"product_brand":[],"product_cat":[122,443,123,124],"product_tag":[177,180,132,133,191,192,114,142,147,193],"class_list":{"0":"post-10903","1":"product","2":"type-product","3":"status-publish","4":"has-post-thumbnail","6":"product_cat-tours-and-excursions","7":"product_cat-tours-y-excursiones-es","8":"product_cat-tours-excursions-los-haitises-national-park","9":"product_cat-tours-excursions-samana-bay-dominican-republic","10":"product_tag-birding","11":"product_tag-birdwatching","12":"product_tag-los-haitises","13":"product_tag-los-haitises-national-park","14":"product_tag-nature","15":"product_tag-ridgways-hawk","16":"product_tag-sabana-de-la-mar","17":"product_tag-samana","18":"product_tag-samana-bay","19":"product_tag-wildlife","21":"first","22":"instock","23":"sale","24":"virtual","25":"sold-individually","26":"purchasable","27":"product-type-simple"},"_links":{"self":[{"href":"https:\/\/haitises.com\/af\/wp-json\/wp\/v2\/product\/10903","targetHints":{"allow":["GET"]}}],"collection":[{"href":"https:\/\/haitises.com\/af\/wp-json\/wp\/v2\/product"}],"about":[{"href":"https:\/\/haitises.com\/af\/wp-json\/wp\/v2\/types\/product"}],"wp:featuredmedia":[{"embeddable":true,"href":"https:\/\/haitises.com\/af\/wp-json\/wp\/v2\/media\/223"}],"wp:attachment":[{"href":"https:\/\/haitises.com\/af\/wp-json\/wp\/v2\/media?parent=10903"}],"wp:term":[{"taxonomy":"product_brand","embeddable":true,"href":"https:\/\/haitises.com\/af\/wp-json\/wp\/v2\/product_brand?post=10903"},{"taxonomy":"product_cat","embeddable":true,"href":"https:\/\/haitises.com\/af\/wp-json\/wp\/v2\/product_cat?post=10903"},{"taxonomy":"product_tag","embeddable":true,"href":"https:\/\/haitises.com\/af\/wp-json\/wp\/v2\/product_tag?post=10903"}],"curies":[{"name":"wp","href":"https:\/\/api.w.org\/{rel}","templated":true}]}}