{"id":10885,"date":"2020-07-14T02:35:41","date_gmt":"2020-07-14T02:35:41","guid":{"rendered":"http:\/\/haitises.com\/?post_type=product&#038;p=10885"},"modified":"2024-04-16T01:40:10","modified_gmt":"2024-04-16T01:40:10","slug":"excursion-de-ballenas-2021-desde-los-hoteles-de-punta-cana-a-la-bahia-de-samana-cayo-levantado-bacardi-island","status":"publish","type":"product","link":"https:\/\/haitises.com\/af\/privaat\/excursion-de-ballenas-2021-desde-los-hoteles-de-punta-cana-a-la-bahia-de-samana-cayo-levantado-bacardi-island\/","title":{"rendered":"Walvisuitstappie 2022 vanaf Punta Cana-hotelle na Saman\u00e1baai + Cayo Levantado (Bacardi-eiland)."},"content":{"rendered":"<div class=\"vc_row wpb_row vc_row-fluid\" ><div class=\"wpb_column vc_column_container vc_col-sm-12\"><div class=\"vc_column-inner\"><div class=\"wpb_wrapper\">[mkdf_section_title title_tag=\u00bb\u00bb disable_break_words=\u00bbno\u00bb subtitle_tag=\u00bb\u00bb title=\u00bbExcursi\u00f3n de Ballenas 2021 desde Punta Cana a la Bah\u00eda de Saman\u00e1\u00bb subtitle=\u00bbRecogida en hoteles + Cayo Levantado (Bacardi Island).\u00bb]<\/div><\/div><\/div><\/div><div class=\"vc_row wpb_row vc_row-fluid\" ><div class=\"wpb_column vc_column_container vc_col-sm-12\"><div class=\"vc_column-inner\"><div class=\"wpb_wrapper\">\n\t<div class=\"wpb_text_column wpb_content_element\" >\n\t\t<div class=\"wpb_wrapper\">\n\t\t\t<div class=\"vc_row wpb_row vc_row-fluid\">\n<div class=\"wpb_column vc_column_container vc_col-sm-12\">\n<div class=\"vc_column-inner\">\n<div class=\"wpb_wrapper\">\n<div class=\"wpb_text_column wpb_content_element\">\n<div class=\"wpb_wrapper\">\n<div class=\"vc_row wpb_row vc_row-fluid\">\n<div class=\"wpb_column vc_column_container vc_col-sm-12\">\n<div class=\"vc_column-inner\">\n<div class=\"wpb_wrapper\">\n<div class=\"wpb_text_column wpb_content_element\">\n<div class=\"wpb_wrapper\"><\/div>\n<\/div>\n<\/div>\n<\/div>\n<\/div>\n<\/div>\n<\/div>\n<\/div>\n<\/div>\n<\/div>\n<\/div>\n<\/div>\n<div class=\"vc_row wpb_row vc_row-fluid\">\n<div class=\"wpb_column vc_column_container vc_col-sm-12\">\n<div class=\"vc_column-inner\">\n<div class=\"wpb_wrapper\">\n<div class=\"wpb_text_column wpb_content_element\">\n<div class=\"wpb_wrapper\">\n<h3>Beskrywing<\/h3>\n<p>Ballena Punta Cana, avistamiento de ballenas en la Bah\u00eda de Saman\u00e1 y visita Cayo Levantado durante esta excursi\u00f3n de d\u00eda completo desde los hoteles de Punta Cana. Viaje a la bah\u00eda de Saman\u00e1 a bordo de un c\u00f3modo autob\u00fas con aire acondicionado, luego transfiera a un catamar\u00e1n en barco en Miches. Navegue en aguas abiertas para buscar las manadas de ballenas jorobadas que visitan para reproducirse y tener sus cr\u00edas en el \u00e1rea. Aprenda sobre el comportamiento y la biolog\u00eda de estos mam\u00edferos marinos de su gu\u00eda experto naturalista. Contin\u00fae hacia Cayo Levantado, o la isla Bacardi, para almorzar en la playa y darse un chapuz\u00f3n en las aguas azules antes de regresar a Punta Cana.<\/p>\n<p><strong>Let wel:<\/strong> Este recorrido puede incluir o no la parada en la cascada de Lim\u00f3n. Para reservar el mismo viaje con las cascadas, HAGA CLIC AQU\u00cd.<\/p>\n<ul>\n<li>Walvis kyk<\/li>\n<li>Toegangskaartjies tot die Observatory<\/li>\n<li>Sluit buffet middagete op die strand in.<\/li>\n<li>Transferencia de barco<\/li>\n<li>Traslado desde los hoteles de Punta Cana<\/li>\n<li>Die Kaptein verskaf onderrig en toesig.<\/li>\n<li>Toergids<\/li>\n<\/ul>\n<h3>Insluitings en uitsluitings<\/h3>\n<h4>Insluitings<\/h4>\n<ol>\n<li>Buffet middagete op die strand.<\/li>\n<li>Toergids<\/li>\n<li>Katamaran of bootrit<\/li>\n<li>Alle belastings, fooie en hanteringskoste<\/li>\n<li>Plaaslike belasting<\/li>\n<li>Drankies<\/li>\n<\/ol>\n<h4>Uitsluitings<\/h4>\n<ol>\n<li>Wenke<\/li>\n<\/ol>\n<h3><em>Vertrek en terugkeer<\/em><\/h3>\n<p>Hotelbakkie word vir hierdie toer aangebied. Skryf eenvoudig die naam van die hotel vir afhaal in die notas. Ons tel op by alle hotelle in Punta Cana.<\/p>\n<h3>Observaci\u00f3n de Ballenas 2021 en Punta Cana a la Bah\u00eda de Saman\u00e1 + Cayo Levantado (Isla Bacardi) desde los hoteles.<\/h3>\n<h3><em>Wat om te verwag?<\/em><\/h3>\n<p>Ac\u00e9rquese a los gentiles gigantes del mar de la Rep\u00fablica Dominicana durante esta excursi\u00f3n de observaci\u00f3n de ballenas jorobadas de 12 horas en la Bah\u00eda de S\u00e1mana. Pase un d\u00eda inolvidable observando las miles de ballenas que acuden a la isla cada a\u00f1o para aparearse, alimentarse y jugar en sus c\u00e1lidas aguas tropicales. Al observar estas hermosas criaturas, disfrutar\u00e1 de una visi\u00f3n \u00fanica de su gu\u00eda experto en observaci\u00f3n de ballenas. Termine el d\u00eda con un almuerzo incluido y tiempo en la playa en la hermosa isla de Cayo Levantado. El transporte de ida y vuelta al hotel tambi\u00e9n est\u00e1 incluido.<\/p>\n<p>Desde las 9:00 am hasta las 12: 00-mediod\u00eda Observatorio de avistamiento de ballenas y despu\u00e9s de este viaje visitaremos la isla Bacardi \/ Cayo Levantado. En la isla de Bacardi, se proporcionar\u00e1 un almuerzo buffet de estilo t\u00edpico dominicano (arroz, frijoles, pescado, ensaladas &#8230;). Cuando termina el almuerzo, se le permite nadar hasta las 4:30 p.m. El recorrido finalizar\u00e1 a las 5:00 pm en el mismo puerto desde donde comenzar\u00e1 a bordo de nuestro catamar\u00e1n y su autob\u00fas de regreso a los hoteles de Punta Cana.<\/p>\n<p>Este recorrido puede incluir o no la parada en la cascada de Lim\u00f3n. Para reservar el mismo viaje con las cascadas, HAGA CLIC AQU\u00cd.<\/p>\n<p><strong>Skedule:<\/strong><\/p>\n<ul>\n<li>6:00 \u2013 7:00 Ophaal van kli\u00ebnte by die verskillende hotelle.<\/li>\n<li>07:00 Vertrek na Las Canitas in Sabana de la Mar<\/li>\n<li>08:15 Aankoms by die privaat beskuldigdebank<\/li>\n<li>08:15 \u2013 8:40 Ontbyttyd (toebroodjies, muffins, tee, koffie, sappe)<\/li>\n<li>8:45 Aan boord om ons reis na die boggelrugwalvis-reservaat in Saman\u00e1 te begin<\/li>\n<li>11:00 Soek vir die walvisse vir &#039;n tydperk van 45 minute. Dit is die tyd wat deur regeringsre\u00ebls gevolg word.<\/li>\n<li>11:45 Gaan na Cayo Levantado in Saman\u00e1baai<\/li>\n<li>12:30 Aankoms by Cayo Levantado<\/li>\n<li>13:00 Middagete tyd (buffet middagete, tipies Dominikaanse) *<\/li>\n<li>13:45 \u2013 15:30 Vrye tyd in Cayo Levantado<\/li>\n<li>15:00 \u2013 15:45 Weer aan boord na Miches<\/li>\n<li>17:00 Aankoms in Miches en vertrek na die hotelle in Punta Cana<\/li>\n<li>19:30 \u2013 20:00 Aankoms by hotelle in Punta Cana<\/li>\n<\/ul>\n<p><strong>* Middagete-spyskaart (tipies Dominikaanse)<\/strong><br \/>\nRys, geroosterde hoender of geroosterde vis, slaai, groente, vars vrugte.<\/p>\n<p>*Kli\u00ebnte wat kies om die stop by die El Lim\u00f3n-waterval by te voeg n\u00e1 walviskyk, sal na die waterval beweeg en minder tyd h\u00ea om in Cayo Levantado deur te bring.<\/p>\n<p>Este recorrido puede incluir o no la parada en la cascada de Lim\u00f3n. Para reservar el mismo viaje con las cascadas, HAGA CLIC AQU\u00cd.<\/p>\n<h3><em>Wat moet jy saambring?<\/em><\/h3>\n<ul>\n<li>Kamera<\/li>\n<li>Afweermiddels<\/li>\n<li>sonskerm<\/li>\n<li>Hoed<\/li>\n<li>Gemaklike broek<\/li>\n<li>Sandale na die strand<\/li>\n<li>Swembroek<\/li>\n<li>Efectivo para recuerdos<\/li>\n<\/ul>\n<h3><em>Hotel bakkie<\/em><\/h3>\n<p>Hotelbakkie word vir hierdie toer aangebied. Skryf eenvoudig die naam van die hotel vir afhaal in die notas. Ons tel op by alle hotelle in Punta Cana.<\/p>\n<p><strong>Let wel:<\/strong> As jy binne 24 uur van die toer\/uitstappie se vertrektyd bespreek, kan ons hotel optel re\u00ebl. Sodra jou aankoop voltooi is, sal ons vir jou volledige kontakinligting (foonnommer, e-posadres, ens.) stuur vir ons plaaslike toergids om afhaalre\u00eblings te re\u00ebl.<\/p>\n<h3><em>Bevestiging van bykomende inligting<\/em><\/h3>\n<ul>\n<li>Die kaartjies is die kwitansie na betaling vir hierdie toer. Jy kan die betaling op jou foon wys.<\/li>\n<li>Die ontmoetingspunt sal na die besprekingsproses ontvang word.<\/li>\n<li>Kinders moet deur &#039;n volwassene vergesel word.<\/li>\n<li>Rolstoel toeganklik<\/li>\n<li>Babas moet op die skoot sit<\/li>\n<li>Die meeste reisigers kan deelneem.<\/li>\n<\/ul>\n<h3><em>Kansellasie beleid<\/em><\/h3>\n<p>Vir &#039;n volle terugbetaling, kanselleer ten minste 24 uur voor die ervaring se begindatum.<\/p>\n<h4>Kontak Ons!<br \/>\nSAMANA WALVISTOER<\/h4>\n<p><em>Toergidse <strong>plaaslike<\/strong> en <strong>nasionale<\/strong> en gastedienste<\/em><\/p>\n<p>Besprekings: Toere en uitstappies in Dom. Rep.<\/p>\n<p>Tel\/Whatsapp +1-809-720-6035.<\/p>\n<p>info@bookingadventures.com.do<\/p>\n<p>Somos flexibles Configurando tours privados por <strong>WhatsApp:\u00a0<a href=\"tel:+18097206035\">+18097206035.<\/a><\/strong><\/p>\n<\/div>\n<\/div>\n<\/div>\n<\/div>\n<\/div>\n<\/div>\n\n\t\t<\/div>\n\t<\/div>\n<\/div><\/div><\/div><\/div>","protected":false},"excerpt":{"rendered":"<p>Desde los hoteles de Punta Cana, disfrutaremos de los hermosos paisajes de la Cordillera Oriental mientras conducimos hacia el norte de Punta Cana antes de llegar al peque\u00f1o pueblo pesquero de Miches, en la costa sur de la Bah\u00eda de Saman\u00e1. All\u00ed podr\u00e1 disfrutar de un desayuno r\u00e1pido antes de abordar el barco a Saman\u00e1. Navegaremos profundamente en la bah\u00eda para observar ballenas. Primero llegaremos a Cayo Levantado, tambi\u00e9n conocida como la isla de Bacardi debido a su parecido cercano a las playas que el ron Bacardi alguna vez utiliz\u00f3 para sus famosos comerciales. Cayo Levantado es un oasis tropical: una peque\u00f1a isla en medio del oc\u00e9ano con aguas turquesas y arenas blancas.<\/p>\n<p>Este recorrido puede incluir o no la parada en la cascada de Lim\u00f3n. Para reservar el mismo viaje con las cascadas, HAGA CLIC AQU\u00cd.<\/p>\n<p><strong>Kies asseblief die datum van die uitstappie:<\/strong><\/p>","protected":false},"featured_media":497,"template":"","meta":[],"product_brand":[],"product_cat":[443,259,124,232],"product_tag":[390,137,162,364,260,345,201,141,391,228,147,392,357,271,393,234,280,394,236,395],"class_list":{"0":"post-10885","1":"product","2":"type-product","3":"status-publish","4":"has-post-thumbnail","6":"product_cat-tours-y-excursiones-es","7":"product_cat-tours-excursions-punta-cana-dominican-republic","8":"product_cat-tours-excursions-samana-bay-dominican-republic","9":"product_cat-whale-watching-samana","10":"product_tag-390","11":"product_tag-bacardi-island","12":"product_tag-cayo-levantado-day-pass","13":"product_tag-cheap-punta-cana-excursions","14":"product_tag-day-trip-punta-cana","15":"product_tag-half-day-whale-watching-miches","16":"product_tag-private-tours-samana","17":"product_tag-punta-cana","18":"product_tag-punta-cana-activities","19":"product_tag-punta-cana-tours","20":"product_tag-samana-bay","21":"product_tag-samana-day-trip","22":"product_tag-samana-day-trip-from-punta-cana","23":"product_tag-samana-whale-watching","24":"product_tag-whale-punta-cana","25":"product_tag-whale-samana","26":"product_tag-whale-watching-2020","27":"product_tag-whale-watching-2020-in-punta-cana-to-samana-bay-cayo-levantado-bacardi-island-from-hotels","28":"product_tag-whale-watching-dominican-republic","29":"product_tag-whale-watching-punta-cana","31":"first","32":"instock","33":"sale","34":"sold-individually","35":"shipping-taxable","36":"product-type-external"},"_links":{"self":[{"href":"https:\/\/haitises.com\/af\/wp-json\/wp\/v2\/product\/10885","targetHints":{"allow":["GET"]}}],"collection":[{"href":"https:\/\/haitises.com\/af\/wp-json\/wp\/v2\/product"}],"about":[{"href":"https:\/\/haitises.com\/af\/wp-json\/wp\/v2\/types\/product"}],"wp:featuredmedia":[{"embeddable":true,"href":"https:\/\/haitises.com\/af\/wp-json\/wp\/v2\/media\/497"}],"wp:attachment":[{"href":"https:\/\/haitises.com\/af\/wp-json\/wp\/v2\/media?parent=10885"}],"wp:term":[{"taxonomy":"product_brand","embeddable":true,"href":"https:\/\/haitises.com\/af\/wp-json\/wp\/v2\/product_brand?post=10885"},{"taxonomy":"product_cat","embeddable":true,"href":"https:\/\/haitises.com\/af\/wp-json\/wp\/v2\/product_cat?post=10885"},{"taxonomy":"product_tag","embeddable":true,"href":"https:\/\/haitises.com\/af\/wp-json\/wp\/v2\/product_tag?post=10885"}],"curies":[{"name":"wp","href":"https:\/\/api.w.org\/{rel}","templated":true}]}}